{"id":32,"date":"2014-09-18T12:31:33","date_gmt":"2014-09-18T11:31:33","guid":{"rendered":"http:\/\/agora.xtec.cat\/ceip-circell\/?page_id=32"},"modified":"2025-09-14T12:57:46","modified_gmt":"2025-09-14T10:57:46","slug":"calendari-del-curs","status":"publish","type":"page","link":"https:\/\/agora.xtec.cat\/ceip-circell\/escola-familia\/calendari-del-curs\/","title":{"rendered":"Calendari del curs"},"content":{"rendered":"<h4><span style=\"color: #993300;\"><strong>Horari<\/strong><\/span><\/h4>\n<p>L\u2019horari del curs 2024\/2025 \u00e9s l\u2019aprovat pel Consell Escolar i autoritzat pel Departament d\u2019Ensenyament de la Generalitat.<\/p>\n<p>Mat\u00ed de 8:30h a les 12h del migdia.<br \/>\nTarda de 14:30h a les 16h de la tarda.<\/p>\n<p style=\"text-align: justify;\">Per als alumnes que inicien l\u2019escolaritzaci\u00f3 a I3 s\u2019organitza un breu per\u00edode d\u2019adaptaci\u00f3 que suposa una certa modificaci\u00f3 dels horaris dels dos primers dies de classe, i que es fa saber a les fam\u00edlies en les reunions pr\u00e8vies corresponents.<\/p>\n<h6>Jornada continuada (de 8:30h a 12:30h)<\/h6>\n<ul>\n<li>19 de desembre<\/li>\n<li>Juny: del 8 al 19, ambd\u00f3s inclosos.<\/li>\n<\/ul>\n<h4><span style=\"color: #993300;\"><strong>Calendari\u00a0<\/strong><\/span><\/h4>\n<p style=\"text-align: justify;\">El calendari del curs 2025\/2026 \u00e9s l\u2019autoritzat pel Departament d\u2019Ensenyament de la Generalitat i aprovat pel Consell Escolar.<\/p>\n<p>Comen\u00e7ament de les classes : 8 de setembre de 2025.<\/p>\n<p>Vacances de Nadal: del 19 de desembre de 2025 al 7 de gener del 2026, ambd\u00f3s inclosos.<\/p>\n<p>Vacances de Setmana Santa: del 28 de Mar\u00e7 al 6 d&#8217;abril\u00a0 de 2026, ambd\u00f3s inclosos.<\/p>\n<p>El 19 de juny de 2026 acaben les classes amb l\u2019alumnat a tots els centres.<\/p>\n<p>Els <strong>dies de lliure disposici\u00f3<\/strong> autoritzats pel Departament i aprovats en Consell Escolar s\u00f3n:<\/p>\n<ul>\n<li>13 d&#8217;octubre de 2025<\/li>\n<li>3 de Novembre de 2025<\/li>\n<li>5 de desembre de 2025<\/li>\n<li>16 de febrer de 2026<\/li>\n<li>30 d&#8217;Abril de 2026<\/li>\n<li>25 de maig de 2026<\/li>\n<\/ul>\n<p>Els dies festius venen marcats pel Departament d&#8217;Empresa i Treball.<\/p>\n<p>En el seg\u00fcent enlla\u00e7 us podeu descarregar el document en pdf. <a href=\"https:\/\/drive.google.com\/file\/d\/1SH3HmDcwO00OsCgMw1Ur1B8hFd-vOrRq\/view?usp=sharing\" target=\"_blank\" rel=\"noopener\">Calendari curs 2025-2026<\/a><a href=\"https:\/\/drive.google.com\/file\/d\/16R8AGlw5QtEXJVXEvl0armOULQP5bzRt\/view?usp=sharing\">.<\/a><\/p>\n<p>&nbsp;<\/p>\n<p>&nbsp;<\/p>\n","protected":false},"excerpt":{"rendered":"<p>Horari<br \/>\nL\u2019horari del curs 2024\/2025 \u00e9s l\u2019aprovat pel Consell Escolar i autoritzat pel Departament d\u2019Ensenyament de la Generalitat.<br \/>\nMat\u00ed de 8:30h a les 12h del migdia.<br \/>\nTarda de 14:30h a les 16h de la tarda.<br \/>\nPer als alumnes que inicien l\u2019escolaritzaci\u00f3 a I3 s\u2019organitza un breu per\u00edode d\u2019adaptaci\u00f3 que&hellip;  <a href=\"https:\/\/agora.xtec.cat\/ceip-circell\/escola-familia\/calendari-del-curs\/\" title=\"Read Calendari del curs\">Llegeix m\u00e9s\u00bb<\/a><\/p>\n","protected":false},"author":1,"featured_media":0,"parent":349,"menu_order":50,"comment_status":"closed","ping_status":"closed","template":"page-templates\/side-menu.php","meta":{"_bbp_topic_count":0,"_bbp_reply_count":0,"_bbp_total_topic_count":0,"_bbp_total_reply_count":0,"_bbp_voice_count":0,"_bbp_anonymous_reply_count":0,"_bbp_topic_count_hidden":0,"_bbp_reply_count_hidden":0,"_bbp_forum_subforum_count":0,"footnotes":""},"class_list":["post-32","page","type-page","status-publish","hentry"],"post_mailing_queue_ids":[],"_links":{"self":[{"href":"https:\/\/agora.xtec.cat\/ceip-circell\/wp-json\/wp\/v2\/pages\/32","targetHints":{"allow":["GET"]}}],"collection":[{"href":"https:\/\/agora.xtec.cat\/ceip-circell\/wp-json\/wp\/v2\/pages"}],"about":[{"href":"https:\/\/agora.xtec.cat\/ceip-circell\/wp-json\/wp\/v2\/types\/page"}],"author":[{"embeddable":true,"href":"https:\/\/agora.xtec.cat\/ceip-circell\/wp-json\/wp\/v2\/users\/1"}],"replies":[{"embeddable":true,"href":"https:\/\/agora.xtec.cat\/ceip-circell\/wp-json\/wp\/v2\/comments?post=32"}],"version-history":[{"count":8,"href":"https:\/\/agora.xtec.cat\/ceip-circell\/wp-json\/wp\/v2\/pages\/32\/revisions"}],"predecessor-version":[{"id":2696,"href":"https:\/\/agora.xtec.cat\/ceip-circell\/wp-json\/wp\/v2\/pages\/32\/revisions\/2696"}],"up":[{"embeddable":true,"href":"https:\/\/agora.xtec.cat\/ceip-circell\/wp-json\/wp\/v2\/pages\/349"}],"wp:attachment":[{"href":"https:\/\/agora.xtec.cat\/ceip-circell\/wp-json\/wp\/v2\/media?parent=32"}],"curies":[{"name":"wp","href":"https:\/\/api.w.org\/{rel}","templated":true}]}}