{"id":316,"date":"2017-07-26T18:13:35","date_gmt":"2017-07-26T16:13:35","guid":{"rendered":"http:\/\/agora.xtec.cat\/ceip-circell\/?page_id=316"},"modified":"2025-09-14T12:28:32","modified_gmt":"2025-09-14T10:28:32","slug":"informacio-general","status":"publish","type":"page","link":"https:\/\/agora.xtec.cat\/ceip-circell\/informacions\/informacio-general\/","title":{"rendered":"Informaci\u00f3 general"},"content":{"rendered":"<p>&nbsp;<\/p>\n<table style=\"width: 813px;\">\n<tbody>\n<tr>\n<td style=\"width: 807px; text-align: justify;\">\n<h6>LLibret Informacions Generals<\/h6>\n<p>Clicant <a href=\"https:\/\/read.bookcreator.com\/ubg6Vzty6BavXolaeSpsHPCtNJd2\/SKZaZFcdS7-Da6rAACHMAw\" target=\"_blank\" rel=\"noopener\">aqu\u00ed<\/a> podeu veure el llibret que recull les informacions m\u00e9s rellevants relacionades amb l&#8217;organitzaci\u00f3 i el funcionament de l&#8217;escola.<\/td>\n<\/tr>\n<tr>\n<td style=\"width: 807px; text-align: justify;\">\n<h6>Descarregar el llibret<\/h6>\n<p>Podeu descarregar-vos el llibret clicant <a href=\"https:\/\/drive.google.com\/file\/d\/1AmbUPozrYLHn6kISdB4t0Cuhta4pPrve\/view?usp=sharing\" target=\"_blank\" rel=\"noopener\">aqu\u00ed<\/a>.<\/td>\n<\/tr>\n<tr>\n<td style=\"width: 807px; text-align: justify;\">\n<h6>Accidents<\/h6>\n<p>En cas que es produeixi algun accident durant l\u2019horari escolar, seguirem els seg\u00fcents passos:<\/p>\n<ul>\n<li>Si el cop o la ferida \u00e9s lleu, la cura es far\u00e0 a la farmaciola de l\u2019escola (gel, neteja amb aigua, sab\u00f3 i protecci\u00f3 de la ferida).<\/li>\n<li>Si l\u2019accident ha de ser at\u00e8s per un professional de la sanitat (contusi\u00f3, fractura, trau,..), farem la primera cura a l\u2019escola, avisarem la fam\u00edlia per si pot acompanyar el fill o la filla al centre sanitari i si no la localitzem, o no se\u2019n pot fer c\u00e0rrec en aquell moment, un vehicle de la gu\u00e0rdia urbana o una ambul\u00e0ncia ens hi portar\u00e0.<\/li>\n<\/ul>\n<\/td>\n<\/tr>\n<tr>\n<td style=\"width: 807px; text-align: justify;\">\n<h6>Drets d\u2019imatge<\/h6>\n<p>No es faran fotografies, ni filmacions de cap criatura de l\u2019escola que no porti l\u2019autoritzaci\u00f3 familiar d\u2019\u00fas d\u2019imatges, at\u00e8s que el dret a la pr\u00f2pia imatge es reconeguda en l\u2019article 18.1 de la C.E. i est\u00e0 regulat per la Llei org\u00e0nica 1\/1982 de 5 de maig i els decrets que disposa la Generalitat de Catalunya.<\/p>\n<p>Les fam\u00edlies no podran fer fotos i tampoc filmacions dins del recinte escolar. Quan hi hagi actes p\u00fablics organitzats dins de l\u2019escola, el professorat far\u00e0 les fotos o videos d&#8217;aquell acte que, posteriorment, es penjaran al drive de l&#8217;escola perqu\u00e8 els pogueu veure.<\/p>\n<p>En cas que alguna fam\u00edlia faci alguna filmaci\u00f3 haur\u00e0 de tenir present que no poden fer difusi\u00f3 p\u00fablica d&#8217;aquestes imatges i que el seu tractament es circumscriu a activitats exclusivament personals o dom\u00e8stiques, les quals queden excloses de l&#8217;\u00e0mbit d&#8217;aplicaci\u00f3 de la normativa de protecci\u00f3 de dades.<\/td>\n<\/tr>\n<tr>\n<td style=\"width: 807px; text-align: justify;\">\n<h6>Avisos Generals<\/h6>\n<p>Totes les bates, jerseis i altres objectes que es trobin i no portin cap nom els posarem a la caixa d\u2019objectes perduts i en finalitzar el trimestre els que quedin i ning\u00fa els reclami els portarem a alguna associaci\u00f3 ben\u00e8fica.<\/p>\n<p>Les informacions de l\u2019escola i l\u2019AMPA les farem arribar per mail, classdojo i les agendes. Cal que reviseu di\u00e0riament si hi ha alguna informaci\u00f3.<\/p>\n<p>D\u2019altra banda a la web de l\u2019escola i al Classdojo anem penjant not\u00edcies i activitats que fem al centre.<\/p>\n<p>Al taul\u00f3 d\u2019anuncis de l\u2019exterior del centre tamb\u00e9 hi pengem informacions com les llistes de les beques, alumnat adm\u00e8s despr\u00e9s del per\u00edode de preinscripci\u00f3\u2026<\/p>\n<p>L\u2019alumnat de 3r a 6\u00e8 disposa de la seva agenda personal amb la qual us fan arribar tamb\u00e9 diferents informacions internes i \u00e9s una bona eina de comunicaci\u00f3 de la fam\u00edlia amb el tutor o tutora.<\/p>\n<p>Si ens heu de fer arribar una comunicaci\u00f3 als mestres ho podeu fer per mitj\u00e0 de la conserge, trucant per tel\u00e8fon o enviant un mail o classdojo.<\/p>\n<p>Els fulls per les diferents autoritzacions generals (medicaci\u00f3, dret d\u2019imatge, etc) es signaran cada inici de curs per mitj\u00e0 de la plataforma TPVEscola.<\/p>\n<h6><\/h6>\n<\/td>\n<\/tr>\n<\/tbody>\n<\/table>\n","protected":false},"excerpt":{"rendered":"<p>&nbsp;<\/p>\n<p>LLibret Informacions Generals<br \/>\nClicant <a href=\"https:\/\/read.bookcreator.com\/ubg6Vzty6BavXolaeSpsHPCtNJd2\/SKZaZFcdS7-Da6rAACHMAw\" target=\"_blank\" rel=\"noopener\">aqu\u00ed<\/a> podeu veure el llibret que recull les informacions m\u00e9s rellevants relacionades amb l&#8217;organitzaci\u00f3 i el funcionament de l&#8217;escola.<\/p>\n<p>Descarregar el llibret<br \/>\nPodeu descarregar-vos el llibret clicant <a href=\"https:\/\/drive.google.com\/file\/d\/1AmbUPozrYLHn6kISdB4t0Cuhta4pPrve\/view?usp=sharing\" target=\"_blank\" rel=\"noopener\">aqu\u00ed<\/a>.<\/p>\n<p>Accidents<br \/>\nEn cas que es produeixi algun accident durant l\u2019horari escolar, seguirem&hellip;  <a href=\"https:\/\/agora.xtec.cat\/ceip-circell\/informacions\/informacio-general\/\" title=\"Read Informaci\u00f3 general\">Llegeix m\u00e9s\u00bb<\/a><\/p>\n","protected":false},"author":1,"featured_media":0,"parent":1382,"menu_order":0,"comment_status":"closed","ping_status":"closed","template":"page-templates\/side-menu.php","meta":{"_bbp_topic_count":0,"_bbp_reply_count":0,"_bbp_total_topic_count":0,"_bbp_total_reply_count":0,"_bbp_voice_count":0,"_bbp_anonymous_reply_count":0,"_bbp_topic_count_hidden":0,"_bbp_reply_count_hidden":0,"_bbp_forum_subforum_count":0,"footnotes":""},"class_list":["post-316","page","type-page","status-publish","hentry"],"post_mailing_queue_ids":[],"_links":{"self":[{"href":"https:\/\/agora.xtec.cat\/ceip-circell\/wp-json\/wp\/v2\/pages\/316","targetHints":{"allow":["GET"]}}],"collection":[{"href":"https:\/\/agora.xtec.cat\/ceip-circell\/wp-json\/wp\/v2\/pages"}],"about":[{"href":"https:\/\/agora.xtec.cat\/ceip-circell\/wp-json\/wp\/v2\/types\/page"}],"author":[{"embeddable":true,"href":"https:\/\/agora.xtec.cat\/ceip-circell\/wp-json\/wp\/v2\/users\/1"}],"replies":[{"embeddable":true,"href":"https:\/\/agora.xtec.cat\/ceip-circell\/wp-json\/wp\/v2\/comments?post=316"}],"version-history":[{"count":7,"href":"https:\/\/agora.xtec.cat\/ceip-circell\/wp-json\/wp\/v2\/pages\/316\/revisions"}],"predecessor-version":[{"id":2690,"href":"https:\/\/agora.xtec.cat\/ceip-circell\/wp-json\/wp\/v2\/pages\/316\/revisions\/2690"}],"up":[{"embeddable":true,"href":"https:\/\/agora.xtec.cat\/ceip-circell\/wp-json\/wp\/v2\/pages\/1382"}],"wp:attachment":[{"href":"https:\/\/agora.xtec.cat\/ceip-circell\/wp-json\/wp\/v2\/media?parent=316"}],"curies":[{"name":"wp","href":"https:\/\/api.w.org\/{rel}","templated":true}]}}