{"id":28,"date":"2014-09-18T12:29:35","date_gmt":"2014-09-18T11:29:35","guid":{"rendered":"http:\/\/agora.xtec.cat\/ceip-circell\/?page_id=28"},"modified":"2021-02-02T11:10:50","modified_gmt":"2021-02-02T10:10:50","slug":"consell-escolar","status":"publish","type":"page","link":"https:\/\/agora.xtec.cat\/ceip-circell\/lescola\/consell-escolar\/","title":{"rendered":"Sortides"},"content":{"rendered":"<table class=\" alignleft\" style=\"height: 828px; width: 1058px; border-style: none;\">\n<tbody>\n<tr style=\"height: 201px;\">\n<td style=\"width: 233px; height: 201px; border-style: none;\"><a href=\"http:\/\/agora.xtec.cat\/ceip-circell\/wp-content\/uploads\/usu907\/2014\/09\/FOTO-COLO6.jpg\"><img loading=\"lazy\" decoding=\"async\" class=\"alignnone size-full wp-image-247\" src=\"http:\/\/agora.xtec.cat\/ceip-circell\/wp-content\/uploads\/usu907\/2014\/09\/FOTO-COLO6.jpg\" alt=\"\" width=\"199\" height=\"149\" \/><\/a><\/td>\n<td style=\"width: 571px; height: 201px; border-style: none;\">Les sortides s\u00f3n un recurs m\u00e9s per ampliar la descoberta del medi, el coneixement individual i col\u00b7lectiu i establir bones relacions entre les persones de la comunitat escolar i el seu entorn natural, social i cultural.<\/p>\n<p>A trav\u00e9s d\u2019elles podem apropar-nos i con\u00e8ixer la realitat i, enriquir-nos amb fets i viv\u00e8ncies diferents dels que la pr\u00f2pia estructura escolar ens pot oferir.<\/td>\n<td style=\"width: 246px; height: 201px; border-style: none;\"><a href=\"http:\/\/agora.xtec.cat\/ceip-circell\/wp-content\/uploads\/usu907\/2014\/09\/FOTO-COLO3.jpg\"><img loading=\"lazy\" decoding=\"async\" class=\"alignnone size-full wp-image-252\" src=\"http:\/\/agora.xtec.cat\/ceip-circell\/wp-content\/uploads\/usu907\/2014\/09\/FOTO-COLO3.jpg\" alt=\"\" width=\"200\" height=\"150\" \/><\/a><\/td>\n<\/tr>\n<tr style=\"height: 282px; border-style: none;\">\n<td style=\"width: 233px; height: 282px; border-style: none;\"><a href=\"http:\/\/agora.xtec.cat\/ceip-circell\/wp-content\/uploads\/usu907\/2014\/09\/FOTO-COLO.jpg\"><img loading=\"lazy\" decoding=\"async\" class=\"alignnone wp-image-248\" src=\"http:\/\/agora.xtec.cat\/ceip-circell\/wp-content\/uploads\/usu907\/2014\/09\/FOTO-COLO.jpg\" alt=\"\" width=\"207\" height=\"155\" \/><\/a><\/td>\n<td style=\"width: 571px; height: 282px; border-style: none;\">En les sortides escolars pretenem:<\/p>\n<ul style=\"list-style-type: circle;\">\n<li>\u00a0Que els nens i les nenes estableixin un contacte directe i positiu amb el medi. Ens permet treballar amb fonts directes.<\/li>\n<li>Fomentar el descobriment i propiciar l\u2019assimilaci\u00f3 dels elements de la realitat.<\/li>\n<li>Con\u00e8ixer i valorar noves informacions que incorporaran a la seva pr\u00f2pia experi\u00e8ncia.<\/li>\n<li>Que cada nen i cada nena guanyi seguretat i millori la seva autonomia personal.<\/li>\n<li>Que compartir temps i experi\u00e8ncies noves millori i cohesioni la vida del grup, i per tant, la socialitzaci\u00f3 de l\u2019alumnat.<\/li>\n<\/ul>\n<\/td>\n<td style=\"width: 246px; height: 282px; border-style: none;\"><a href=\"http:\/\/agora.xtec.cat\/ceip-circell\/wp-content\/uploads\/usu907\/2014\/09\/FOTO-COLO4.jpg\"><img loading=\"lazy\" decoding=\"async\" class=\"alignnone size-full wp-image-251\" src=\"http:\/\/agora.xtec.cat\/ceip-circell\/wp-content\/uploads\/usu907\/2014\/09\/FOTO-COLO4.jpg\" alt=\"\" width=\"199\" height=\"149\" \/><\/a><\/td>\n<\/tr>\n<tr style=\"height: 169px;\">\n<td style=\"width: 233px; height: 169px; border-style: none;\"><a href=\"http:\/\/agora.xtec.cat\/ceip-circell\/wp-content\/uploads\/usu907\/2014\/09\/FOTO-COLO1.jpg\"><img loading=\"lazy\" decoding=\"async\" class=\"alignnone wp-image-249\" src=\"http:\/\/agora.xtec.cat\/ceip-circell\/wp-content\/uploads\/usu907\/2014\/09\/FOTO-COLO1.jpg\" alt=\"\" width=\"200\" height=\"150\" \/><\/a><\/td>\n<td style=\"width: 571px; height: 169px; border-style: none;\"><a href=\"http:\/\/agora.xtec.cat\/ceip-circell\/wp-content\/uploads\/usu907\/2014\/09\/FOTO-COLO2.jpg\">\u00a0 <img loading=\"lazy\" decoding=\"async\" class=\"alignnone wp-image-250\" src=\"http:\/\/agora.xtec.cat\/ceip-circell\/wp-content\/uploads\/usu907\/2014\/09\/FOTO-COLO2.jpg\" alt=\"\" width=\"215\" height=\"161\" \/> \u00a0 \u00a0 \u00a0 \u00a0 \u00a0 \u00a0 \u00a0 \u00a0 \u00a0 \u00a0 \u00a0 \u00a0 \u00a0 <\/a><a href=\"http:\/\/agora.xtec.cat\/ceip-circell\/wp-content\/uploads\/usu907\/2014\/09\/FOTO-COLO5.jpg\"><img loading=\"lazy\" decoding=\"async\" class=\"alignnone wp-image-253\" src=\"http:\/\/agora.xtec.cat\/ceip-circell\/wp-content\/uploads\/usu907\/2014\/09\/FOTO-COLO5.jpg\" alt=\"\" width=\"216\" height=\"162\" \/><\/a><\/td>\n<td style=\"width: 246px; height: 169px; border-style: none;\"><a href=\"http:\/\/agora.xtec.cat\/ceip-circell\/wp-content\/uploads\/usu907\/2014\/09\/FOTO-COLO7.jpg\"><img loading=\"lazy\" decoding=\"async\" class=\" wp-image-254 alignleft\" src=\"http:\/\/agora.xtec.cat\/ceip-circell\/wp-content\/uploads\/usu907\/2014\/09\/FOTO-COLO7.jpg\" alt=\"\" width=\"215\" height=\"161\" \/><\/a><\/p>\n<p>&nbsp;<\/td>\n<\/tr>\n<\/tbody>\n<\/table>\n<p>&nbsp;<\/p>\n<p>&nbsp;<\/p>\n<p>&nbsp;<\/p>\n<p>&nbsp;<\/p>\n<p>&nbsp;<\/p>\n","protected":false},"excerpt":{"rendered":"<p><a href=\"http:\/\/agora.xtec.cat\/ceip-circell\/wp-content\/uploads\/usu907\/2014\/09\/FOTO-COLO6.jpg\"><\/a><br \/>\nLes sortides s\u00f3n un recurs m\u00e9s per ampliar la descoberta del medi, el coneixement individual i col\u00b7lectiu i establir bones relacions entre les persones de la comunitat escolar i el seu entorn natural, social i cultural.<br \/>\nA trav\u00e9s d\u2019elles podem apropar-nos i con\u00e8ixer la realitat&hellip;  <a href=\"https:\/\/agora.xtec.cat\/ceip-circell\/lescola\/consell-escolar\/\" title=\"Read Sortides\">Llegeix m\u00e9s\u00bb<\/a><\/p>\n","protected":false},"author":1,"featured_media":0,"parent":22,"menu_order":30,"comment_status":"closed","ping_status":"closed","template":"page-templates\/side-menu.php","meta":{"_bbp_topic_count":0,"_bbp_reply_count":0,"_bbp_total_topic_count":0,"_bbp_total_reply_count":0,"_bbp_voice_count":0,"_bbp_anonymous_reply_count":0,"_bbp_topic_count_hidden":0,"_bbp_reply_count_hidden":0,"_bbp_forum_subforum_count":0,"footnotes":""},"class_list":["post-28","page","type-page","status-publish","hentry"],"post_mailing_queue_ids":[],"_links":{"self":[{"href":"https:\/\/agora.xtec.cat\/ceip-circell\/wp-json\/wp\/v2\/pages\/28","targetHints":{"allow":["GET"]}}],"collection":[{"href":"https:\/\/agora.xtec.cat\/ceip-circell\/wp-json\/wp\/v2\/pages"}],"about":[{"href":"https:\/\/agora.xtec.cat\/ceip-circell\/wp-json\/wp\/v2\/types\/page"}],"author":[{"embeddable":true,"href":"https:\/\/agora.xtec.cat\/ceip-circell\/wp-json\/wp\/v2\/users\/1"}],"replies":[{"embeddable":true,"href":"https:\/\/agora.xtec.cat\/ceip-circell\/wp-json\/wp\/v2\/comments?post=28"}],"version-history":[{"count":4,"href":"https:\/\/agora.xtec.cat\/ceip-circell\/wp-json\/wp\/v2\/pages\/28\/revisions"}],"predecessor-version":[{"id":1242,"href":"https:\/\/agora.xtec.cat\/ceip-circell\/wp-json\/wp\/v2\/pages\/28\/revisions\/1242"}],"up":[{"embeddable":true,"href":"https:\/\/agora.xtec.cat\/ceip-circell\/wp-json\/wp\/v2\/pages\/22"}],"wp:attachment":[{"href":"https:\/\/agora.xtec.cat\/ceip-circell\/wp-json\/wp\/v2\/media?parent=28"}],"curies":[{"name":"wp","href":"https:\/\/api.w.org\/{rel}","templated":true}]}}