{"id":2716,"date":"2025-11-25T13:16:43","date_gmt":"2025-11-25T12:16:43","guid":{"rendered":"https:\/\/agora.xtec.cat\/ceip-circell\/?page_id=2716"},"modified":"2025-11-25T13:16:43","modified_gmt":"2025-11-25T12:16:43","slug":"el-circell-informa","status":"publish","type":"page","link":"https:\/\/agora.xtec.cat\/ceip-circell\/informacions\/el-circell-informa\/","title":{"rendered":"El Circell Informa"},"content":{"rendered":"<p>Des de l&#8217;escola, un dels nostres pricipals objectius \u00e9s establir un canal de comunicaci\u00f3 fluid amb les fam\u00edlies.<\/p>\n<p>Disposem d&#8217;un <a href=\"https:\/\/agora.xtec.cat\/ceip-circell\/escola-familia\/serveis-digitals\/\">pla de comunicaci\u00f3<\/a> on queden reflectits tots els canals de comunicaci\u00f3 que disposem al centre i ara intriduim una novetat&#8230; Cada mes publicarem un document, &#8220;El Circell Informa&#8221;,\u00a0 que recollir\u00e0 les principals activitats que es duran a terme al llarg d&#8217;aquell mes i d&#8217;altres informacions d&#8217;inter\u00e9s.<\/p>\n<p>Podeu consultar tots els documents clicant en els enlla\u00e7os corresponents.<\/p>\n<h6><a href=\"https:\/\/drive.google.com\/drive\/folders\/19uELm05NByOzPjBo3t_WqDdkoLi3EbY_?usp=sharing\">Curs 25-26<\/a><\/h6>\n","protected":false},"excerpt":{"rendered":"<p>Des de l&#8217;escola, un dels nostres pricipals objectius \u00e9s establir un canal de comunicaci\u00f3 fluid amb les fam\u00edlies.<br \/>\nDisposem d&#8217;un <a href=\"https:\/\/agora.xtec.cat\/ceip-circell\/escola-familia\/serveis-digitals\/\">pla de comunicaci\u00f3<\/a> on queden reflectits tots els canals de comunicaci\u00f3 que disposem al centre i ara intriduim una novetat&#8230; Cada mes publicarem un document,&hellip;  <a href=\"https:\/\/agora.xtec.cat\/ceip-circell\/informacions\/el-circell-informa\/\" title=\"Read El Circell Informa\">Llegeix m\u00e9s\u00bb<\/a><\/p>\n","protected":false},"author":24,"featured_media":0,"parent":1382,"menu_order":0,"comment_status":"closed","ping_status":"closed","template":"page-templates\/side-menu.php","meta":{"_bbp_topic_count":0,"_bbp_reply_count":0,"_bbp_total_topic_count":0,"_bbp_total_reply_count":0,"_bbp_voice_count":0,"_bbp_anonymous_reply_count":0,"_bbp_topic_count_hidden":0,"_bbp_reply_count_hidden":0,"_bbp_forum_subforum_count":0,"footnotes":""},"class_list":["post-2716","page","type-page","status-publish","hentry"],"post_mailing_queue_ids":[],"_links":{"self":[{"href":"https:\/\/agora.xtec.cat\/ceip-circell\/wp-json\/wp\/v2\/pages\/2716","targetHints":{"allow":["GET"]}}],"collection":[{"href":"https:\/\/agora.xtec.cat\/ceip-circell\/wp-json\/wp\/v2\/pages"}],"about":[{"href":"https:\/\/agora.xtec.cat\/ceip-circell\/wp-json\/wp\/v2\/types\/page"}],"author":[{"embeddable":true,"href":"https:\/\/agora.xtec.cat\/ceip-circell\/wp-json\/wp\/v2\/users\/24"}],"replies":[{"embeddable":true,"href":"https:\/\/agora.xtec.cat\/ceip-circell\/wp-json\/wp\/v2\/comments?post=2716"}],"version-history":[{"count":1,"href":"https:\/\/agora.xtec.cat\/ceip-circell\/wp-json\/wp\/v2\/pages\/2716\/revisions"}],"predecessor-version":[{"id":2717,"href":"https:\/\/agora.xtec.cat\/ceip-circell\/wp-json\/wp\/v2\/pages\/2716\/revisions\/2717"}],"up":[{"embeddable":true,"href":"https:\/\/agora.xtec.cat\/ceip-circell\/wp-json\/wp\/v2\/pages\/1382"}],"wp:attachment":[{"href":"https:\/\/agora.xtec.cat\/ceip-circell\/wp-json\/wp\/v2\/media?parent=2716"}],"curies":[{"name":"wp","href":"https:\/\/api.w.org\/{rel}","templated":true}]}}