{"id":26,"date":"2014-09-18T12:24:32","date_gmt":"2014-09-18T11:24:32","guid":{"rendered":"http:\/\/agora.xtec.cat\/ceip-circell\/?page_id=26"},"modified":"2022-10-14T15:14:33","modified_gmt":"2022-10-14T13:14:33","slug":"historia","status":"publish","type":"page","link":"https:\/\/agora.xtec.cat\/ceip-circell\/lescola\/historia\/","title":{"rendered":"Hist\u00f2ria"},"content":{"rendered":"<p>La hist\u00f2ria de la primera escola de Moja comen\u00e7a a inicis del S.XX, i ho fa a una casa particular: la casa de la Vall, al capdavall de la Carrerada; just on ara hi ha el centre c\u00edvic de \u201cLa Xarxa\u201d.<\/p>\n<p>All\u00e0 hi anava la mainada a aprendre de lletra i l\u2019aritm\u00e8tica b\u00e0sica. L\u2019escola era el propi domicili del mestre.<\/p>\n<p>A partir de l\u2019any 1939 els nens i les nenes van haver d\u2019anar a classes separades: l\u2019antiga casa es va refer. Hi havia les dues aules i, a dalt, les vivendes de la mestra i del mestre.<\/p>\n<p>El poble va anar creixent. Cap els anys 50 van caldre noves solucions.<\/p>\n<p>Es ref\u00e0 aquesta antiga casa, quedant d\u2019una sola planta subdividida en dos, i s\u2019hi fan les vivendes per mestres.<\/p>\n<p>El 1.957 s\u2019inauguren les escoles noves a la Pla\u00e7a de l\u2019Esgl\u00e9sia.<\/p>\n<p>Aquesta escola es va dir: \u201cEscuela Graduada Mixta de Moja\u201d, per\u00f2 les nenes i els nens encara anaven a estudi separats..<\/p>\n<p><a href=\"http:\/\/agora.xtec.cat\/ceip-circell\/wp-content\/uploads\/usu907\/2014\/09\/image001.jpg\"><img loading=\"lazy\" decoding=\"async\" class=\" wp-image-181 alignleft\" src=\"http:\/\/agora.xtec.cat\/ceip-circell\/wp-content\/uploads\/usu907\/2014\/09\/image001.jpg\" alt=\"image001\" width=\"182\" height=\"247\" \/><img loading=\"lazy\" decoding=\"async\" class=\" wp-image-182 alignleft\" src=\"http:\/\/agora.xtec.cat\/ceip-circell\/wp-content\/uploads\/usu907\/2014\/09\/image002.jpg\" alt=\"image002\" width=\"247\" height=\"247\" srcset=\"https:\/\/agora.xtec.cat\/ceip-circell\/wp-content\/uploads\/usu907\/2014\/09\/image002.jpg 216w, https:\/\/agora.xtec.cat\/ceip-circell\/wp-content\/uploads\/usu907\/2014\/09\/image002-150x150.jpg 150w\" sizes=\"auto, (max-width: 247px) 100vw, 247px\" \/><\/a><a href=\"http:\/\/agora.xtec.cat\/ceip-circell\/wp-content\/uploads\/usu907\/2014\/09\/image003.jpg\"><img loading=\"lazy\" decoding=\"async\" class=\" wp-image-183 alignleft\" src=\"http:\/\/agora.xtec.cat\/ceip-circell\/wp-content\/uploads\/usu907\/2014\/09\/image003.jpg\" alt=\"image003\" width=\"281\" height=\"243\" srcset=\"https:\/\/agora.xtec.cat\/ceip-circell\/wp-content\/uploads\/usu907\/2014\/09\/image003.jpg 336w, https:\/\/agora.xtec.cat\/ceip-circell\/wp-content\/uploads\/usu907\/2014\/09\/image003-300x260.jpg 300w\" sizes=\"auto, (max-width: 281px) 100vw, 281px\" \/><\/a><\/p>\n<p>&nbsp;<\/p>\n<p>&nbsp;<\/p>\n<p>&nbsp;<\/p>\n<p>&nbsp;<\/p>\n<p>&nbsp;<\/p>\n<p>&nbsp;<\/p>\n<p>La Casa de la Vall \u00a0 \u00a0 \u00a0 \u00a0 \u00a0 \u00a0 Escoles de la Carrerada (1946)<a href=\"https:\/\/357850b0-a-c9e90866-s-sites.googlegroups.com\/a\/xtec.cat\/escola-publica-circell\/l-escola\/historia\/image001.jpg?attachauth=ANoY7crjcnPqvMzfU_XDWlVRPd2ShYNaY4IqSu13ubozqDqPcRGcK3eOdwNnJxnJVvwCLqytbw5a-kaO8LW6e87De__SfoM-_Jm1tkiUeB6jOnDxihW5IX-bJDbuyCMMdHz15nSU2jjOcVphJwDxbz4ZPd0QpBGVSIzJf0DIxToLUONLNntxuY0RjjBvyBZVeYwfECtbvP822B2JRxmO6XSy4GKpzOvCJ9OM33aC_qyCCa8liKwggPaW-EGePDcajCoFy4W5E7qS&amp;attredirects=0\">\u00a0<\/a><span style=\"font-family: inherit; font-size: 1em;\">\u00a0\u00a0 \u00a0 Escuela Graduada Mixta de Moja. (1957)<\/span><\/p>\n<p>A mitjans de la d\u00e8cada dels 80, l\u2019escola de Moja evidencia la transformaci\u00f3 del pa\u00eds: els nens i les nenes estudien junts, es comen\u00e7a a impartir en llengua catalana i la l\u00ednia pedag\u00f2gica s\u2019actualitza.<\/p>\n<p>La poblaci\u00f3 de Moja continua augmentant.<\/p>\n<p>L\u2019any 1990 s\u2019inaugura un nou edifici, ubicat sobre el terreny de l\u2019antic camp de futbol, al costat de les Caves Hill.<\/p>\n<p>L\u2019escola passa a anomenar-se CEIP CIRCELL.<\/p>\n<p>Sis anys m\u00e9s tard es construeix un edifici annex per al menjador escolar, que havia comen\u00e7at a funcionar l\u2019any 1.993, encabit en un m\u00f2dul instal\u00b7lat al pati.<\/p>\n<p>En poc temps, l\u2019escola passa de ser c\u00edclica a ser d\u2019una l\u00ednia. Aquest creixement natural, acompanyat de la incorporaci\u00f3 dels p\u00e0rvuls de 3 anys, va generar moltes mancances infraestructurals: les aules ordin\u00e0ries es van anar menjant els espais comuns.<\/p>\n<p>Des de l\u2019any 1995 i fins el 2006, al pati de l\u2019escola es van instal\u00b7lar m\u00f2duls amb aularis per a encabir l\u2019alumnat.<\/p>\n<p>Finalment, el 2004 comencen les obres d\u2019ampliaci\u00f3 per tal de dotar el centre de tots els equipaments adequats i necessaris per a una escola d\u2019una l\u00ednia.<\/p>\n<p>L\u2019any 2006 l\u2019escola pren la seva configuraci\u00f3 actual&#8230; i continuem creixent!<\/p>\n<p>Escola Circell (2006)<\/p>\n<p><a href=\"http:\/\/agora.xtec.cat\/ceip-circell\/wp-content\/uploads\/usu907\/2014\/09\/cropped-escola-circell.jpg\"><img loading=\"lazy\" decoding=\"async\" class=\"alignnone size-full wp-image-204\" src=\"http:\/\/agora.xtec.cat\/ceip-circell\/wp-content\/uploads\/usu907\/2014\/09\/cropped-escola-circell.jpg\" alt=\"cropped-escola-circell\" width=\"940\" height=\"198\" srcset=\"https:\/\/agora.xtec.cat\/ceip-circell\/wp-content\/uploads\/usu907\/2014\/09\/cropped-escola-circell.jpg 940w, https:\/\/agora.xtec.cat\/ceip-circell\/wp-content\/uploads\/usu907\/2014\/09\/cropped-escola-circell-300x63.jpg 300w\" sizes=\"auto, (max-width: 940px) 100vw, 940px\" \/><\/a><\/p>\n<p>Al llarg d\u2019aquest temps l\u2019escola Circell ha rebut diferents premis, entre els que destaquem:<\/p>\n<p>L\u2019any 1996 premi Baldiri Reixac d\u2019alumnes al treball de P-5 \u201cContes Gegants\u201d.<\/p>\n<p>L\u2019any 1997 premi Baldiri Reixac d\u2019alumnes al projecte interdisciplinari \u201cPau Casals\u201d realitzat per tot l\u2019alumnat.<\/p>\n<p>L\u2019any 1998 premi Baldiri Reixac d\u2019alumnes al projecte interdisciplinari \u201cLa festa Major\u201d realitzat per tot l\u2019alumnat.<\/p>\n<p>L\u2019any 2003 premi Baldiri Reixac d\u2019alumnes al projecte interdisciplinari \u201cViure la Pau\u201d realitzat per tot l\u2019alumnat.<\/p>\n<p>L\u2019any 2004 premi Baldiri Reixac d\u2019alumnes al projecte interdisciplinari \u201cMojart\u201d realitzat per tot l\u2019alumnat.<\/p>\n<p>L\u2019any 2004 finalista als desens premis de v\u00eddeo escolar amb el treball \u201cFantasmes a l\u2019escola circell\u201d<\/p>\n<p>L\u2019any 2005 premi Baldiri Reixac d\u2019alumnes al treball \u201cPetits contes i pel\u00b7l\u00edcules\u201d realitzat per l\u2019alumnat de cicle inicial.<\/p>\n<p>L\u2019any 2007 premi Baldiri Reixac a l\u2019Escola per estimular i promoure l\u2019escola catalana<br \/>\nL\u2019any 2008 premi Baldiri Reixac d\u2019alumnes al treball \u201cTelenot\u00edcies Circell\u201d realitzat per l\u2019alumnat de cicle inicial.<\/p>\n<p>L\u2019any 2008 premi de v\u00eddeo i televisi\u00f3 de la mostra de produccions audiovisuals escolars amb el treball \u201cHist\u00f2ries animades de llapis i de verdures\u201d<\/p>\n<p>L\u2019any 2010 1r premi CAC en la categoria d\u2019alumnes de cicle infantil i cicle inicial per tot el treball realitzat \u201cLa caixa dels desitjos\u201d i per tota la planificaci\u00f3 del taller d\u2019imatge i so.<\/p>\n<p>L\u2019any 2010 premi Baldiri Reixac d\u2019alumnes al projecte interdisciplinari \u201cVida sana\u201d realitzat per tot l\u2019alumnat.<\/p>\n<p>L\u2019any 2011 Finalista en el \u201cCertament literari en lleng\u00fces d\u2019origen\u201d organitzat pels Amics de la UNESCO de Barcelona.<\/p>\n<p>El curs 2013-2014 vam rebre un premi del Consell Audiovisual de Catalunya pel treball &#8220;M\u00e0gia Circell&#8221;<br \/>\nEl curs 2014-2015, hem rebut un premi Baldiri Reixac pel projecte de treball de tots els nens i nenes &#8220;Dep\u00e8n de tu!&#8221;<\/p>\n","protected":false},"excerpt":{"rendered":"<p>La hist\u00f2ria de la primera escola de Moja comen\u00e7a a inicis del S.XX, i ho fa a una casa particular: la casa de la Vall, al capdavall de la Carrerada; just on ara hi ha el centre c\u00edvic de \u201cLa Xarxa\u201d.<br \/>\nAll\u00e0 hi anava la mainada&hellip;  <a href=\"https:\/\/agora.xtec.cat\/ceip-circell\/lescola\/historia\/\" title=\"Read Hist\u00f2ria\">Llegeix m\u00e9s\u00bb<\/a><\/p>\n","protected":false},"author":1,"featured_media":0,"parent":22,"menu_order":20,"comment_status":"closed","ping_status":"closed","template":"page-templates\/side-menu.php","meta":{"_bbp_topic_count":0,"_bbp_reply_count":0,"_bbp_total_topic_count":0,"_bbp_total_reply_count":0,"_bbp_voice_count":0,"_bbp_anonymous_reply_count":0,"_bbp_topic_count_hidden":0,"_bbp_reply_count_hidden":0,"_bbp_forum_subforum_count":0,"footnotes":""},"class_list":["post-26","page","type-page","status-publish","hentry"],"post_mailing_queue_ids":[],"_links":{"self":[{"href":"https:\/\/agora.xtec.cat\/ceip-circell\/wp-json\/wp\/v2\/pages\/26","targetHints":{"allow":["GET"]}}],"collection":[{"href":"https:\/\/agora.xtec.cat\/ceip-circell\/wp-json\/wp\/v2\/pages"}],"about":[{"href":"https:\/\/agora.xtec.cat\/ceip-circell\/wp-json\/wp\/v2\/types\/page"}],"author":[{"embeddable":true,"href":"https:\/\/agora.xtec.cat\/ceip-circell\/wp-json\/wp\/v2\/users\/1"}],"replies":[{"embeddable":true,"href":"https:\/\/agora.xtec.cat\/ceip-circell\/wp-json\/wp\/v2\/comments?post=26"}],"version-history":[{"count":4,"href":"https:\/\/agora.xtec.cat\/ceip-circell\/wp-json\/wp\/v2\/pages\/26\/revisions"}],"predecessor-version":[{"id":2057,"href":"https:\/\/agora.xtec.cat\/ceip-circell\/wp-json\/wp\/v2\/pages\/26\/revisions\/2057"}],"up":[{"embeddable":true,"href":"https:\/\/agora.xtec.cat\/ceip-circell\/wp-json\/wp\/v2\/pages\/22"}],"wp:attachment":[{"href":"https:\/\/agora.xtec.cat\/ceip-circell\/wp-json\/wp\/v2\/media?parent=26"}],"curies":[{"name":"wp","href":"https:\/\/api.w.org\/{rel}","templated":true}]}}