{"id":2440,"date":"2024-03-18T15:19:49","date_gmt":"2024-03-18T14:19:49","guid":{"rendered":"https:\/\/agora.xtec.cat\/ceip-circell\/?page_id=2440"},"modified":"2025-03-05T11:38:09","modified_gmt":"2025-03-05T10:38:09","slug":"articles-dinteres","status":"publish","type":"page","link":"https:\/\/agora.xtec.cat\/ceip-circell\/escola-familia\/articles-dinteres\/","title":{"rendered":"Articles d&#8217;inter\u00e8s"},"content":{"rendered":"<p>En aquesta secci\u00f3 trobareu enlla\u00e7os a recursos que us poden ser d&#8217;utilitat o a articles relacionats amb la crian\u00e7a.<\/p>\n<p>Esperem que us sigui d&#8217;utilitat<\/p>\n<h4>Salut Digital a l&#8217;edat pedi\u00e0trica<\/h4>\n<p><a href=\"https:\/\/agora.xtec.cat\/ceip-circell\/wp-content\/uploads\/usu907\/2024\/03\/2024-03-18-15_30_02-Documents-web_-Google-Drive.png\"><img loading=\"lazy\" decoding=\"async\" class=\"size-medium wp-image-2444 aligncenter\" src=\"https:\/\/agora.xtec.cat\/ceip-circell\/wp-content\/uploads\/usu907\/2024\/03\/2024-03-18-15_30_02-Documents-web_-Google-Drive-271x300.png\" alt=\"\" width=\"271\" height=\"300\" srcset=\"https:\/\/agora.xtec.cat\/ceip-circell\/wp-content\/uploads\/usu907\/2024\/03\/2024-03-18-15_30_02-Documents-web_-Google-Drive-271x300.png 271w, https:\/\/agora.xtec.cat\/ceip-circell\/wp-content\/uploads\/usu907\/2024\/03\/2024-03-18-15_30_02-Documents-web_-Google-Drive.png 597w\" sizes=\"auto, (max-width: 271px) 100vw, 271px\" \/><\/a><\/p>\n<p>L\u2019\u00fas de la tecnologia digital ha esdevingut una part integral de la vida quotidiana, especialment per a infants i adolescents. Amb la creixent prevalen\u00e7a d\u2019aquesta influ\u00e8ncia digital, \u00e9s crucial entendre com podem fomentar un \u00fas saludable d\u2019aquestes eines entre joves<\/p>\n<p>Per abordar aquesta q\u00fcesti\u00f3, la\u00a0Societat Catalana de Pediatria ha elaborat un\u00a0<a href=\"https:\/\/ja.cat\/salutdigital\" target=\"_blank\" rel=\"noopener\">document<\/a>\u00a0sobre la \u201cSalut digital a l\u2019edat pedi\u00e0trica\u201d que ofereix diverses recomanacions adaptades a les diferents etapes del desenvolupament infantil i adolescent. La Dra. Alba Verg\u00e9s, pediatra de l\u2019equip de pediatria de l\u2019Alt Pened\u00e8s, ha jugat un paper destacat en aquest grup de treball, aportant la seva experi\u00e8ncia i coneixement per assegurar que les recomanacions siguin pr\u00e0ctiques i eficaces. A trav\u00e9s d\u2019aquest document es busca educar tant a les fam\u00edlies com als professionals sobre com abordar la salut digital en aquesta etapa<\/p>\n<h4>100 Contes i llibres per treballar per a l&#8217;acompanyament emocional<\/h4>\n<p>La Fundaci\u00f3 Catalana de l&#8217;Esplai (FUNDESPLAI), ha publicat una guia amb un recull de 100 contes i novel\u00b7les per ajudar a parlar sobre les emocions amb els infants i joves, recon\u00e8ixer-les, entendre-les, gestionar-les\u2026Estan classificats per edats.<\/p>\n<p><a href=\"https:\/\/agora.xtec.cat\/ceip-circell\/wp-content\/uploads\/usu907\/2024\/04\/2024-04-18-15_24_33-Guia-de-contes-educacio-emocional-Sant-Jordi.png\"><img loading=\"lazy\" decoding=\"async\" class=\"size-medium wp-image-2459 aligncenter\" src=\"https:\/\/agora.xtec.cat\/ceip-circell\/wp-content\/uploads\/usu907\/2024\/04\/2024-04-18-15_24_33-Guia-de-contes-educacio-emocional-Sant-Jordi-219x300.png\" alt=\"\" width=\"219\" height=\"300\" srcset=\"https:\/\/agora.xtec.cat\/ceip-circell\/wp-content\/uploads\/usu907\/2024\/04\/2024-04-18-15_24_33-Guia-de-contes-educacio-emocional-Sant-Jordi-219x300.png 219w, https:\/\/agora.xtec.cat\/ceip-circell\/wp-content\/uploads\/usu907\/2024\/04\/2024-04-18-15_24_33-Guia-de-contes-educacio-emocional-Sant-Jordi.png 481w\" sizes=\"auto, (max-width: 219px) 100vw, 219px\" \/><\/a><\/p>\n<p>Podeu consultar-la clicant el seg\u00fcent <a href=\"https:\/\/drive.google.com\/file\/d\/1iVPc-sDmQsIkEUy2aXSCkIt-e_OBPl5J\/view?usp=sharing\">enlla\u00e7<\/a>.<\/p>\n<h4>Com fomentar la lectura a l\u2019escola i a casa?<\/h4>\n<p><center><iframe loading=\"lazy\" title=\"YouTube video player\" src=\"https:\/\/www.youtube.com\/embed\/Jf5PRmLoKm4?si=C1qhcM5ZMCZfP9NB\" width=\"560\" height=\"315\" frameborder=\"0\" allowfullscreen=\"allowfullscreen\"><\/iframe><\/center>Entrevista amb David Bueno, doctor en biologia i professor de gen\u00e8tica a la UB, Helena Erviti, professora de llengua i literatura de secund\u00e0ria a l\u2019Institut Escola Costa Llobera, Lara Bonilla, periodista, directora de Criatures i mare de 3 fills i Joan Cuevas, Director General d&#8217;Innovaci\u00f3, Digitalitzaci\u00f3 i Curr\u00edculum.<\/p>\n<h4>SuperCampus<\/h4>\n<p><a href=\"https:\/\/www.ccma.cat\/tv3\/sx3\/supercampus\/\">SuperCampus<\/a>, una nova eina per aprendre a l\u2019escola i a casa. La plataforma de contingut educatiu d&#8217;Educaci\u00f3 i 3Cat.<\/p>\n<h4>Petits canvis per menjar millor<\/h4>\n<p>El departament d&#8217;Educaci\u00f3 juntament amb el Departament de Salut han publicat la guia aliment\u00e0ria \u201cPetits canvis per menjar millor\u201d.\u00a0 \u00c9s una nova eina per identificar aspectes claus que, amb petites modificacions, poden millorar de forma important la qualitat i la sostenibilitat de la vostra alimentaci\u00f3.<\/p>\n<p><a href=\"https:\/\/agora.xtec.cat\/ceip-circell\/wp-content\/uploads\/usu907\/2024\/10\/2024-10-30-12_03_05-Petits-canvis-per-menjar-millor.png\"><img loading=\"lazy\" decoding=\"async\" class=\"size-full wp-image-2552 aligncenter\" src=\"https:\/\/agora.xtec.cat\/ceip-circell\/wp-content\/uploads\/usu907\/2024\/10\/2024-10-30-12_03_05-Petits-canvis-per-menjar-millor.png\" alt=\"\" width=\"206\" height=\"205\" srcset=\"https:\/\/agora.xtec.cat\/ceip-circell\/wp-content\/uploads\/usu907\/2024\/10\/2024-10-30-12_03_05-Petits-canvis-per-menjar-millor.png 206w, https:\/\/agora.xtec.cat\/ceip-circell\/wp-content\/uploads\/usu907\/2024\/10\/2024-10-30-12_03_05-Petits-canvis-per-menjar-millor-150x150.png 150w\" sizes=\"auto, (max-width: 206px) 100vw, 206px\" \/><\/a><\/p>\n<p>Cada proposta de canvi est\u00e0 presentada en una fitxa on trobareu l&#8217;estructura seg\u00fcent:<\/p>\n<ul>\n<li>Per qu\u00e8?<\/li>\n<li>Recomanacions de consum<\/li>\n<li>Receptes<\/li>\n<li>Tingueu cura de l&#8217;entorn<\/li>\n<li>Sab\u00edeu que\u2026?<\/li>\n<li>M\u00e9s informaci\u00f3<\/li>\n<\/ul>\n<p>Trobareu la guia en aquest <a href=\"https:\/\/scientiasalut.gencat.cat\/bitstream\/handle\/11351\/3695.2\/petits_canvis_menjar_millor_2024_ca.pdf?sequence=8&amp;isAllowed=y\">enlla\u00e7<\/a><\/p>\n<p>M\u00e9s informaci\u00f3 a la p\u00e0gina <a href=\"https:\/\/canalsalut.gencat.cat\/ca\/vida-saludable\/alimentacio\/petits-canvis-menjar-millor\/\">web<\/a>.<\/p>\n<h4>Consells per la tria de joguines i un nadal sostenible<\/h4>\n<p style=\"text-align: center;\"><a href=\"https:\/\/agora.xtec.cat\/ceip-circell\/wp-content\/uploads\/usu907\/2024\/12\/Post-joguines.png\"><img loading=\"lazy\" decoding=\"async\" class=\"alignnone wp-image-2563\" src=\"https:\/\/agora.xtec.cat\/ceip-circell\/wp-content\/uploads\/usu907\/2024\/12\/Post-joguines-300x300.png\" alt=\"\" width=\"212\" height=\"212\" srcset=\"https:\/\/agora.xtec.cat\/ceip-circell\/wp-content\/uploads\/usu907\/2024\/12\/Post-joguines-300x300.png 300w, https:\/\/agora.xtec.cat\/ceip-circell\/wp-content\/uploads\/usu907\/2024\/12\/Post-joguines-1024x1024.png 1024w, https:\/\/agora.xtec.cat\/ceip-circell\/wp-content\/uploads\/usu907\/2024\/12\/Post-joguines-150x150.png 150w, https:\/\/agora.xtec.cat\/ceip-circell\/wp-content\/uploads\/usu907\/2024\/12\/Post-joguines-768x768.png 768w, https:\/\/agora.xtec.cat\/ceip-circell\/wp-content\/uploads\/usu907\/2024\/12\/Post-joguines.png 1080w\" sizes=\"auto, (max-width: 212px) 100vw, 212px\" \/><\/a><\/p>\n<p>Des de l&#8217;escola hem fet un recull d&#8217;articles que us poden ajudar a l&#8217;hora d&#8217;escollir les joguines m\u00e9s apropiades pels vostres fills i filles. Hem elaborat una infografia amb tota la informaci\u00f3 que podeu consultar clicant <a href=\"https:\/\/www.canva.com\/design\/DAGYVy9Kyj0\/0gjZszz_jGN0eOTupX-_Jw\/edit?utm_content=DAGYVy9Kyj0&amp;utm_campaign=designshare&amp;utm_medium=link2&amp;utm_source=sharebutton\">aqu\u00ed<\/a>.<\/p>\n<h4 class=\"c-mainarticle__title\">Mossegades, cops i esgarrapades en la primera inf\u00e0ncia: per qu\u00e8 passa i qu\u00e8 fer?<\/h4>\n<p>Us oferim un recull d&#8217;articles que hem trobat sobre aquest tema ja que s\u00f3n conductes que responen a la baixa frustraci\u00f3 dels nostres fills i filles i, tot i que \u00e9s un comportament normal en la primera inf\u00e0ncia, cal anar treballant.<\/p>\n<ul>\n<li class=\"c-mainarticle__title\"><a href=\"https:\/\/www.criar.cat\/crianca\/mossegades-cops-i-esgarrapades-en-la-primera-infancia-per-que-passa-i-que-fer_2041853_102.html\">Mossegades, cops i esgarrapades en la primera inf\u00e0ncia: per qu\u00e8 passa i qu\u00e8 fer?<\/a><\/li>\n<li class=\"c-mainarticle__title\"><a href=\"https:\/\/elcargol.cat\/les-mossegades-i-les-agressions\/\">Les mossegades i les agressions<\/a><\/li>\n<li>\n<p class=\"detail__right-content-title\"><a href=\"https:\/\/escolasalut.sjdhospitalbarcelona.org\/ca\/consells-salut\/salut-mental\/nenes-agressivitat-com-actuar\">Com actuar quan els infants peguen o mosseguen?<\/a><\/p>\n<\/li>\n<\/ul>\n<h4>Guia &#8220;Acompanyem els \u00e0pats dels infants&#8221;<\/h4>\n<p style=\"text-align: center;\"><a href=\"https:\/\/agora.xtec.cat\/ceip-circell\/wp-content\/uploads\/usu907\/2025\/03\/2025-03-05-11_35_59-Acompanyar-els-apats-dels-infants.png\"><img loading=\"lazy\" decoding=\"async\" class=\"alignnone size-medium wp-image-2613\" src=\"https:\/\/agora.xtec.cat\/ceip-circell\/wp-content\/uploads\/usu907\/2025\/03\/2025-03-05-11_35_59-Acompanyar-els-apats-dels-infants-300x128.png\" alt=\"\" width=\"300\" height=\"128\" srcset=\"https:\/\/agora.xtec.cat\/ceip-circell\/wp-content\/uploads\/usu907\/2025\/03\/2025-03-05-11_35_59-Acompanyar-els-apats-dels-infants-300x128.png 300w, https:\/\/agora.xtec.cat\/ceip-circell\/wp-content\/uploads\/usu907\/2025\/03\/2025-03-05-11_35_59-Acompanyar-els-apats-dels-infants.png 747w\" sizes=\"auto, (max-width: 300px) 100vw, 300px\" \/><\/a><\/p>\n<p>L\u2019Ag\u00e8ncia de Salut P\u00fablica va presentar, el passat 22 de gener, la nova guia <a href=\"https:\/\/drive.google.com\/file\/d\/1920D1ZOVHPAtFjpYJSSiEAUD3B5V4K1G\/view?usp=sharing\">Acompanyar els \u00e0pats dels infants<\/a>. La guia \u00e9s una actualitzaci\u00f3 de la que ja va fer l\u2019Ag\u00e8ncia l\u2019any 2016 i una novetat important \u00e9s que aquesta edici\u00f3 tamb\u00e9 va dirigida a les fam\u00edlies. D\u2019aquesta manera, promou els h\u00e0bits alimentaris saludables, tant a casa amb les fam\u00edlies com en els menjadors escolars, amb els seg\u00fcents consells:<\/p>\n<ul>\n<li>Respectar la sensaci\u00f3 de gana i sacietat que presenti l\u2019infant.<\/li>\n<li>Es preferible que l\u2019infant se serveixi poca quantitat de menjar i que tingui l\u2019opci\u00f3 de repetir.<\/li>\n<li>Animar a tastar els aliments sense coaccionar, for\u00e7ar, distreure ni enganyar.<\/li>\n<li>Els aliments no s\u2019han de fer servir com a mesures de c\u00e0stig o de recompensa.<\/li>\n<li>Fomentar la participaci\u00f3 i la transmissi\u00f3 de valors, h\u00e0bits i responsabilitats adaptats a l\u2019edat de l\u2019infant.<\/li>\n<li>Deixar temps per menjar amb tranquil\u00b7litat, per\u00f2 sense que se superi el temps raonable per gaudir de l\u2019\u00e0pat.<\/li>\n<li>Garantir, com a m\u00ednim, un \u00e0pat al dia a taula i amb fam\u00edlia.<\/li>\n<li>Assegurar que tots els \u00e0pats siguin sense pantalles.<\/li>\n<li>Mostrar una actitud respectuosa i amorosa cap als infants.<\/li>\n<\/ul>\n<p>&nbsp;<\/p>\n","protected":false},"excerpt":{"rendered":"<p>En aquesta secci\u00f3 trobareu enlla\u00e7os a recursos que us poden ser d&#8217;utilitat o a articles relacionats amb la crian\u00e7a.<br \/>\nEsperem que us sigui d&#8217;utilitat<br \/>\nSalut Digital a l&#8217;edat pedi\u00e0trica<br \/>\n<a href=\"https:\/\/agora.xtec.cat\/ceip-circell\/wp-content\/uploads\/usu907\/2024\/03\/2024-03-18-15_30_02-Documents-web_-Google-Drive.png\"><\/a><br \/>\nL\u2019\u00fas de la tecnologia digital ha esdevingut una part integral de la vida quotidiana, especialment per a infants&hellip;  <a href=\"https:\/\/agora.xtec.cat\/ceip-circell\/escola-familia\/articles-dinteres\/\" title=\"Read Articles d&#8217;inter\u00e8s\">Llegeix m\u00e9s\u00bb<\/a><\/p>\n","protected":false},"author":24,"featured_media":0,"parent":349,"menu_order":0,"comment_status":"closed","ping_status":"closed","template":"","meta":{"_bbp_topic_count":0,"_bbp_reply_count":0,"_bbp_total_topic_count":0,"_bbp_total_reply_count":0,"_bbp_voice_count":0,"_bbp_anonymous_reply_count":0,"_bbp_topic_count_hidden":0,"_bbp_reply_count_hidden":0,"_bbp_forum_subforum_count":0,"footnotes":""},"class_list":["post-2440","page","type-page","status-publish","hentry"],"post_mailing_queue_ids":[],"_links":{"self":[{"href":"https:\/\/agora.xtec.cat\/ceip-circell\/wp-json\/wp\/v2\/pages\/2440","targetHints":{"allow":["GET"]}}],"collection":[{"href":"https:\/\/agora.xtec.cat\/ceip-circell\/wp-json\/wp\/v2\/pages"}],"about":[{"href":"https:\/\/agora.xtec.cat\/ceip-circell\/wp-json\/wp\/v2\/types\/page"}],"author":[{"embeddable":true,"href":"https:\/\/agora.xtec.cat\/ceip-circell\/wp-json\/wp\/v2\/users\/24"}],"replies":[{"embeddable":true,"href":"https:\/\/agora.xtec.cat\/ceip-circell\/wp-json\/wp\/v2\/comments?post=2440"}],"version-history":[{"count":6,"href":"https:\/\/agora.xtec.cat\/ceip-circell\/wp-json\/wp\/v2\/pages\/2440\/revisions"}],"predecessor-version":[{"id":2614,"href":"https:\/\/agora.xtec.cat\/ceip-circell\/wp-json\/wp\/v2\/pages\/2440\/revisions\/2614"}],"up":[{"embeddable":true,"href":"https:\/\/agora.xtec.cat\/ceip-circell\/wp-json\/wp\/v2\/pages\/349"}],"wp:attachment":[{"href":"https:\/\/agora.xtec.cat\/ceip-circell\/wp-json\/wp\/v2\/media?parent=2440"}],"curies":[{"name":"wp","href":"https:\/\/api.w.org\/{rel}","templated":true}]}}