{"id":24,"date":"2014-09-18T12:23:15","date_gmt":"2014-09-18T11:23:15","guid":{"rendered":"http:\/\/agora.xtec.cat\/ceip-circell\/?page_id=24"},"modified":"2021-01-22T15:27:58","modified_gmt":"2021-01-22T14:27:58","slug":"on-som","status":"publish","type":"page","link":"https:\/\/agora.xtec.cat\/ceip-circell\/lescola\/on-som\/","title":{"rendered":"On som"},"content":{"rendered":"<table style=\"height: 119px; width: 227px; border-style: none;\" width=\"215\">\n<tbody>\n<tr>\n<td style=\"width: 227px; border-style: none;\">Escola Circell<br \/>\nC\/ Rafael de Casanova, s\/n<br \/>\n08734 Moja, Ol\u00e8rdola Telf.93.817.14.52 escolacircell@escolademoja.com<\/td>\n<\/tr>\n<\/tbody>\n<\/table>\n<p style=\"color: #666666;\"><iframe loading=\"lazy\" src=\"https:\/\/www.google.com\/maps\/embed?pb=!1m18!1m12!1m3!1d5992.561881641726!2d1.6875493268083306!3d41.32450391707982!2m3!1f0!2f0!3f0!3m2!1i1024!2i768!4f13.1!3m3!1m2!1s0x12a479c138944437%3A0x23553c5a95293569!2s08734+Moja%2C+Barcelona!5e0!3m2!1sca!2ses!4v1459366709387\" width=\"600\" height=\"450\" frameborder=\"0\"><\/iframe><\/p>\n<p><span style=\"font-family: inherit; font-size: 1em;\">Pertanyem a l&#8217;Alt Pened\u00e8s i el nostre paisatge \u00e9s el verd, el marr\u00f3, el vermell i tants d&#8217;altres colors de la vinya&#8230;<\/span><\/p>\n<p>Moja \u00e9s un dels 4 nuclis de poblaci\u00f3 del municipi d&#8217;Ol\u00e8rdola, situat al costat de Vilafranca del Pened\u00e8s, de la que nom\u00e9s ens separen uns 2 kil\u00f2metres.<\/p>\n<p>El nostre poble, nascut fa m\u00e9s de 1000 anys, al voltant d&#8217;una torre de guaita, \u00e9s petit i bonic. Est\u00e0 enlairat sobre un turonet per a que tothom el vegi&#8230;si passeu per l&#8217;autopista AP7 veureu que sembla que tregui el cap per saludar!<\/p>\n<p style=\"color: #666666;\"><a style=\"font-family: inherit; font-size: 1em;\" href=\"http:\/\/agora.xtec.cat\/ceip-circell\/wp-content\/uploads\/usu907\/2014\/09\/circell.jpg\"><br \/>\n<img loading=\"lazy\" decoding=\"async\" class=\"alignnone wp-image-194\" src=\"http:\/\/agora.xtec.cat\/ceip-circell\/wp-content\/uploads\/usu907\/2014\/09\/circell.jpg\" alt=\"circell\" width=\"203\" height=\"152\" \/><\/a><a style=\"font-family: inherit; font-size: 1em;\" href=\"http:\/\/agora.xtec.cat\/ceip-circell\/wp-content\/uploads\/usu907\/2014\/09\/circell-nevat.jpg\"><img loading=\"lazy\" decoding=\"async\" class=\"alignnone wp-image-195\" src=\"http:\/\/agora.xtec.cat\/ceip-circell\/wp-content\/uploads\/usu907\/2014\/09\/circell-nevat.jpg\" alt=\"circell nevat\" width=\"269\" height=\"151\" \/><\/a><a style=\"font-family: inherit; font-size: 1em;\" href=\"http:\/\/agora.xtec.cat\/ceip-circell\/wp-content\/uploads\/usu907\/2014\/09\/escola.jpg\"><img loading=\"lazy\" decoding=\"async\" class=\"alignnone wp-image-196\" src=\"http:\/\/agora.xtec.cat\/ceip-circell\/wp-content\/uploads\/usu907\/2014\/09\/escola.jpg\" alt=\"escola\" width=\"201\" height=\"151\" \/><\/a><\/p>\n<p style=\"color: #666666;\"><span style=\"color: #000000;\"><strong>Com arribar-hi:<\/strong><\/span><\/p>\n<p>Tren (estaci\u00f3 Vilafranca del Pened\u00e8s) Taxi o bus p\u00fablic.<\/p>\n","protected":false},"excerpt":{"rendered":"<p>Escola Circell<br \/>\nC\/ Rafael de Casanova, s\/n<br \/>\n08734 Moja, Ol\u00e8rdola Telf.93.817.14.52 escolacircell@escolademoja.com<\/p>\n<p>Pertanyem a l&#8217;Alt Pened\u00e8s i el nostre paisatge \u00e9s el verd, el marr\u00f3, el vermell i tants d&#8217;altres colors de la vinya&#8230;<br \/>\nMoja \u00e9s un dels 4 nuclis de poblaci\u00f3 del municipi d&#8217;Ol\u00e8rdola, situat al costat de&hellip;  <a href=\"https:\/\/agora.xtec.cat\/ceip-circell\/lescola\/on-som\/\" title=\"Read On som\">Llegeix m\u00e9s\u00bb<\/a><\/p>\n","protected":false},"author":1,"featured_media":0,"parent":22,"menu_order":10,"comment_status":"closed","ping_status":"closed","template":"page-templates\/side-menu.php","meta":{"_bbp_topic_count":0,"_bbp_reply_count":0,"_bbp_total_topic_count":0,"_bbp_total_reply_count":0,"_bbp_voice_count":0,"_bbp_anonymous_reply_count":0,"_bbp_topic_count_hidden":0,"_bbp_reply_count_hidden":0,"_bbp_forum_subforum_count":0,"footnotes":""},"class_list":["post-24","page","type-page","status-publish","hentry"],"post_mailing_queue_ids":[],"_links":{"self":[{"href":"https:\/\/agora.xtec.cat\/ceip-circell\/wp-json\/wp\/v2\/pages\/24","targetHints":{"allow":["GET"]}}],"collection":[{"href":"https:\/\/agora.xtec.cat\/ceip-circell\/wp-json\/wp\/v2\/pages"}],"about":[{"href":"https:\/\/agora.xtec.cat\/ceip-circell\/wp-json\/wp\/v2\/types\/page"}],"author":[{"embeddable":true,"href":"https:\/\/agora.xtec.cat\/ceip-circell\/wp-json\/wp\/v2\/users\/1"}],"replies":[{"embeddable":true,"href":"https:\/\/agora.xtec.cat\/ceip-circell\/wp-json\/wp\/v2\/comments?post=24"}],"version-history":[{"count":5,"href":"https:\/\/agora.xtec.cat\/ceip-circell\/wp-json\/wp\/v2\/pages\/24\/revisions"}],"predecessor-version":[{"id":1211,"href":"https:\/\/agora.xtec.cat\/ceip-circell\/wp-json\/wp\/v2\/pages\/24\/revisions\/1211"}],"up":[{"embeddable":true,"href":"https:\/\/agora.xtec.cat\/ceip-circell\/wp-json\/wp\/v2\/pages\/22"}],"wp:attachment":[{"href":"https:\/\/agora.xtec.cat\/ceip-circell\/wp-json\/wp\/v2\/media?parent=24"}],"curies":[{"name":"wp","href":"https:\/\/api.w.org\/{rel}","templated":true}]}}