{"id":2153,"date":"2023-01-18T15:26:58","date_gmt":"2023-01-18T14:26:58","guid":{"rendered":"https:\/\/agora.xtec.cat\/ceip-circell\/?page_id=2153"},"modified":"2023-02-06T15:29:56","modified_gmt":"2023-02-06T14:29:56","slug":"planificacio-i-seguiment","status":"publish","type":"page","link":"https:\/\/agora.xtec.cat\/ceip-circell\/edc\/estrategia-digital-de-centre\/planificacio-i-seguiment\/","title":{"rendered":"Planificaci\u00f3 i seguiment"},"content":{"rendered":"<p>En el seg\u00fcent enlla\u00e7 podeu consultar la planificaci\u00f3 dels objectius establerts a l&#8217;EDC de la nostra escola<\/p>\n<p><a href=\"https:\/\/agora.xtec.cat\/ceip-circell\/wp-content\/uploads\/usu907\/2023\/02\/Fitxa-dactivitat.xlsx-Planificacio.pdf\">Fitxa d&#8217;activitat.xlsx &#8211; Planificaci\u00f3<\/a><\/p>\n<p>&nbsp;<\/p>\n","protected":false},"excerpt":{"rendered":"<p>En el seg\u00fcent enlla\u00e7 podeu consultar la planificaci\u00f3 dels objectius establerts a l&#8217;EDC de la nostra escola<br \/>\n<a href=\"https:\/\/agora.xtec.cat\/ceip-circell\/wp-content\/uploads\/usu907\/2023\/02\/Fitxa-dactivitat.xlsx-Planificacio.pdf\">Fitxa d&#8217;activitat.xlsx &#8211; Planificaci\u00f3<\/a><br \/>\n&nbsp;<\/p>\n","protected":false},"author":24,"featured_media":0,"parent":1912,"menu_order":3,"comment_status":"closed","ping_status":"closed","template":"page-templates\/side-menu.php","meta":{"_bbp_topic_count":0,"_bbp_reply_count":0,"_bbp_total_topic_count":0,"_bbp_total_reply_count":0,"_bbp_voice_count":0,"_bbp_anonymous_reply_count":0,"_bbp_topic_count_hidden":0,"_bbp_reply_count_hidden":0,"_bbp_forum_subforum_count":0,"footnotes":""},"class_list":["post-2153","page","type-page","status-publish","hentry"],"post_mailing_queue_ids":[],"_links":{"self":[{"href":"https:\/\/agora.xtec.cat\/ceip-circell\/wp-json\/wp\/v2\/pages\/2153","targetHints":{"allow":["GET"]}}],"collection":[{"href":"https:\/\/agora.xtec.cat\/ceip-circell\/wp-json\/wp\/v2\/pages"}],"about":[{"href":"https:\/\/agora.xtec.cat\/ceip-circell\/wp-json\/wp\/v2\/types\/page"}],"author":[{"embeddable":true,"href":"https:\/\/agora.xtec.cat\/ceip-circell\/wp-json\/wp\/v2\/users\/24"}],"replies":[{"embeddable":true,"href":"https:\/\/agora.xtec.cat\/ceip-circell\/wp-json\/wp\/v2\/comments?post=2153"}],"version-history":[{"count":4,"href":"https:\/\/agora.xtec.cat\/ceip-circell\/wp-json\/wp\/v2\/pages\/2153\/revisions"}],"predecessor-version":[{"id":2213,"href":"https:\/\/agora.xtec.cat\/ceip-circell\/wp-json\/wp\/v2\/pages\/2153\/revisions\/2213"}],"up":[{"embeddable":true,"href":"https:\/\/agora.xtec.cat\/ceip-circell\/wp-json\/wp\/v2\/pages\/1912"}],"wp:attachment":[{"href":"https:\/\/agora.xtec.cat\/ceip-circell\/wp-json\/wp\/v2\/media?parent=2153"}],"curies":[{"name":"wp","href":"https:\/\/api.w.org\/{rel}","templated":true}]}}