{"id":2032,"date":"2022-07-02T13:34:19","date_gmt":"2022-07-02T11:34:19","guid":{"rendered":"https:\/\/agora.xtec.cat\/ceip-circell\/?page_id=2032"},"modified":"2025-09-14T12:36:01","modified_gmt":"2025-09-14T10:36:01","slug":"llibres-i-material-escolar","status":"publish","type":"page","link":"https:\/\/agora.xtec.cat\/ceip-circell\/escola-familia\/llibres-i-material-escolar\/","title":{"rendered":"Llibres i material escolar"},"content":{"rendered":"<h5>Curs 2025-2026<\/h5>\n<ul>\n<li>Llibres socialitzats: des de 3r, l&#8217;alumnat t\u00e9 a la seva disposici\u00f3 els llibres de text de manera socialitzada. Aquests llibres es van renovant cada quatre anys, tal i com \u00e9s prescriptiu. No els compra les fam\u00edlies, si no que es paga una quota per tal de renovar els que es vagin fent malb\u00e9 o els que es queden obsolets. Podeu trobar m\u00e9s informaci\u00f3 del programa clicant <a href=\"https:\/\/agora.xtec.cat\/ceip-circell\/circell-verd\/llibres-de-text-socialitzacio\/\">aqu\u00ed<\/a>.<\/li>\n<li>Llistat de llibres que ha d&#8217;adquirir les fam\u00edlies.\n<ul>\n<li><a href=\"https:\/\/drive.google.com\/file\/d\/1SkjF0HrKxhDogHjs_yHebjeOV9Amhfi0\/view?usp=sharing\" target=\"_blank\" rel=\"noopener\">Comunitat de Mitjans<\/a><\/li>\n<li><a href=\"https:\/\/drive.google.com\/file\/d\/1ZTnSVZk6bxdGR7x1hnv-8-FCKqYsTPmi\/view?usp=sharing\" target=\"_blank\" rel=\"noopener\">Comunitat de Grans<\/a><\/li>\n<\/ul>\n<\/li>\n<li>Marerial necessari\n<ul>\n<li><a href=\"https:\/\/docs.google.com\/document\/d\/1EbooyQytFoYcHCtKjIkW9B5SY0_oiDnN5n1VT-8WLRE\/edit?usp=drive_link\" target=\"_blank\" rel=\"noopener\">Comunitat de Grans<\/a><\/li>\n<\/ul>\n<\/li>\n<li>L&#8217;escola t\u00e9 implantat el projecte innovamat des de P3 a 6\u00e8. El material manipulatiu \u00e9s socialitzat i l&#8217;adquireix el centre. Les llic\u00e8ncies digital les ha d&#8217;abonar cada fam\u00edlia. Trobareu m\u00e9s informaci\u00f3 clicant <a href=\"https:\/\/agora.xtec.cat\/ceip-circell\/projectes-de-centre\/projecte-innovamat\/\">aqu\u00ed<\/a>.<\/li>\n<\/ul>\n","protected":false},"excerpt":{"rendered":"<p>Curs 2025-2026<\/p>\n<ul>\n<li>Llibres socialitzats: des de 3r, l&#8217;alumnat t\u00e9 a la seva disposici\u00f3 els llibres de text de manera socialitzada. Aquests llibres es van renovant cada quatre anys, tal i com \u00e9s prescriptiu. No els compra les fam\u00edlies, si no que es paga una quota per&hellip;  <a href=\"https:\/\/agora.xtec.cat\/ceip-circell\/escola-familia\/llibres-i-material-escolar\/\" title=\"Read Llibres i material escolar\">Llegeix m\u00e9s\u00bb<\/a><br \/>\n","protected":false},"author":24,"featured_media":0,"parent":349,"menu_order":0,"comment_status":"closed","ping_status":"closed","template":"page-templates\/side-menu.php","meta":{"_bbp_topic_count":0,"_bbp_reply_count":0,"_bbp_total_topic_count":0,"_bbp_total_reply_count":0,"_bbp_voice_count":0,"_bbp_anonymous_reply_count":0,"_bbp_topic_count_hidden":0,"_bbp_reply_count_hidden":0,"_bbp_forum_subforum_count":0,"footnotes":""},"class_list":["post-2032","page","type-page","status-publish","hentry"],"post_mailing_queue_ids":[],"_links":{"self":[{"href":"https:\/\/agora.xtec.cat\/ceip-circell\/wp-json\/wp\/v2\/pages\/2032","targetHints":{"allow":["GET"]}}],"collection":[{"href":"https:\/\/agora.xtec.cat\/ceip-circell\/wp-json\/wp\/v2\/pages"}],"about":[{"href":"https:\/\/agora.xtec.cat\/ceip-circell\/wp-json\/wp\/v2\/types\/page"}],"author":[{"embeddable":true,"href":"https:\/\/agora.xtec.cat\/ceip-circell\/wp-json\/wp\/v2\/users\/24"}],"replies":[{"embeddable":true,"href":"https:\/\/agora.xtec.cat\/ceip-circell\/wp-json\/wp\/v2\/comments?post=2032"}],"version-history":[{"count":6,"href":"https:\/\/agora.xtec.cat\/ceip-circell\/wp-json\/wp\/v2\/pages\/2032\/revisions"}],"predecessor-version":[{"id":2692,"href":"https:\/\/agora.xtec.cat\/ceip-circell\/wp-json\/wp\/v2\/pages\/2032\/revisions\/2692"}],"up":[{"embeddable":true,"href":"https:\/\/agora.xtec.cat\/ceip-circell\/wp-json\/wp\/v2\/pages\/349"}],"wp:attachment":[{"href":"https:\/\/agora.xtec.cat\/ceip-circell\/wp-json\/wp\/v2\/media?parent=2032"}],"curies":[{"name":"wp","href":"https:\/\/api.w.org\/{rel}","templated":true}]}}