{"id":1917,"date":"2022-03-17T11:51:14","date_gmt":"2022-03-17T10:51:14","guid":{"rendered":"https:\/\/agora.xtec.cat\/ceip-circell\/?page_id=1917"},"modified":"2023-02-01T16:31:39","modified_gmt":"2023-02-01T15:31:39","slug":"cultura-digital","status":"publish","type":"page","link":"https:\/\/agora.xtec.cat\/ceip-circell\/edc\/cultura-digital\/","title":{"rendered":"Cultura Digital"},"content":{"rendered":"<p>La segona part de l\u2019EDC permet recollir i tenir unificades totes les accions que el centre ja realitza en l\u2019\u00e0mbit digital.<\/p>\n<p>Fruit de l\u2019experi\u00e8ncia del centre, per\u00f2 tamb\u00e9 de l\u2019aplicaci\u00f3 de la part m\u00e9s estrat\u00e8gica de l\u2019EDC, l\u2019escola defineix procediments, protocols, normes, acords i plans per assolir les compet\u00e8ncies digitals. Aquesta part del document de l\u2019EDC nom\u00e9s recull tot el que el centre ja est\u00e0 realitzant en l\u2019\u00e0mbit digital (<em>que estem fent?)<\/em><\/p>\n<p>A continuaci\u00f3 trobareu els enlla\u00e7os a tots els documents i aspectes relacionats amb la cultura digital de la nostra escola.<\/p>\n","protected":false},"excerpt":{"rendered":"<p>La segona part de l\u2019EDC permet recollir i tenir unificades totes les accions que el centre ja realitza en l\u2019\u00e0mbit digital.<br \/>\nFruit de l\u2019experi\u00e8ncia del centre, per\u00f2 tamb\u00e9 de l\u2019aplicaci\u00f3 de la part m\u00e9s estrat\u00e8gica de l\u2019EDC, l\u2019escola defineix procediments, protocols, normes, acords i plans per&hellip;  <a href=\"https:\/\/agora.xtec.cat\/ceip-circell\/edc\/cultura-digital\/\" title=\"Read Cultura Digital\">Llegeix m\u00e9s\u00bb<\/a><\/p>\n","protected":false},"author":24,"featured_media":0,"parent":2160,"menu_order":0,"comment_status":"closed","ping_status":"closed","template":"page-templates\/side-menu.php","meta":{"_bbp_topic_count":0,"_bbp_reply_count":0,"_bbp_total_topic_count":0,"_bbp_total_reply_count":0,"_bbp_voice_count":0,"_bbp_anonymous_reply_count":0,"_bbp_topic_count_hidden":0,"_bbp_reply_count_hidden":0,"_bbp_forum_subforum_count":0,"footnotes":""},"class_list":["post-1917","page","type-page","status-publish","hentry"],"post_mailing_queue_ids":[],"_links":{"self":[{"href":"https:\/\/agora.xtec.cat\/ceip-circell\/wp-json\/wp\/v2\/pages\/1917","targetHints":{"allow":["GET"]}}],"collection":[{"href":"https:\/\/agora.xtec.cat\/ceip-circell\/wp-json\/wp\/v2\/pages"}],"about":[{"href":"https:\/\/agora.xtec.cat\/ceip-circell\/wp-json\/wp\/v2\/types\/page"}],"author":[{"embeddable":true,"href":"https:\/\/agora.xtec.cat\/ceip-circell\/wp-json\/wp\/v2\/users\/24"}],"replies":[{"embeddable":true,"href":"https:\/\/agora.xtec.cat\/ceip-circell\/wp-json\/wp\/v2\/comments?post=1917"}],"version-history":[{"count":3,"href":"https:\/\/agora.xtec.cat\/ceip-circell\/wp-json\/wp\/v2\/pages\/1917\/revisions"}],"predecessor-version":[{"id":2194,"href":"https:\/\/agora.xtec.cat\/ceip-circell\/wp-json\/wp\/v2\/pages\/1917\/revisions\/2194"}],"up":[{"embeddable":true,"href":"https:\/\/agora.xtec.cat\/ceip-circell\/wp-json\/wp\/v2\/pages\/2160"}],"wp:attachment":[{"href":"https:\/\/agora.xtec.cat\/ceip-circell\/wp-json\/wp\/v2\/media?parent=1917"}],"curies":[{"name":"wp","href":"https:\/\/api.w.org\/{rel}","templated":true}]}}