{"id":1915,"date":"2022-03-17T11:50:41","date_gmt":"2022-03-17T10:50:41","guid":{"rendered":"https:\/\/agora.xtec.cat\/ceip-circell\/?page_id=1915"},"modified":"2023-02-06T15:24:52","modified_gmt":"2023-02-06T14:24:52","slug":"diagnosi","status":"publish","type":"page","link":"https:\/\/agora.xtec.cat\/ceip-circell\/edc\/estrategia-digital-de-centre\/diagnosi\/","title":{"rendered":"Contextualitzaci\u00f3 i Diagnosi"},"content":{"rendered":"<h5>Presentaci\u00f3<\/h5>\n<p>L&#8217;escola Circell\u00a0 inicia la seva estrat\u00e8gia digital de centre el curs 20-21 amb el canvi d&#8217;equip Directiu. Els factors que han portat a la transformaci\u00f3 digital del centre han estat diversos:<\/p>\n<ol>\n<li>Per una banda els confinaments constants durant els dos primers anys degut a la COVID ha fet que les escoles s&#8217;hagin de transformar en aquest sentit de manera accelerada. Quan vam reprendre les classes, l&#8217;escola havia d&#8217;assegurar-se que tot l&#8217;alumnat podia disposar de dispositius i connexi\u00f3 a internet i, aquest fet, va ser l&#8217;inici transformaci\u00f3 digital a l&#8217;escola. Vam prescindir de l&#8217;aula d&#8217;inform\u00e0tica, vam col\u00b7locar tots els dispositius port\u00e0tils en carros i els vam inventariar per poder deixar en pr\u00e9stec a l&#8217;alumnat que ho necessit\u00e9s.<\/li>\n<li>Com a nou equip directiu, un dels objectius principals del nostre projecte de direcci\u00f3 \u00e9s &#8220;<span style=\"font-weight: 400;\">Millorar el nivell competencial de l\u2019alumnat&#8221;\u00a0 i una de les estrat\u00e8gies que el desenvolupa \u00e9s\u00a0 &#8220;l&#8217;increment de l\u2019\u00fas de les TIC a les aules per a facilitar l\u2019aprenentatge i desenvolupar la compet\u00e8ncia digital&#8221;. Per poder-ho portar a terme, al llarg dels dos primers anys, l&#8217;escola va comprar ordinadors port\u00e0tils i va ampliar la dotaci\u00f3 de tablets. D&#8217;altra banda vam adquirir carros carregadors que permetessin traslladar els aparells amb facilitat\u00a0 per incentivar el treball a l&#8217;aula amb aquests dispositius.<\/span><\/li>\n<li>El Departament d&#8217;ensenyament accelera el desplegament del Pla d&#8217;Educaci\u00f3 Digital de Catalunya (PEDC). Aquest desplegament suposa la dotaci\u00f3 d&#8217;ordinadors a l&#8217;alumnat de 5\u00e8 i 6\u00e8, dispositius MI-FI i panells inetractius a l&#8217;aula. Es crea la Xarxa Territorial Digital de Catalunya per oferir formaci\u00f3 i assessorament als docents. Aquest pla inclou l&#8217;elaboraci\u00f3, per part del centre, de la seva estrat\u00e8gia digital.<\/li>\n<\/ol>\n<h5>Visi\u00f3 del centre<\/h5>\n<p>Les Tecnologies de la Informacio\u0301 i la Comunicacio\u0301 (TIC) han esdevingut eines que han modificat el model social, econo\u0300mic i educatiu. Aquest canvi de primer ordre ha reformulat el punt de vista de l\u2019educacio\u0301 sobre aquestes eines. L\u2019escola ha de fer front a aquest nou repte per adequar els processos d\u2019ensenyament i l\u2019aprenentatge a aquest canviant mo\u0301n tecnolo\u0300gic. \u00c9s necessari que l\u2019escola incorpori les eines digitals en el dia a dia perqu\u00e8 esdevinguin eines quotidianes en el context educatiu, facilitant a tot l\u2019alumnat i a la comunitat educativa la seva utilitzacio\u0301 per aprendre i comunicar-se.<\/p>\n<p>El repte que afronta el nostre centre \u00e9s el d\u2019utilitzar les eines digitals com una eina habitual en les activitats d\u2019ensenyament i aprenentatge, en l\u2019organitzacio\u0301 del centre i en la gestio\u0301 acade\u0300mica. Es tracta de materialitzar aquest apropament entre les tecnologies de la informacio\u0301 i la comunicacio\u0301 i el mo\u0301n educatiu, i facilitar l\u2019aprenentatge en l\u2019era digital, adaptant els continguts i aplicacions per transformar un model educatiu, basat en metodologies tradicionals, en una educaci\u00f3 fomentada en la Societat del Coneixement.<\/p>\n<p>La nostra escola, tal i com es reflecteix al PEC, cerca el desenvolupament integral de la compet\u00e8ncia digital de tot el seu alumnat. Un desenvolupament que es duu a terme aplicant noves metodologies i eines digitals en els processos d\u2019ensenyament i aprenentatge perqu\u00e8 els infants assoleixin una compet\u00e8ncia digital que els permeti ser aut\u00f2noms i cr\u00edtics en el seu \u00fas.<\/p>\n<h5>Diagnosi de la maduresa digital del centre<\/h5>\n<p>Per realitzar la diagnosi de la maduresa digital del centre s&#8217;han utilitzat diverses eines:<\/p>\n<ul>\n<li>Eina SELFIE: enquesta que recull les aportacions de professorat i alumnat<\/li>\n<li>Enquesta sobre la CDD: els resultats obtinguts ens mostra el nivell de compet\u00e8ncia digital del professorat<\/li>\n<li>Enquesta sobre la visi\u00f3 del centre per part del professorat: a partir els \u00edtems de l&#8217;antic PLA TAC<\/li>\n<\/ul>\n<p>A partir de l&#8217;an\u00e0lisi d&#8217;aquestes eines, es detecten uns punts forts i punts febles segons diferents aspectes que ens permetran establir els objectius de la nostra EDC.<\/p>\n<h6>Punts Forts<\/h6>\n<ul>\n<li>L\u2019alumnat de Cicle Superior es presenta bastant aut\u00f2nom en la tasca amb noves tecnologies.<\/li>\n<li>La comunitat educativa est\u00e0 motivada en treballar en entorns EVA .<\/li>\n<li>Els docents es mostren flexibles en l\u2019\u00fas de noves tecnologies.<\/li>\n<li>El claustre t\u00e9 capacitat d&#8217;adaptaci\u00f3 al context educatiu.<\/li>\n<li>Hi ha gran predisposici\u00f3 entre els professionals de compartir experi\u00e8ncies i recursos digitals.<\/li>\n<\/ul>\n<h6>Punts febles<\/h6>\n<ul>\n<li>Creaci\u00f3 de recursos digitals<\/li>\n<li>Adaptaci\u00f3 a les necessitat de l\u2019alumnat amb l\u2019\u00fas de les noves tecnologies<\/li>\n<li>Autoreflexi\u00f3 sobre l\u2019aprenentatge<\/li>\n<li>El feedback a tasques de l\u2019alumnat en l\u2019entorn virtual d\u2019aprenentatge<\/li>\n<li>Verificar la informaci\u00f3 amb qu\u00e8 es treballa<\/li>\n<li>No hi ha coneixement de programaci\u00f3<\/li>\n<\/ul>\n<p>&nbsp;<\/p>\n","protected":false},"excerpt":{"rendered":"<p>Presentaci\u00f3<br \/>\nL&#8217;escola Circell\u00a0 inicia la seva estrat\u00e8gia digital de centre el curs 20-21 amb el canvi d&#8217;equip Directiu. Els factors que han portat a la transformaci\u00f3 digital del centre han estat diversos:<\/p>\n<ol>\n<li>Per una banda els confinaments constants durant els dos primers anys degut a la COVID&hellip;  <a href=\"https:\/\/agora.xtec.cat\/ceip-circell\/edc\/estrategia-digital-de-centre\/diagnosi\/\" title=\"Read Contextualitzaci\u00f3 i Diagnosi\">Llegeix m\u00e9s\u00bb<\/a><br \/>\n","protected":false},"author":24,"featured_media":0,"parent":1912,"menu_order":1,"comment_status":"closed","ping_status":"closed","template":"page-templates\/side-menu.php","meta":{"_bbp_topic_count":0,"_bbp_reply_count":0,"_bbp_total_topic_count":0,"_bbp_total_reply_count":0,"_bbp_voice_count":0,"_bbp_anonymous_reply_count":0,"_bbp_topic_count_hidden":0,"_bbp_reply_count_hidden":0,"_bbp_forum_subforum_count":0,"footnotes":""},"class_list":["post-1915","page","type-page","status-publish","hentry"],"post_mailing_queue_ids":[],"_links":{"self":[{"href":"https:\/\/agora.xtec.cat\/ceip-circell\/wp-json\/wp\/v2\/pages\/1915","targetHints":{"allow":["GET"]}}],"collection":[{"href":"https:\/\/agora.xtec.cat\/ceip-circell\/wp-json\/wp\/v2\/pages"}],"about":[{"href":"https:\/\/agora.xtec.cat\/ceip-circell\/wp-json\/wp\/v2\/types\/page"}],"author":[{"embeddable":true,"href":"https:\/\/agora.xtec.cat\/ceip-circell\/wp-json\/wp\/v2\/users\/24"}],"replies":[{"embeddable":true,"href":"https:\/\/agora.xtec.cat\/ceip-circell\/wp-json\/wp\/v2\/comments?post=1915"}],"version-history":[{"count":3,"href":"https:\/\/agora.xtec.cat\/ceip-circell\/wp-json\/wp\/v2\/pages\/1915\/revisions"}],"predecessor-version":[{"id":2210,"href":"https:\/\/agora.xtec.cat\/ceip-circell\/wp-json\/wp\/v2\/pages\/1915\/revisions\/2210"}],"up":[{"embeddable":true,"href":"https:\/\/agora.xtec.cat\/ceip-circell\/wp-json\/wp\/v2\/pages\/1912"}],"wp:attachment":[{"href":"https:\/\/agora.xtec.cat\/ceip-circell\/wp-json\/wp\/v2\/media?parent=1915"}],"curies":[{"name":"wp","href":"https:\/\/api.w.org\/{rel}","templated":true}]}}