{"id":1912,"date":"2022-03-17T11:48:40","date_gmt":"2022-03-17T10:48:40","guid":{"rendered":"https:\/\/agora.xtec.cat\/ceip-circell\/?page_id=1912"},"modified":"2023-02-06T15:22:20","modified_gmt":"2023-02-06T14:22:20","slug":"estrategia-digital-de-centre","status":"publish","type":"page","link":"https:\/\/agora.xtec.cat\/ceip-circell\/edc\/estrategia-digital-de-centre\/","title":{"rendered":"Part Estrat\u00e8gica"},"content":{"rendered":"<p>L\u2019EDC es concreta en quatre fases:<\/p>\n<p><a href=\"https:\/\/agora.xtec.cat\/ceip-circell\/edc\/estrategia-digital-de-centre\/diagnosi\/\"><strong>Diagnosi<\/strong><\/a>: Per poder planificar una estrat\u00e8gia de centre \u00e9s imprescindible ser conscients d\u2019en quin punt es troba el centre. Per poder establir el punt de partida s&#8217;han fet servir diferents eines que ens han perm\u00e8s establir uns punts forts i uns punts febles, a partir dels quals hem establert els objectius a aconseguir en els propers 3 cursos.<\/p>\n<p><strong><a href=\"https:\/\/agora.xtec.cat\/ceip-circell\/edc\/estrategia-digital-de-centre\/objectius\/\">Objectius<\/a>:<\/strong> Un cop realitzada la diagnosi de l\u2019estat del centre, \u00e9s el moment de definir els objectius de la nostra estrat\u00e8gia digital. Analitzar els punts febles i establir objectius a mitj\u00e0 termini. El fet d\u2019estar estretament vinculada amb el projecte de direcci\u00f3, el per\u00edode establert \u00e9s de tres o quatre anys vista.<\/p>\n<p><a href=\"https:\/\/agora.xtec.cat\/ceip-circell\/edc\/estrategia-digital-de-centre\/planificacio-i-seguiment\/\"><strong>Planificaci\u00f3:<\/strong><\/a> Un cop definits els objectius, \u00e9s convenient definir accions concretes que permetin acabar assolint aquests objectius.<\/p>\n<p><a href=\"https:\/\/agora.xtec.cat\/ceip-circell\/edc\/estrategia-digital-de-centre\/avaluacio\/\"><strong>Avaluaci\u00f3:<\/strong><\/a>\u00a0En el moment que s\u2019implementa una estrat\u00e8gia es fa imprescindible la seva avaluaci\u00f3. Cal determinar si el que s\u2019ha planificat s\u2019est\u00e0 desenvolupant de la manera prevista i, d\u2019aquesta manera, adaptar les accions futures. Aquesta avaluaci\u00f3 \u00e9s la que permetr\u00e0 adaptar l\u2019EDC a l\u2019evoluci\u00f3 del centre i als canvis de context i tecnol\u00f2gics.<\/p>\n<p>&nbsp;<\/p>\n<p>&nbsp;<\/p>\n","protected":false},"excerpt":{"rendered":"<p>L\u2019EDC es concreta en quatre fases:<br \/>\n<a href=\"https:\/\/agora.xtec.cat\/ceip-circell\/edc\/estrategia-digital-de-centre\/diagnosi\/\">Diagnosi<\/a>: Per poder planificar una estrat\u00e8gia de centre \u00e9s imprescindible ser conscients d\u2019en quin punt es troba el centre. Per poder establir el punt de partida s&#8217;han fet servir diferents eines que ens han perm\u00e8s establir uns punts forts&hellip;  <a href=\"https:\/\/agora.xtec.cat\/ceip-circell\/edc\/estrategia-digital-de-centre\/\" title=\"Read Part Estrat\u00e8gica\">Llegeix m\u00e9s\u00bb<\/a><\/p>\n","protected":false},"author":24,"featured_media":0,"parent":2160,"menu_order":0,"comment_status":"closed","ping_status":"closed","template":"page-templates\/side-menu.php","meta":{"_bbp_topic_count":0,"_bbp_reply_count":0,"_bbp_total_topic_count":0,"_bbp_total_reply_count":0,"_bbp_voice_count":0,"_bbp_anonymous_reply_count":0,"_bbp_topic_count_hidden":0,"_bbp_reply_count_hidden":0,"_bbp_forum_subforum_count":0,"footnotes":""},"class_list":["post-1912","page","type-page","status-publish","hentry"],"post_mailing_queue_ids":[],"_links":{"self":[{"href":"https:\/\/agora.xtec.cat\/ceip-circell\/wp-json\/wp\/v2\/pages\/1912","targetHints":{"allow":["GET"]}}],"collection":[{"href":"https:\/\/agora.xtec.cat\/ceip-circell\/wp-json\/wp\/v2\/pages"}],"about":[{"href":"https:\/\/agora.xtec.cat\/ceip-circell\/wp-json\/wp\/v2\/types\/page"}],"author":[{"embeddable":true,"href":"https:\/\/agora.xtec.cat\/ceip-circell\/wp-json\/wp\/v2\/users\/24"}],"replies":[{"embeddable":true,"href":"https:\/\/agora.xtec.cat\/ceip-circell\/wp-json\/wp\/v2\/comments?post=1912"}],"version-history":[{"count":3,"href":"https:\/\/agora.xtec.cat\/ceip-circell\/wp-json\/wp\/v2\/pages\/1912\/revisions"}],"predecessor-version":[{"id":2209,"href":"https:\/\/agora.xtec.cat\/ceip-circell\/wp-json\/wp\/v2\/pages\/1912\/revisions\/2209"}],"up":[{"embeddable":true,"href":"https:\/\/agora.xtec.cat\/ceip-circell\/wp-json\/wp\/v2\/pages\/2160"}],"wp:attachment":[{"href":"https:\/\/agora.xtec.cat\/ceip-circell\/wp-json\/wp\/v2\/media?parent=1912"}],"curies":[{"name":"wp","href":"https:\/\/api.w.org\/{rel}","templated":true}]}}