{"id":1757,"date":"2022-02-09T16:27:21","date_gmt":"2022-02-09T15:27:21","guid":{"rendered":"https:\/\/agora.xtec.cat\/ceip-circell\/?page_id=1757"},"modified":"2026-02-03T12:54:25","modified_gmt":"2026-02-03T11:54:25","slug":"portes-obertes","status":"publish","type":"page","link":"https:\/\/agora.xtec.cat\/ceip-circell\/informacions\/portes-obertes\/","title":{"rendered":"Portes Obertes 26-27"},"content":{"rendered":"<h5><span style=\"text-decoration: underline;\">Portes obertes del centre<\/span><\/h5>\n<p>Fem una \u00fanica jornada en la qual les fam\u00edlies podreu veure l&#8217;escola per dins i despr\u00e9s farem una petita xerrada sobre el projecte educatiu del centre i els serveis que oferim.<\/p>\n<p>Data: Divendres 20 de Febrer<\/p>\n<p>Hora 14:45h<\/p>\n<p>Ser\u00e0 necess\u00e0ria la inscripci\u00f3 pr\u00e8via per tal d&#8217;organitzar la jornada i l&#8217;espai de la xerrada. Podeu fer la inscripci\u00f3 clicant aquest <a href=\"https:\/\/forms.gle\/444pZD4VZJSV6SD49\">enlla\u00e7<\/a>.<\/p>\n<h6>Presentaci\u00f3<\/h6>\n<p>Podeu consultar la presentaci\u00f3 elaborada per aquesta jornada.<\/p>\n<div style=\"position: relative; width: 100%; height: 0; padding-top: 56.2500%; padding-bottom: 0; box-shadow: 0 2px 8px 0 rgba(63,69,81,0.16); margin-top: 1.6em; margin-bottom: 0.9em; overflow: hidden; border-radius: 8px; will-change: transform;\"><iframe style=\"position: absolute; width: 100%; height: 100%; top: 0; left: 0; border: none; padding: 0; margin: 0;\" src=\"https:\/\/www.canva.com\/design\/DAGfQRxfSKo\/9GYVGM8Wqqfc1EaPvCrN0w\/view?embed\" allowfullscreen=\"allowfullscreen\"><br \/>\n<\/iframe><\/div>\n<p><a href=\"https:\/\/www.canva.com\/design\/DAGfQRxfSKo\/9GYVGM8Wqqfc1EaPvCrN0w\/view?utm_content=DAGfQRxfSKo&amp;utm_campaign=designshare&amp;utm_medium=embeds&amp;utm_source=link\" target=\"_blank\" rel=\"noopener\">Presentaci\u00f3n<\/a> de escolacircell<\/p>\n<h5><span style=\"text-decoration: underline;\">Tr\u00edptic informatiu<\/span><\/h5>\n<p>En el seg\u00fcent <a href=\"https:\/\/read.bookcreator.com\/ubg6Vzty6BavXolaeSpsHPCtNJd2\/uXGdyWwRSJa08joyQg7qmg\"><strong>enlla\u00e7<\/strong><\/a> trobareu el tr\u00edptic que hem elaborat per mostrar la informaci\u00f3 m\u00e9s rellevant de la nostra escola.<\/p>\n<p>Als diferents apartats de la nostra web trobareu la informaci\u00f3 del seu contingut m\u00e9s ampliada.<\/p>\n","protected":false},"excerpt":{"rendered":"<p>Portes obertes del centre<br \/>\nFem una \u00fanica jornada en la qual les fam\u00edlies podreu veure l&#8217;escola per dins i despr\u00e9s farem una petita xerrada sobre el projecte educatiu del centre i els serveis que oferim.<br \/>\nData: Divendres 20 de Febrer<br \/>\nHora 14:45h<br \/>\nSer\u00e0 necess\u00e0ria la inscripci\u00f3 pr\u00e8via per tal&hellip;  <a href=\"https:\/\/agora.xtec.cat\/ceip-circell\/informacions\/portes-obertes\/\" title=\"Read Portes Obertes 26-27\">Llegeix m\u00e9s\u00bb<\/a><\/p>\n","protected":false},"author":24,"featured_media":0,"parent":1382,"menu_order":0,"comment_status":"closed","ping_status":"closed","template":"page-templates\/side-menu.php","meta":{"_bbp_topic_count":0,"_bbp_reply_count":0,"_bbp_total_topic_count":0,"_bbp_total_reply_count":0,"_bbp_voice_count":0,"_bbp_anonymous_reply_count":0,"_bbp_topic_count_hidden":0,"_bbp_reply_count_hidden":0,"_bbp_forum_subforum_count":0,"footnotes":""},"class_list":["post-1757","page","type-page","status-publish","hentry"],"post_mailing_queue_ids":[],"_links":{"self":[{"href":"https:\/\/agora.xtec.cat\/ceip-circell\/wp-json\/wp\/v2\/pages\/1757","targetHints":{"allow":["GET"]}}],"collection":[{"href":"https:\/\/agora.xtec.cat\/ceip-circell\/wp-json\/wp\/v2\/pages"}],"about":[{"href":"https:\/\/agora.xtec.cat\/ceip-circell\/wp-json\/wp\/v2\/types\/page"}],"author":[{"embeddable":true,"href":"https:\/\/agora.xtec.cat\/ceip-circell\/wp-json\/wp\/v2\/users\/24"}],"replies":[{"embeddable":true,"href":"https:\/\/agora.xtec.cat\/ceip-circell\/wp-json\/wp\/v2\/comments?post=1757"}],"version-history":[{"count":6,"href":"https:\/\/agora.xtec.cat\/ceip-circell\/wp-json\/wp\/v2\/pages\/1757\/revisions"}],"predecessor-version":[{"id":2772,"href":"https:\/\/agora.xtec.cat\/ceip-circell\/wp-json\/wp\/v2\/pages\/1757\/revisions\/2772"}],"up":[{"embeddable":true,"href":"https:\/\/agora.xtec.cat\/ceip-circell\/wp-json\/wp\/v2\/pages\/1382"}],"wp:attachment":[{"href":"https:\/\/agora.xtec.cat\/ceip-circell\/wp-json\/wp\/v2\/media?parent=1757"}],"curies":[{"name":"wp","href":"https:\/\/api.w.org\/{rel}","templated":true}]}}