{"id":1365,"date":"2021-02-08T09:42:35","date_gmt":"2021-02-08T08:42:35","guid":{"rendered":"http:\/\/agora.xtec.cat\/ceip-circell\/?page_id=1365"},"modified":"2026-04-15T10:09:10","modified_gmt":"2026-04-15T08:09:10","slug":"preinscripcio-curs-21-22","status":"publish","type":"page","link":"https:\/\/agora.xtec.cat\/ceip-circell\/informacions\/preinscripcio-curs-21-22\/","title":{"rendered":"Preinscripci\u00f3 curs 26-27"},"content":{"rendered":"<h5>ATENCI\u00d3!!! Aquest espai s&#8217;anir\u00e0 actualitzant a mesura que rebem la informaci\u00f3.<\/h5>\n<p>Coneix el calendari i els terminis del proc\u00e9s de preinscripci\u00f3 i matr\u00edcula clicant aquest <a href=\"https:\/\/drive.google.com\/file\/d\/1feA_6p4dDyftBzDEaqLatwpcLdlImytR\/view?usp=sharing\">enlla\u00e7<\/a>.<\/p>\n<p>En aquest <a href=\"https:\/\/drive.google.com\/file\/d\/1uuVCB4KJauRuGue0wr5EuM1GPAs_JxAD\/view?usp=drive_link\">enlla\u00e7<\/a> podeu consultar com fer el proc\u00e9s de preinscripci\u00f3.<\/p>\n<p>Tamb\u00e9 podeu trobar tota la informaci\u00f3 a la web: <a href=\"https:\/\/preinscripcio.gencat.cat\/ca\/inici\/\">preinscripcio.gencat.cat<\/a><\/p>\n<p>Per ajudar-vos en el proc\u00e9s de preinscripci\u00f3, el Departament ha elaborat una s\u00e8rie de <a href=\"https:\/\/preinscripcio.gencat.cat\/ca\/estudis\/infantil-3-6\/ajuda\/pindoles-multimedia\/\">p\u00edndoles<\/a> multim\u00e8dia amb v\u00eddeos i podcasts que us serviran per aclarir dubtes en els moments clau del proc\u00e9s.<\/p>\n<p>D&#8217;altra banda, tamb\u00e9 ha publicat una guia per a la preinscripci\u00f3 en l\u00ednia i matr\u00edcula. Podeu consultar-la en el seg\u00fcent enlla\u00e7.<\/p>\n<h6>Reunions informatives per les fam\u00edlies de l&#8217;alumnat de 6\u00e8<\/h6>\n<ul>\n<li>Xerrada informativa sobre el procediment de preincripci\u00f3.\n<ul>\n<li>Data: 19 de Febrer<\/li>\n<li>Hora: 18h a 19:30h<\/li>\n<li>Lloc: edifici de l\u2019Enol\u00f2gica (C. Am\u00e0lia Soler, 29, de Vilafranca del Pened\u00e8s).<\/li>\n<\/ul>\n<\/li>\n<li>Acte unitari de portes obertes dels instituts p\u00fablics de Vilafranca del Pened\u00e8s\n<ul>\n<li>Data: 25 de Mar\u00e7<\/li>\n<li>Hora: 18:30h<\/li>\n<\/ul>\n<\/li>\n<\/ul>\n<p><strong>La jornada conjunta no \u00e9s oberta al p\u00fablic i s&#8217;emetr\u00e0 en directe\u00a0<\/strong>pel\u00a0<a class=\"ext\" href=\"https:\/\/www.youtube.com\/@PenedesTelevisio\/streams\" target=\"_blank\" rel=\"noopener nofollow noreferrer\" data-extlink=\"\">canal de youtube\u00a0de Pened\u00e8s TV<\/a>.<\/p>\n<ul>\n<li>Jornades de visites als instituts\n<ul>\n<li>Dijous 26 de febrer: institut\u00a0<strong>La Girada<\/strong><\/li>\n<li>Dilluns 2 de mar\u00e7: institut\u00a0<strong>Alt Pened\u00e8s<\/strong><\/li>\n<li>Dimarts 3 de mar\u00e7: institut<strong>\u00a0Vilafranca 2<\/strong><\/li>\n<li>Dimecres 4 de mar\u00e7: Institut<strong>\u00a0Eugeni d&#8217;Ors<\/strong><\/li>\n<li>Divendres 6 de mar\u00e7: Institut\u00a0<strong>Mil\u00e0 i Fontanals<\/strong><\/li>\n<\/ul>\n<p>Les visites tindran lloc\u00a0<strong>de 17 a 20 h<\/strong>.<\/li>\n<\/ul>\n<p>Trobareu tota la informaci\u00f3 a la <a href=\"https:\/\/educacio.vilafranca.cat\/\">web<\/a> de l&#8217;ajuntament de Vilafranca.<\/p>\n<h6>Publicaci\u00f3 de l&#8217;oferta incial de places<\/h6>\n<p>El Departament ha publicat l&#8217;oferta inicial de places pel proper curs 2026-2027. Podeu consultar-la clicant l&#8217;<a href=\"https:\/\/drive.google.com\/file\/d\/1Juek84MldeQeEY5NMSxDOBtfQ5zp6dHh\/view?usp=sharing\">enlla\u00e7<\/a>.<\/p>\n<h6>Publicaci\u00f3 Barem provisional<\/h6>\n<p>S&#8217;ha publicat el barem provisional. Podeu consultar-ho clicant en aquest <a href=\"https:\/\/drive.google.com\/file\/d\/1z58UI1nAR9rmS-N-8yy-993L3tW5MpCt\/view?usp=sharing\">enlla\u00e7<\/a>.<\/p>\n<p>El per\u00edode de reclamaci\u00f3 \u00e9s del 16 al 20 d&#8217;Abril.<\/p>\n<h6>Publicaci\u00f3 Barem un cop resoltes les reclamacions<\/h6>\n<p>S&#8217;ha la llista baremada un cop resoltes les reclamacions. Podeu consultar clicant en aquest enlla\u00e7.<\/p>\n<h6>Publicaci\u00f3 Llista ordenada de sol\u00b7licituts. Barem definitiu<\/h6>\n<p>S&#8217;ha publicat la llista ordenada de les sol\u00b7licituds de preinscripci\u00f3 una vegada fet el sorteig de desempat. Podeu consultar clicant en aquest enlla\u00e7.<\/p>\n<h6>Publicaci\u00f3 de l&#8217;oferta definitiva de places<\/h6>\n<p>S&#8217;ha publicat la llista de l&#8217;oferta definitiva de places. Podeu consultar clicant en aquest enlla\u00e7.<\/p>\n<h6>Alumnes assignats al centre amb indicaci\u00f3 de la primera petici\u00f3<\/h6>\n<p>Podeu consultar la llista de l&#8217;alumnat assignat al centre en aquest enlla\u00e7. Tamb\u00e9 podeu consultar la llista d&#8217;epera clicant aqu\u00ed.<\/p>\n<p>&nbsp;<\/p>\n","protected":false},"excerpt":{"rendered":"<p>ATENCI\u00d3!!! Aquest espai s&#8217;anir\u00e0 actualitzant a mesura que rebem la informaci\u00f3.<br \/>\nConeix el calendari i els terminis del proc\u00e9s de preinscripci\u00f3 i matr\u00edcula clicant aquest <a href=\"https:\/\/drive.google.com\/file\/d\/1feA_6p4dDyftBzDEaqLatwpcLdlImytR\/view?usp=sharing\">enlla\u00e7<\/a>.<br \/>\nEn aquest <a href=\"https:\/\/drive.google.com\/file\/d\/1uuVCB4KJauRuGue0wr5EuM1GPAs_JxAD\/view?usp=drive_link\">enlla\u00e7<\/a> podeu consultar com fer el proc\u00e9s de preinscripci\u00f3.<br \/>\nTamb\u00e9 podeu trobar tota la informaci\u00f3 a la web:&hellip;  <a href=\"https:\/\/agora.xtec.cat\/ceip-circell\/informacions\/preinscripcio-curs-21-22\/\" title=\"Read Preinscripci\u00f3 curs 26-27\">Llegeix m\u00e9s\u00bb<\/a><\/p>\n","protected":false},"author":24,"featured_media":0,"parent":1382,"menu_order":0,"comment_status":"closed","ping_status":"closed","template":"page-templates\/side-menu.php","meta":{"_bbp_topic_count":0,"_bbp_reply_count":0,"_bbp_total_topic_count":0,"_bbp_total_reply_count":0,"_bbp_voice_count":0,"_bbp_anonymous_reply_count":0,"_bbp_topic_count_hidden":0,"_bbp_reply_count_hidden":0,"_bbp_forum_subforum_count":0,"footnotes":""},"class_list":["post-1365","page","type-page","status-publish","hentry"],"post_mailing_queue_ids":[],"_links":{"self":[{"href":"https:\/\/agora.xtec.cat\/ceip-circell\/wp-json\/wp\/v2\/pages\/1365","targetHints":{"allow":["GET"]}}],"collection":[{"href":"https:\/\/agora.xtec.cat\/ceip-circell\/wp-json\/wp\/v2\/pages"}],"about":[{"href":"https:\/\/agora.xtec.cat\/ceip-circell\/wp-json\/wp\/v2\/types\/page"}],"author":[{"embeddable":true,"href":"https:\/\/agora.xtec.cat\/ceip-circell\/wp-json\/wp\/v2\/users\/24"}],"replies":[{"embeddable":true,"href":"https:\/\/agora.xtec.cat\/ceip-circell\/wp-json\/wp\/v2\/comments?post=1365"}],"version-history":[{"count":6,"href":"https:\/\/agora.xtec.cat\/ceip-circell\/wp-json\/wp\/v2\/pages\/1365\/revisions"}],"predecessor-version":[{"id":2795,"href":"https:\/\/agora.xtec.cat\/ceip-circell\/wp-json\/wp\/v2\/pages\/1365\/revisions\/2795"}],"up":[{"embeddable":true,"href":"https:\/\/agora.xtec.cat\/ceip-circell\/wp-json\/wp\/v2\/pages\/1382"}],"wp:attachment":[{"href":"https:\/\/agora.xtec.cat\/ceip-circell\/wp-json\/wp\/v2\/media?parent=1365"}],"curies":[{"name":"wp","href":"https:\/\/api.w.org\/{rel}","templated":true}]}}