{"id":1353,"date":"2021-02-05T15:26:54","date_gmt":"2021-02-05T14:26:54","guid":{"rendered":"http:\/\/agora.xtec.cat\/ceip-circell\/?page_id=1353"},"modified":"2021-02-18T10:22:09","modified_gmt":"2021-02-18T09:22:09","slug":"apilo-xii","status":"publish","type":"page","link":"https:\/\/agora.xtec.cat\/ceip-circell\/circell-verd\/apilo-xii\/","title":{"rendered":"Apilo XII"},"content":{"rendered":"<p>A l\u2019Escola participem en el projecte de recollida de piles usades, la Missi\u00f3 Apilo XII. En aquesta missi\u00f3, els Agents Apilo, els alumnes, s\u2019encarreguen de recollir totes les piles, bateries i acumuladors esgotats perqu\u00e8 es reciclin correctament. Entenem per piles i acumuladors port\u00e0tils qualsevol pila, pila bot\u00f3, acumulador o bateria que pugui portar-se amb la m\u00e0 i no sigui industrial ni d\u2019automoci\u00f3, com ara les piles bot\u00f3 i est\u00e0ndard i els acumuladors utilitzats en tel\u00e8fons m\u00f2bils, c\u00e0meres de v\u00eddeo i eines port\u00e0tils.<a href=\"https:\/\/agora.xtec.cat\/ceip-circell\/wp-content\/uploads\/usu907\/2021\/02\/apilo.jpg\"><img loading=\"lazy\" decoding=\"async\" class=\"size-full wp-image-1459 alignright\" src=\"https:\/\/agora.xtec.cat\/ceip-circell\/wp-content\/uploads\/usu907\/2021\/02\/apilo.jpg\" alt=\"\" width=\"272\" height=\"185\" \/><\/a><\/p>\n<p>Les fam\u00edlies i alumnes que vulguin participar en el projecte poden dipositar aquestes piles usades en el contenidor situat a l&#8217;entrada de l&#8217;escola o en els petits contenidors coets Apilo XII, que es reparteixen als alumnes nous.<\/p>\n<p>Aquest projecte est\u00e0 finan\u00e7at per Ecolec Fundaci\u00f3n, Ecopilas, European Recycling Platform i Unibat, i rep el suport del Departament de Territori i Sostenibilitat de la Generalitat de Catalunya i l\u2019Ag\u00e8ncia de Residus de Catalunya.<\/p>\n<p>Trobareu m\u00e9s informaci\u00f3 a la p\u00e0gina web http:\/\/www.apilo.cat\/<\/p>\n","protected":false},"excerpt":{"rendered":"<p>A l\u2019Escola participem en el projecte de recollida de piles usades, la Missi\u00f3 Apilo XII. En aquesta missi\u00f3, els Agents Apilo, els alumnes, s\u2019encarreguen de recollir totes les piles, bateries i acumuladors esgotats perqu\u00e8 es reciclin correctament. Entenem per piles i acumuladors port\u00e0tils qualsevol pila,&hellip;  <a href=\"https:\/\/agora.xtec.cat\/ceip-circell\/circell-verd\/apilo-xii\/\" title=\"Read Apilo XII\">Llegeix m\u00e9s\u00bb<\/a><\/p>\n","protected":false},"author":24,"featured_media":0,"parent":376,"menu_order":0,"comment_status":"closed","ping_status":"closed","template":"page-templates\/side-menu.php","meta":{"_bbp_topic_count":0,"_bbp_reply_count":0,"_bbp_total_topic_count":0,"_bbp_total_reply_count":0,"_bbp_voice_count":0,"_bbp_anonymous_reply_count":0,"_bbp_topic_count_hidden":0,"_bbp_reply_count_hidden":0,"_bbp_forum_subforum_count":0,"footnotes":""},"class_list":["post-1353","page","type-page","status-publish","hentry"],"post_mailing_queue_ids":[],"_links":{"self":[{"href":"https:\/\/agora.xtec.cat\/ceip-circell\/wp-json\/wp\/v2\/pages\/1353","targetHints":{"allow":["GET"]}}],"collection":[{"href":"https:\/\/agora.xtec.cat\/ceip-circell\/wp-json\/wp\/v2\/pages"}],"about":[{"href":"https:\/\/agora.xtec.cat\/ceip-circell\/wp-json\/wp\/v2\/types\/page"}],"author":[{"embeddable":true,"href":"https:\/\/agora.xtec.cat\/ceip-circell\/wp-json\/wp\/v2\/users\/24"}],"replies":[{"embeddable":true,"href":"https:\/\/agora.xtec.cat\/ceip-circell\/wp-json\/wp\/v2\/comments?post=1353"}],"version-history":[{"count":3,"href":"https:\/\/agora.xtec.cat\/ceip-circell\/wp-json\/wp\/v2\/pages\/1353\/revisions"}],"predecessor-version":[{"id":1460,"href":"https:\/\/agora.xtec.cat\/ceip-circell\/wp-json\/wp\/v2\/pages\/1353\/revisions\/1460"}],"up":[{"embeddable":true,"href":"https:\/\/agora.xtec.cat\/ceip-circell\/wp-json\/wp\/v2\/pages\/376"}],"wp:attachment":[{"href":"https:\/\/agora.xtec.cat\/ceip-circell\/wp-json\/wp\/v2\/media?parent=1353"}],"curies":[{"name":"wp","href":"https:\/\/api.w.org\/{rel}","templated":true}]}}