{"id":1350,"date":"2021-02-05T15:23:26","date_gmt":"2021-02-05T14:23:26","guid":{"rendered":"http:\/\/agora.xtec.cat\/ceip-circell\/?page_id=1350"},"modified":"2023-09-19T13:49:02","modified_gmt":"2023-09-19T11:49:02","slug":"el-claki","status":"publish","type":"page","link":"https:\/\/agora.xtec.cat\/ceip-circell\/circell-verd\/el-claki\/","title":{"rendered":"CLAKI: Recollida d&#8217;oli dom\u00e8stic"},"content":{"rendered":"<p>El projecte es porta des del Centre Especial de Treball Nou Verd el qual forma part del grup cooperatiu <a href=\"https:\/\/www.entrem.coop\/\" target=\"_blank\" rel=\"noopener\">Entrem. <\/a>\u00a0Aquest projecte es basa en un programa d\u2019educaci\u00f3 ambiental, destinat als infants i a les seves fam\u00edlies, que busca la conscienciaci\u00f3 del greu problema ambiental que suposa un residu altament contaminant com \u00e9s l\u2019oli vegetal de cuina fet servir.<\/p>\n<p>Es tracta d\u2019un programa centrat en les escoles per\u00f2 obert a tothom, que no busca tan sols\u00a0la sensibilitzaci\u00f3 en els problemes ambientals sin\u00f3 tamb\u00e9 la participaci\u00f3 activa per col\u00b7laborar en:<\/p>\n<ul>\n<li aria-level=\"1\">La revaloraci\u00f3 d\u2019un residu cap a una font d\u2019energia alternativa i molt menys contaminant: el biocombustible o biodi\u00e8sel.<\/li>\n<li aria-level=\"1\">Fomentant l\u2019economia social, creant feina i donant oportunitats a la inserci\u00f3 laboral de persones amb discapacitat i risc d\u2019exclusio\u0301 social.<\/li>\n<\/ul>\n<p>El proce\u0301s a seguir e\u0301s el segu\u0308ent: les fam\u00edlies que vulguin participar en aquest projecte han d&#8217;adquirir un claki, que \u00e9s el recipient on posarem l&#8217;oli usat. Aquest recipient est\u00e0 especialment dissenyat per a aquesta funci\u00f3, amb un coll molt ample i un tap antigoteig.\u00a0Quan el claki estigui ple el vostre fill o la vostra filla el portar\u00e0 a l&#8217;escola i se li\u2019n donar\u00e0 un altre buit i net. D&#8217;aquesta manera tan senzilla contribu\u00efm a reciclar l&#8217;oli usat i cuidar el nostre planeta.<\/p>\n<p><b>Quin oli podem posar a dins el Claki?\u00a0<\/b><\/p>\n<p>Dins el Claki podem posar tot l\u2019oli d\u2019origen vegetal (tot l\u2019oli que fem servir a la cuina \u00e9s d\u2019origen vegetal: oli d\u2019oliv<a href=\"https:\/\/agora.xtec.cat\/ceip-circell\/wp-content\/uploads\/usu907\/2021\/02\/claki.png\"><img loading=\"lazy\" decoding=\"async\" class=\"wp-image-1456 alignright\" src=\"https:\/\/agora.xtec.cat\/ceip-circell\/wp-content\/uploads\/usu907\/2021\/02\/claki.png\" alt=\"\" width=\"188\" height=\"200\" srcset=\"https:\/\/agora.xtec.cat\/ceip-circell\/wp-content\/uploads\/usu907\/2021\/02\/claki.png 316w, https:\/\/agora.xtec.cat\/ceip-circell\/wp-content\/uploads\/usu907\/2021\/02\/claki-281x300.png 281w\" sizes=\"auto, (max-width: 188px) 100vw, 188px\" \/><\/a>a, de gira-sol, de colza, de palma\u2026 Tot l\u2019oli de les llaunes de conserva). No cal separar els diferents tipus d\u2019oli ni cal colar l\u2019oli de les restes de menjar, es pot ficar tot directament a dins el Claki.<\/p>\n<p>Aquest projecte reforc\u0327a la conscienciacio\u0301 i sensibilitzacio\u0301 dels infants amb el reciclatge, permet afegir un punt de recollida d\u2019olis usats de cuina al municipi i dona suport a un centre especial de treball que te\u0301 com a objectiu promoure i facilitar la inserci\u00f3 laboral de persones amb discapacitat.<\/p>\n<p><a href=\"https:\/\/drive.google.com\/file\/d\/1D1BY0Sbo8pbMqTJZsyi3acAf4G55QD79\/view?usp=sharing\" target=\"_blank\" rel=\"noopener\">M\u00e9s informaci\u00f3<\/a><\/p>\n<p>&nbsp;<\/p>\n<p>&nbsp;<\/p>\n<p>&nbsp;<\/p>\n<p>&nbsp;<\/p>\n<p style=\"text-align: justify;\">.<\/p>\n<p style=\"text-align: justify;\">\n","protected":false},"excerpt":{"rendered":"<p>El projecte es porta des del Centre Especial de Treball Nou Verd el qual forma part del grup cooperatiu <a href=\"https:\/\/www.entrem.coop\/\" target=\"_blank\" rel=\"noopener\">Entrem. <\/a>\u00a0Aquest projecte es basa en un programa d\u2019educaci\u00f3 ambiental, destinat als infants i a les seves fam\u00edlies, que busca la conscienciaci\u00f3 del&hellip;  <a href=\"https:\/\/agora.xtec.cat\/ceip-circell\/circell-verd\/el-claki\/\" title=\"Read CLAKI: Recollida d&#8217;oli dom\u00e8stic\">Llegeix m\u00e9s\u00bb<\/a><\/p>\n","protected":false},"author":24,"featured_media":0,"parent":376,"menu_order":0,"comment_status":"closed","ping_status":"closed","template":"page-templates\/side-menu.php","meta":{"_bbp_topic_count":0,"_bbp_reply_count":0,"_bbp_total_topic_count":0,"_bbp_total_reply_count":0,"_bbp_voice_count":0,"_bbp_anonymous_reply_count":0,"_bbp_topic_count_hidden":0,"_bbp_reply_count_hidden":0,"_bbp_forum_subforum_count":0,"footnotes":""},"class_list":["post-1350","page","type-page","status-publish","hentry"],"post_mailing_queue_ids":[],"_links":{"self":[{"href":"https:\/\/agora.xtec.cat\/ceip-circell\/wp-json\/wp\/v2\/pages\/1350","targetHints":{"allow":["GET"]}}],"collection":[{"href":"https:\/\/agora.xtec.cat\/ceip-circell\/wp-json\/wp\/v2\/pages"}],"about":[{"href":"https:\/\/agora.xtec.cat\/ceip-circell\/wp-json\/wp\/v2\/types\/page"}],"author":[{"embeddable":true,"href":"https:\/\/agora.xtec.cat\/ceip-circell\/wp-json\/wp\/v2\/users\/24"}],"replies":[{"embeddable":true,"href":"https:\/\/agora.xtec.cat\/ceip-circell\/wp-json\/wp\/v2\/comments?post=1350"}],"version-history":[{"count":3,"href":"https:\/\/agora.xtec.cat\/ceip-circell\/wp-json\/wp\/v2\/pages\/1350\/revisions"}],"predecessor-version":[{"id":2321,"href":"https:\/\/agora.xtec.cat\/ceip-circell\/wp-json\/wp\/v2\/pages\/1350\/revisions\/2321"}],"up":[{"embeddable":true,"href":"https:\/\/agora.xtec.cat\/ceip-circell\/wp-json\/wp\/v2\/pages\/376"}],"wp:attachment":[{"href":"https:\/\/agora.xtec.cat\/ceip-circell\/wp-json\/wp\/v2\/media?parent=1350"}],"curies":[{"name":"wp","href":"https:\/\/api.w.org\/{rel}","templated":true}]}}