{"id":1344,"date":"2021-02-05T10:25:37","date_gmt":"2021-02-05T09:25:37","guid":{"rendered":"http:\/\/agora.xtec.cat\/ceip-circell\/?page_id=1344"},"modified":"2023-10-23T11:37:16","modified_gmt":"2023-10-23T09:37:16","slug":"radio-escolar","status":"publish","type":"page","link":"https:\/\/agora.xtec.cat\/ceip-circell\/projectes-de-centre\/radio-escolar\/","title":{"rendered":"R\u00e0dio Escolar"},"content":{"rendered":"<p>El nostre programa de r\u00e0dio, anomenat Circell en l\u00ednia, s&#8217;emet cada divendres a la nostra escola. Tot l&#8217;alumnat de l&#8217;escola hi participa activament.<\/p>\n<p>Podeu trobar els diferents programes en el seg\u00fcent\u00a0<a href=\"https:\/\/sites.google.com\/escolademoja.com\/emissions\/pagina-principal\">enlla\u00e7<\/a><a href=\"https:\/\/sites.google.com\/a\/xtec.cat\/circell-en-linia\/\">.<\/a><\/p>\n<p>A m\u00e9s, tamb\u00e9 s&#8217;emet cada dissabte i diumenge pel &#8220;<a href=\"http:\/\/www.olerdola.cat\/serveis-municipals\/mitjans-informacio-municipal\/canal-20\/copy11_of_radio-a-la-carta\">Canal 20<\/a>&#8221; del municipi.<\/p>\n","protected":false},"excerpt":{"rendered":"<p>El nostre programa de r\u00e0dio, anomenat Circell en l\u00ednia, s&#8217;emet cada divendres a la nostra escola. Tot l&#8217;alumnat de l&#8217;escola hi participa activament.<br \/>\nPodeu trobar els diferents programes en el seg\u00fcent\u00a0<a href=\"https:\/\/sites.google.com\/escolademoja.com\/emissions\/pagina-principal\">enlla\u00e7<\/a><a href=\"https:\/\/sites.google.com\/a\/xtec.cat\/circell-en-linia\/\">.<\/a><br \/>\nA m\u00e9s, tamb\u00e9 s&#8217;emet cada dissabte i diumenge pel &#8220;<a href=\"http:\/\/www.olerdola.cat\/serveis-municipals\/mitjans-informacio-municipal\/canal-20\/copy11_of_radio-a-la-carta\">Canal 20<\/a>&#8221; del municipi.<\/p>\n","protected":false},"author":24,"featured_media":0,"parent":1333,"menu_order":0,"comment_status":"closed","ping_status":"closed","template":"page-templates\/side-menu.php","meta":{"_bbp_topic_count":0,"_bbp_reply_count":0,"_bbp_total_topic_count":0,"_bbp_total_reply_count":0,"_bbp_voice_count":0,"_bbp_anonymous_reply_count":0,"_bbp_topic_count_hidden":0,"_bbp_reply_count_hidden":0,"_bbp_forum_subforum_count":0,"footnotes":""},"class_list":["post-1344","page","type-page","status-publish","hentry"],"post_mailing_queue_ids":[],"_links":{"self":[{"href":"https:\/\/agora.xtec.cat\/ceip-circell\/wp-json\/wp\/v2\/pages\/1344","targetHints":{"allow":["GET"]}}],"collection":[{"href":"https:\/\/agora.xtec.cat\/ceip-circell\/wp-json\/wp\/v2\/pages"}],"about":[{"href":"https:\/\/agora.xtec.cat\/ceip-circell\/wp-json\/wp\/v2\/types\/page"}],"author":[{"embeddable":true,"href":"https:\/\/agora.xtec.cat\/ceip-circell\/wp-json\/wp\/v2\/users\/24"}],"replies":[{"embeddable":true,"href":"https:\/\/agora.xtec.cat\/ceip-circell\/wp-json\/wp\/v2\/comments?post=1344"}],"version-history":[{"count":6,"href":"https:\/\/agora.xtec.cat\/ceip-circell\/wp-json\/wp\/v2\/pages\/1344\/revisions"}],"predecessor-version":[{"id":1443,"href":"https:\/\/agora.xtec.cat\/ceip-circell\/wp-json\/wp\/v2\/pages\/1344\/revisions\/1443"}],"up":[{"embeddable":true,"href":"https:\/\/agora.xtec.cat\/ceip-circell\/wp-json\/wp\/v2\/pages\/1333"}],"wp:attachment":[{"href":"https:\/\/agora.xtec.cat\/ceip-circell\/wp-json\/wp\/v2\/media?parent=1344"}],"curies":[{"name":"wp","href":"https:\/\/api.w.org\/{rel}","templated":true}]}}