{"id":1330,"date":"2021-02-04T14:03:53","date_gmt":"2021-02-04T13:03:53","guid":{"rendered":"http:\/\/agora.xtec.cat\/ceip-circell\/?page_id=1330"},"modified":"2025-05-26T14:00:23","modified_gmt":"2025-05-26T12:00:23","slug":"casal-destiu","status":"publish","type":"page","link":"https:\/\/agora.xtec.cat\/ceip-circell\/serveis\/casal-destiu\/","title":{"rendered":"Casals"},"content":{"rendered":"<p>Al poble s&#8217;ofereixen casals organitzats per diferents institucions. Aix\u00ed els casals de Nadal i Setmana Santa els organitza l&#8217;Ateneu Mogenc i el de l&#8217;estiu es gestiona des del Consell Esportiu de l&#8217;Alt Pened\u00e8s. Durant la jornada intensiva del mes de juny, l&#8217;AMPA s&#8217;encarrega d&#8217;organitzar l&#8217;acollida de tardes.<\/p>\n<h5>Servei Acollida tardes de Juny<\/h5>\n<p>Un any m\u00e9s, des de l&#8217;AMPA s&#8217;organitzal&#8217;acollida de tardes pels dies de juny amb horari escolar de jornada intensiva. Aquest curs l&#8217;organitzar\u00e0 la mateixa empresa del menjador. Podeu consultar tota la informaci\u00f3 en aquest <a href=\"https:\/\/drive.google.com\/file\/d\/1xw8DeRfhnLRSbM1vcp3SCnLrYHOOprNa\/view?usp=sharing\">enlla\u00e7<\/a>.<\/p>\n<p>Es realitzar\u00e0 <strong>del 9 al 20 de juny de 15:30h a 16:30h<\/strong>.<\/p>\n<p><strong>MODALITATS<\/strong><\/p>\n<p>S&#8217;ofereixen dues modalitats:<\/p>\n<ul>\n<li><u>\u00das fixe<\/u>: \u00fas del servei d&#8217;acollida durant tot el per\u00edode, del dia 5\/06 al 21\/06.<\/li>\n<li><u>\u00das espor\u00e0dic<\/u>: \u00fas puntual, i cal avisar pr\u00e8viament a la coordinadora (Eug\u00e8nia), per whatsapp o tel\u00e8fon, i com a molt tard el mateix mat\u00ed.<\/li>\n<\/ul>\n<p>\u00c9s <strong>imprescindible<\/strong>\u00a0fer\u00a0la inscripci\u00f3, tant pels usuaris\u00a0<strong>fixes<\/strong>\u00a0com els\u00a0<strong>espor\u00e0dics.<\/strong><\/p>\n<p><span style=\"color: #000000; font-family: -apple-system, BlinkMacSystemFont, 'Segoe UI', Roboto, Oxygen-Sans, Ubuntu, Cantarell, 'Helvetica Neue', sans-serif; font-size: 1em; font-weight: bold;\">PREU PER TOT EL CASAL<\/span><\/p>\n<div class=\"gmail_quote\">\n<div dir=\"ltr\">\n<div class=\"gmail_quote\">\n<div dir=\"ltr\">\n<div dir=\"ltr\">\n<div id=\"m_-7884670103641570115m_8749426979261609547m_8238892286110748447m_3618760692713003286m_7220280092156071900m_-7285556162292959223m_-1338091352366606312m_7350452050893879012m_1288067851220090225m_7004301178006258731m_8015302297134678141gmail-m_-1020067467727998468m_6827842626746700910m_9053127593162272867m_4091648061744579298gmail-:2co\">\n<div dir=\"ltr\">\n<div dir=\"ltr\">\n<p>Aquest any, des del Consell Comarcal de l\u2019Alt Pened\u00e8s i l\u2019Ajuntament d\u2019Ol\u00e8rdola, i dins el programa \u201cTemps x Cures\u201d, podem oferir a trav\u00e9s de l\u2019AMPA l\u2019\u00fas del Servei d\u2019acollida de tardes\u00a0 de forma GRATU\u00cfTA i universal a TOT l&#8217;ALUMNAT matriculat aquest any a l\u2019escola.<\/p>\n<\/div>\n<\/div>\n<p><strong>INSCRIPCI\u00d3<\/strong><\/p>\n<p>Oberta fins el divendres 24 de maig mitjan\u00e7ant el seg\u00fcent <a href=\"https:\/\/forms.office.com\/pages\/responsepage.aspx?id=8iS5RyUICUWThJm4R9ke4gI5_pz_1BZLjU4-qf0VHFVUMzFZTDZDV0UyR0lBRFBHSFdQM1Q2V1c0WC4u&amp;origin=QRCode&amp;route=shorturl\">formulari<\/a> .<\/p>\n<p style=\"text-align: center;\">\n<p>Per qualsevol dubte, us podeu posar en contacte amb l&#8217;AMPA per mitj\u00e0 del mail ampaescolacircell@gmail.com<\/p>\n<\/div>\n<\/div>\n<\/div>\n<\/div>\n<\/div>\n<\/div>\n<h5>Casal d&#8217;estiu.<\/h5>\n<p>Com cada any, des del Consell Esportiu de l&#8217;Alt Pened\u00e8s es torna a oferir el casal d&#8217;estiu. Aquest any amb la difer\u00e8ncia que es far\u00e0 en una de les dues escoles (l&#8217;escola Circell) amb servei de bus gratu\u00eft amb parades a Sant Pere i Sant Miquel.<\/p>\n<p>Es realitzar\u00e0 des del 30 de juny al 1 d&#8217;agost (us podeu inscriure per setmanes o el casal sencer) de 9h a 13.30h (amb portes obertes gratu\u00eftes a partir les 8:45h el mati).<\/p>\n<p>Servei d&#8217;acollida des de les 7:55 a les 8:45 a les dues escoles<\/p>\n<p>De 13.30h a 16h servei de menjador amb carmanyola, on tamb\u00e9 es realitzaran activitats (amb un\u00a0 m\u00ednim d\u2019inscripcions).<\/p>\n<p>Per inscriure&#8217;s s&#8217;ha d&#8217;omplir el <a href=\"https:\/\/www.jespe.org\/activitats\/estiu\/casal-olerdola\">formulari <\/a>El per\u00edode ser\u00e0 del 12 de maig al 6 de juny.<\/p>\n<p>La reuni\u00f3 informativa \u00a0ser\u00e0 el <u>8 de maig al local Rossend Montan\u00e9 de Sant Miquel d\u2019Ol\u00e8rdola<\/u>\u00a0a les 19h<\/p>\n<p>Per qualsevol dubte o pregunta us podeu posar en contacte a trav\u00e9s del mail jespe<span class=\"atwho-query\">@jespe.org<\/span> o al tel\u00e8fon del Consell Esportiu 938173736.<\/p>\n<p>Trobareu tota la informaci\u00f3 al d\u00edptic clicant <a href=\"https:\/\/drive.google.com\/file\/d\/1Kd9AoVyENbljY8sKRiiZ1XuY084mf7qG\/view?usp=sharing\">aqu\u00ed<\/a>.<\/p>\n<div class=\"gmail_quote\">\n<div dir=\"ltr\">\n<div class=\"gmail_quote\">\n<div dir=\"ltr\">\n<div dir=\"ltr\">\n<div id=\"m_-7884670103641570115m_8749426979261609547m_8238892286110748447m_3618760692713003286m_7220280092156071900m_-7285556162292959223m_-1338091352366606312m_7350452050893879012m_1288067851220090225m_7004301178006258731m_8015302297134678141gmail-m_-1020067467727998468m_6827842626746700910m_9053127593162272867m_4091648061744579298gmail-:2co\">\n<div>\n<p>&nbsp;<\/p>\n<\/div>\n<\/div>\n<\/div>\n<\/div>\n<\/div>\n<\/div>\n<\/div>\n<p>&nbsp;<\/p>\n","protected":false},"excerpt":{"rendered":"<p>Al poble s&#8217;ofereixen casals organitzats per diferents institucions. Aix\u00ed els casals de Nadal i Setmana Santa els organitza l&#8217;Ateneu Mogenc i el de l&#8217;estiu es gestiona des del Consell Esportiu de l&#8217;Alt Pened\u00e8s. Durant la jornada intensiva del mes de juny, l&#8217;AMPA s&#8217;encarrega d&#8217;organitzar l&#8217;acollida&hellip;  <a href=\"https:\/\/agora.xtec.cat\/ceip-circell\/serveis\/casal-destiu\/\" title=\"Read Casals\">Llegeix m\u00e9s\u00bb<\/a><\/p>\n","protected":false},"author":24,"featured_media":0,"parent":66,"menu_order":0,"comment_status":"closed","ping_status":"closed","template":"page-templates\/side-menu.php","meta":{"_bbp_topic_count":0,"_bbp_reply_count":0,"_bbp_total_topic_count":0,"_bbp_total_reply_count":0,"_bbp_voice_count":0,"_bbp_anonymous_reply_count":0,"_bbp_topic_count_hidden":0,"_bbp_reply_count_hidden":0,"_bbp_forum_subforum_count":0,"footnotes":""},"class_list":["post-1330","page","type-page","status-publish","hentry"],"post_mailing_queue_ids":[],"_links":{"self":[{"href":"https:\/\/agora.xtec.cat\/ceip-circell\/wp-json\/wp\/v2\/pages\/1330","targetHints":{"allow":["GET"]}}],"collection":[{"href":"https:\/\/agora.xtec.cat\/ceip-circell\/wp-json\/wp\/v2\/pages"}],"about":[{"href":"https:\/\/agora.xtec.cat\/ceip-circell\/wp-json\/wp\/v2\/types\/page"}],"author":[{"embeddable":true,"href":"https:\/\/agora.xtec.cat\/ceip-circell\/wp-json\/wp\/v2\/users\/24"}],"replies":[{"embeddable":true,"href":"https:\/\/agora.xtec.cat\/ceip-circell\/wp-json\/wp\/v2\/comments?post=1330"}],"version-history":[{"count":6,"href":"https:\/\/agora.xtec.cat\/ceip-circell\/wp-json\/wp\/v2\/pages\/1330\/revisions"}],"predecessor-version":[{"id":2655,"href":"https:\/\/agora.xtec.cat\/ceip-circell\/wp-json\/wp\/v2\/pages\/1330\/revisions\/2655"}],"up":[{"embeddable":true,"href":"https:\/\/agora.xtec.cat\/ceip-circell\/wp-json\/wp\/v2\/pages\/66"}],"wp:attachment":[{"href":"https:\/\/agora.xtec.cat\/ceip-circell\/wp-json\/wp\/v2\/media?parent=1330"}],"curies":[{"name":"wp","href":"https:\/\/api.w.org\/{rel}","templated":true}]}}