{"id":1327,"date":"2021-02-04T14:02:06","date_gmt":"2021-02-04T13:02:06","guid":{"rendered":"http:\/\/agora.xtec.cat\/ceip-circell\/?page_id=1327"},"modified":"2024-10-15T09:19:51","modified_gmt":"2024-10-15T07:19:51","slug":"activitats-extraescolars","status":"publish","type":"page","link":"https:\/\/agora.xtec.cat\/ceip-circell\/serveis\/activitats-extraescolars\/","title":{"rendered":"Activitats Extraescolars"},"content":{"rendered":"<h6>Curs 24-25<\/h6>\n<p>Les diverses ACTIVITATS EXTRAESCOLARS que ofereix l&#8217;AMPA configuren un ampli ventall de possibilitats per complementar la formaci\u00f3 dels infants.<\/p>\n<p>S\u00f3n activitats que es realitzen despr\u00e9s de les classes, sent aquest un moment de lleure, per\u00f2 no per aix\u00f2, menys educatiu.<\/p>\n<p>En l&#8217;organitzaci\u00f3 de les activitats extraescolars s&#8217;ha tingut en compte el seg\u00fcent:<\/p>\n<p>\u2022 Han de servir per a desenvolupar la personalitat dels infants i per tant es dissenyen pensant en ells i elles i en les seves necessitats.<\/p>\n<p>\u2022 Seran espec\u00edficament l\u00fadiques, formatives i de foment de les relacions interpersonals dels infants, en un marc diferenciat de l&#8217;aprenentatge escolar.<\/p>\n<p>\u2022 Seran volunt\u00e0ries i obertes a tot l&#8217;alumnat del centre.<\/p>\n<p>\u2022 Es faran d&#8217;acord amb la l\u00ednia pedag\u00f2gica de l&#8217;Escola, les directrius del Consell Escolar i els criteris pedag\u00f2gics del Claustre de mestres.<\/p>\n<p>Les activitats comencen el dia 30 de Setembre del 2024 i finalitzen el 30 de maig de 2025.<\/p>\n<p style=\"text-align: center;\"><a href=\"https:\/\/agora.xtec.cat\/ceip-circell\/wp-content\/uploads\/usu907\/2024\/10\/extraescolars.png\"><img loading=\"lazy\" decoding=\"async\" class=\"alignnone size-medium wp-image-2516\" src=\"https:\/\/agora.xtec.cat\/ceip-circell\/wp-content\/uploads\/usu907\/2024\/10\/extraescolars-300x261.png\" alt=\"\" width=\"300\" height=\"261\" srcset=\"https:\/\/agora.xtec.cat\/ceip-circell\/wp-content\/uploads\/usu907\/2024\/10\/extraescolars-300x261.png 300w, https:\/\/agora.xtec.cat\/ceip-circell\/wp-content\/uploads\/usu907\/2024\/10\/extraescolars-768x667.png 768w, https:\/\/agora.xtec.cat\/ceip-circell\/wp-content\/uploads\/usu907\/2024\/10\/extraescolars.png 777w\" sizes=\"auto, (max-width: 300px) 100vw, 300px\" \/><\/a><\/p>\n<p>Podeu trobar m\u00e9s informaci\u00f3 a la <a href=\"https:\/\/sites.google.com\/view\/ampaescolacircell\">web<\/a> de l&#8217;AMPA.<\/p>\n","protected":false},"excerpt":{"rendered":"<p>Curs 24-25<br \/>\nLes diverses ACTIVITATS EXTRAESCOLARS que ofereix l&#8217;AMPA configuren un ampli ventall de possibilitats per complementar la formaci\u00f3 dels infants.<br \/>\nS\u00f3n activitats que es realitzen despr\u00e9s de les classes, sent aquest un moment de lleure, per\u00f2 no per aix\u00f2, menys educatiu.<br \/>\nEn l&#8217;organitzaci\u00f3 de les activitats extraescolars&hellip;  <a href=\"https:\/\/agora.xtec.cat\/ceip-circell\/serveis\/activitats-extraescolars\/\" title=\"Read Activitats Extraescolars\">Llegeix m\u00e9s\u00bb<\/a><\/p>\n","protected":false},"author":24,"featured_media":0,"parent":66,"menu_order":0,"comment_status":"closed","ping_status":"closed","template":"page-templates\/side-menu.php","meta":{"_bbp_topic_count":0,"_bbp_reply_count":0,"_bbp_total_topic_count":0,"_bbp_total_reply_count":0,"_bbp_voice_count":0,"_bbp_anonymous_reply_count":0,"_bbp_topic_count_hidden":0,"_bbp_reply_count_hidden":0,"_bbp_forum_subforum_count":0,"footnotes":""},"class_list":["post-1327","page","type-page","status-publish","hentry"],"post_mailing_queue_ids":[],"_links":{"self":[{"href":"https:\/\/agora.xtec.cat\/ceip-circell\/wp-json\/wp\/v2\/pages\/1327","targetHints":{"allow":["GET"]}}],"collection":[{"href":"https:\/\/agora.xtec.cat\/ceip-circell\/wp-json\/wp\/v2\/pages"}],"about":[{"href":"https:\/\/agora.xtec.cat\/ceip-circell\/wp-json\/wp\/v2\/types\/page"}],"author":[{"embeddable":true,"href":"https:\/\/agora.xtec.cat\/ceip-circell\/wp-json\/wp\/v2\/users\/24"}],"replies":[{"embeddable":true,"href":"https:\/\/agora.xtec.cat\/ceip-circell\/wp-json\/wp\/v2\/comments?post=1327"}],"version-history":[{"count":5,"href":"https:\/\/agora.xtec.cat\/ceip-circell\/wp-json\/wp\/v2\/pages\/1327\/revisions"}],"predecessor-version":[{"id":2517,"href":"https:\/\/agora.xtec.cat\/ceip-circell\/wp-json\/wp\/v2\/pages\/1327\/revisions\/2517"}],"up":[{"embeddable":true,"href":"https:\/\/agora.xtec.cat\/ceip-circell\/wp-json\/wp\/v2\/pages\/66"}],"wp:attachment":[{"href":"https:\/\/agora.xtec.cat\/ceip-circell\/wp-json\/wp\/v2\/media?parent=1327"}],"curies":[{"name":"wp","href":"https:\/\/api.w.org\/{rel}","templated":true}]}}