{"id":1282,"date":"2021-02-03T16:47:14","date_gmt":"2021-02-03T15:47:14","guid":{"rendered":"http:\/\/agora.xtec.cat\/ceip-circell\/?page_id=1282"},"modified":"2025-09-14T11:37:15","modified_gmt":"2025-09-14T09:37:15","slug":"normes-dorganitzacio-i-funcionament","status":"publish","type":"page","link":"https:\/\/agora.xtec.cat\/ceip-circell\/projecte-educatiu\/normes-dorganitzacio-i-funcionament\/","title":{"rendered":"Normes d&#8217;organitzaci\u00f3 i funcionament"},"content":{"rendered":"<p>En l\u2019actual document, es recullen els aspectes relatius a l\u2019organitzaci\u00f3 general i el funcionament intern del nostre centre, amb car\u00e0cter espec\u00edfic, d\u2019acord amb l\u2019ordenament normatiu general i amb l\u2019aprovaci\u00f3 del Consell Escolar del Centre.<\/p>\n<p>Les presents Normes d\u2019organitzaci\u00f3 i funcionament del centre (NOFC), afecten a tota la comunitat educativa, i regulen la vida interna del centre, establint i concretant les relacions entre els diferents sectors que formen part d\u2019aquesta. Com en qualsevol \u00e0mbit de relaci\u00f3 i conviv\u00e8ncia, es fa necessari el fet que tots els membres de la comunitat educativa siguin conscients dels propis actes, drets i deures, aix\u00ed com de les normes que regulen la conviv\u00e8ncia, d\u2019acord amb les inst\u00e0ncies legislatives superiors.<\/p>\n<p>En aquest sentit, l\u2019\u00e0mbit d\u2019aplicaci\u00f3 d\u2019aquest document va dirigit als seg\u00fcents membres de la comunitat escolar:<\/p>\n<ul>\n<li>Alumnat matriculat al Centre fins a la seva baixa o cessament.<\/li>\n<li>Professorat amb funcions al centre en qualsevol de les seves modalitats: definitius, comissions de servei, interins\/interines, substituts\/substitutes, de suport.<\/li>\n<li>Pares\/mares o tutors d\u2019alumnes.<\/li>\n<li>Personal no docent: conserge, personal de neteja, empresa de menjador, monitors i monitores de menjador, personal administratiu i personal laboral.<\/li>\n<li>Totes aquelles persones o entitats que per qualsevol motiu i temporalment entrin dins la comunitat escolar. 7<\/li>\n<\/ul>\n<p>&nbsp;<\/p>\n<h6>ATENCI\u00d3!!!! Aquest document actualment est\u00e0 en proc\u00e9s de revisi\u00f3 i actualitzaci\u00f3.<\/h6>\n","protected":false},"excerpt":{"rendered":"<p>En l\u2019actual document, es recullen els aspectes relatius a l\u2019organitzaci\u00f3 general i el funcionament intern del nostre centre, amb car\u00e0cter espec\u00edfic, d\u2019acord amb l\u2019ordenament normatiu general i amb l\u2019aprovaci\u00f3 del Consell Escolar del Centre.<br \/>\nLes presents Normes d\u2019organitzaci\u00f3 i funcionament del centre (NOFC), afecten a tota&hellip;  <a href=\"https:\/\/agora.xtec.cat\/ceip-circell\/projecte-educatiu\/normes-dorganitzacio-i-funcionament\/\" title=\"Read Normes d&#8217;organitzaci\u00f3 i funcionament\">Llegeix m\u00e9s\u00bb<\/a><\/p>\n","protected":false},"author":1,"featured_media":0,"parent":64,"menu_order":0,"comment_status":"closed","ping_status":"closed","template":"page-templates\/side-menu.php","meta":{"_bbp_topic_count":0,"_bbp_reply_count":0,"_bbp_total_topic_count":0,"_bbp_total_reply_count":0,"_bbp_voice_count":0,"_bbp_anonymous_reply_count":0,"_bbp_topic_count_hidden":0,"_bbp_reply_count_hidden":0,"_bbp_forum_subforum_count":0,"footnotes":""},"class_list":["post-1282","page","type-page","status-publish","hentry"],"post_mailing_queue_ids":[],"_links":{"self":[{"href":"https:\/\/agora.xtec.cat\/ceip-circell\/wp-json\/wp\/v2\/pages\/1282","targetHints":{"allow":["GET"]}}],"collection":[{"href":"https:\/\/agora.xtec.cat\/ceip-circell\/wp-json\/wp\/v2\/pages"}],"about":[{"href":"https:\/\/agora.xtec.cat\/ceip-circell\/wp-json\/wp\/v2\/types\/page"}],"author":[{"embeddable":true,"href":"https:\/\/agora.xtec.cat\/ceip-circell\/wp-json\/wp\/v2\/users\/1"}],"replies":[{"embeddable":true,"href":"https:\/\/agora.xtec.cat\/ceip-circell\/wp-json\/wp\/v2\/comments?post=1282"}],"version-history":[{"count":4,"href":"https:\/\/agora.xtec.cat\/ceip-circell\/wp-json\/wp\/v2\/pages\/1282\/revisions"}],"predecessor-version":[{"id":2683,"href":"https:\/\/agora.xtec.cat\/ceip-circell\/wp-json\/wp\/v2\/pages\/1282\/revisions\/2683"}],"up":[{"embeddable":true,"href":"https:\/\/agora.xtec.cat\/ceip-circell\/wp-json\/wp\/v2\/pages\/64"}],"wp:attachment":[{"href":"https:\/\/agora.xtec.cat\/ceip-circell\/wp-json\/wp\/v2\/media?parent=1282"}],"curies":[{"name":"wp","href":"https:\/\/api.w.org\/{rel}","templated":true}]}}