{"id":6830,"date":"2025-02-17T11:41:57","date_gmt":"2025-02-17T10:41:57","guid":{"rendered":"https:\/\/agora.xtec.cat\/ceip-celiaartiga\/?page_id=6830"},"modified":"2025-02-27T10:59:21","modified_gmt":"2025-02-27T09:59:21","slug":"equip-directiu","status":"publish","type":"page","link":"https:\/\/agora.xtec.cat\/ceip-celiaartiga\/lescola\/equip-directiu\/","title":{"rendered":"Equip Directiu"},"content":{"rendered":"<table class=\" aligncenter\" style=\"height: 148px; width: 63.8144%; border-collapse: collapse; border-style: none; border-color: #ffffff;\">\n<tbody>\n<tr style=\"height: 49px;\">\n<td style=\"width: 31.4193%; height: 49px;\">\n<h5>Director: Fco. Juli\u00e1n Torralba Garc\u00eda<\/h5>\n<\/td>\n<td style=\"width: 1.17786%; height: 49px;\"><\/td>\n<td style=\"width: 29.2725%; height: 49px;\"><a href=\"https:\/\/agora.xtec.cat\/ceip-celiaartiga\/wp-content\/uploads\/usu858\/2025\/02\/PTP_Julian_Torralba.pdf\" target=\"_blank\" rel=\"noopener\">Perfil i traject\u00f2ria professional Director<\/a><\/td>\n<\/tr>\n<tr style=\"height: 49px;\">\n<td style=\"width: 31.4193%; height: 49px;\">\n<h5>Cap d&#8217;Estudis: Elisabet Valls Graci\u00e0<\/h5>\n<\/td>\n<td style=\"width: 1.17786%; height: 49px;\"><\/td>\n<td style=\"width: 29.2725%; height: 49px;\"><a href=\"https:\/\/agora.xtec.cat\/ceip-celiaartiga\/wp-content\/uploads\/usu858\/2025\/02\/PERFIL-PROFESSIONAL-LIS.pdf\" target=\"_blank\" rel=\"noopener\">Perfil i traject\u00f2ria professional Cap d&#8217;estudis<\/a><\/td>\n<\/tr>\n<tr style=\"height: 49px;\">\n<td style=\"width: 31.4193%; height: 49px;\">\n<h5>Secret\u00e0ria: Esperanza L\u00f3pez Gonz\u00e1lez<\/h5>\n<\/td>\n<td style=\"width: 1.17786%; height: 49px;\"><\/td>\n<td style=\"width: 29.2725%; height: 49px;\"><a href=\"https:\/\/agora.xtec.cat\/ceip-celiaartiga\/wp-content\/uploads\/usu858\/2025\/02\/PERFIL-PROFESSIONAL-ESPE.pdf\" target=\"_blank\" rel=\"noopener\">Perfil i traject\u00f2ria professional Secret\u00e0ria<\/a><\/td>\n<\/tr>\n<\/tbody>\n<\/table>\n","protected":false},"excerpt":{"rendered":"<p>Director: Fco. Juli\u00e1n Torralba Garc\u00eda<\/p>\n<p><a href=\"https:\/\/agora.xtec.cat\/ceip-celiaartiga\/wp-content\/uploads\/usu858\/2025\/02\/PTP_Julian_Torralba.pdf\" target=\"_blank\" rel=\"noopener\">Perfil i traject\u00f2ria professional Director<\/a><\/p>\n<p>Cap d&#8217;Estudis: Elisabet Valls Graci\u00e0<\/p>\n<p><a href=\"https:\/\/agora.xtec.cat\/ceip-celiaartiga\/wp-content\/uploads\/usu858\/2025\/02\/PERFIL-PROFESSIONAL-LIS.pdf\" target=\"_blank\" rel=\"noopener\">Perfil i traject\u00f2ria professional Cap d&#8217;estudis<\/a><\/p>\n<p>Secret\u00e0ria: Esperanza L\u00f3pez Gonz\u00e1lez<\/p>\n<p><a href=\"https:\/\/agora.xtec.cat\/ceip-celiaartiga\/wp-content\/uploads\/usu858\/2025\/02\/PERFIL-PROFESSIONAL-ESPE.pdf\" target=\"_blank\" rel=\"noopener\">Perfil i traject\u00f2ria professional Secret\u00e0ria<\/a><\/p>\n","protected":false},"author":3,"featured_media":0,"parent":22,"menu_order":35,"comment_status":"closed","ping_status":"closed","template":"page-templates\/side-menu.php","meta":{"_bbp_topic_count":0,"_bbp_reply_count":0,"_bbp_total_topic_count":0,"_bbp_total_reply_count":0,"_bbp_voice_count":0,"_bbp_anonymous_reply_count":0,"_bbp_topic_count_hidden":0,"_bbp_reply_count_hidden":0,"_bbp_forum_subforum_count":0,"footnotes":""},"class_list":["post-6830","page","type-page","status-publish","hentry"],"post_mailing_queue_ids":[],"_links":{"self":[{"href":"https:\/\/agora.xtec.cat\/ceip-celiaartiga\/wp-json\/wp\/v2\/pages\/6830","targetHints":{"allow":["GET"]}}],"collection":[{"href":"https:\/\/agora.xtec.cat\/ceip-celiaartiga\/wp-json\/wp\/v2\/pages"}],"about":[{"href":"https:\/\/agora.xtec.cat\/ceip-celiaartiga\/wp-json\/wp\/v2\/types\/page"}],"author":[{"embeddable":true,"href":"https:\/\/agora.xtec.cat\/ceip-celiaartiga\/wp-json\/wp\/v2\/users\/3"}],"replies":[{"embeddable":true,"href":"https:\/\/agora.xtec.cat\/ceip-celiaartiga\/wp-json\/wp\/v2\/comments?post=6830"}],"version-history":[{"count":6,"href":"https:\/\/agora.xtec.cat\/ceip-celiaartiga\/wp-json\/wp\/v2\/pages\/6830\/revisions"}],"predecessor-version":[{"id":6843,"href":"https:\/\/agora.xtec.cat\/ceip-celiaartiga\/wp-json\/wp\/v2\/pages\/6830\/revisions\/6843"}],"up":[{"embeddable":true,"href":"https:\/\/agora.xtec.cat\/ceip-celiaartiga\/wp-json\/wp\/v2\/pages\/22"}],"wp:attachment":[{"href":"https:\/\/agora.xtec.cat\/ceip-celiaartiga\/wp-json\/wp\/v2\/media?parent=6830"}],"curies":[{"name":"wp","href":"https:\/\/api.w.org\/{rel}","templated":true}]}}