{"id":6437,"date":"2022-10-22T21:01:12","date_gmt":"2022-10-22T19:01:12","guid":{"rendered":"https:\/\/agora.xtec.cat\/ceip-celiaartiga\/?page_id=6437"},"modified":"2023-05-22T10:51:58","modified_gmt":"2023-05-22T08:51:58","slug":"comunicacio","status":"publish","type":"page","link":"https:\/\/agora.xtec.cat\/ceip-celiaartiga\/edc\/edc-cultura-digital\/comunicacio\/","title":{"rendered":"Comunicaci\u00f3"},"content":{"rendered":"<div class=\"oKdM2c ZZyype Kzv0Me\">\n<div id=\"h.113597606a9bc7e0_5\" class=\"hJDwNd-AhqUyc-uQSCkd Ft7HRd-AhqUyc-uQSCkd jXK9ad D2fZ2 zu5uec OjCsFc dmUFtb JYTMs\">\n<div class=\"jXK9ad-SmKAyb\">\n<div class=\"tyJCtd mGzaTb Depvyb baZpAe\">\n<p class=\"CDt4Ke zfr3Q\" dir=\"ltr\"><img loading=\"lazy\" decoding=\"async\" class=\"alignnone wp-image-6589 size-full\" src=\"https:\/\/agora.xtec.cat\/ceip-celiaartiga\/wp-content\/uploads\/usu858\/2023\/05\/abstract-communication.png\" alt=\"\" width=\"256\" height=\"171\" \/><\/p>\n<\/div>\n<\/div>\n<\/div>\n<\/div>\n<div class=\"oKdM2c ZZyype\">\n<div id=\"h.113597606a9bc7e0_7\" class=\"hJDwNd-AhqUyc-uQSCkd Ft7HRd-AhqUyc-uQSCkd jXK9ad D2fZ2 zu5uec wHaque g5GTcb JYTMs\">\n<div class=\"jXK9ad-SmKAyb\">\n<div class=\"tyJCtd mGzaTb Depvyb baZpAe\">\n<ul class=\"n8H08c UVNKR\">\n<li class=\"TYR86d zfr3Q\" dir=\"ltr\">\n<p class=\"CDt4Ke zfr3Q\" dir=\"ltr\"><span class=\" aw5Odc\">Whatsapp<\/span>: canal de comunicaci\u00f3 intern entre el personal del centre i de canal directe entre l&#8217;escola i la fam\u00edlia. Tamb\u00e9 utilitzat per emetre les indicacions concretes de sortides, activitats i events varis que tenen lloc durant l&#8217;horari escolar.<\/p>\n<\/li>\n<li class=\"TYR86d zfr3Q\" dir=\"ltr\">\n<p class=\"CDt4Ke zfr3Q\" dir=\"ltr\">Reunions d\u2019inici de curs meet o presencial<\/p>\n<\/li>\n<li class=\"TYR86d zfr3Q\" dir=\"ltr\">\n<p class=\"CDt4Ke zfr3Q\" dir=\"ltr\">Entrevistes amb les fam\u00edlies meet o presencial<\/p>\n<\/li>\n<li class=\"TYR86d zfr3Q\" dir=\"ltr\">\n<p class=\"CDt4Ke zfr3Q\" dir=\"ltr\">Correu electr\u00f2nic <span class=\" aw5Odc\">@xtec<\/span>: Correu corporatiu per atendre a les comunicacions oficials dins el Departament i amb la Direcci\u00f3.<\/p>\n<\/li>\n<li class=\"TYR86d zfr3Q\" dir=\"ltr\">\n<p class=\"CDt4Ke zfr3Q\" dir=\"ltr\">Correu electr\u00f2nic <span class=\" aw5Odc\">@escolaceliaartiga.cat<\/span>: Correu domini propi de cada nivell per a les fam\u00edlies i l\u2019alumnat.<\/p>\n<\/li>\n<li class=\"TYR86d zfr3Q\" dir=\"ltr\">\n<p class=\"CDt4Ke zfr3Q\" dir=\"ltr\"><span class=\" aw5Odc\">Google Workspace<\/span>: Entorn de treball, d\u2019aprenentatge col\u00b7laboratiu de l\u2019alumnat i per a l\u2019EVA.<\/p>\n<\/li>\n<\/ul>\n<\/div>\n<\/div>\n<\/div>\n<\/div>\n","protected":false},"excerpt":{"rendered":"<ul class=\"n8H08c UVNKR\">\n<li class=\"TYR86d zfr3Q\" dir=\"ltr\">\nWhatsapp: canal de comunicaci\u00f3 intern entre el personal del centre i de canal directe entre l&#8217;escola i la fam\u00edlia. Tamb\u00e9 utilitzat per emetre les indicacions concretes de sortides, activitats i events varis que tenen lloc durant l&#8217;horari escolar.\n<\/li>\n<li class=\"TYR86d zfr3Q\"&hellip;  <a href=\"https:\/\/agora.xtec.cat\/ceip-celiaartiga\/edc\/edc-cultura-digital\/comunicacio\/\" title=\"Read Comunicaci\u00f3\">Llegeix m\u00e9s\u00bb<\/a><br \/>\n","protected":false},"author":3,"featured_media":0,"parent":6427,"menu_order":10,"comment_status":"closed","ping_status":"closed","template":"page-templates\/side-menu.php","meta":{"_bbp_topic_count":0,"_bbp_reply_count":0,"_bbp_total_topic_count":0,"_bbp_total_reply_count":0,"_bbp_voice_count":0,"_bbp_anonymous_reply_count":0,"_bbp_topic_count_hidden":0,"_bbp_reply_count_hidden":0,"_bbp_forum_subforum_count":0,"footnotes":""},"class_list":["post-6437","page","type-page","status-publish","hentry"],"post_mailing_queue_ids":[],"_links":{"self":[{"href":"https:\/\/agora.xtec.cat\/ceip-celiaartiga\/wp-json\/wp\/v2\/pages\/6437","targetHints":{"allow":["GET"]}}],"collection":[{"href":"https:\/\/agora.xtec.cat\/ceip-celiaartiga\/wp-json\/wp\/v2\/pages"}],"about":[{"href":"https:\/\/agora.xtec.cat\/ceip-celiaartiga\/wp-json\/wp\/v2\/types\/page"}],"author":[{"embeddable":true,"href":"https:\/\/agora.xtec.cat\/ceip-celiaartiga\/wp-json\/wp\/v2\/users\/3"}],"replies":[{"embeddable":true,"href":"https:\/\/agora.xtec.cat\/ceip-celiaartiga\/wp-json\/wp\/v2\/comments?post=6437"}],"version-history":[{"count":5,"href":"https:\/\/agora.xtec.cat\/ceip-celiaartiga\/wp-json\/wp\/v2\/pages\/6437\/revisions"}],"predecessor-version":[{"id":6598,"href":"https:\/\/agora.xtec.cat\/ceip-celiaartiga\/wp-json\/wp\/v2\/pages\/6437\/revisions\/6598"}],"up":[{"embeddable":true,"href":"https:\/\/agora.xtec.cat\/ceip-celiaartiga\/wp-json\/wp\/v2\/pages\/6427"}],"wp:attachment":[{"href":"https:\/\/agora.xtec.cat\/ceip-celiaartiga\/wp-json\/wp\/v2\/media?parent=6437"}],"curies":[{"name":"wp","href":"https:\/\/api.w.org\/{rel}","templated":true}]}}