{"id":6433,"date":"2022-10-22T20:33:05","date_gmt":"2022-10-22T18:33:05","guid":{"rendered":"https:\/\/agora.xtec.cat\/ceip-celiaartiga\/?page_id=6433"},"modified":"2025-04-02T13:15:26","modified_gmt":"2025-04-02T11:15:26","slug":"planificacio-i-seguiment","status":"publish","type":"page","link":"https:\/\/agora.xtec.cat\/ceip-celiaartiga\/edc\/edc-part-estrategica\/planificacio-i-seguiment\/","title":{"rendered":"Planificaci\u00f3 i Seguiment"},"content":{"rendered":"<p>Entenem per planificaci\u00f3 l&#8217;organitzaci\u00f3 i seguiment d&#8217;aquelles actuacions destinades a assolir els objectius que h\u00e0gim determinat en l&#8217;apartat anterior. La planificaci\u00f3 \u00e9s una tasca necess\u00e0ria per aconseguir avan\u00e7ar cap als objectius que ens hem marcat i que es pot dur a terme dins la\u00a0<strong>Comissi\u00f3 d&#8217;Estrat\u00e8gia Digital de Centre.<\/strong><\/p>\n<p>Un cop es comen\u00e7a a implementar l&#8217;EDC \u00e9s molt important fer un seguiment de les activitats planificades.<\/p>\n<p style=\"text-align: right;\">(Departament d&#8217;Educaci\u00f3)<\/p>\n<p><a href=\"https:\/\/agora.xtec.cat\/ceip-celiaartiga\/wp-content\/uploads\/usu858\/2025\/04\/temporalitzacio-per-la-web.png\" target=\"_blank\" rel=\"noopener\"><img loading=\"lazy\" decoding=\"async\" class=\"aligncenter wp-image-6853 size-full\" src=\"https:\/\/agora.xtec.cat\/ceip-celiaartiga\/wp-content\/uploads\/usu858\/2025\/04\/temporalitzacio-per-la-web.png\" alt=\"\" width=\"987\" height=\"655\" srcset=\"https:\/\/agora.xtec.cat\/ceip-celiaartiga\/wp-content\/uploads\/usu858\/2025\/04\/temporalitzacio-per-la-web.png 987w, https:\/\/agora.xtec.cat\/ceip-celiaartiga\/wp-content\/uploads\/usu858\/2025\/04\/temporalitzacio-per-la-web-300x199.png 300w, https:\/\/agora.xtec.cat\/ceip-celiaartiga\/wp-content\/uploads\/usu858\/2025\/04\/temporalitzacio-per-la-web-768x510.png 768w\" sizes=\"auto, (max-width: 987px) 100vw, 987px\" \/><\/a><\/p>\n","protected":false},"excerpt":{"rendered":"<p>Entenem per planificaci\u00f3 l&#8217;organitzaci\u00f3 i seguiment d&#8217;aquelles actuacions destinades a assolir els objectius que h\u00e0gim determinat en l&#8217;apartat anterior. La planificaci\u00f3 \u00e9s una tasca necess\u00e0ria per aconseguir avan\u00e7ar cap als objectius que ens hem marcat i que es pot dur a terme dins la\u00a0Comissi\u00f3 d&#8217;Estrat\u00e8gia&hellip;  <a href=\"https:\/\/agora.xtec.cat\/ceip-celiaartiga\/edc\/edc-part-estrategica\/planificacio-i-seguiment\/\" title=\"Read Planificaci\u00f3 i Seguiment\">Llegeix m\u00e9s\u00bb<\/a><\/p>\n","protected":false},"author":3,"featured_media":0,"parent":6425,"menu_order":30,"comment_status":"closed","ping_status":"closed","template":"page-templates\/side-menu.php","meta":{"_bbp_topic_count":0,"_bbp_reply_count":0,"_bbp_total_topic_count":0,"_bbp_total_reply_count":0,"_bbp_voice_count":0,"_bbp_anonymous_reply_count":0,"_bbp_topic_count_hidden":0,"_bbp_reply_count_hidden":0,"_bbp_forum_subforum_count":0,"footnotes":""},"class_list":["post-6433","page","type-page","status-publish","hentry"],"post_mailing_queue_ids":[],"_links":{"self":[{"href":"https:\/\/agora.xtec.cat\/ceip-celiaartiga\/wp-json\/wp\/v2\/pages\/6433","targetHints":{"allow":["GET"]}}],"collection":[{"href":"https:\/\/agora.xtec.cat\/ceip-celiaartiga\/wp-json\/wp\/v2\/pages"}],"about":[{"href":"https:\/\/agora.xtec.cat\/ceip-celiaartiga\/wp-json\/wp\/v2\/types\/page"}],"author":[{"embeddable":true,"href":"https:\/\/agora.xtec.cat\/ceip-celiaartiga\/wp-json\/wp\/v2\/users\/3"}],"replies":[{"embeddable":true,"href":"https:\/\/agora.xtec.cat\/ceip-celiaartiga\/wp-json\/wp\/v2\/comments?post=6433"}],"version-history":[{"count":4,"href":"https:\/\/agora.xtec.cat\/ceip-celiaartiga\/wp-json\/wp\/v2\/pages\/6433\/revisions"}],"predecessor-version":[{"id":6854,"href":"https:\/\/agora.xtec.cat\/ceip-celiaartiga\/wp-json\/wp\/v2\/pages\/6433\/revisions\/6854"}],"up":[{"embeddable":true,"href":"https:\/\/agora.xtec.cat\/ceip-celiaartiga\/wp-json\/wp\/v2\/pages\/6425"}],"wp:attachment":[{"href":"https:\/\/agora.xtec.cat\/ceip-celiaartiga\/wp-json\/wp\/v2\/media?parent=6433"}],"curies":[{"name":"wp","href":"https:\/\/api.w.org\/{rel}","templated":true}]}}