{"id":6425,"date":"2022-10-22T20:27:41","date_gmt":"2022-10-22T18:27:41","guid":{"rendered":"https:\/\/agora.xtec.cat\/ceip-celiaartiga\/?page_id=6425"},"modified":"2023-05-22T10:13:53","modified_gmt":"2023-05-22T08:13:53","slug":"edc-part-estrategica","status":"publish","type":"page","link":"https:\/\/agora.xtec.cat\/ceip-celiaartiga\/edc\/edc-part-estrategica\/","title":{"rendered":"EDC Part Estrat\u00e8gica"},"content":{"rendered":"<p>Per arribar a elaborar la part estrat\u00e8gica, \u00e9s recomanable\u00a0seguir un proc\u00e9s marcat per quatre grans fases:\u00a0<strong>diagnosi, objectius, planificaci\u00f3 i avaluaci\u00f3.<\/strong><\/p>\n<p style=\"text-align: right;\">(Departament d&#8217;Educaci\u00f3)<\/p>\n<p><a href=\"https:\/\/agora.xtec.cat\/ceip-celiaartiga\/edc\/edc-part-estrategica\/diagnosi\/\" rel=\"noopener\">DIAGNOSI<\/a>\u00a0 \u00a0 \u00a0 \u00a0 \u00a0 \u00a0 \u00a0 \u00a0 \u00a0<a href=\"https:\/\/agora.xtec.cat\/ceip-celiaartiga\/edc\/edc-part-estrategica\/objectius\/\" rel=\"noopener\">OBJECTIUS<\/a>\u00a0 \u00a0 \u00a0 \u00a0<a href=\"https:\/\/agora.xtec.cat\/ceip-celiaartiga\/edc\/edc-part-estrategica\/planificacio-i-seguiment\/\" rel=\"noopener\">PLANIFICACI\u00d3 I SEGUIMENT<\/a>\u00a0 \u00a0 \u00a0<a href=\"https:\/\/agora.xtec.cat\/ceip-celiaartiga\/edc\/edc-part-estrategica\/avaluacio-i-millora\/\" rel=\"noopener\">AVALUACI\u00d3 I MILLORA<\/a><br \/>\n<a href=\"https:\/\/agora.xtec.cat\/ceip-celiaartiga\/edc\/edc-part-estrategica\/diagnosi\/\" rel=\"noopener\"><img loading=\"lazy\" decoding=\"async\" class=\"alignnone wp-image-6473\" src=\"https:\/\/agora.xtec.cat\/ceip-celiaartiga\/wp-content\/uploads\/usu858\/2022\/10\/3d-casual-life-secure-document.png\" alt=\"\" width=\"140\" height=\"100\" \/><\/a> \u00a0<a href=\"https:\/\/agora.xtec.cat\/ceip-celiaartiga\/edc\/edc-part-estrategica\/objectius\/\" rel=\"noopener\"><img loading=\"lazy\" decoding=\"async\" class=\"alignnone wp-image-6471\" src=\"https:\/\/agora.xtec.cat\/ceip-celiaartiga\/wp-content\/uploads\/usu858\/2022\/10\/juicy-seo-website-optimization.png\" alt=\"\" width=\"128\" height=\"100\" \/><\/a>\u00a0 \u00a0 \u00a0 \u00a0 \u00a0 \u00a0<a href=\"https:\/\/agora.xtec.cat\/ceip-celiaartiga\/edc\/edc-part-estrategica\/planificacio-i-seguiment\/\" rel=\"noopener\"><img loading=\"lazy\" decoding=\"async\" class=\"alignnone wp-image-6474\" src=\"https:\/\/agora.xtec.cat\/ceip-celiaartiga\/wp-content\/uploads\/usu858\/2022\/10\/martina-blockchain-bitcoin-and-laptop.png\" alt=\"\" width=\"100\" height=\"100\" srcset=\"https:\/\/agora.xtec.cat\/ceip-celiaartiga\/wp-content\/uploads\/usu858\/2022\/10\/martina-blockchain-bitcoin-and-laptop.png 256w, https:\/\/agora.xtec.cat\/ceip-celiaartiga\/wp-content\/uploads\/usu858\/2022\/10\/martina-blockchain-bitcoin-and-laptop-150x150.png 150w\" sizes=\"auto, (max-width: 100px) 100vw, 100px\" \/><\/a>\u00a0 \u00a0 \u00a0 \u00a0 \u00a0 \u00a0 \u00a0 \u00a0 \u00a0 \u00a0 \u00a0<a href=\"https:\/\/agora.xtec.cat\/ceip-celiaartiga\/edc\/edc-part-estrategica\/avaluacio-i-millora\/\" rel=\"noopener\"><img loading=\"lazy\" decoding=\"async\" class=\"alignnone wp-image-6475\" src=\"https:\/\/agora.xtec.cat\/ceip-celiaartiga\/wp-content\/uploads\/usu858\/2022\/10\/dazzle-line-web-analytics-and-statistics.png\" alt=\"\" width=\"126\" height=\"100\" \/><\/a><\/p>\n<p><sub>Illustration by <a href=\"https:\/\/icons8.com\/illustrations\/author\/zD2oqC8lLBBA\">Icons 8<\/a> from <a href=\"https:\/\/icons8.com\/illustrations\">Ouch!<\/a>\u00a0 \u00a0 \u00a0 \u00a0 \u00a0 \u00a0 \u00a0 \u00a0 \u00a0 \u00a0 \u00a0 \u00a0 \u00a0 \u00a0 \u00a0 \u00a0 <\/sub><span style=\"font-size: 13.3333px;\">Illustration by\u00a0<\/span><a style=\"font-size: 13.3333px;\" href=\"https:\/\/icons8.com\/illustrations\/author\/eEbrZFlkyZbD\">Anna A<\/a><span style=\"font-size: 13.3333px;\">\u00a0from\u00a0<\/span><a style=\"font-size: 13.3333px;\" href=\"https:\/\/icons8.com\/illustrations\">Ouch!<\/a><\/p>\n<p><sub>\u00a0 \u00a0 \u00a0 \u00a0 \u00a0 \u00a0 \u00a0 \u00a0 \u00a0 \u00a0 \u00a0 \u00a0 \u00a0 \u00a0 \u00a0 \u00a0 \u00a0Illustration by <a href=\"https:\/\/icons8.com\/illustrations\/author\/259416\">Marina Green<\/a> from <a href=\"https:\/\/icons8.com\/illustrations\">Ouch!<\/a>\u00a0 \u00a0 \u00a0 \u00a0 \u00a0 \u00a0 \u00a0 \u00a0 \u00a0 \u00a0\u00a0 \u00a0 \u00a0 \u00a0 Illustration by <a href=\"https:\/\/icons8.com\/illustrations\/author\/Go8GMpKPAq1W\">Polina M.<\/a> from <a href=\"https:\/\/icons8.com\/illustrations\">Ouch!<\/a><\/sub><\/p>\n","protected":false},"excerpt":{"rendered":"<p>Per arribar a elaborar la part estrat\u00e8gica, \u00e9s recomanable\u00a0seguir un proc\u00e9s marcat per quatre grans fases:\u00a0diagnosi, objectius, planificaci\u00f3 i avaluaci\u00f3.<br \/>\n(Departament d&#8217;Educaci\u00f3)<br \/>\n<a href=\"https:\/\/agora.xtec.cat\/ceip-celiaartiga\/edc\/edc-part-estrategica\/diagnosi\/\" rel=\"noopener\">DIAGNOSI<\/a>\u00a0 \u00a0 \u00a0 \u00a0 \u00a0 \u00a0 \u00a0 \u00a0 \u00a0<a href=\"https:\/\/agora.xtec.cat\/ceip-celiaartiga\/edc\/edc-part-estrategica\/objectius\/\" rel=\"noopener\">OBJECTIUS<\/a>\u00a0 \u00a0 \u00a0 \u00a0<a href=\"https:\/\/agora.xtec.cat\/ceip-celiaartiga\/edc\/edc-part-estrategica\/planificacio-i-seguiment\/\" rel=\"noopener\">PLANIFICACI\u00d3 I SEGUIMENT<\/a>\u00a0 \u00a0 \u00a0<a href=\"https:\/\/agora.xtec.cat\/ceip-celiaartiga\/edc\/edc-part-estrategica\/avaluacio-i-millora\/\" rel=\"noopener\">AVALUACI\u00d3 I&hellip;  <a href=\"https:\/\/agora.xtec.cat\/ceip-celiaartiga\/edc\/edc-part-estrategica\/\" title=\"Read EDC Part Estrat\u00e8gica\">Llegeix m\u00e9s\u00bb<\/a><\/p>\n","protected":false},"author":3,"featured_media":0,"parent":66,"menu_order":10,"comment_status":"closed","ping_status":"closed","template":"page-templates\/side-menu.php","meta":{"_bbp_topic_count":0,"_bbp_reply_count":0,"_bbp_total_topic_count":0,"_bbp_total_reply_count":0,"_bbp_voice_count":0,"_bbp_anonymous_reply_count":0,"_bbp_topic_count_hidden":0,"_bbp_reply_count_hidden":0,"_bbp_forum_subforum_count":0,"footnotes":""},"class_list":["post-6425","page","type-page","status-publish","hentry"],"post_mailing_queue_ids":[],"_links":{"self":[{"href":"https:\/\/agora.xtec.cat\/ceip-celiaartiga\/wp-json\/wp\/v2\/pages\/6425","targetHints":{"allow":["GET"]}}],"collection":[{"href":"https:\/\/agora.xtec.cat\/ceip-celiaartiga\/wp-json\/wp\/v2\/pages"}],"about":[{"href":"https:\/\/agora.xtec.cat\/ceip-celiaartiga\/wp-json\/wp\/v2\/types\/page"}],"author":[{"embeddable":true,"href":"https:\/\/agora.xtec.cat\/ceip-celiaartiga\/wp-json\/wp\/v2\/users\/3"}],"replies":[{"embeddable":true,"href":"https:\/\/agora.xtec.cat\/ceip-celiaartiga\/wp-json\/wp\/v2\/comments?post=6425"}],"version-history":[{"count":4,"href":"https:\/\/agora.xtec.cat\/ceip-celiaartiga\/wp-json\/wp\/v2\/pages\/6425\/revisions"}],"predecessor-version":[{"id":6585,"href":"https:\/\/agora.xtec.cat\/ceip-celiaartiga\/wp-json\/wp\/v2\/pages\/6425\/revisions\/6585"}],"up":[{"embeddable":true,"href":"https:\/\/agora.xtec.cat\/ceip-celiaartiga\/wp-json\/wp\/v2\/pages\/66"}],"wp:attachment":[{"href":"https:\/\/agora.xtec.cat\/ceip-celiaartiga\/wp-json\/wp\/v2\/media?parent=6425"}],"curies":[{"name":"wp","href":"https:\/\/api.w.org\/{rel}","templated":true}]}}