{"id":6244,"date":"2022-05-18T13:27:54","date_gmt":"2022-05-18T11:27:54","guid":{"rendered":"https:\/\/agora.xtec.cat\/ceip-celiaartiga\/?page_id=6244"},"modified":"2022-10-22T20:11:09","modified_gmt":"2022-10-22T18:11:09","slug":"mhm-projecte-aventures-pel-nostre-barri","status":"publish","type":"page","link":"https:\/\/agora.xtec.cat\/ceip-celiaartiga\/edc\/edc-cultura-digital\/serveis-digitals\/mhm-projecte-aventures-pel-nostre-barri\/","title":{"rendered":"MHM Projecte: Aventures pel nostre barri."},"content":{"rendered":"<p><img loading=\"lazy\" decoding=\"async\" class=\"alignleft\" src=\"https:\/\/play-lh.googleusercontent.com\/0MgLtNnRpqpzXaKiBSF59t_MAIbnZvN-IR-a90TSJunqTZvE31X6xh8QBwQsjUmWFRw\" alt=\"MHM - Aplicaciones en Google Play\" width=\"276\" height=\"276\" \/>L&#8217;escola ha realitzat un recorregut pels punts m\u00e9s importants del barri fent servir l&#8217;aplicaci\u00f3 Mobile History Map.<\/p>\n<p>A cada punt del recorregut, les alumnes i els alumnes de l&#8217;escola han preparat \u00e0udios, v\u00eddeos, animacions, proves, preguntes&#8230; per fer m\u00e9s divertit el recorregut.<\/p>\n<p><a href=\"https:\/\/play.google.com\/store\/apps\/details?id=com.itinerarium.mhm\" target=\"_blank\" rel=\"noopener\">Us podeu descarregar l&#8217;aplicaci\u00f3 ANDROID aqu\u00ed<\/a><\/p>\n<p><a href=\"https:\/\/apps.apple.com\/es\/app\/mobile-history-map\/id881510667\" target=\"_blank\" rel=\"noopener\">Us podeu descarregar l&#8217;aplicaci\u00f3 IOS aqu\u00ed<\/a><\/p>\n<p>Heu d&#8217;entrar a\u00a0<strong>L&#8217;ESCENARI:<\/strong> Aventures pel nostre barri.<\/p>\n","protected":false},"excerpt":{"rendered":"<p>L&#8217;escola ha realitzat un recorregut pels punts m\u00e9s importants del barri fent servir l&#8217;aplicaci\u00f3 Mobile History Map.<br \/>\nA cada punt del recorregut, les alumnes i els alumnes de l&#8217;escola han preparat \u00e0udios, v\u00eddeos, animacions, proves, preguntes&#8230; per fer m\u00e9s divertit el recorregut.<br \/>\n<a href=\"https:\/\/play.google.com\/store\/apps\/details?id=com.itinerarium.mhm\" target=\"_blank\" rel=\"noopener\">Us podeu&hellip;  <a href=\"https:\/\/agora.xtec.cat\/ceip-celiaartiga\/edc\/edc-cultura-digital\/serveis-digitals\/mhm-projecte-aventures-pel-nostre-barri\/\" title=\"Read MHM Projecte: Aventures pel nostre barri.\">Llegeix m\u00e9s\u00bb<\/a><\/p>\n","protected":false},"author":3,"featured_media":0,"parent":71,"menu_order":40,"comment_status":"closed","ping_status":"closed","template":"page-templates\/side-menu.php","meta":{"_bbp_topic_count":0,"_bbp_reply_count":0,"_bbp_total_topic_count":0,"_bbp_total_reply_count":0,"_bbp_voice_count":0,"_bbp_anonymous_reply_count":0,"_bbp_topic_count_hidden":0,"_bbp_reply_count_hidden":0,"_bbp_forum_subforum_count":0,"footnotes":""},"class_list":["post-6244","page","type-page","status-publish","hentry"],"post_mailing_queue_ids":[],"_links":{"self":[{"href":"https:\/\/agora.xtec.cat\/ceip-celiaartiga\/wp-json\/wp\/v2\/pages\/6244","targetHints":{"allow":["GET"]}}],"collection":[{"href":"https:\/\/agora.xtec.cat\/ceip-celiaartiga\/wp-json\/wp\/v2\/pages"}],"about":[{"href":"https:\/\/agora.xtec.cat\/ceip-celiaartiga\/wp-json\/wp\/v2\/types\/page"}],"author":[{"embeddable":true,"href":"https:\/\/agora.xtec.cat\/ceip-celiaartiga\/wp-json\/wp\/v2\/users\/3"}],"replies":[{"embeddable":true,"href":"https:\/\/agora.xtec.cat\/ceip-celiaartiga\/wp-json\/wp\/v2\/comments?post=6244"}],"version-history":[{"count":1,"href":"https:\/\/agora.xtec.cat\/ceip-celiaartiga\/wp-json\/wp\/v2\/pages\/6244\/revisions"}],"predecessor-version":[{"id":6245,"href":"https:\/\/agora.xtec.cat\/ceip-celiaartiga\/wp-json\/wp\/v2\/pages\/6244\/revisions\/6245"}],"up":[{"embeddable":true,"href":"https:\/\/agora.xtec.cat\/ceip-celiaartiga\/wp-json\/wp\/v2\/pages\/71"}],"wp:attachment":[{"href":"https:\/\/agora.xtec.cat\/ceip-celiaartiga\/wp-json\/wp\/v2\/media?parent=6244"}],"curies":[{"name":"wp","href":"https:\/\/api.w.org\/{rel}","templated":true}]}}