{"id":6010,"date":"2021-11-25T10:56:04","date_gmt":"2021-11-25T09:56:04","guid":{"rendered":"https:\/\/agora.xtec.cat\/ceip-celiaartiga\/?page_id=6010"},"modified":"2021-11-25T10:56:04","modified_gmt":"2021-11-25T09:56:04","slug":"historia-de-lescola","status":"publish","type":"page","link":"https:\/\/agora.xtec.cat\/ceip-celiaartiga\/lescola\/historia-de-lescola\/","title":{"rendered":"Hist\u00f2ria de l&#8217;escola"},"content":{"rendered":"<p><strong>PER QU\u00c8 ES VA CONSTRUIR L\u2019ESCOLA AL BARRI SOL I VISTA?\u00a0\u00a0<\/strong><\/p>\n<p><span style=\"font-weight: 400;\">L\u2019escola C\u00e8lia Artiga est\u00e0 ubicada a la zona nord-est de Reus, al carrer Mont Caro, 2-6; al Barri Sol i\u00a0 Vista, barri perif\u00e8ric de la ciutat. \u00c9s un barri amb solera i identitat pr\u00f2pia, nascut arran de l\u2019allau\u00a0 immigrat\u00f2ria dels anys 60.\u00a0<\/span><\/p>\n<p><span style=\"font-weight: 400;\">El curs 1981-82, alumnat i professorat van ocupar per primera vegada aquest edifici, i el 27 de novembre de l\u2019any 1981 es va dur a terme la seva inauguraci\u00f3. Fins aquest curs, l\u2019escola estava ubicada\u00a0 a les depend\u00e8ncies de la Parr\u00f2quia de l\u2019Assumpci\u00f3. La nova construcci\u00f3 de l\u2019escola donava resposta a\u00a0 les necessitats educatives d\u2019una zona de Reus amb un fort creixement. Moltes fam\u00edlies del barri havien\u00a0 lluitat per aconseguir aquesta nova escola. Eren temps d\u2019il\u00b7lusi\u00f3 col\u00b7lectiva. El pa\u00eds vivia una nova\u00a0 etapa, temps molt dif\u00edcils econ\u00f2micament, per\u00f2 on tot estava per construir. Amb moltes ganes de\u00a0 consolidar la gesti\u00f3 des dels Ajuntaments i la consolidaci\u00f3 d\u2019una Administraci\u00f3 pr\u00f2pia representada\u00a0 per la Generalitat.\u00a0\u00a0<\/span><\/p>\n<p><span style=\"font-weight: 400;\">Des de l\u2019inici del seu funcionament fins a finals dels anys 80 l\u2019escola era d\u2019una l\u00ednia. Despr\u00e9s, amb\u00a0 l\u2019envelliment del barri, el n\u00famero d\u2019alumnes va baixar considerablement, i l\u2019escola va passar a ser\u00a0 c\u00edclica, \u00e9s a dir, agrupava els alumnes en cicles. La plantilla en aquell moment va arribar a ser de 8\u00a0 mestres. A meitats dels anys 90 es van construir moltes cases unifamiliars a la vora, que va comportar\u00a0 un important creixement poblacional i, especialment, un rejoveniment amb l\u2019arribada de parelles\u00a0 joves, la qual cosa va fer cr\u00e9ixer l\u2019alumnat potencial de l\u2019escola. L\u2019escola va passar a ser una altra\u00a0 vegada d\u2019una l\u00ednia, tal com \u00e9s actualment.<\/span><\/p>\n","protected":false},"excerpt":{"rendered":"<p>PER QU\u00c8 ES VA CONSTRUIR L\u2019ESCOLA AL BARRI SOL I VISTA?\u00a0\u00a0<br \/>\nL\u2019escola C\u00e8lia Artiga est\u00e0 ubicada a la zona nord-est de Reus, al carrer Mont Caro, 2-6; al Barri Sol i\u00a0 Vista, barri perif\u00e8ric de la ciutat. \u00c9s un barri amb solera i identitat pr\u00f2pia, nascut&hellip;  <a href=\"https:\/\/agora.xtec.cat\/ceip-celiaartiga\/lescola\/historia-de-lescola\/\" title=\"Read Hist\u00f2ria de l&#8217;escola\">Llegeix m\u00e9s\u00bb<\/a><\/p>\n","protected":false},"author":3,"featured_media":0,"parent":22,"menu_order":90,"comment_status":"closed","ping_status":"closed","template":"page-templates\/side-menu.php","meta":{"_bbp_topic_count":0,"_bbp_reply_count":0,"_bbp_total_topic_count":0,"_bbp_total_reply_count":0,"_bbp_voice_count":0,"_bbp_anonymous_reply_count":0,"_bbp_topic_count_hidden":0,"_bbp_reply_count_hidden":0,"_bbp_forum_subforum_count":0,"footnotes":""},"class_list":["post-6010","page","type-page","status-publish","hentry"],"post_mailing_queue_ids":[],"_links":{"self":[{"href":"https:\/\/agora.xtec.cat\/ceip-celiaartiga\/wp-json\/wp\/v2\/pages\/6010","targetHints":{"allow":["GET"]}}],"collection":[{"href":"https:\/\/agora.xtec.cat\/ceip-celiaartiga\/wp-json\/wp\/v2\/pages"}],"about":[{"href":"https:\/\/agora.xtec.cat\/ceip-celiaartiga\/wp-json\/wp\/v2\/types\/page"}],"author":[{"embeddable":true,"href":"https:\/\/agora.xtec.cat\/ceip-celiaartiga\/wp-json\/wp\/v2\/users\/3"}],"replies":[{"embeddable":true,"href":"https:\/\/agora.xtec.cat\/ceip-celiaartiga\/wp-json\/wp\/v2\/comments?post=6010"}],"version-history":[{"count":1,"href":"https:\/\/agora.xtec.cat\/ceip-celiaartiga\/wp-json\/wp\/v2\/pages\/6010\/revisions"}],"predecessor-version":[{"id":6011,"href":"https:\/\/agora.xtec.cat\/ceip-celiaartiga\/wp-json\/wp\/v2\/pages\/6010\/revisions\/6011"}],"up":[{"embeddable":true,"href":"https:\/\/agora.xtec.cat\/ceip-celiaartiga\/wp-json\/wp\/v2\/pages\/22"}],"wp:attachment":[{"href":"https:\/\/agora.xtec.cat\/ceip-celiaartiga\/wp-json\/wp\/v2\/media?parent=6010"}],"curies":[{"name":"wp","href":"https:\/\/api.w.org\/{rel}","templated":true}]}}