{"id":4678,"date":"2019-11-15T09:32:12","date_gmt":"2019-11-15T08:32:12","guid":{"rendered":"http:\/\/agora.xtec.cat\/ceip-celiaartiga\/?page_id=4678"},"modified":"2022-01-20T13:27:53","modified_gmt":"2022-01-20T12:27:53","slug":"normes-dorganitzacio-i-funcionament","status":"publish","type":"page","link":"https:\/\/agora.xtec.cat\/ceip-celiaartiga\/documents\/normes-dorganitzacio-i-funcionament\/","title":{"rendered":"Normes d&#8217;Organitzaci\u00f3 i Funcionament"},"content":{"rendered":"<header class=\"entry-header\">\n<p class=\"entry-title\"><span style=\"font-family: inherit; font-size: 1em; font-weight: normal;\">Cal entendre les Normes d\u2019Organitzaci\u00f3 i Funcionament (NOFC) com una eina que ha de servir per regular la vida interna del Centre, establir i concretar les relacions entre els diferents sectors que formen la nostra comunitat educativa. Ens ha de servir per garantir la conviv\u00e8ncia, tot i considerant els seus drets i deures, de tots els membres integrants de la comunitat educativa i el bon funcionament del Centre.<\/span><\/p>\n<\/header>\n<div class=\"entry-content\">\n<p>Les NOFC estructuren normes t\u00e8cniques, funcionals, pedag\u00f2giques i administratives per a portar a terme el proc\u00e9s educatiu i disposa de mecanismes adequats per la seva difusi\u00f3, el seu coneixement, avaluaci\u00f3 i modificaci\u00f3 per adaptar-lo a les noves necessitats del Centre, i aix\u00ed poder millorar aquells aspectes que es considerin convenients. Per tant, tindr\u00e0 sempre en aquest sentit, un car\u00e0cter de permanent actualitzaci\u00f3 i millora segons els mecanismes establerts en aquestes NOFC.<\/p>\n<p style=\"text-align: right;\"><a href=\"https:\/\/agora.xtec.cat\/ceip-celiaartiga\/wp-content\/uploads\/usu858\/2019\/11\/nofc.pdf\" target=\"_blank\" rel=\"noopener noreferrer\">Consulta les NOFC<\/a><\/p>\n<\/div>\n","protected":false},"excerpt":{"rendered":"<p>Cal entendre les Normes d\u2019Organitzaci\u00f3 i Funcionament (NOFC) com una eina que ha de servir per regular la vida interna del Centre, establir i concretar les relacions entre els diferents sectors que formen la nostra comunitat educativa. Ens ha de servir per garantir la conviv\u00e8ncia,&hellip;  <a href=\"https:\/\/agora.xtec.cat\/ceip-celiaartiga\/documents\/normes-dorganitzacio-i-funcionament\/\" title=\"Read Normes d&#8217;Organitzaci\u00f3 i Funcionament\">Llegeix m\u00e9s\u00bb<\/a><\/p>\n","protected":false},"author":3,"featured_media":0,"parent":301,"menu_order":20,"comment_status":"closed","ping_status":"closed","template":"page-templates\/side-menu.php","meta":{"_bbp_topic_count":0,"_bbp_reply_count":0,"_bbp_total_topic_count":0,"_bbp_total_reply_count":0,"_bbp_voice_count":0,"_bbp_anonymous_reply_count":0,"_bbp_topic_count_hidden":0,"_bbp_reply_count_hidden":0,"_bbp_forum_subforum_count":0,"footnotes":""},"class_list":["post-4678","page","type-page","status-publish","hentry"],"post_mailing_queue_ids":[],"_links":{"self":[{"href":"https:\/\/agora.xtec.cat\/ceip-celiaartiga\/wp-json\/wp\/v2\/pages\/4678","targetHints":{"allow":["GET"]}}],"collection":[{"href":"https:\/\/agora.xtec.cat\/ceip-celiaartiga\/wp-json\/wp\/v2\/pages"}],"about":[{"href":"https:\/\/agora.xtec.cat\/ceip-celiaartiga\/wp-json\/wp\/v2\/types\/page"}],"author":[{"embeddable":true,"href":"https:\/\/agora.xtec.cat\/ceip-celiaartiga\/wp-json\/wp\/v2\/users\/3"}],"replies":[{"embeddable":true,"href":"https:\/\/agora.xtec.cat\/ceip-celiaartiga\/wp-json\/wp\/v2\/comments?post=4678"}],"version-history":[{"count":3,"href":"https:\/\/agora.xtec.cat\/ceip-celiaartiga\/wp-json\/wp\/v2\/pages\/4678\/revisions"}],"predecessor-version":[{"id":6055,"href":"https:\/\/agora.xtec.cat\/ceip-celiaartiga\/wp-json\/wp\/v2\/pages\/4678\/revisions\/6055"}],"up":[{"embeddable":true,"href":"https:\/\/agora.xtec.cat\/ceip-celiaartiga\/wp-json\/wp\/v2\/pages\/301"}],"wp:attachment":[{"href":"https:\/\/agora.xtec.cat\/ceip-celiaartiga\/wp-json\/wp\/v2\/media?parent=4678"}],"curies":[{"name":"wp","href":"https:\/\/api.w.org\/{rel}","templated":true}]}}