{"id":3430,"date":"2017-11-10T10:46:16","date_gmt":"2017-11-10T09:46:16","guid":{"rendered":"http:\/\/agora.xtec.cat\/ceip-celiaartiga\/?page_id=3430"},"modified":"2022-10-22T20:10:21","modified_gmt":"2022-10-22T18:10:21","slug":"classdojo","status":"publish","type":"page","link":"https:\/\/agora.xtec.cat\/ceip-celiaartiga\/edc\/edc-cultura-digital\/serveis-digitals\/classdojo\/","title":{"rendered":"Classdojo"},"content":{"rendered":"<p>Aquesta \u00e9s un aplicaci\u00f3 que cada vegada estan fent servir m\u00e9s mestres de moltes escoles de tot el m\u00f3n.<\/p>\n<p>Amb ella els mestres poden crear un bon clima a la classe, tenen eines \u00fatils per l<a href=\"http:\/\/agora.xtec.cat\/ceip-celiaartiga\/wp-content\/uploads\/usu858\/2017\/11\/class-dojo-course-cover.jpg\"><img loading=\"lazy\" decoding=\"async\" class=\" wp-image-3434 alignright\" src=\"http:\/\/agora.xtec.cat\/ceip-celiaartiga\/wp-content\/uploads\/usu858\/2017\/11\/class-dojo-course-cover-300x146.jpg\" alt=\"\" width=\"477\" height=\"232\" srcset=\"https:\/\/agora.xtec.cat\/ceip-celiaartiga\/wp-content\/uploads\/usu858\/2017\/11\/class-dojo-course-cover-300x146.jpg 300w, https:\/\/agora.xtec.cat\/ceip-celiaartiga\/wp-content\/uploads\/usu858\/2017\/11\/class-dojo-course-cover.jpg 705w\" sizes=\"auto, (max-width: 477px) 100vw, 477px\" \/><\/a>a gesti\u00f3 de l&#8217;aula i poden ensenyar els moments m\u00e9s interessants als pares.<\/p>\n<p>Les mares i els pares poden veure el progr\u00e9s dels seus fills, poden comunicar-se amb els mestres i poden veure els moments especials que es pengen a la classe i als blocs particulars dels seus fills.<\/p>\n<p>Els nens i les nenes poden personalitzar el seu monstre (avatar que els representa a l&#8217;aplicaci\u00f3), poden veure el seu progr\u00e9s i publicar al seu bloc (sempre amb l&#8217;aprovaci\u00f3 del mestre).<\/p>\n<p>Us animem a que si la tutora o tutor dels vostres fills i filles us ho demana us doneu d&#8217;alta a la vostra classe. Podreu viure de m\u00e9s a prop la vida dels vostres fills i filles a l&#8217;escola.<\/p>\n","protected":false},"excerpt":{"rendered":"<p>Aquesta \u00e9s un aplicaci\u00f3 que cada vegada estan fent servir m\u00e9s mestres de moltes escoles de tot el m\u00f3n.<br \/>\nAmb ella els mestres poden crear un bon clima a la classe, tenen eines \u00fatils per l<a href=\"http:\/\/agora.xtec.cat\/ceip-celiaartiga\/wp-content\/uploads\/usu858\/2017\/11\/class-dojo-course-cover.jpg\"><\/a>a gesti\u00f3 de l&#8217;aula i poden ensenyar els moments m\u00e9s&hellip;  <a href=\"https:\/\/agora.xtec.cat\/ceip-celiaartiga\/edc\/edc-cultura-digital\/serveis-digitals\/classdojo\/\" title=\"Read Classdojo\">Llegeix m\u00e9s\u00bb<\/a><\/p>\n","protected":false},"author":3,"featured_media":0,"parent":71,"menu_order":50,"comment_status":"closed","ping_status":"closed","template":"page-templates\/side-menu.php","meta":{"_bbp_topic_count":0,"_bbp_reply_count":0,"_bbp_total_topic_count":0,"_bbp_total_reply_count":0,"_bbp_voice_count":0,"_bbp_anonymous_reply_count":0,"_bbp_topic_count_hidden":0,"_bbp_reply_count_hidden":0,"_bbp_forum_subforum_count":0,"footnotes":""},"class_list":["post-3430","page","type-page","status-publish","hentry"],"post_mailing_queue_ids":[],"_links":{"self":[{"href":"https:\/\/agora.xtec.cat\/ceip-celiaartiga\/wp-json\/wp\/v2\/pages\/3430","targetHints":{"allow":["GET"]}}],"collection":[{"href":"https:\/\/agora.xtec.cat\/ceip-celiaartiga\/wp-json\/wp\/v2\/pages"}],"about":[{"href":"https:\/\/agora.xtec.cat\/ceip-celiaartiga\/wp-json\/wp\/v2\/types\/page"}],"author":[{"embeddable":true,"href":"https:\/\/agora.xtec.cat\/ceip-celiaartiga\/wp-json\/wp\/v2\/users\/3"}],"replies":[{"embeddable":true,"href":"https:\/\/agora.xtec.cat\/ceip-celiaartiga\/wp-json\/wp\/v2\/comments?post=3430"}],"version-history":[{"count":2,"href":"https:\/\/agora.xtec.cat\/ceip-celiaartiga\/wp-json\/wp\/v2\/pages\/3430\/revisions"}],"predecessor-version":[{"id":3436,"href":"https:\/\/agora.xtec.cat\/ceip-celiaartiga\/wp-json\/wp\/v2\/pages\/3430\/revisions\/3436"}],"up":[{"embeddable":true,"href":"https:\/\/agora.xtec.cat\/ceip-celiaartiga\/wp-json\/wp\/v2\/pages\/71"}],"wp:attachment":[{"href":"https:\/\/agora.xtec.cat\/ceip-celiaartiga\/wp-json\/wp\/v2\/media?parent=3430"}],"curies":[{"name":"wp","href":"https:\/\/api.w.org\/{rel}","templated":true}]}}