{"id":28,"date":"2014-09-18T12:29:35","date_gmt":"2014-09-18T11:29:35","guid":{"rendered":"http:\/\/agora.xtec.cat\/ceip-celiaartiga\/?page_id=28"},"modified":"2024-07-26T12:29:34","modified_gmt":"2024-07-26T10:29:34","slug":"consell-escolar","status":"publish","type":"page","link":"https:\/\/agora.xtec.cat\/ceip-celiaartiga\/lescola\/consell-escolar\/","title":{"rendered":"Consell escolar"},"content":{"rendered":"<p><a href=\"https:\/\/agora.xtec.cat\/ceip-celiaartiga\/categoria\/actes-consell-escolar\/\"><strong>Actes CONSELL ESCOLAR<\/strong><\/a><\/p>\n<h2>Qu\u00e8 \u00e9s el Consell Escolar del Centre?<\/h2>\n<p>El consell escolar del centre \u00e9s l&#8217;<strong>\u00f2rgan col\u00b7legiat de participaci\u00f3<\/strong> de la comunitat escolar en el govern del centre. En el consell escolar hi ha representats tots els col\u00b7lectius que intervenen en la comunitat educativa: direcci\u00f3, mestres, personal d&#8217;administraci\u00f3 i serveis, fam\u00edlies, ajuntament.<\/p>\n<p>En els centres p\u00fablics, la funci\u00f3 principal del consell escolar \u00e9s participar en la presa de decisions en relaci\u00f3 amb aquells temes importants per al funcionament i l&#8217;organitzaci\u00f3 del centre: el projecte educatiu, la programaci\u00f3 general, la gesti\u00f3 econ\u00f2mica, etc.<\/p>\n<p>Els membres del consell escolar s\u00f3n elegits per un per\u00edode de quatre anys i es renoven per meitats cada dos anys.<\/p>\n<h3><strong><em>Funcions del Consell Escolar de Centre<\/em><\/strong><\/h3>\n<ol>\n<li>Formular propostes a l\u2019equip directiu sobre la programaci\u00f3 anual del centre i aprovar el projecte educatiu, sens perjudici de les compet\u00e8ncies del claustre en relaci\u00f3 amb la planificaci\u00f3 i l\u2019organitzaci\u00f3 docent.<\/li>\n<li>Elaborar informes, a petici\u00f3 de l\u2019administraci\u00f3 competent, sobre el funcionament del centre i sobre aquells altres aspectes relacionats amb la seva activitat<\/li>\n<li>Participar en el proc\u00e9s d\u2019admissi\u00f3 d\u2019alumnes i vetllar perqu\u00e8 es realitzi segons marca la llei.<\/li>\n<li>Con\u00e8ixer la resoluci\u00f3 de conflictes disciplinaris i la imposici\u00f3 de sancions i vetllar perqu\u00e8 s\u2019atenguin a la llei vigent. Quan les mesures disciplin\u00e0ries adoptades pel director corresponguin aconductes de l\u2019alumnat que perjudiquin greument la conviv\u00e8ncia del centre, el consell escolar, a inst\u00e0ncia de pares o tutors, pot revisar la decisi\u00f3 adoptada i proposar, si s\u2019escau, les mesures oportunes.<\/li>\n<li>Aprovar el projecte de pressupost del centre i la seva liquidaci\u00f3.<\/li>\n<li>Promoure la conservaci\u00f3 i renovaci\u00f3 de les instal\u00b7lacions i equip escolar i aprovar l\u2019obtenci\u00f3 de recursos complementaris d\u2019acord amb el que estableix l\u2019article 122.3.<\/li>\n<li>Proposar les directrius per a la col\u00b7laboraci\u00f3, amb finalitats educatives i culturals, amb altres centres, entitats i organismes.<\/li>\n<li>Analitzar i valorar el funcionament general del centre, l\u2019evoluci\u00f3 del rendiment escolar i els resultats de l\u2019avaluaci\u00f3 del centre que faci l\u2019administraci\u00f3 educativa.<\/li>\n<li>Participar en la selecci\u00f3 del director del centre en els termes que estableix aquesta Llei. Ser informat del nomenament i cessament dels altres membres de l\u2019equip directiu. Si s\u2019escau, amb l\u2019acord previ dels seus membres, adoptat per majoria de dos ter\u00e7os, proposar la revocaci\u00f3 del nomenament del director.<\/li>\n<li>Proposar mesures i iniciatives que afavoreixin la conviv\u00e8ncia en el centre la igualtat entre homes i dones i la resoluci\u00f3 pac\u00edfica de conflictes en tots els \u00e0mbits de la vida personal, familiar i social.<\/li>\n<li>Qualsevol altra que li sigui atorgada per l\u2019administraci\u00f3 educativa. L\u2019establiment del nombre total de representants de cada sector en el consell escolar, tot respectant els criteris generals.<\/li>\n<li>Elecci\u00f3 dels representants, un d\u2019entre els quals haur\u00e0 de ser del sector dels pares i mares, per a la nova comissi\u00f3 de selecci\u00f3 de director.<\/li>\n<li>Els consells escolars de centre podran establir convenis de col\u00b7laboraci\u00f3 amb associacions culturals o entitats sense \u00e0nim de lucre per al desplegament d\u2019activitats extraescolars i complement\u00e0ries, en virtut d\u2019all\u00f2 que disposin les Administracions educatives.<\/li>\n<\/ol>\n<h3 style=\"text-align: center;\"><strong>REPRESENTANTS DEL CONSELL ESCOLAR<\/strong><\/h3>\n<p>Director\u00a0 \u00a0 \u00a0 \u00a0 \u00a0 \u00a0 \u00a0 \u00a0 \u00a0 \u00a0 \u00a0 \u00a0 \u00a0 \u00a0 \u00a0 \u00a0 \u00a0 \u00a0 \u00a0 \u00a0 \u00a0 \u00a0 \u00a0 \u00a0 \u00a0 \u00a0 \u00a0 \u00a0Juli\u00e1n Torralba Garc\u00eda<\/p>\n<p>Cap d&#8217;estudis\u00a0 \u00a0 \u00a0 \u00a0 \u00a0 \u00a0 \u00a0 \u00a0 \u00a0 \u00a0 \u00a0 \u00a0 \u00a0 \u00a0 \u00a0 \u00a0 \u00a0 \u00a0 \u00a0 \u00a0 \u00a0 \u00a0 \u00a0 Elisabet Valls Graci\u00e0<\/p>\n<p>Secret\u00e0ria\u00a0 \u00a0 \u00a0 \u00a0 \u00a0 \u00a0 \u00a0 \u00a0 \u00a0 \u00a0 \u00a0 \u00a0 \u00a0 \u00a0 \u00a0 \u00a0 \u00a0 \u00a0 \u00a0 \u00a0 \u00a0 \u00a0 \u00a0 \u00a0 \u00a0 \u00a0 Esperanza L\u00f3pez Gonz\u00e1lez<\/p>\n<p>Representant Ajuntament\u00a0 \u00a0 \u00a0 \u00a0 \u00a0 \u00a0 \u00a0 \u00a0 \u00a0 \u00a0 \u00a0 \u00a0 \u00a0 \u00a0 Maria de la Rosa Gonz\u00e1lez<\/p>\n<p>Representant sector professors\u00a0 \u00a0 \u00a0 \u00a0 \u00a0 \u00a0 \u00a0 \u00a0 \u00a0 \u00a0S\u00f3nia Tafunell Rivas<\/p>\n<p>Representant sector professors\u00a0 \u00a0 \u00a0 \u00a0 \u00a0 \u00a0 \u00a0 \u00a0 \u00a0 \u00a0S\u00f2nia Zapata Mart\u00ednez<\/p>\n<p>Representant sector professors\u00a0 \u00a0 \u00a0 \u00a0 \u00a0 \u00a0 \u00a0 \u00a0 \u00a0 \u00a0Xell Margalef Borr\u00e0s<\/p>\n<p>Representant sector professors\u00a0 \u00a0 \u00a0 \u00a0 \u00a0 \u00a0 \u00a0 \u00a0 \u00a0 \u00a0Vad\u00f3 Mir\u00f3 Cogul<\/p>\n<p>Representant sector professors\u00a0 \u00a0 \u00a0 \u00a0 \u00a0 \u00a0 \u00a0 \u00a0 \u00a0 \u00a0Mercedes Gim\u00e9nez \u00c1lvarez<\/p>\n<p>Representant sector professors\u00a0 \u00a0 \u00a0 \u00a0 \u00a0 \u00a0 \u00a0 \u00a0 \u00a0 \u00a0Llu\u00efsa Barbar\u00e0 Batalla<\/p>\n<p>Representant sector pares d&#8217;alumnes\u00a0 \u00a0 \u00a0 \u00a0 \u00a0 Daniel Zapata Burgue\u00f1o<\/p>\n<p>Representant sector pares d&#8217;alumnes\u00a0 \u00a0 \u00a0 \u00a0 \u00a0 M\u00aa Lara Barrag\u00e1n Rubio<\/p>\n<p>Representant sector pares d&#8217;alumnes\u00a0 \u00a0 \u00a0 \u00a0 \u00a0 Noem\u00ed Loren Mart\u00edn<\/p>\n<p>Representant sector pares d&#8217;alumnes\u00a0 \u00a0 \u00a0 \u00a0 \u00a0 Melissa Jim\u00e9nez Montalvo<\/p>\n<p>Representant sector pares d&#8217;alumnes\u00a0 \u00a0 \u00a0 \u00a0 \u00a0 Laura Radigales Coscullano<\/p>\n<p>Representant sector pares d&#8217;alumnes\u00a0 \u00a0 \u00a0 \u00a0 \u00a0 Alberto Fern\u00e1ndez Ceballos<\/p>\n<p>Representant AMPA\u00a0 \u00a0 \u00a0 \u00a0 \u00a0 \u00a0 \u00a0 \u00a0 \u00a0 \u00a0 \u00a0 \u00a0 \u00a0 \u00a0 \u00a0 \u00a0 \u00a0 \u00a0 \u00a0 Ana Bel\u00e9n Gonz\u00e1lez Castellv\u00ed<\/p>\n<p>Representant sector PAS\u00a0 \u00a0 \u00a0 \u00a0 \u00a0 \u00a0 \u00a0 \u00a0 \u00a0 \u00a0 \u00a0 \u00a0 \u00a0 \u00a0 \u00a0 Ana Monz\u00f3n Collados<\/p>\n<p>Els representants del sector Mares i Pares al Consell Escolar posen a la vostra disposici\u00f3 l\u2019adre\u00e7a de correu electr\u00f2nic: <a href=\"mailto:consell.escolar@escolaceliaartiga.cat\" target=\"_blank\" rel=\"noopener noreferrer\">consell.escolar@escolaceliaartiga.cat<\/a>\u00a0perqu\u00e8 feu arribar les vostres preguntes, queixes, dubtes o suggeriments i es presentin al ple del Consell Escolar.<\/p>\n","protected":false},"excerpt":{"rendered":"<p><a href=\"https:\/\/agora.xtec.cat\/ceip-celiaartiga\/categoria\/actes-consell-escolar\/\">Actes CONSELL ESCOLAR<\/a><br \/>\nQu\u00e8 \u00e9s el Consell Escolar del Centre?<br \/>\nEl consell escolar del centre \u00e9s l&#8217;\u00f2rgan col\u00b7legiat de participaci\u00f3 de la comunitat escolar en el govern del centre. En el consell escolar hi ha representats tots els col\u00b7lectius que intervenen en la comunitat educativa: direcci\u00f3,&hellip;  <a href=\"https:\/\/agora.xtec.cat\/ceip-celiaartiga\/lescola\/consell-escolar\/\" title=\"Read Consell escolar\">Llegeix m\u00e9s\u00bb<\/a><\/p>\n","protected":false},"author":1,"featured_media":0,"parent":22,"menu_order":50,"comment_status":"closed","ping_status":"closed","template":"page-templates\/side-menu.php","meta":{"_bbp_topic_count":0,"_bbp_reply_count":0,"_bbp_total_topic_count":0,"_bbp_total_reply_count":0,"_bbp_voice_count":0,"_bbp_anonymous_reply_count":0,"_bbp_topic_count_hidden":0,"_bbp_reply_count_hidden":0,"_bbp_forum_subforum_count":0,"footnotes":""},"class_list":["post-28","page","type-page","status-publish","hentry"],"post_mailing_queue_ids":[],"_links":{"self":[{"href":"https:\/\/agora.xtec.cat\/ceip-celiaartiga\/wp-json\/wp\/v2\/pages\/28","targetHints":{"allow":["GET"]}}],"collection":[{"href":"https:\/\/agora.xtec.cat\/ceip-celiaartiga\/wp-json\/wp\/v2\/pages"}],"about":[{"href":"https:\/\/agora.xtec.cat\/ceip-celiaartiga\/wp-json\/wp\/v2\/types\/page"}],"author":[{"embeddable":true,"href":"https:\/\/agora.xtec.cat\/ceip-celiaartiga\/wp-json\/wp\/v2\/users\/1"}],"replies":[{"embeddable":true,"href":"https:\/\/agora.xtec.cat\/ceip-celiaartiga\/wp-json\/wp\/v2\/comments?post=28"}],"version-history":[{"count":8,"href":"https:\/\/agora.xtec.cat\/ceip-celiaartiga\/wp-json\/wp\/v2\/pages\/28\/revisions"}],"predecessor-version":[{"id":6783,"href":"https:\/\/agora.xtec.cat\/ceip-celiaartiga\/wp-json\/wp\/v2\/pages\/28\/revisions\/6783"}],"up":[{"embeddable":true,"href":"https:\/\/agora.xtec.cat\/ceip-celiaartiga\/wp-json\/wp\/v2\/pages\/22"}],"wp:attachment":[{"href":"https:\/\/agora.xtec.cat\/ceip-celiaartiga\/wp-json\/wp\/v2\/media?parent=28"}],"curies":[{"name":"wp","href":"https:\/\/api.w.org\/{rel}","templated":true}]}}