{"id":277,"date":"2016-01-21T09:32:20","date_gmt":"2016-01-21T08:32:20","guid":{"rendered":"http:\/\/agora.xtec.cat\/ceip-celiaartiga\/?page_id=277"},"modified":"2022-07-05T10:38:00","modified_gmt":"2022-07-05T08:38:00","slug":"ampa","status":"publish","type":"page","link":"https:\/\/agora.xtec.cat\/ceip-celiaartiga\/ampa\/","title":{"rendered":"AMPA"},"content":{"rendered":"<p>La junta de l&#8217;AMPA posen a la vostra disposici\u00f3 l\u2019adre\u00e7a de correu electr\u00f2nic: <a href=\"mailto:ampa@escolaceliaartiga.cat\" target=\"_blank\" rel=\"noopener noreferrer\">ampa@escolaceliaartiga.cat<\/a> perqu\u00e8 feu arribar les vostres preguntes, queixes, dubtes o suggeriments.<\/p>\n<p>Al seg\u00fcent enlla\u00e7 trobareu la informaci\u00f3 m\u00e9s rellevant sobre els serveis que ofereix la nostra associaci\u00f3.<\/p>\n<p><a href=\"https:\/\/agora.xtec.cat\/ceip-celiaartiga\/wp-content\/uploads\/usu858\/2022\/01\/INFORMACIO-AMPA.pdf\" target=\"_blank\" rel=\"noopener\">INFORMACI\u00d3 AMPA<\/a><\/p>\n<p>Per entrar a l&#8217;Instagram de l&#8217;AMPA clica a la imatge o escaneja el codi QR.<\/p>\n<p><a href=\"https:\/\/www.instagram.com\/ampaescolaceliaartiga\/\" target=\"_blank\" rel=\"noopener\"><img loading=\"lazy\" decoding=\"async\" class=\"alignleft wp-image-4592 size-full\" src=\"https:\/\/agora.xtec.cat\/ceip-celiaartiga\/wp-content\/uploads\/usu858\/2019\/10\/instagram.jpg\" alt=\"\" width=\"226\" height=\"223\" \/><\/a> \u00a0\u00a0 \u00a0\u00a0 \u00a0\u00a0 \u00a0\u00a0 \u00a0\u00a0 \u00a0\u00a0 \u00a0<img loading=\"lazy\" decoding=\"async\" class=\"alignnone wp-image-6320\" src=\"https:\/\/agora.xtec.cat\/ceip-celiaartiga\/wp-content\/uploads\/usu858\/2022\/07\/WhatsApp-Image-2022-06-21-at-06.49.13-1024x1024.jpeg\" alt=\"\" width=\"222\" height=\"222\" srcset=\"https:\/\/agora.xtec.cat\/ceip-celiaartiga\/wp-content\/uploads\/usu858\/2022\/07\/WhatsApp-Image-2022-06-21-at-06.49.13-1024x1024.jpeg 1024w, https:\/\/agora.xtec.cat\/ceip-celiaartiga\/wp-content\/uploads\/usu858\/2022\/07\/WhatsApp-Image-2022-06-21-at-06.49.13-300x300.jpeg 300w, https:\/\/agora.xtec.cat\/ceip-celiaartiga\/wp-content\/uploads\/usu858\/2022\/07\/WhatsApp-Image-2022-06-21-at-06.49.13-150x150.jpeg 150w, https:\/\/agora.xtec.cat\/ceip-celiaartiga\/wp-content\/uploads\/usu858\/2022\/07\/WhatsApp-Image-2022-06-21-at-06.49.13-768x768.jpeg 768w, https:\/\/agora.xtec.cat\/ceip-celiaartiga\/wp-content\/uploads\/usu858\/2022\/07\/WhatsApp-Image-2022-06-21-at-06.49.13-1536x1536.jpeg 1536w, https:\/\/agora.xtec.cat\/ceip-celiaartiga\/wp-content\/uploads\/usu858\/2022\/07\/WhatsApp-Image-2022-06-21-at-06.49.13.jpeg 1600w\" sizes=\"auto, (max-width: 222px) 100vw, 222px\" \/><\/p>\n","protected":false},"excerpt":{"rendered":"<p>La junta de l&#8217;AMPA posen a la vostra disposici\u00f3 l\u2019adre\u00e7a de correu electr\u00f2nic: <a href=\"mailto:ampa@escolaceliaartiga.cat\" target=\"_blank\" rel=\"noopener noreferrer\">ampa@escolaceliaartiga.cat<\/a> perqu\u00e8 feu arribar les vostres preguntes, queixes, dubtes o suggeriments.<br \/>\nAl seg\u00fcent enlla\u00e7 trobareu la informaci\u00f3 m\u00e9s rellevant sobre els serveis que ofereix la nostra associaci\u00f3.<br \/>\n<a href=\"https:\/\/agora.xtec.cat\/ceip-celiaartiga\/wp-content\/uploads\/usu858\/2022\/01\/INFORMACIO-AMPA.pdf\" target=\"_blank\"&hellip;  <a href=\"https:\/\/agora.xtec.cat\/ceip-celiaartiga\/ampa\/\" title=\"Read AMPA\">Llegeix m\u00e9s\u00bb<\/a><\/p>\n","protected":false},"author":1,"featured_media":0,"parent":0,"menu_order":0,"comment_status":"closed","ping_status":"closed","template":"page-templates\/side-menu.php","meta":{"_bbp_topic_count":0,"_bbp_reply_count":0,"_bbp_total_topic_count":0,"_bbp_total_reply_count":0,"_bbp_voice_count":0,"_bbp_anonymous_reply_count":0,"_bbp_topic_count_hidden":0,"_bbp_reply_count_hidden":0,"_bbp_forum_subforum_count":0,"footnotes":""},"class_list":["post-277","page","type-page","status-publish","hentry"],"post_mailing_queue_ids":[],"_links":{"self":[{"href":"https:\/\/agora.xtec.cat\/ceip-celiaartiga\/wp-json\/wp\/v2\/pages\/277","targetHints":{"allow":["GET"]}}],"collection":[{"href":"https:\/\/agora.xtec.cat\/ceip-celiaartiga\/wp-json\/wp\/v2\/pages"}],"about":[{"href":"https:\/\/agora.xtec.cat\/ceip-celiaartiga\/wp-json\/wp\/v2\/types\/page"}],"author":[{"embeddable":true,"href":"https:\/\/agora.xtec.cat\/ceip-celiaartiga\/wp-json\/wp\/v2\/users\/1"}],"replies":[{"embeddable":true,"href":"https:\/\/agora.xtec.cat\/ceip-celiaartiga\/wp-json\/wp\/v2\/comments?post=277"}],"version-history":[{"count":4,"href":"https:\/\/agora.xtec.cat\/ceip-celiaartiga\/wp-json\/wp\/v2\/pages\/277\/revisions"}],"predecessor-version":[{"id":6323,"href":"https:\/\/agora.xtec.cat\/ceip-celiaartiga\/wp-json\/wp\/v2\/pages\/277\/revisions\/6323"}],"wp:attachment":[{"href":"https:\/\/agora.xtec.cat\/ceip-celiaartiga\/wp-json\/wp\/v2\/media?parent=277"}],"curies":[{"name":"wp","href":"https:\/\/api.w.org\/{rel}","templated":true}]}}