{"id":9179,"date":"2022-11-23T13:48:14","date_gmt":"2022-11-23T12:48:14","guid":{"rendered":"https:\/\/agora.xtec.cat\/ceip-catalunya-navarcles\/?page_id=9179"},"modified":"2024-07-01T17:16:54","modified_gmt":"2024-07-01T15:16:54","slug":"ampa-2","status":"publish","type":"page","link":"https:\/\/agora.xtec.cat\/ceip-catalunya-navarcles\/ampa-2\/","title":{"rendered":"AFA"},"content":{"rendered":"<p>Estimades fam\u00edlies,<\/p>\n<p>L\u2019Associaci\u00f3 de Fam\u00edlies de l\u2019escola Catalunya de Navarcles \u00e9s un \u00f2rgan de vital import\u00e0ncia dins de la nostra comunitat educativa. T\u00e9 una funci\u00f3 de rellev\u00e0ncia per a millorar aspectes en la vida escolar dels nostres fills i filles, tals com promoure la qualitat educativa o col\u00b7laborar amb el professorat i l\u2019alumnat per enriquir el bon funcionament del Centre.<\/p>\n<p>L\u2019AFA tamb\u00e9 organitza les activitats extraescolars i gestiona la compra de les agendes de l&#8217;escola:<\/p>\n<p><a href=\"https:\/\/agora.xtec.cat\/ceip-catalunya-navarcles\/extraescolars\/\">https:\/\/agora.xtec.cat\/ceip-catalunya-navarcles\/extraescolars\/<\/a><\/p>\n<p>Al llarg dels cursos hem fet moltes coses per l\u2019escola. Podeu consultar a continuaci\u00f3 algunes d\u2019elles:<\/p>\n<p><a href=\"https:\/\/agora.xtec.cat\/ceip-catalunya-navarcles\/?page_id=9187&amp;preview=true\"><img loading=\"lazy\" decoding=\"async\" class=\"alignnone wp-image-9181\" src=\"https:\/\/agora.xtec.cat\/ceip-catalunya-navarcles\/wp-content\/uploads\/usu727\/2022\/11\/AMPA-ACTIVITATS-1024x1024.png\" alt=\"\" width=\"189\" height=\"189\" srcset=\"https:\/\/agora.xtec.cat\/ceip-catalunya-navarcles\/wp-content\/uploads\/usu727\/2022\/11\/AMPA-ACTIVITATS-1024x1024.png 1024w, https:\/\/agora.xtec.cat\/ceip-catalunya-navarcles\/wp-content\/uploads\/usu727\/2022\/11\/AMPA-ACTIVITATS-300x300.png 300w, https:\/\/agora.xtec.cat\/ceip-catalunya-navarcles\/wp-content\/uploads\/usu727\/2022\/11\/AMPA-ACTIVITATS-150x150.png 150w, https:\/\/agora.xtec.cat\/ceip-catalunya-navarcles\/wp-content\/uploads\/usu727\/2022\/11\/AMPA-ACTIVITATS-768x768.png 768w, https:\/\/agora.xtec.cat\/ceip-catalunya-navarcles\/wp-content\/uploads\/usu727\/2022\/11\/AMPA-ACTIVITATS-1536x1536.png 1536w, https:\/\/agora.xtec.cat\/ceip-catalunya-navarcles\/wp-content\/uploads\/usu727\/2022\/11\/AMPA-ACTIVITATS-2048x2048.png 2048w\" sizes=\"auto, (max-width: 189px) 100vw, 189px\" \/><\/a><\/p>\n<p>Aconseguir millorar la formaci\u00f3 educativa dels nostres fills dep\u00e8n de les propostes que fem entre tots i es per aix\u00f2 que\u00a0<strong>us animen a participar i col\u00b7laborar fent-vos socis de l\u2019AFA<\/strong>, ja que l\u2019Associaci\u00f3 es finan\u00e7a mitjan\u00e7ant les quotes del seus socis.<\/p>\n<p>Per qualsevol consulta podeu contactar amb l\u2019AFA al correu<\/p>\n<p><a href=\"mailto:apaescolacatalunyanavarcles@gmail.com\">apaescolacatalunyanavarcles@gmail.com<\/a><\/p>\n<p>&nbsp;<\/p>\n<p>La Junta\u00a0 de l\u2019AFA<\/p>\n","protected":false},"excerpt":{"rendered":"<p>Estimades fam\u00edlies,<br \/>\nL\u2019Associaci\u00f3 de Fam\u00edlies de l\u2019escola Catalunya de Navarcles \u00e9s un \u00f2rgan de vital import\u00e0ncia dins de la nostra comunitat educativa. T\u00e9 una funci\u00f3 de rellev\u00e0ncia per a millorar aspectes en la vida escolar dels nostres fills i filles, tals com promoure la qualitat educativa&hellip;  <a href=\"https:\/\/agora.xtec.cat\/ceip-catalunya-navarcles\/ampa-2\/\" title=\"Read AFA\">Llegeix m\u00e9s\u00bb<\/a><\/p>\n","protected":false},"author":5,"featured_media":0,"parent":0,"menu_order":0,"comment_status":"closed","ping_status":"closed","template":"","meta":{"_bbp_topic_count":0,"_bbp_reply_count":0,"_bbp_total_topic_count":0,"_bbp_total_reply_count":0,"_bbp_voice_count":0,"_bbp_anonymous_reply_count":0,"_bbp_topic_count_hidden":0,"_bbp_reply_count_hidden":0,"_bbp_forum_subforum_count":0,"footnotes":""},"class_list":["post-9179","page","type-page","status-publish","hentry"],"post_mailing_queue_ids":[],"_links":{"self":[{"href":"https:\/\/agora.xtec.cat\/ceip-catalunya-navarcles\/wp-json\/wp\/v2\/pages\/9179","targetHints":{"allow":["GET"]}}],"collection":[{"href":"https:\/\/agora.xtec.cat\/ceip-catalunya-navarcles\/wp-json\/wp\/v2\/pages"}],"about":[{"href":"https:\/\/agora.xtec.cat\/ceip-catalunya-navarcles\/wp-json\/wp\/v2\/types\/page"}],"author":[{"embeddable":true,"href":"https:\/\/agora.xtec.cat\/ceip-catalunya-navarcles\/wp-json\/wp\/v2\/users\/5"}],"replies":[{"embeddable":true,"href":"https:\/\/agora.xtec.cat\/ceip-catalunya-navarcles\/wp-json\/wp\/v2\/comments?post=9179"}],"version-history":[{"count":7,"href":"https:\/\/agora.xtec.cat\/ceip-catalunya-navarcles\/wp-json\/wp\/v2\/pages\/9179\/revisions"}],"predecessor-version":[{"id":9364,"href":"https:\/\/agora.xtec.cat\/ceip-catalunya-navarcles\/wp-json\/wp\/v2\/pages\/9179\/revisions\/9364"}],"wp:attachment":[{"href":"https:\/\/agora.xtec.cat\/ceip-catalunya-navarcles\/wp-json\/wp\/v2\/media?parent=9179"}],"curies":[{"name":"wp","href":"https:\/\/api.w.org\/{rel}","templated":true}]}}