{"id":9162,"date":"2022-11-23T12:25:04","date_gmt":"2022-11-23T11:25:04","guid":{"rendered":"https:\/\/agora.xtec.cat\/ceip-catalunya-navarcles\/?page_id=9162"},"modified":"2025-10-06T10:43:18","modified_gmt":"2025-10-06T08:43:18","slug":"extraescolars","status":"publish","type":"page","link":"https:\/\/agora.xtec.cat\/ceip-catalunya-navarcles\/extraescolars\/","title":{"rendered":"Extraescolars"},"content":{"rendered":"<p>&nbsp;<\/p>\n<p>&nbsp;<\/p>\n<p style=\"text-align: left;\"><strong>HORARI EXTRAESCOLARS 2025-26<\/strong><\/p>\n<p><a href=\"https:\/\/agora.xtec.cat\/ceip-catalunya-navarcles\/wp-content\/uploads\/usu727\/2025\/07\/HORARI-EXTRAESCOLARS.jpg\"><img loading=\"lazy\" decoding=\"async\" class=\"alignnone size-full wp-image-9443\" src=\"https:\/\/agora.xtec.cat\/ceip-catalunya-navarcles\/wp-content\/uploads\/usu727\/2025\/07\/HORARI-EXTRAESCOLARS.jpg\" alt=\"\" width=\"771\" height=\"476\" srcset=\"https:\/\/agora.xtec.cat\/ceip-catalunya-navarcles\/wp-content\/uploads\/usu727\/2025\/07\/HORARI-EXTRAESCOLARS.jpg 771w, https:\/\/agora.xtec.cat\/ceip-catalunya-navarcles\/wp-content\/uploads\/usu727\/2025\/07\/HORARI-EXTRAESCOLARS-300x185.jpg 300w, https:\/\/agora.xtec.cat\/ceip-catalunya-navarcles\/wp-content\/uploads\/usu727\/2025\/07\/HORARI-EXTRAESCOLARS-768x474.jpg 768w\" sizes=\"auto, (max-width: 771px) 100vw, 771px\" \/><\/a><\/p>\n<p style=\"font-weight: 400;\">Benvolgudes fam\u00edlies,<\/p>\n<p>Ja podeu inscriure als vostres fills \/es a les activitats extraescolars per aquest proper curs 2025-2026.<\/p>\n<p>Cal inscriure als vostres fills o filles a trav\u00e9s del \u00a0formulari \u00a0de Google\u00a0 (a continuaci\u00f3 trobareu \u00a0l&#8217;enlla\u00e7).\u00a0 Heu de clicar perqu\u00e8 s\u2019obri i complimentar les dades\u00a0 que us demana. Un cop fet, cal clicar el bot\u00f3 d&#8217;enviar.<\/p>\n<p class=\"Default\"><span style=\"font-size: 11.5pt;\"><a href=\"https:\/\/forms.gle\/xPECrqcMBe5hGhiS6\"><img loading=\"lazy\" decoding=\"async\" class=\"alignleft wp-image-9163\" src=\"https:\/\/agora.xtec.cat\/ceip-catalunya-navarcles\/wp-content\/uploads\/usu727\/2022\/11\/formulari.png\" alt=\"\" width=\"149\" height=\"149\" srcset=\"https:\/\/agora.xtec.cat\/ceip-catalunya-navarcles\/wp-content\/uploads\/usu727\/2022\/11\/formulari.png 512w, https:\/\/agora.xtec.cat\/ceip-catalunya-navarcles\/wp-content\/uploads\/usu727\/2022\/11\/formulari-300x300.png 300w, https:\/\/agora.xtec.cat\/ceip-catalunya-navarcles\/wp-content\/uploads\/usu727\/2022\/11\/formulari-150x150.png 150w\" sizes=\"auto, (max-width: 149px) 100vw, 149px\" \/><\/a><\/span><\/p>\n<p>&nbsp;<\/p>\n<p>&nbsp;<\/p>\n<p>&nbsp;<\/p>\n<p>&nbsp;<\/p>\n<p>&nbsp;<\/p>\n<p class=\"Default\"><span style=\"font-size: 11.5pt;\">Podeu consultar les activitats extraescolars a continuaci\u00f3:<\/span><\/p>\n<h2><\/h2>\n<h2 class=\"Default\"><strong style=\"font-family: inherit; font-size: 1em; -webkit-user-drag: none;\">1.El Servei d\u2019Acollida Matinal (SAM)<\/strong><\/h2>\n<p><a href=\"https:\/\/agora.xtec.cat\/ceip-catalunya-navarcles\/wp-content\/uploads\/usu727\/2022\/11\/acollida.jpg\"><img loading=\"lazy\" decoding=\"async\" class=\"size-full wp-image-9164\" src=\"https:\/\/agora.xtec.cat\/ceip-catalunya-navarcles\/wp-content\/uploads\/usu727\/2022\/11\/acollida.jpg\" alt=\"\" width=\"300\" height=\"240\" \/><\/a><\/p>\n<p>El\u00a0<strong>servei d\u2019acollida matinal<\/strong> \u00e9s una proposta educativa que d\u00f3na resposta a la necessitat d\u2019ampliaci\u00f3 hor\u00e0ria dels infants d\u2019educaci\u00f3 infantil i prim\u00e0ria al centre educatiu en horari de 8:00 a 9:00h o de 8:30h a 9:00h i facilita la conciliaci\u00f3 de la vida laboral amb els horaris escolars. <strong>(Inici 8 de setembre)<\/strong><\/p>\n<p>Alumnat: de I3 a 6\u00e8.<\/p>\n<p>Lloc: Gimn\u00e0s de l&#8217;edifici vermell.<\/p>\n<p>Monitor\/a: Maribel Font<\/p>\n<p>Ho gesiona <strong>RCI Esports. \u00a0<b><a rel=\"noopener\">rci3sports@gmail.com<\/a><\/b><\/strong><\/p>\n<p>Tel: 637797307 Rub\u00e9n<\/p>\n<p><a href=\"https:\/\/agora.xtec.cat\/ceip-catalunya-navarcles\/wp-content\/uploads\/usu727\/2022\/11\/sam.jpg\"><img loading=\"lazy\" decoding=\"async\" class=\"alignnone size-full wp-image-9169\" src=\"https:\/\/agora.xtec.cat\/ceip-catalunya-navarcles\/wp-content\/uploads\/usu727\/2022\/11\/sam.jpg\" alt=\"\" width=\"601\" height=\"70\" srcset=\"https:\/\/agora.xtec.cat\/ceip-catalunya-navarcles\/wp-content\/uploads\/usu727\/2022\/11\/sam.jpg 601w, https:\/\/agora.xtec.cat\/ceip-catalunya-navarcles\/wp-content\/uploads\/usu727\/2022\/11\/sam-300x35.jpg 300w\" sizes=\"auto, (max-width: 601px) 100vw, 601px\" \/><\/a><\/p>\n<h2><strong>2. Ludoteca<\/strong><\/h2>\n<p><a href=\"https:\/\/agora.xtec.cat\/ceip-catalunya-navarcles\/wp-content\/uploads\/usu727\/2022\/11\/ludoteca.png\"><img loading=\"lazy\" decoding=\"async\" class=\"alignnone wp-image-9165\" src=\"https:\/\/agora.xtec.cat\/ceip-catalunya-navarcles\/wp-content\/uploads\/usu727\/2022\/11\/ludoteca.png\" alt=\"\" width=\"303\" height=\"253\" srcset=\"https:\/\/agora.xtec.cat\/ceip-catalunya-navarcles\/wp-content\/uploads\/usu727\/2022\/11\/ludoteca.png 320w, https:\/\/agora.xtec.cat\/ceip-catalunya-navarcles\/wp-content\/uploads\/usu727\/2022\/11\/ludoteca-300x250.png 300w\" sizes=\"auto, (max-width: 303px) 100vw, 303px\" \/><\/a><\/p>\n<p>La Ludoteca \u00e9s una altra proposta educativa que d\u00f3na resposta a la necessitat d\u2019ampliaci\u00f3 hor\u00e0ria dels infants d\u2019educaci\u00f3 infantil i prim\u00e0ria al centre educatiu en horari de 16:30h a 18:00h\u00a0 i facilita la conciliaci\u00f3 de la vida laboral amb els horaris escolars. M\u00e9s que una activitat extraescolar \u00e9s un servei per les fam\u00edlies que no poden anar a buscar els seus fills o les seves filles a la finalitzaci\u00f3 de les classes. Enfoquem aquesta activitat cap a l\u2019aprenentatge de manualitats i jocs de cucanya. <strong>(Inici 8 de setembre)<\/strong><\/p>\n<p>Alumnat: de I3 a 2n.<\/p>\n<p>Lloc: Edifici vermell.<\/p>\n<p>Monitora: Maribel Font.<\/p>\n<p>Ho gesiona <strong>RCI Esports. \u00a0<b><a rel=\"noopener\">rci3sports@gmail.com<\/a><\/b><\/strong><\/p>\n<p>Tel: 637797307 Rub\u00e9n<\/p>\n<p><a style=\"font-family: inherit; font-size: 1em;\" href=\"https:\/\/agora.xtec.cat\/ceip-catalunya-navarcles\/wp-content\/uploads\/usu727\/2022\/11\/Ludoteca.jpg\"><img loading=\"lazy\" decoding=\"async\" class=\"alignnone size-full wp-image-9170\" src=\"https:\/\/agora.xtec.cat\/ceip-catalunya-navarcles\/wp-content\/uploads\/usu727\/2022\/11\/Ludoteca.jpg\" alt=\"\" width=\"613\" height=\"70\" srcset=\"https:\/\/agora.xtec.cat\/ceip-catalunya-navarcles\/wp-content\/uploads\/usu727\/2022\/11\/Ludoteca.jpg 613w, https:\/\/agora.xtec.cat\/ceip-catalunya-navarcles\/wp-content\/uploads\/usu727\/2022\/11\/Ludoteca-300x34.jpg 300w\" sizes=\"auto, (max-width: 613px) 100vw, 613px\" \/><\/a><\/p>\n<h2><strong>3. Hip Hop<\/strong><\/h2>\n<p><a href=\"https:\/\/agora.xtec.cat\/ceip-catalunya-navarcles\/wp-content\/uploads\/usu727\/2022\/11\/hiphop.png\"><img loading=\"lazy\" decoding=\"async\" class=\"alignnone wp-image-9167\" src=\"https:\/\/agora.xtec.cat\/ceip-catalunya-navarcles\/wp-content\/uploads\/usu727\/2022\/11\/hiphop-1024x697.png\" alt=\"\" width=\"379\" height=\"258\" srcset=\"https:\/\/agora.xtec.cat\/ceip-catalunya-navarcles\/wp-content\/uploads\/usu727\/2022\/11\/hiphop-1024x697.png 1024w, https:\/\/agora.xtec.cat\/ceip-catalunya-navarcles\/wp-content\/uploads\/usu727\/2022\/11\/hiphop-300x204.png 300w, https:\/\/agora.xtec.cat\/ceip-catalunya-navarcles\/wp-content\/uploads\/usu727\/2022\/11\/hiphop-768x523.png 768w, https:\/\/agora.xtec.cat\/ceip-catalunya-navarcles\/wp-content\/uploads\/usu727\/2022\/11\/hiphop.png 1291w\" sizes=\"auto, (max-width: 379px) 100vw, 379px\" \/><\/a><\/p>\n<p>A l\u2019escola Catalunya es treballa el Hip Hop des de la base buscant la consci\u00e8ncia corporal, els pesos, la flexibilitat i la for\u00e7a en els diferents estils que trobem a la dansa urbana, des dels m\u00e9s recents com el New Style fins als m\u00e9s antics com s\u00f3n l\u2019Old School (Locking i Popping) entre molts m\u00e9s \u2026 Treballem la part de coreografies sense oblidar-nos de l\u2019estil lliure on convidem als nostres alumnes a desenvolupar el seu moviment i imaginaci\u00f3 a partir de diferents propostes. Aquesta activitat la realitza la Montse Camps. <strong>(Inici 8 de setembre)<\/strong><\/p>\n<p>Alumnat: de I4 a 6\u00e8.<\/p>\n<p>Lloc: per alumnes de I4, I5, 1r i 2n es far\u00e0 a l\u2019edifici vermell i per alumnes de 3r, 4t, 5\u00e8 i 6\u00e8 a l\u2019edifici verd.<\/p>\n<p>Monitor\/a: Montse Camps.<\/p>\n<p>Preu: 20\u20ac al mes. Si hi ha dos germans fent l\u2019extraescolar el preu seria de 35 \u20ac al mes els dos.<\/p>\n<p>&nbsp;<\/p>\n<h2><strong>4. Escola de F\u00fatbol<\/strong><\/h2>\n<p><a href=\"https:\/\/agora.xtec.cat\/ceip-catalunya-navarcles\/wp-content\/uploads\/usu727\/2025\/07\/bf529bef-6a95-4d1c-ae7f-0fbca33d2129_source-aspect-ratio_default_0.jpg\"><img loading=\"lazy\" decoding=\"async\" class=\"alignnone wp-image-9444\" src=\"https:\/\/agora.xtec.cat\/ceip-catalunya-navarcles\/wp-content\/uploads\/usu727\/2025\/07\/bf529bef-6a95-4d1c-ae7f-0fbca33d2129_source-aspect-ratio_default_0.jpg\" alt=\"\" width=\"506\" height=\"337\" srcset=\"https:\/\/agora.xtec.cat\/ceip-catalunya-navarcles\/wp-content\/uploads\/usu727\/2025\/07\/bf529bef-6a95-4d1c-ae7f-0fbca33d2129_source-aspect-ratio_default_0.jpg 1000w, https:\/\/agora.xtec.cat\/ceip-catalunya-navarcles\/wp-content\/uploads\/usu727\/2025\/07\/bf529bef-6a95-4d1c-ae7f-0fbca33d2129_source-aspect-ratio_default_0-300x200.jpg 300w, https:\/\/agora.xtec.cat\/ceip-catalunya-navarcles\/wp-content\/uploads\/usu727\/2025\/07\/bf529bef-6a95-4d1c-ae7f-0fbca33d2129_source-aspect-ratio_default_0-768x512.jpg 768w\" sizes=\"auto, (max-width: 506px) 100vw, 506px\" \/><\/a><\/p>\n<p>Entre els 4 i els 5 anys pot ser una edat excel\u00b7lent perqu\u00e8 les nenes i nens comencin a jugar a futbol. <b>Practicar futbol els ajuda a desenvolupar la capacitat d&#8217;atenci\u00f3<\/b>, la capacitat l\u00f2gica per pensar en la millor jugada possible i la visi\u00f3 perif\u00e8rica, els nens i nenes aprenen a observar i analitzar el que passa al seu voltant. Tamb\u00e9 els augmentar\u00e0 la resist\u00e8ncia aer\u00f2bica, la velocitat i la pot\u00e8ncia muscular de les cames, aix\u00ed com la densitat \u00f2ssia en el f\u00e8mur. Als beneficis f\u00edsics cal sumar l\u2019apartat de desenvolupament personal del nen o nena, ja que haur\u00e0 de treballar en equip i interactuar amb nous companys o companyes. <strong>(Inici 16 de setembre)<\/strong><\/p>\n<p>Alumnat:\u00a0 I4 i I5.<\/p>\n<p>Lloc: Camp municipal de Navarcles. (S&#8217;han de portar i recollir all\u00e0).<\/p>\n<p>Dies: Dimarts i dijous de 17:00h a 18:00h.<\/p>\n<p>Preu: 20 \u20ac al mes per un dia a la setmana. Si son dos dies a la setmana, 27\u20ac al mes.<\/p>\n<p>&nbsp;<\/p>\n<h2><strong>5. Escola de B\u00e0squet (I3 a 2n)<\/strong><\/h2>\n<p><a href=\"https:\/\/agora.xtec.cat\/ceip-catalunya-navarcles\/wp-content\/uploads\/usu727\/2022\/11\/basquet.jpg\"><img loading=\"lazy\" decoding=\"async\" class=\"alignnone wp-image-9171\" src=\"https:\/\/agora.xtec.cat\/ceip-catalunya-navarcles\/wp-content\/uploads\/usu727\/2022\/11\/basquet-1024x768.jpg\" alt=\"\" width=\"419\" height=\"314\" srcset=\"https:\/\/agora.xtec.cat\/ceip-catalunya-navarcles\/wp-content\/uploads\/usu727\/2022\/11\/basquet-1024x768.jpg 1024w, https:\/\/agora.xtec.cat\/ceip-catalunya-navarcles\/wp-content\/uploads\/usu727\/2022\/11\/basquet-300x225.jpg 300w, https:\/\/agora.xtec.cat\/ceip-catalunya-navarcles\/wp-content\/uploads\/usu727\/2022\/11\/basquet-768x576.jpg 768w, https:\/\/agora.xtec.cat\/ceip-catalunya-navarcles\/wp-content\/uploads\/usu727\/2022\/11\/basquet-200x150.jpg 200w, https:\/\/agora.xtec.cat\/ceip-catalunya-navarcles\/wp-content\/uploads\/usu727\/2022\/11\/basquet.jpg 1152w\" sizes=\"auto, (max-width: 419px) 100vw, 419px\" \/><\/a><\/p>\n<p>Entenem l&#8217;activitat de l&#8217;Escola de B\u00e0squet com la iniciaci\u00f3 dels nens i nenes al m\u00f3n de la cistella mitjan\u00e7ant el joc. Per aquesta ra\u00f3,\u00a0<strong>el principal objectiu de l\u2019escola \u00e9s que els nens i nenes gaudeixin jugant a b\u00e0squet i que aprenguin els fonaments t\u00e8cnics per a la pr\u00e0ctica d\u2019aquest esport. (Inici el dia 13 de setembre)<\/strong><\/p>\n<p>Alumnat: de I3 a 2n.<\/p>\n<p>Lloc:\u00a0 \u00a0 \u00a0 \u00a0Pista de l&#8217;edifici verd. Als infants de I3 a 2n els recolliran a l\u2019edifici vermell i els acompanyaran a l\u2019edifici verd.<\/p>\n<p>Dies: dilluns i dimecres, horari de 16:30h (recollida classe per classe) fins ales 18:00h. (Recollida classe per classe i els acompanyaran fins el pavell\u00f3 municipal).<\/p>\n<p>Monitor\/a: Marc Cuy i altres monitors\/es.<\/p>\n<p>Preu:\u00a0 1 dia 22 euros i dos dies 30 euros.<\/p>\n<p>&nbsp;<\/p>\n<h2><strong>6. Escola de B\u00e0squet (3r a 6\u00e8)<\/strong><\/h2>\n<p><a href=\"https:\/\/agora.xtec.cat\/ceip-catalunya-navarcles\/wp-content\/uploads\/usu727\/2022\/11\/basquet.jpg\"><img loading=\"lazy\" decoding=\"async\" class=\"alignnone wp-image-9171\" src=\"https:\/\/agora.xtec.cat\/ceip-catalunya-navarcles\/wp-content\/uploads\/usu727\/2022\/11\/basquet-1024x768.jpg\" alt=\"\" width=\"419\" height=\"314\" srcset=\"https:\/\/agora.xtec.cat\/ceip-catalunya-navarcles\/wp-content\/uploads\/usu727\/2022\/11\/basquet-1024x768.jpg 1024w, https:\/\/agora.xtec.cat\/ceip-catalunya-navarcles\/wp-content\/uploads\/usu727\/2022\/11\/basquet-300x225.jpg 300w, https:\/\/agora.xtec.cat\/ceip-catalunya-navarcles\/wp-content\/uploads\/usu727\/2022\/11\/basquet-768x576.jpg 768w, https:\/\/agora.xtec.cat\/ceip-catalunya-navarcles\/wp-content\/uploads\/usu727\/2022\/11\/basquet-200x150.jpg 200w, https:\/\/agora.xtec.cat\/ceip-catalunya-navarcles\/wp-content\/uploads\/usu727\/2022\/11\/basquet.jpg 1152w\" sizes=\"auto, (max-width: 419px) 100vw, 419px\" \/><\/a><\/p>\n<p>Entenem l&#8217;activitat de l&#8217;Escola de B\u00e0squet com la iniciaci\u00f3 dels nens i nenes al m\u00f3n de la cistella mitjan\u00e7ant el joc. Per aquesta ra\u00f3,\u00a0<strong>el principal objectiu de l\u2019escola \u00e9s que els nens i nenes gaudeixin jugant a b\u00e0squet i que aprenguin els fonaments t\u00e8cnics per a la pr\u00e0ctica d\u2019aquest esport. (Inici el dia 4 de setembre)<\/strong><\/p>\n<p>Alumnat: de 3r a 6\u00e8.<\/p>\n<p>Lloc:\u00a0 \u00a0 Pavell\u00f3 municipal<\/p>\n<p>Dies: dilluns, dimecres i divendres m\u00e9s partit federat cap de setmana.<\/p>\n<p>Horari: dilluns i dimecres de 17h fins a les 18:30h (no recollida a l\u2019escola) i divendres de 17h a 18h (no recollida a l\u2019escola) lloc pavell\u00f3 municipal.<\/p>\n<p>Monitor\/a: Marc Cuy i altres monitors\/es.<\/p>\n<p>Preu:\u00a0 125 euros cada 3 mesos despr\u00e8s de la fitxa federativa.<\/p>\n<p>&nbsp;<\/p>\n<h2><strong>7. Angl\u00e8s<\/strong><\/h2>\n<p><a href=\"https:\/\/agora.xtec.cat\/ceip-catalunya-navarcles\/wp-content\/uploads\/usu727\/2022\/11\/lemon-tree.jpg\"><img loading=\"lazy\" decoding=\"async\" class=\"alignnone wp-image-9172\" src=\"https:\/\/agora.xtec.cat\/ceip-catalunya-navarcles\/wp-content\/uploads\/usu727\/2022\/11\/lemon-tree.jpg\" alt=\"\" width=\"351\" height=\"351\" srcset=\"https:\/\/agora.xtec.cat\/ceip-catalunya-navarcles\/wp-content\/uploads\/usu727\/2022\/11\/lemon-tree.jpg 526w, https:\/\/agora.xtec.cat\/ceip-catalunya-navarcles\/wp-content\/uploads\/usu727\/2022\/11\/lemon-tree-300x300.jpg 300w, https:\/\/agora.xtec.cat\/ceip-catalunya-navarcles\/wp-content\/uploads\/usu727\/2022\/11\/lemon-tree-150x150.jpg 150w\" sizes=\"auto, (max-width: 351px) 100vw, 351px\" \/><\/a><\/p>\n<p>L\u2019adquisici\u00f3 d\u2019una tercera llengua \u00e9s una tasca senzilla si comen\u00e7a a fer-se des de la inf\u00e0ncia. L\u2019aprenentatge \u00e9s m\u00e9s intu\u00eftiu i facilita la progressi\u00f3 en l\u2019idioma en etapes posteriors i ampliar les hores que es fan al centre millora els aprenentatges que es treballen a l&#8217;escola. Per aix\u00f2 deixem en mans de l\u2019escola d\u2019idiomes Lemon Tree aquesta activitat. Lemon Tree \u00e9s una escola d&#8217;idiomes a Navarcles que ofereix classes d&#8217;angl\u00e8s a totes les edats a partir dels 3 anys i que coneix el funcionament del nostre centre. <strong>(Inici 8 de setembre)<\/strong><\/p>\n<p>Alumnat: de I3 a 2n<span style=\"font-family: inherit; font-size: 1em;\">.<\/span><\/p>\n<p>Lloc i horari: Es realitza en horari de migdia, de 12:30h a 13:30h a l\u2019edifici vermell. Pels infants que fan us del servei de menjador l\u2019horari \u00e9s de 13:45h a 14:45h.<\/p>\n<p>Monitor\/a: Mireia Fornell.<\/p>\n<p>Preu: 37\u20ac al mes, i material 45\u20ac al curs.<\/p>\n<p>&nbsp;<\/p>\n<h2><strong>8. Judo<\/strong><\/h2>\n<p><a href=\"https:\/\/agora.xtec.cat\/ceip-catalunya-navarcles\/wp-content\/uploads\/usu727\/2022\/11\/judo.jpg\"><img loading=\"lazy\" decoding=\"async\" class=\"alignnone wp-image-9173\" src=\"https:\/\/agora.xtec.cat\/ceip-catalunya-navarcles\/wp-content\/uploads\/usu727\/2022\/11\/judo.jpg\" alt=\"\" width=\"420\" height=\"252\" \/><\/a><\/p>\n<p>El Judo aporta estabilitat tant f\u00edsica com ps\u00edquica, normatives, pautes, control i autocontrol, fomenta l&#8217;autoestima, les relacions socials, l&#8217;autodefensa, el sentir-se b\u00e9 amb un mateix i amb l&#8217;altre. A nivell acad\u00e8mic el Judo ajuda en la capacitat d&#8217;atenci\u00f3 i concentraci\u00f3, d&#8217;assimilaci\u00f3 de normes, ordre, rutines i pautes educatives que guarden relacions directes amb les exig\u00e8ncies escolars di\u00e0ries: horaris, agenda, activitats, ex\u00e0mens, treballs, sortides, etc. <strong>(Inici 18 de setembre)<\/strong><\/p>\n<p>Alumnat: de I4 a 6\u00e8<span style=\"font-family: inherit; font-size: 1em;\">.<\/span><\/p>\n<p>Lloc: Aquesta activitat es realitza al gimn\u00e0s de l&#8217;edifici verd. <span style=\"font-family: inherit; font-size: 1em;\">Els infants de I4 a 2n s\u2019hauran de portar a l\u2019edifici verd, i recollir-los al mateix edifici (mirar horaris a dalt).<\/span><\/p>\n<p>Monitor\/a: Sergi Folch.<\/p>\n<p>Preu: 23\u20ac al mes.<\/p>\n<p>&nbsp;<\/p>\n<h2><strong>9. Art<\/strong><\/h2>\n<p><a href=\"https:\/\/agora.xtec.cat\/ceip-catalunya-navarcles\/wp-content\/uploads\/usu727\/2022\/11\/dibuix-actiu.jpg\"><img loading=\"lazy\" decoding=\"async\" class=\"alignnone wp-image-9174\" src=\"https:\/\/agora.xtec.cat\/ceip-catalunya-navarcles\/wp-content\/uploads\/usu727\/2022\/11\/dibuix-actiu.jpg\" alt=\"\" width=\"437\" height=\"299\" srcset=\"https:\/\/agora.xtec.cat\/ceip-catalunya-navarcles\/wp-content\/uploads\/usu727\/2022\/11\/dibuix-actiu.jpg 494w, https:\/\/agora.xtec.cat\/ceip-catalunya-navarcles\/wp-content\/uploads\/usu727\/2022\/11\/dibuix-actiu-300x205.jpg 300w\" sizes=\"auto, (max-width: 437px) 100vw, 437px\" \/><\/a><\/p>\n<p>Enfoquem l&#8217;activitat d&#8217;art com a un lloc d&#8217;expressi\u00f3 on l&#8217;alumnat apr\u00e8n a expressar formes, objectes i hist\u00f2ries mitjan\u00e7ant diferents recursos art\u00edstics.\u00a0 L&#8217;activitat es realitza un dia a la setmana. <strong>(Inici 29 de setembre)<\/strong><\/p>\n<p>Alumnat: de 3r i 6\u00e8<span style=\"font-family: inherit; font-size: 1em;\">.<\/span><\/p>\n<p>Lloc: Edifici verd.<\/p>\n<p>Dia: Per 3r i 4t els dimecres de 18:00h a 19:00h.<\/p>\n<p>Per 5\u00e8 i 6\u00e8 els dimecres de 19:00h a 20:00h.<\/p>\n<p>Monitor\/a: Montse P\u00e9rez.<\/p>\n<p>Preu: 23\u20ac al mes i 15 euros al trimestre per material.<\/p>\n<p>&nbsp;<\/p>\n<h2><strong>10. Iniciaci\u00f3 a l\u2019art<\/strong><\/h2>\n<p><a href=\"https:\/\/agora.xtec.cat\/ceip-catalunya-navarcles\/wp-content\/uploads\/usu727\/2022\/11\/iniciacio-a-lart.jpg\"><img loading=\"lazy\" decoding=\"async\" class=\"alignnone size-full wp-image-9175\" src=\"https:\/\/agora.xtec.cat\/ceip-catalunya-navarcles\/wp-content\/uploads\/usu727\/2022\/11\/iniciacio-a-lart.jpg\" alt=\"\" width=\"340\" height=\"257\" srcset=\"https:\/\/agora.xtec.cat\/ceip-catalunya-navarcles\/wp-content\/uploads\/usu727\/2022\/11\/iniciacio-a-lart.jpg 340w, https:\/\/agora.xtec.cat\/ceip-catalunya-navarcles\/wp-content\/uploads\/usu727\/2022\/11\/iniciacio-a-lart-300x227.jpg 300w, https:\/\/agora.xtec.cat\/ceip-catalunya-navarcles\/wp-content\/uploads\/usu727\/2022\/11\/iniciacio-a-lart-200x150.jpg 200w\" sizes=\"auto, (max-width: 340px) 100vw, 340px\" \/><\/a><\/p>\n<p>Pels m\u00e9s petits enfoquem l&#8217;activitat d&#8217;art com a un lloc d&#8217;expressi\u00f3 on l&#8217;alumnat apren expressar formes, objectes i hist\u00f2ries mitjan\u00e7ant diferents recursos art\u00edstics.\u00a0 L&#8217;activitat es realitza un dia a la setmana. <strong>(Inici 29 de setembre)<\/strong><\/p>\n<p>Alumnat: de I3 a 2n.<\/p>\n<p>Lloc: Edifici vermell. 1r i 2n els dilluns de 16:30h a 17:30h<\/p>\n<p>Edifici vermell. I3, I4 i I5 els dimecres de 16:30h a 17:30h.<\/p>\n<p>Monitor\/a: Montse P\u00e9rez.<\/p>\n<p>Preu: 23\u20ac al mes. I al trimestre 15\u20ac pel material.<\/p>\n<p>&nbsp;<\/p>\n<h2><strong>11. Teatre<\/strong><\/h2>\n<p><a href=\"https:\/\/agora.xtec.cat\/ceip-catalunya-navarcles\/wp-content\/uploads\/usu727\/2022\/11\/teatre-escolar.jpg\"><img loading=\"lazy\" decoding=\"async\" class=\"alignnone wp-image-9176\" src=\"https:\/\/agora.xtec.cat\/ceip-catalunya-navarcles\/wp-content\/uploads\/usu727\/2022\/11\/teatre-escolar.jpg\" alt=\"\" width=\"409\" height=\"260\" srcset=\"https:\/\/agora.xtec.cat\/ceip-catalunya-navarcles\/wp-content\/uploads\/usu727\/2022\/11\/teatre-escolar.jpg 800w, https:\/\/agora.xtec.cat\/ceip-catalunya-navarcles\/wp-content\/uploads\/usu727\/2022\/11\/teatre-escolar-300x191.jpg 300w, https:\/\/agora.xtec.cat\/ceip-catalunya-navarcles\/wp-content\/uploads\/usu727\/2022\/11\/teatre-escolar-768x488.jpg 768w\" sizes=\"auto, (max-width: 409px) 100vw, 409px\" \/><\/a><\/p>\n<p>El teatre \u00e9s un mitj\u00e0 per expressar sentiments, per explicar hist\u00f2ries, per connectar amb altres persones. El teatre \u00e9s una activitat que potencia les capacitats comunicatives. \u00c9s important i necessari ensenyar els nens i nenes a expressar-se, a comunicar-se, a v\u00e8ncer<br \/>\nles seves dificultats, a posar-se davant d\u2019un p\u00fablic per poder assolir tota la riquesa expressiva que aporta el teatre. Aix\u00ed doncs, el teatre constitueix una part molt important en l\u2019educaci\u00f3 de l\u2019expressi\u00f3 corporal i oral dels infants. Els d\u00f3na eines per aprendre a expressar i comunicar els propis sentiments, autocriticar-se, enriquir els seus mitjans d\u2019expressi\u00f3 i la seva espontane\u00eftat. D\u2019altra banda, mitjan\u00e7ant la dramatitzaci\u00f3, l\u2019expressi\u00f3 oral i corporal, el teatre pot ajudar els nens i nenes a progressar en el coneixement d\u2019altres mat\u00e8ries curriculars. <strong>(Inici 17 de setembre)<\/strong><\/p>\n<p>Alumnat: de 3r a 6\u00e8.<\/p>\n<p>Lloc: Edifici verd. Dimecres de 12:30h a 14:00h.<\/p>\n<p>Monitor\/a: S\u00f2nia Catot<\/p>\n<p>Preu: 25\u20ac al mes.<\/p>\n<h2><strong>12.\u00a0 Ioga i Milfundess per infants<\/strong><\/h2>\n<p><a href=\"https:\/\/agora.xtec.cat\/ceip-catalunya-navarcles\/wp-content\/uploads\/usu727\/2025\/07\/imatgfe.jpg\"><img loading=\"lazy\" decoding=\"async\" class=\"alignnone wp-image-9445\" src=\"https:\/\/agora.xtec.cat\/ceip-catalunya-navarcles\/wp-content\/uploads\/usu727\/2025\/07\/imatgfe.jpg\" alt=\"\" width=\"404\" height=\"339\" srcset=\"https:\/\/agora.xtec.cat\/ceip-catalunya-navarcles\/wp-content\/uploads\/usu727\/2025\/07\/imatgfe.jpg 502w, https:\/\/agora.xtec.cat\/ceip-catalunya-navarcles\/wp-content\/uploads\/usu727\/2025\/07\/imatgfe-300x252.jpg 300w\" sizes=\"auto, (max-width: 404px) 100vw, 404px\" \/><\/a><\/p>\n<p>\u00c9l ioga per infants \u00e9s una pr\u00e0ctica que combina el moviment, la respiraci\u00f3 i l\u2019atenci\u00f3 plena d\u2019una manera divertida i accessible.<br \/>\nLes meves classes estan dissenyades per fomentar el respecte, la comunicaci\u00f3, la gesti\u00f3 emocional i el benestar integral dels infants. <strong>(Inici a l&#8217;octubre)<\/strong><\/p>\n<p>Clica aqu\u00ed per veure el <a href=\"https:\/\/drive.google.com\/file\/d\/1G-rqQ4bJ_bgSXmP0t9IXYQYjgfGcv9rR\/view?usp=sharing\">document PDF<\/a> amb tota la informaci\u00f3.<\/p>\n<p>Preu: 25\u20ac al mes.<\/p>\n<h2><strong>ALTRES INFORMACIONS PER EXTRAESCOLARS DE RCI ESPORTS:<\/strong><\/h2>\n<p>&nbsp;<\/p>\n<p>Quotes prorratejades d&#8217;octubre a maig, l\u2019import de la quota mensual \u00e9s el mateix per a tots els mesos.<\/p>\n<p>&#8211; Els rebuts es giraran cada dia 1 per avan\u00e7at.<\/p>\n<p>-10% de descompte per germans (sobre la quota m\u00e9s baixa) excepte el SAM (servei despertador).<\/p>\n<p>-En cas de retorn d&#8217;un rebut la fam\u00edlia es far\u00e0 c\u00e0rrec del cost del retornament.<\/p>\n","protected":false},"excerpt":{"rendered":"<p>&nbsp;<br \/>\n&nbsp;<br \/>\nHORARI EXTRAESCOLARS 2025-26<br \/>\n<a href=\"https:\/\/agora.xtec.cat\/ceip-catalunya-navarcles\/wp-content\/uploads\/usu727\/2025\/07\/HORARI-EXTRAESCOLARS.jpg\"><\/a><br \/>\nBenvolgudes fam\u00edlies,<br \/>\nJa podeu inscriure als vostres fills \/es a les activitats extraescolars per aquest proper curs 2025-2026.<br \/>\nCal inscriure als vostres fills o filles a trav\u00e9s del \u00a0formulari \u00a0de Google\u00a0 (a continuaci\u00f3 trobareu \u00a0l&#8217;enlla\u00e7).\u00a0 Heu de clicar perqu\u00e8 s\u2019obri i complimentar les dades\u00a0&hellip;  <a href=\"https:\/\/agora.xtec.cat\/ceip-catalunya-navarcles\/extraescolars\/\" title=\"Read Extraescolars\">Llegeix m\u00e9s\u00bb<\/a><\/p>\n","protected":false},"author":5,"featured_media":0,"parent":0,"menu_order":0,"comment_status":"closed","ping_status":"closed","template":"","meta":{"_bbp_topic_count":0,"_bbp_reply_count":0,"_bbp_total_topic_count":0,"_bbp_total_reply_count":0,"_bbp_voice_count":0,"_bbp_anonymous_reply_count":0,"_bbp_topic_count_hidden":0,"_bbp_reply_count_hidden":0,"_bbp_forum_subforum_count":0,"footnotes":""},"class_list":["post-9162","page","type-page","status-publish","hentry"],"post_mailing_queue_ids":[],"_links":{"self":[{"href":"https:\/\/agora.xtec.cat\/ceip-catalunya-navarcles\/wp-json\/wp\/v2\/pages\/9162","targetHints":{"allow":["GET"]}}],"collection":[{"href":"https:\/\/agora.xtec.cat\/ceip-catalunya-navarcles\/wp-json\/wp\/v2\/pages"}],"about":[{"href":"https:\/\/agora.xtec.cat\/ceip-catalunya-navarcles\/wp-json\/wp\/v2\/types\/page"}],"author":[{"embeddable":true,"href":"https:\/\/agora.xtec.cat\/ceip-catalunya-navarcles\/wp-json\/wp\/v2\/users\/5"}],"replies":[{"embeddable":true,"href":"https:\/\/agora.xtec.cat\/ceip-catalunya-navarcles\/wp-json\/wp\/v2\/comments?post=9162"}],"version-history":[{"count":6,"href":"https:\/\/agora.xtec.cat\/ceip-catalunya-navarcles\/wp-json\/wp\/v2\/pages\/9162\/revisions"}],"predecessor-version":[{"id":9455,"href":"https:\/\/agora.xtec.cat\/ceip-catalunya-navarcles\/wp-json\/wp\/v2\/pages\/9162\/revisions\/9455"}],"wp:attachment":[{"href":"https:\/\/agora.xtec.cat\/ceip-catalunya-navarcles\/wp-json\/wp\/v2\/media?parent=9162"}],"curies":[{"name":"wp","href":"https:\/\/api.w.org\/{rel}","templated":true}]}}