{"id":8675,"date":"2021-10-03T10:01:18","date_gmt":"2021-10-03T08:01:18","guid":{"rendered":"https:\/\/agora.xtec.cat\/ceip-catalunya-navarcles\/?page_id=8675"},"modified":"2021-10-03T10:40:22","modified_gmt":"2021-10-03T08:40:22","slug":"suport-intensiu-escolaritzacio-inclusiva-siei","status":"publish","type":"page","link":"https:\/\/agora.xtec.cat\/ceip-catalunya-navarcles\/projecte-educatiu\/suport-intensiu-escolaritzacio-inclusiva-siei\/","title":{"rendered":"SUPORT INTENSIU ESCOLARITZACI\u00d3 INCLUSIVA  (SIEI)"},"content":{"rendered":"<p style=\"text-align: justify;\">Els suports intensius per a l\u2019escolaritzaci\u00f3 inclusiva (SIEI) s\u00f3n dotacions extraordin\u00e0ries de professionals que s\u2019incoporen a les plantilles d\u2019escoles i instituts com a recursos intensius per atendre els alumnes amb necessitats educatives especials que ho necessitin.<\/p>\n<p>El SIEI \u00e9s un recurs per al centre, que se suma als suports universals i addicionals per a la inclusi\u00f3.<\/p>\n<p>El nostre centre compte amb aquest recurs amb la incorporaci\u00f3 d&#8217;una mestra d&#8217;educaci\u00f3 especial i una educadora d&#8217;educaci\u00f3 especial.<\/p>\n<p>Podeu consultar el projecte de la nostra escola al seg\u00fcent enlla\u00e7:<\/p>\n<p><a href=\"https:\/\/agora.xtec.cat\/ceip-catalunya-navarcles\/wp-content\/uploads\/usu727\/2021\/10\/PROJECTE-SIEI-ESCOLA-CATALUNYA_NAVARCLES.pdf\" target=\"_blank\" rel=\"noopener\">PROJECTE SIEI DE L&#8217;ESCOLA CATALUNYA DE NAVARCLES<\/a><\/p>\n<p>&nbsp;<\/p>\n","protected":false},"excerpt":{"rendered":"<p>Els suports intensius per a l\u2019escolaritzaci\u00f3 inclusiva (SIEI) s\u00f3n dotacions extraordin\u00e0ries de professionals que s\u2019incoporen a les plantilles d\u2019escoles i instituts com a recursos intensius per atendre els alumnes amb necessitats educatives especials que ho necessitin.<br \/>\nEl SIEI \u00e9s un recurs per al centre, que se&hellip;  <a href=\"https:\/\/agora.xtec.cat\/ceip-catalunya-navarcles\/projecte-educatiu\/suport-intensiu-escolaritzacio-inclusiva-siei\/\" title=\"Read SUPORT INTENSIU ESCOLARITZACI\u00d3 INCLUSIVA  (SIEI)\">Llegeix m\u00e9s\u00bb<\/a><\/p>\n","protected":false},"author":46,"featured_media":0,"parent":64,"menu_order":0,"comment_status":"closed","ping_status":"closed","template":"","meta":{"_bbp_topic_count":0,"_bbp_reply_count":0,"_bbp_total_topic_count":0,"_bbp_total_reply_count":0,"_bbp_voice_count":0,"_bbp_anonymous_reply_count":0,"_bbp_topic_count_hidden":0,"_bbp_reply_count_hidden":0,"_bbp_forum_subforum_count":0,"footnotes":""},"class_list":["post-8675","page","type-page","status-publish","hentry"],"post_mailing_queue_ids":[],"_links":{"self":[{"href":"https:\/\/agora.xtec.cat\/ceip-catalunya-navarcles\/wp-json\/wp\/v2\/pages\/8675","targetHints":{"allow":["GET"]}}],"collection":[{"href":"https:\/\/agora.xtec.cat\/ceip-catalunya-navarcles\/wp-json\/wp\/v2\/pages"}],"about":[{"href":"https:\/\/agora.xtec.cat\/ceip-catalunya-navarcles\/wp-json\/wp\/v2\/types\/page"}],"author":[{"embeddable":true,"href":"https:\/\/agora.xtec.cat\/ceip-catalunya-navarcles\/wp-json\/wp\/v2\/users\/46"}],"replies":[{"embeddable":true,"href":"https:\/\/agora.xtec.cat\/ceip-catalunya-navarcles\/wp-json\/wp\/v2\/comments?post=8675"}],"version-history":[{"count":2,"href":"https:\/\/agora.xtec.cat\/ceip-catalunya-navarcles\/wp-json\/wp\/v2\/pages\/8675\/revisions"}],"predecessor-version":[{"id":8683,"href":"https:\/\/agora.xtec.cat\/ceip-catalunya-navarcles\/wp-json\/wp\/v2\/pages\/8675\/revisions\/8683"}],"up":[{"embeddable":true,"href":"https:\/\/agora.xtec.cat\/ceip-catalunya-navarcles\/wp-json\/wp\/v2\/pages\/64"}],"wp:attachment":[{"href":"https:\/\/agora.xtec.cat\/ceip-catalunya-navarcles\/wp-json\/wp\/v2\/media?parent=8675"}],"curies":[{"name":"wp","href":"https:\/\/api.w.org\/{rel}","templated":true}]}}