{"id":66,"date":"2014-09-18T12:40:47","date_gmt":"2014-09-18T11:40:47","guid":{"rendered":"http:\/\/agora.xtec.cat\/ceip-catalunya-navarcles\/?page_id=66"},"modified":"2025-02-21T09:47:09","modified_gmt":"2025-02-21T08:47:09","slug":"serveis","status":"publish","type":"page","link":"https:\/\/agora.xtec.cat\/ceip-catalunya-navarcles\/serveis\/","title":{"rendered":"Serveis"},"content":{"rendered":"<p>El centre ofereix diferents serveis:<\/p>\n<ul>\n<li>Les <strong>activitats extraescolars<\/strong> estan gestionades per l&#8217;<a href=\"https:\/\/agora.xtec.cat\/ceip-catalunya-navarcles\/ampa-2\/\">AMPA<\/a>.<\/li>\n<li><a href=\"https:\/\/agora.xtec.cat\/ceip-catalunya-navarcles\/serveis\/menjador\/\">El <strong>menjador escolar<\/strong> est\u00e0 gestionat pel Consell Comarcal.<\/a><\/li>\n<li><a href=\"https:\/\/www.ccbages.cat\/educacioicultura\/educacio\/transport\/\">El <strong>transport escolar<\/strong> est\u00e0 gestionat tamb\u00e9 pel Consell Comarcal s&#8217;ofereix als alumnes de Talamanca matriculats abans del 2016.<\/a><\/li>\n<li><a href=\"https:\/\/drive.google.com\/file\/d\/1zjXeRMH2AsMXbs66dU2L-diEJeIuQxI7\/view\">El <strong>bus a peu<\/strong> est\u00e0 gestionat per l&#8217;Ajuntament de Navarcles per alumnes de 1r a 6\u00e8 de prim\u00e0ria.<\/a><\/li>\n<\/ul>\n","protected":false},"excerpt":{"rendered":"<p>El centre ofereix diferents serveis:<\/p>\n<ul>\n<li>Les activitats extraescolars estan gestionades per l&#8217;<a href=\"https:\/\/agora.xtec.cat\/ceip-catalunya-navarcles\/ampa-2\/\">AMPA<\/a>.<\/li>\n<li><a href=\"https:\/\/agora.xtec.cat\/ceip-catalunya-navarcles\/serveis\/menjador\/\">El menjador escolar est\u00e0 gestionat pel Consell Comarcal.<\/a><\/li>\n<li><a href=\"https:\/\/www.ccbages.cat\/educacioicultura\/educacio\/transport\/\">El transport escolar est\u00e0 gestionat tamb\u00e9 pel Consell Comarcal s&#8217;ofereix als alumnes de Talamanca matriculats abans del 2016.<\/a><\/li>\n<li><a href=\"https:\/\/drive.google.com\/file\/d\/1zjXeRMH2AsMXbs66dU2L-diEJeIuQxI7\/view\">El bus a peu est\u00e0 gestionat per&hellip;  <a href=\"https:\/\/agora.xtec.cat\/ceip-catalunya-navarcles\/serveis\/\" title=\"Read Serveis\">Llegeix m\u00e9s\u00bb<\/a><br \/>\n","protected":false},"author":1,"featured_media":0,"parent":0,"menu_order":1,"comment_status":"closed","ping_status":"closed","template":"","meta":{"_bbp_topic_count":0,"_bbp_reply_count":0,"_bbp_total_topic_count":0,"_bbp_total_reply_count":0,"_bbp_voice_count":0,"_bbp_anonymous_reply_count":0,"_bbp_topic_count_hidden":0,"_bbp_reply_count_hidden":0,"_bbp_forum_subforum_count":0,"footnotes":""},"class_list":["post-66","page","type-page","status-publish","hentry"],"post_mailing_queue_ids":[],"_links":{"self":[{"href":"https:\/\/agora.xtec.cat\/ceip-catalunya-navarcles\/wp-json\/wp\/v2\/pages\/66","targetHints":{"allow":["GET"]}}],"collection":[{"href":"https:\/\/agora.xtec.cat\/ceip-catalunya-navarcles\/wp-json\/wp\/v2\/pages"}],"about":[{"href":"https:\/\/agora.xtec.cat\/ceip-catalunya-navarcles\/wp-json\/wp\/v2\/types\/page"}],"author":[{"embeddable":true,"href":"https:\/\/agora.xtec.cat\/ceip-catalunya-navarcles\/wp-json\/wp\/v2\/users\/1"}],"replies":[{"embeddable":true,"href":"https:\/\/agora.xtec.cat\/ceip-catalunya-navarcles\/wp-json\/wp\/v2\/comments?post=66"}],"version-history":[{"count":6,"href":"https:\/\/agora.xtec.cat\/ceip-catalunya-navarcles\/wp-json\/wp\/v2\/pages\/66\/revisions"}],"predecessor-version":[{"id":9411,"href":"https:\/\/agora.xtec.cat\/ceip-catalunya-navarcles\/wp-json\/wp\/v2\/pages\/66\/revisions\/9411"}],"wp:attachment":[{"href":"https:\/\/agora.xtec.cat\/ceip-catalunya-navarcles\/wp-json\/wp\/v2\/media?parent=66"}],"curies":[{"name":"wp","href":"https:\/\/api.w.org\/{rel}","templated":true}]}}