{"id":64,"date":"2014-09-18T12:39:08","date_gmt":"2014-09-18T11:39:08","guid":{"rendered":"http:\/\/agora.xtec.cat\/ceip-catalunya-navarcles\/?page_id=64"},"modified":"2024-03-12T16:11:35","modified_gmt":"2024-03-12T15:11:35","slug":"projecte-educatiu","status":"publish","type":"page","link":"https:\/\/agora.xtec.cat\/ceip-catalunya-navarcles\/projecte-educatiu\/","title":{"rendered":"DOCUMENTS DEL CENTRE"},"content":{"rendered":"<h4><strong>ELS NOSTRES DOCUMENTS<\/strong><\/h4>\n<p>Cliqueu a la imatge per poder accedir als documents p\u00fablics.<\/p>\n<h4><a href=\"https:\/\/drive.google.com\/file\/d\/1O0S3NxYxwafgrhlLXRxp_N0cp2swCLmm\/view?usp=drive_link\"><img loading=\"lazy\" decoding=\"async\" class=\"alignnone size-large wp-image-9344\" src=\"https:\/\/agora.xtec.cat\/ceip-catalunya-navarcles\/wp-content\/uploads\/usu727\/2024\/03\/PEC-1024x682.png\" alt=\"\" width=\"1024\" height=\"682\" srcset=\"https:\/\/agora.xtec.cat\/ceip-catalunya-navarcles\/wp-content\/uploads\/usu727\/2024\/03\/PEC-1024x682.png 1024w, https:\/\/agora.xtec.cat\/ceip-catalunya-navarcles\/wp-content\/uploads\/usu727\/2024\/03\/PEC-300x200.png 300w, https:\/\/agora.xtec.cat\/ceip-catalunya-navarcles\/wp-content\/uploads\/usu727\/2024\/03\/PEC-768x511.png 768w, https:\/\/agora.xtec.cat\/ceip-catalunya-navarcles\/wp-content\/uploads\/usu727\/2024\/03\/PEC.png 1113w\" sizes=\"auto, (max-width: 1024px) 100vw, 1024px\" \/><\/a><\/h4>\n<h4><strong>EL NOU CURR\u00cdCULUM<\/strong><\/h4>\n<h4><span style=\"font-weight: 400;\">1. <a href=\"https:\/\/projectes.xtec.cat\/nou-curriculum\/educacio-infantil\/\">Educaci\u00f3 Infantil <\/a><\/span><\/h4>\n<h4><span style=\"font-weight: 400;\">2.<a href=\"https:\/\/projectes.xtec.cat\/nou-curriculum\/educacio-basica\/\"> Educaci\u00f3 Prim\u00e0ria<\/a><\/span><\/h4>\n<p>&nbsp;<\/p>\n<h4><strong>PRINCIPIS \u00a0\u00a0GENERALS DE L&#8217;ESCOLA<\/strong><\/h4>\n<p><span style=\"font-weight: 400;\">L\u2019Escola Catalunya, que es defineix com a escola oberta i plural, d\u00f3na prioritat als seg\u00fcents principis:<\/span><\/p>\n<p><span style=\"font-weight: 400;\">1. L&#8217;educaci\u00f3 ha d&#8217;estar basada en la <\/span><b>responsabilitat i en la conviv\u00e8ncia<\/b> <b>entre les persones (pau, di\u00e0leg, cooperaci\u00f3, toler\u00e0ncia i solidaritat)<\/b><span style=\"font-weight: 400;\">. Cap alumne\/a podr\u00e0 \u00e9sser discriminat per motius religiosos, de sexe, d\u2019\u00e8tnia, pol\u00edtics, socials, ni de cap altra mena.<\/span><\/p>\n<p><span style=\"font-weight: 400;\">2. Els nens\/es, en totes les activitats educatives, <\/span><b>han de con\u00e8ixer i respectar el seu entorn cultural<\/b><span style=\"font-weight: 400;\"> i <\/span><b>f\u00edsic <\/b><span style=\"font-weight: 400;\">com a objectiu principal d&#8217;una manera progressiva.<\/span><\/p>\n<p><span style=\"font-weight: 400;\">3. Els nens\/es han de desenvolupar <\/span><b>t\u00e8cniques d&#8217;estudi i h\u00e0bits intel\u00b7lectuals que li permetin aprendre<\/b><span style=\"font-weight: 400;\"> mitjan\u00e7ant l\u2019observaci\u00f3, la reflexi\u00f3, la investigaci\u00f3, el contrast d&#8217;opinions,&#8230; per tal d\u2019adquirir l\u2019<\/span><b>autonomia<\/b><span style=\"font-weight: 400;\"> necess\u00e0ria que els permeti <\/span><b>construir el seu saber. \u00a0 \u00a0 \u00a0<\/b><\/p>\n<p><b><a href=\"https:\/\/drive.google.com\/file\/d\/1QPqVCNSi6OCJe0lWNTnKupIfgbCXtgNf\/view?usp=sharing\">\u00a0 \u00a0<\/a><a href=\"https:\/\/drive.google.com\/file\/d\/1Cl-_JQvekOSfgkLxv5OQYhqZvCsT4P7p\/view?usp=sharing\">\u00a0 \u00a0<\/a><\/b><\/p>\n<p><a href=\"https:\/\/drive.google.com\/drive\/folders\/0B57gbCmzPs9ZMUlSNU4zT2pBUkk?resourcekey=0-TNicXawdMLhfSpwvP7yBJQ&amp;usp=sharing\">\u00a0 \u00a0<\/a><a href=\"https:\/\/drive.google.com\/file\/d\/1QoNdZXOYv48JMwyp62A9Izk1mVOL1H1j\/view?usp=sharing\">\u00a0 \u00a0<\/a><\/p>\n","protected":false},"excerpt":{"rendered":"<p>ELS NOSTRES DOCUMENTS<br \/>\nCliqueu a la imatge per poder accedir als documents p\u00fablics.<br \/>\n<a href=\"https:\/\/drive.google.com\/file\/d\/1O0S3NxYxwafgrhlLXRxp_N0cp2swCLmm\/view?usp=drive_link\"><\/a><br \/>\nEL NOU CURR\u00cdCULUM<br \/>\n1. <a href=\"https:\/\/projectes.xtec.cat\/nou-curriculum\/educacio-infantil\/\">Educaci\u00f3 Infantil <\/a><br \/>\n2.<a href=\"https:\/\/projectes.xtec.cat\/nou-curriculum\/educacio-basica\/\"> Educaci\u00f3 Prim\u00e0ria<\/a><br \/>\n&nbsp;<br \/>\nPRINCIPIS \u00a0\u00a0GENERALS DE L&#8217;ESCOLA<br \/>\nL\u2019Escola Catalunya, que es defineix com a escola oberta i plural, d\u00f3na prioritat als seg\u00fcents principis:<br \/>\n1. L&#8217;educaci\u00f3 ha d&#8217;estar basada en&hellip;  <a href=\"https:\/\/agora.xtec.cat\/ceip-catalunya-navarcles\/projecte-educatiu\/\" title=\"Read DOCUMENTS DEL CENTRE\">Llegeix m\u00e9s\u00bb<\/a><\/p>\n","protected":false},"author":1,"featured_media":0,"parent":0,"menu_order":0,"comment_status":"closed","ping_status":"closed","template":"","meta":{"_bbp_topic_count":0,"_bbp_reply_count":0,"_bbp_total_topic_count":0,"_bbp_total_reply_count":0,"_bbp_voice_count":0,"_bbp_anonymous_reply_count":0,"_bbp_topic_count_hidden":0,"_bbp_reply_count_hidden":0,"_bbp_forum_subforum_count":0,"footnotes":""},"class_list":["post-64","page","type-page","status-publish","hentry"],"post_mailing_queue_ids":[],"_links":{"self":[{"href":"https:\/\/agora.xtec.cat\/ceip-catalunya-navarcles\/wp-json\/wp\/v2\/pages\/64","targetHints":{"allow":["GET"]}}],"collection":[{"href":"https:\/\/agora.xtec.cat\/ceip-catalunya-navarcles\/wp-json\/wp\/v2\/pages"}],"about":[{"href":"https:\/\/agora.xtec.cat\/ceip-catalunya-navarcles\/wp-json\/wp\/v2\/types\/page"}],"author":[{"embeddable":true,"href":"https:\/\/agora.xtec.cat\/ceip-catalunya-navarcles\/wp-json\/wp\/v2\/users\/1"}],"replies":[{"embeddable":true,"href":"https:\/\/agora.xtec.cat\/ceip-catalunya-navarcles\/wp-json\/wp\/v2\/comments?post=64"}],"version-history":[{"count":7,"href":"https:\/\/agora.xtec.cat\/ceip-catalunya-navarcles\/wp-json\/wp\/v2\/pages\/64\/revisions"}],"predecessor-version":[{"id":9345,"href":"https:\/\/agora.xtec.cat\/ceip-catalunya-navarcles\/wp-json\/wp\/v2\/pages\/64\/revisions\/9345"}],"wp:attachment":[{"href":"https:\/\/agora.xtec.cat\/ceip-catalunya-navarcles\/wp-json\/wp\/v2\/media?parent=64"}],"curies":[{"name":"wp","href":"https:\/\/api.w.org\/{rel}","templated":true}]}}