{"id":30,"date":"2014-09-18T12:30:23","date_gmt":"2014-09-18T11:30:23","guid":{"rendered":"http:\/\/agora.xtec.cat\/ceip-catalunya-navarcles\/?page_id=30"},"modified":"2026-04-16T09:46:26","modified_gmt":"2026-04-16T07:46:26","slug":"preinscripcio","status":"publish","type":"page","link":"https:\/\/agora.xtec.cat\/ceip-catalunya-navarcles\/lescola\/preinscripcio\/","title":{"rendered":"PREINSCRIPCIONS I MATR\u00cdCULA"},"content":{"rendered":"<p>&nbsp;<\/p>\n<table style=\"border-collapse: collapse; width: 100%;\">\n<tbody>\n<tr>\n<td style=\"width: 50%;\">\n<h2><a href=\"https:\/\/docs.google.com\/forms\/d\/e\/1FAIpQLSdcIp0i4ZZ02D9GP4W3nydMMFOT6BzWv3ky_NI98gm-Tg56BA\/viewform\" target=\"_blank\" rel=\"https:\/\/docs.google.com\/forms\/d\/e\/1FAIpQLSdcIp0i4ZZ02D9GP4W3nydMMFOT6BzWv3ky_NI98gm-Tg56BA\/viewform noopener\"><img loading=\"lazy\" decoding=\"async\" class=\"aligncenter wp-image-9489\" src=\"https:\/\/agora.xtec.cat\/ceip-catalunya-navarcles\/wp-content\/uploads\/usu727\/2026\/02\/de-febrer-1-819x1024.png\" alt=\"\" width=\"310\" height=\"388\" srcset=\"https:\/\/agora.xtec.cat\/ceip-catalunya-navarcles\/wp-content\/uploads\/usu727\/2026\/02\/de-febrer-1-819x1024.png 819w, https:\/\/agora.xtec.cat\/ceip-catalunya-navarcles\/wp-content\/uploads\/usu727\/2026\/02\/de-febrer-1-240x300.png 240w, https:\/\/agora.xtec.cat\/ceip-catalunya-navarcles\/wp-content\/uploads\/usu727\/2026\/02\/de-febrer-1-768x960.png 768w, https:\/\/agora.xtec.cat\/ceip-catalunya-navarcles\/wp-content\/uploads\/usu727\/2026\/02\/de-febrer-1.png 1080w\" sizes=\"auto, (max-width: 310px) 100vw, 310px\" \/><\/a><\/h2>\n<h2 style=\"text-align: center;\"><strong>PREINSCRIPCIONS 2026-27<\/strong><\/h2>\n<p>El per\u00edode de preinscripci\u00f3 per les etapes del segon cicle d&#8217;Educaci\u00f3 Infantil (3-6 anys) i Educaci\u00f3 Prim\u00e0ria \u00e9s del <strong>4 al 18 de mar\u00e7<\/strong> a trav\u00e9s de l&#8217;enlla\u00e7 seg\u00fcent (encara no disponible):<\/p>\n<p><a href=\"https:\/\/preinscripcio.gencat.cat\/ca\/inici\/\"><img loading=\"lazy\" decoding=\"async\" class=\"aligncenter wp-image-8960 size-full\" src=\"https:\/\/agora.xtec.cat\/ceip-catalunya-navarcles\/wp-content\/uploads\/usu727\/2022\/07\/boto-CLIC.png\" alt=\"\" width=\"319\" height=\"131\" srcset=\"https:\/\/agora.xtec.cat\/ceip-catalunya-navarcles\/wp-content\/uploads\/usu727\/2022\/07\/boto-CLIC.png 319w, https:\/\/agora.xtec.cat\/ceip-catalunya-navarcles\/wp-content\/uploads\/usu727\/2022\/07\/boto-CLIC-300x123.png 300w\" sizes=\"auto, (max-width: 319px) 100vw, 319px\" \/><\/a><\/p>\n<p>&nbsp;<\/p>\n<h3><a href=\"https:\/\/preinscripcio.gencat.cat\/ca\/estudis\/infantil-3-6\/informat\/calendari\/\">DATES CLAUS I CALENDARI<\/a><\/h3>\n<p>&nbsp;<\/p>\n<h3><a href=\"https:\/\/agora.xtec.cat\/ceip-catalunya-navarcles\/wp-content\/uploads\/usu727\/2026\/04\/INFORME_OFERTA_OME_INFORME_OFERTA.pdf\">LLISTAT OFERTA INICIAL DE PLACES (3 de mar\u00e7)<\/a><\/h3>\n<h3><a href=\"https:\/\/agora.xtec.cat\/ceip-catalunya-navarcles\/wp-content\/uploads\/usu727\/2026\/04\/BAREM_PROVISIONAL_catalunya.pdf\">LLISTAT PUNTUACI\u00d3 PROVISIONAL (15 d&#8217;abril)<\/a><\/h3>\n<h3>LLISTAT PUNTUACI\u00d3 DEFINITIVA (23 d&#8217;abril)<\/h3>\n<h3>LLISTAT ORDENAT (29 d&#8217;abril)<\/h3>\n<p>&nbsp;<\/p>\n<h3>LLISTAT PLACES ESCOLARS 26-27 (10 de juny)<\/h3>\n<h3>LLISTAT ADMESOS 26-27 (10 de juny)<\/h3>\n<h3>LLISTA D&#8217;ESPERA 26-27 (10 de juny)<\/h3>\n<h3>PER\u00cdODE DE MATRICULACI\u00d3 (Del 22 al 30 de juny de 2026)<\/h3>\n<h3><\/h3>\n<p>&nbsp;<\/p>\n<p>&nbsp;<\/p>\n<p>&nbsp;<\/p>\n<p>&nbsp;<\/p>\n<p>&nbsp;<\/p>\n<p>&nbsp;<\/p>\n<p>&nbsp;<\/p>\n<p>&nbsp;<\/p>\n<p>&nbsp;<\/td>\n<td style=\"width: 50%;\">\n<h2 style=\"text-align: center;\"><strong>MATR\u00cdCULA 2025-26<\/strong><\/h2>\n<h2 style=\"text-align: left;\"><strong>AMB PREINSCRIPCI\u00d3<\/strong><\/h2>\n<p>Un cop acabat el per\u00edode de preinscripci\u00f3, al juny, comen\u00e7ar\u00e0 el per\u00edode de matriculaci\u00f3 de l&#8217;alumnat que hagi entrat al centre. Durant aquest per\u00edode cal portar:<\/p>\n<ul>\n<li style=\"font-weight: 400;\" aria-level=\"1\"><span style=\"font-weight: 400;\">Fotoc\u00f2pia del DNI de l\u2019alumne\/a (si en t\u00e9).\u00a0<\/span><\/li>\n<li style=\"font-weight: 400;\" aria-level=\"1\"><span style=\"font-weight: 400;\">Fotoc\u00f2pia del DNI progenitors.<\/span><\/li>\n<li style=\"font-weight: 400;\" aria-level=\"1\"><span style=\"font-weight: 400;\">Fotoc\u00f2pia del llibre de fam\u00edlia.<\/span><\/li>\n<li style=\"font-weight: 400;\" aria-level=\"1\"><span style=\"font-weight: 400;\">Fotoc\u00f2pia del carnet de vacunes.\u00a0<\/span><\/li>\n<li aria-level=\"1\">Fotoc\u00f2pia de la targeta sanit\u00e0ria.<\/li>\n<li style=\"font-weight: 400;\" aria-level=\"1\"><span style=\"font-weight: 400;\">Full d\u2019empadronament.\u00a0<\/span><\/li>\n<li style=\"font-weight: 400;\" aria-level=\"1\"><span style=\"font-weight: 400;\">Pels alumnes que comencen I3 , cal 1 foto de mida carnet.<\/span><\/li>\n<\/ul>\n<p><b>Cal retornar els seg\u00fcents documents emplenats i signats:<\/b><\/p>\n<ul>\n<li style=\"font-weight: 400;\" aria-level=\"1\"><a href=\"https:\/\/drive.google.com\/file\/d\/1kjTDOupq0tgn2V3FFnJmx-rXu4Ldz0CH\/view?usp=sharing\"><span style=\"font-weight: 400;\">Autoritzaci\u00f3 Paracetamol.<\/span><\/a><\/li>\n<li style=\"font-weight: 400;\" aria-level=\"1\"><a href=\"https:\/\/drive.google.com\/file\/d\/1VReL5keGFW4LMDSDI5U0Vaam0Wo4ZqM6\/view?usp=sharing\"><span style=\"font-weight: 400;\">Autoritzaci\u00f3 \u00fas d\u2019imatges.<\/span><\/a><\/li>\n<li style=\"font-weight: 400;\" aria-level=\"1\"><a href=\"https:\/\/drive.google.com\/file\/d\/12vRKasVaABF9c63RRr-strGLRrl1BMB_\/view?usp=sharing\"><span style=\"font-weight: 400;\">Full d\u2019actualitzaci\u00f3 de dades.\u00a0<\/span><\/a><\/li>\n<li style=\"font-weight: 400;\" aria-level=\"1\"><a href=\"https:\/\/drive.google.com\/file\/d\/1ppUp_6X1FvGA_Tsawnz37KLzBR5Nrv38\/view?usp=sharing\"><span style=\"font-weight: 400;\">Carta de comprom\u00eds educatiu.<\/span><\/a><\/li>\n<li aria-level=\"1\"><a href=\"https:\/\/drive.google.com\/file\/d\/1mD9MWSDjexr1s_v-LaKVtZetfefSue28\/view?usp=sharing\">Full d&#8217;al\u00b7l\u00e8rgies.<\/a><\/li>\n<\/ul>\n<p>&nbsp;<\/p>\n<h2 style=\"text-align: left;\"><strong>SENSE PREINSCRIPCI\u00d3 (MATR\u00cdCULA VIVA)<\/strong><\/h2>\n<p>Si no has participat al proc\u00e9s de preinscripci\u00f3, pots fer la matriculaci\u00f3 de l&#8217;alumnat fora de termini. En aquest cas l&#8217;acc\u00e9s dependr\u00e0 de si hi ha places o no.<\/p>\n<ul>\n<li><a href=\"https:\/\/educacio.gencat.cat\/ca\/tramits\/tramits-temes\/admissio-centre-fora-proces-preinscripcio\">Acc\u00e9s<\/a><\/li>\n<\/ul>\n<p>En cas de qu\u00e8 el centre us comuniqui que heu accedit a la pla\u00e7a cal portar la documentaci\u00f3 seg\u00fcent:<\/p>\n<ul>\n<li style=\"font-weight: 400;\" aria-level=\"1\"><span style=\"font-weight: 400;\">Fotoc\u00f2pia del DNI de l\u2019alumne\/a (si en t\u00e9).\u00a0<\/span><\/li>\n<li style=\"font-weight: 400;\" aria-level=\"1\"><span style=\"font-weight: 400;\">Fotoc\u00f2pia del DNI progenitors.<\/span><\/li>\n<li style=\"font-weight: 400;\" aria-level=\"1\"><span style=\"font-weight: 400;\">Fotoc\u00f2pia del llibre de fam\u00edlia.<\/span><\/li>\n<li style=\"font-weight: 400;\" aria-level=\"1\"><span style=\"font-weight: 400;\">Fotoc\u00f2pia del carnet de vacunes.\u00a0<\/span><\/li>\n<li aria-level=\"1\">Fotoc\u00f2pia de la targeta sanit\u00e0ria.<\/li>\n<li style=\"font-weight: 400;\" aria-level=\"1\"><span style=\"font-weight: 400;\">Full d\u2019empadronament.\u00a0<\/span><\/li>\n<li style=\"font-weight: 400;\" aria-level=\"1\"><span style=\"font-weight: 400;\">Pels alumnes que comencen I3 , cal 1 foto de mida carnet.<\/span><\/li>\n<\/ul>\n<p><b>Cal retornar els seg\u00fcents documents emplenats i signats:<\/b><\/p>\n<ul>\n<li style=\"font-weight: 400;\" aria-level=\"1\"><a href=\"https:\/\/drive.google.com\/file\/d\/1kjTDOupq0tgn2V3FFnJmx-rXu4Ldz0CH\/view?usp=sharing\"><span style=\"font-weight: 400;\">Autoritzaci\u00f3 Paracetamol.<\/span><\/a><\/li>\n<li style=\"font-weight: 400;\" aria-level=\"1\"><a href=\"https:\/\/drive.google.com\/file\/d\/1VReL5keGFW4LMDSDI5U0Vaam0Wo4ZqM6\/view?usp=sharing\"><span style=\"font-weight: 400;\">Autoritzaci\u00f3 \u00fas d\u2019imatges.<\/span><\/a><\/li>\n<li style=\"font-weight: 400;\" aria-level=\"1\"><a href=\"https:\/\/drive.google.com\/file\/d\/12vRKasVaABF9c63RRr-strGLRrl1BMB_\/view?usp=sharing\"><span style=\"font-weight: 400;\">Full d\u2019actualitzaci\u00f3 de dades.\u00a0<\/span><\/a><\/li>\n<li style=\"font-weight: 400;\" aria-level=\"1\"><a href=\"https:\/\/drive.google.com\/file\/d\/1ppUp_6X1FvGA_Tsawnz37KLzBR5Nrv38\/view?usp=sharing\"><span style=\"font-weight: 400;\">Carta de comprom\u00eds educatiu.<\/span><\/a><\/li>\n<li aria-level=\"1\"><a href=\"https:\/\/drive.google.com\/file\/d\/1mD9MWSDjexr1s_v-LaKVtZetfefSue28\/view?usp=sharing\">Full d&#8217;al\u00b7l\u00e8rgies.<\/a><\/li>\n<\/ul>\n<\/td>\n<\/tr>\n<\/tbody>\n<\/table>\n<p>&nbsp;<\/p>\n","protected":false},"excerpt":{"rendered":"<p>&nbsp;<\/p>\n<p><a href=\"https:\/\/docs.google.com\/forms\/d\/e\/1FAIpQLSdcIp0i4ZZ02D9GP4W3nydMMFOT6BzWv3ky_NI98gm-Tg56BA\/viewform\" target=\"_blank\" rel=\"https:\/\/docs.google.com\/forms\/d\/e\/1FAIpQLSdcIp0i4ZZ02D9GP4W3nydMMFOT6BzWv3ky_NI98gm-Tg56BA\/viewform noopener\"><\/a><br \/>\nPREINSCRIPCIONS 2026-27<br \/>\nEl per\u00edode de preinscripci\u00f3 per les etapes del segon cicle d&#8217;Educaci\u00f3 Infantil (3-6 anys) i Educaci\u00f3 Prim\u00e0ria \u00e9s del 4 al 18 de mar\u00e7 a trav\u00e9s de l&#8217;enlla\u00e7 seg\u00fcent (encara no disponible):<br \/>\n<a href=\"https:\/\/preinscripcio.gencat.cat\/ca\/inici\/\"><\/a><br \/>\n&nbsp;<br \/>\n<a href=\"https:\/\/preinscripcio.gencat.cat\/ca\/estudis\/infantil-3-6\/informat\/calendari\/\">DATES CLAUS I CALENDARI<\/a><br \/>\n&nbsp;<br \/>\n<a href=\"https:\/\/agora.xtec.cat\/ceip-catalunya-navarcles\/wp-content\/uploads\/usu727\/2026\/04\/INFORME_OFERTA_OME_INFORME_OFERTA.pdf\">LLISTAT OFERTA INICIAL&hellip;  <a href=\"https:\/\/agora.xtec.cat\/ceip-catalunya-navarcles\/lescola\/preinscripcio\/\" title=\"Read PREINSCRIPCIONS I MATR\u00cdCULA\">Llegeix m\u00e9s\u00bb<\/a><\/p>\n","protected":false},"author":1,"featured_media":0,"parent":22,"menu_order":40,"comment_status":"closed","ping_status":"closed","template":"","meta":{"_bbp_topic_count":0,"_bbp_reply_count":0,"_bbp_total_topic_count":0,"_bbp_total_reply_count":0,"_bbp_voice_count":0,"_bbp_anonymous_reply_count":0,"_bbp_topic_count_hidden":0,"_bbp_reply_count_hidden":0,"_bbp_forum_subforum_count":0,"footnotes":""},"class_list":["post-30","page","type-page","status-publish","hentry"],"post_mailing_queue_ids":[],"_links":{"self":[{"href":"https:\/\/agora.xtec.cat\/ceip-catalunya-navarcles\/wp-json\/wp\/v2\/pages\/30","targetHints":{"allow":["GET"]}}],"collection":[{"href":"https:\/\/agora.xtec.cat\/ceip-catalunya-navarcles\/wp-json\/wp\/v2\/pages"}],"about":[{"href":"https:\/\/agora.xtec.cat\/ceip-catalunya-navarcles\/wp-json\/wp\/v2\/types\/page"}],"author":[{"embeddable":true,"href":"https:\/\/agora.xtec.cat\/ceip-catalunya-navarcles\/wp-json\/wp\/v2\/users\/1"}],"replies":[{"embeddable":true,"href":"https:\/\/agora.xtec.cat\/ceip-catalunya-navarcles\/wp-json\/wp\/v2\/comments?post=30"}],"version-history":[{"count":9,"href":"https:\/\/agora.xtec.cat\/ceip-catalunya-navarcles\/wp-json\/wp\/v2\/pages\/30\/revisions"}],"predecessor-version":[{"id":9499,"href":"https:\/\/agora.xtec.cat\/ceip-catalunya-navarcles\/wp-json\/wp\/v2\/pages\/30\/revisions\/9499"}],"up":[{"embeddable":true,"href":"https:\/\/agora.xtec.cat\/ceip-catalunya-navarcles\/wp-json\/wp\/v2\/pages\/22"}],"wp:attachment":[{"href":"https:\/\/agora.xtec.cat\/ceip-catalunya-navarcles\/wp-json\/wp\/v2\/media?parent=30"}],"curies":[{"name":"wp","href":"https:\/\/api.w.org\/{rel}","templated":true}]}}