{"id":28,"date":"2014-09-18T12:29:35","date_gmt":"2014-09-18T11:29:35","guid":{"rendered":"http:\/\/agora.xtec.cat\/ceip-catalunya-navarcles\/?page_id=28"},"modified":"2025-05-20T14:38:59","modified_gmt":"2025-05-20T12:38:59","slug":"consell-escolar","status":"publish","type":"page","link":"https:\/\/agora.xtec.cat\/ceip-catalunya-navarcles\/lescola\/consell-escolar\/","title":{"rendered":"CONSELL ESCOLAR"},"content":{"rendered":"<p><a href=\"https:\/\/agora.xtec.cat\/ceip-catalunya-navarcles\/wp-content\/uploads\/usu727\/2025\/05\/CONSELL-ESCOLAR-24-25_VERSIO2.png\"><img loading=\"lazy\" decoding=\"async\" class=\"alignnone size-large wp-image-9430\" src=\"https:\/\/agora.xtec.cat\/ceip-catalunya-navarcles\/wp-content\/uploads\/usu727\/2025\/05\/CONSELL-ESCOLAR-24-25_VERSIO2-1024x724.png\" alt=\"\" width=\"1024\" height=\"724\" srcset=\"https:\/\/agora.xtec.cat\/ceip-catalunya-navarcles\/wp-content\/uploads\/usu727\/2025\/05\/CONSELL-ESCOLAR-24-25_VERSIO2-1024x724.png 1024w, https:\/\/agora.xtec.cat\/ceip-catalunya-navarcles\/wp-content\/uploads\/usu727\/2025\/05\/CONSELL-ESCOLAR-24-25_VERSIO2-300x212.png 300w, https:\/\/agora.xtec.cat\/ceip-catalunya-navarcles\/wp-content\/uploads\/usu727\/2025\/05\/CONSELL-ESCOLAR-24-25_VERSIO2-768x543.png 768w, https:\/\/agora.xtec.cat\/ceip-catalunya-navarcles\/wp-content\/uploads\/usu727\/2025\/05\/CONSELL-ESCOLAR-24-25_VERSIO2.png 1250w\" sizes=\"auto, (max-width: 1024px) 100vw, 1024px\" \/><\/a><\/p>\n<p style=\"font-weight: 400;\">El consell escolar \u00e9s l&#8217;\u00f2rgan de participaci\u00f3 dels diferents sectors de la comunitat educativa en el govern dels centres.<\/p>\n<p style=\"font-weight: 400;\">El formen els representants de tota la comunitat educativa, \u00e9s a dir, direcci\u00f3, professors, alumnes, fam\u00edlies, personal d&#8217;administraci\u00f3 i serveis, representant de l&#8217;administraci\u00f3 local i altres persones que el mateix consell consideri necess\u00e0ries.<\/p>\n<p style=\"font-weight: 400;\">La funci\u00f3 principal del consell escolar \u00e9s participar en la presa de decisions en relaci\u00f3 amb aquells temes importants per al funcionament i l&#8217;organitzaci\u00f3 del centre: el projecte educatiu, la programaci\u00f3 general, la gesti\u00f3 econ\u00f2mica, la resoluci\u00f3 dels conflictes, les activitats extraescolars, l&#8217;horari lectiu, etc<\/p>\n<p style=\"font-weight: 400;\">Els representants del consell escolar s\u00f3n escollits per un per\u00edode de quatre anys, per\u00f2 cada dos anys es convoquen eleccions per renovar la meitat dels seus membres.<\/p>\n<p style=\"font-weight: 400;\">Les eleccions per a la renovaci\u00f3 del consell escolar les convoca el director.<\/p>\n<p style=\"font-weight: 400;\">Les vacants del consell escolar s&#8217;ocupen segons els resultats de les eleccions. Si un membre deixa el consell, passar\u00e0 a ocupar el seu lloc la seg\u00fcent candidatura m\u00e9s votada en les darreres eleccions. Si no hi ha m\u00e9s candidats per cobrir la pla\u00e7a, queda vacant fins a la propera renovaci\u00f3 del consell escolar.<\/p>\n<p style=\"font-weight: 400;\"><strong>COMPOSICI\u00d3 DEL CONSELL ESCOLAR:<\/strong><\/p>\n<p><strong>President:<\/strong> Alberto Fern\u00e1ndez, director de l&#8217;Escola<\/p>\n<p><strong>Equip Directiu:<\/strong> Octavi Luna (Cap d&#8217;Estudis) i Rocio Carmona (Secretaria)<\/p>\n<p><strong>Representant Ajuntament:<\/strong> Rosa Morat\u00f3, regidora d&#8217;Educaci\u00f3<\/p>\n<p><strong>Representant AMPA:<\/strong> Nieves G\u00f3mez.<\/p>\n<p><strong>Representants sector pares:<\/strong> Adriana Prades, Ferran Torrijos, Clara Puig\u00a0 i Ricard Carreras.<\/p>\n<p><strong>Representants sector mestres:<\/strong> Dolors Ma\u00f1osas, Joan Clusella, Gemma Espelt, Laura Bosch i Anna Torras.<\/p>\n<p><strong>Representant PAS i serveis:<\/strong> Ingrid Selva<\/p>\n<p>&nbsp;<\/p>\n<p>&nbsp;<\/p>\n","protected":false},"excerpt":{"rendered":"<p><a href=\"https:\/\/agora.xtec.cat\/ceip-catalunya-navarcles\/wp-content\/uploads\/usu727\/2025\/05\/CONSELL-ESCOLAR-24-25_VERSIO2.png\"><\/a><br \/>\nEl consell escolar \u00e9s l&#8217;\u00f2rgan de participaci\u00f3 dels diferents sectors de la comunitat educativa en el govern dels centres.<br \/>\nEl formen els representants de tota la comunitat educativa, \u00e9s a dir, direcci\u00f3, professors, alumnes, fam\u00edlies, personal d&#8217;administraci\u00f3 i serveis, representant de l&#8217;administraci\u00f3 local i altres&hellip;  <a href=\"https:\/\/agora.xtec.cat\/ceip-catalunya-navarcles\/lescola\/consell-escolar\/\" title=\"Read CONSELL ESCOLAR\">Llegeix m\u00e9s\u00bb<\/a><\/p>\n","protected":false},"author":1,"featured_media":0,"parent":22,"menu_order":30,"comment_status":"closed","ping_status":"closed","template":"","meta":{"_bbp_topic_count":0,"_bbp_reply_count":0,"_bbp_total_topic_count":0,"_bbp_total_reply_count":0,"_bbp_voice_count":0,"_bbp_anonymous_reply_count":0,"_bbp_topic_count_hidden":0,"_bbp_reply_count_hidden":0,"_bbp_forum_subforum_count":0,"footnotes":""},"class_list":["post-28","page","type-page","status-publish","hentry"],"post_mailing_queue_ids":[],"_links":{"self":[{"href":"https:\/\/agora.xtec.cat\/ceip-catalunya-navarcles\/wp-json\/wp\/v2\/pages\/28","targetHints":{"allow":["GET"]}}],"collection":[{"href":"https:\/\/agora.xtec.cat\/ceip-catalunya-navarcles\/wp-json\/wp\/v2\/pages"}],"about":[{"href":"https:\/\/agora.xtec.cat\/ceip-catalunya-navarcles\/wp-json\/wp\/v2\/types\/page"}],"author":[{"embeddable":true,"href":"https:\/\/agora.xtec.cat\/ceip-catalunya-navarcles\/wp-json\/wp\/v2\/users\/1"}],"replies":[{"embeddable":true,"href":"https:\/\/agora.xtec.cat\/ceip-catalunya-navarcles\/wp-json\/wp\/v2\/comments?post=28"}],"version-history":[{"count":8,"href":"https:\/\/agora.xtec.cat\/ceip-catalunya-navarcles\/wp-json\/wp\/v2\/pages\/28\/revisions"}],"predecessor-version":[{"id":9431,"href":"https:\/\/agora.xtec.cat\/ceip-catalunya-navarcles\/wp-json\/wp\/v2\/pages\/28\/revisions\/9431"}],"up":[{"embeddable":true,"href":"https:\/\/agora.xtec.cat\/ceip-catalunya-navarcles\/wp-json\/wp\/v2\/pages\/22"}],"wp:attachment":[{"href":"https:\/\/agora.xtec.cat\/ceip-catalunya-navarcles\/wp-json\/wp\/v2\/media?parent=28"}],"curies":[{"name":"wp","href":"https:\/\/api.w.org\/{rel}","templated":true}]}}