{"id":22,"date":"2014-09-18T12:19:57","date_gmt":"2014-09-18T11:19:57","guid":{"rendered":"http:\/\/agora.xtec.cat\/ceip-catalunya-navarcles\/?page_id=22"},"modified":"2025-09-12T13:53:09","modified_gmt":"2025-09-12T11:53:09","slug":"lescola","status":"publish","type":"page","link":"https:\/\/agora.xtec.cat\/ceip-catalunya-navarcles\/","title":{"rendered":"ESCOLA CATALUNYA"},"content":{"rendered":"<p>&nbsp;<\/p>\n<p><span style=\"text-decoration: underline;\"><strong>CURS 2025-26<\/strong><\/span><\/p>\n<p><a href=\"https:\/\/agora.xtec.cat\/ceip-catalunya-navarcles\/wp-content\/uploads\/usu727\/2025\/09\/IMG_6767-1.jpg\"><img loading=\"lazy\" decoding=\"async\" class=\"alignnone size-large wp-image-9447\" src=\"https:\/\/agora.xtec.cat\/ceip-catalunya-navarcles\/wp-content\/uploads\/usu727\/2025\/09\/IMG_6767-1-1024x768.jpg\" alt=\"\" width=\"1024\" height=\"768\" srcset=\"https:\/\/agora.xtec.cat\/ceip-catalunya-navarcles\/wp-content\/uploads\/usu727\/2025\/09\/IMG_6767-1-1024x768.jpg 1024w, https:\/\/agora.xtec.cat\/ceip-catalunya-navarcles\/wp-content\/uploads\/usu727\/2025\/09\/IMG_6767-1-300x225.jpg 300w, https:\/\/agora.xtec.cat\/ceip-catalunya-navarcles\/wp-content\/uploads\/usu727\/2025\/09\/IMG_6767-1-768x576.jpg 768w, https:\/\/agora.xtec.cat\/ceip-catalunya-navarcles\/wp-content\/uploads\/usu727\/2025\/09\/IMG_6767-1-1536x1152.jpg 1536w, https:\/\/agora.xtec.cat\/ceip-catalunya-navarcles\/wp-content\/uploads\/usu727\/2025\/09\/IMG_6767-1-200x150.jpg 200w, https:\/\/agora.xtec.cat\/ceip-catalunya-navarcles\/wp-content\/uploads\/usu727\/2025\/09\/IMG_6767-1.jpg 2048w\" sizes=\"auto, (max-width: 1024px) 100vw, 1024px\" \/><\/a><\/p>\n<p><a href=\"https:\/\/agora.xtec.cat\/ceip-catalunya-navarcles\/wp-content\/uploads\/usu727\/2025\/09\/CALENDARI.png\"><img loading=\"lazy\" decoding=\"async\" class=\"alignnone size-large wp-image-9450\" src=\"https:\/\/agora.xtec.cat\/ceip-catalunya-navarcles\/wp-content\/uploads\/usu727\/2025\/09\/CALENDARI-1024x699.png\" alt=\"\" width=\"1024\" height=\"699\" srcset=\"https:\/\/agora.xtec.cat\/ceip-catalunya-navarcles\/wp-content\/uploads\/usu727\/2025\/09\/CALENDARI-1024x699.png 1024w, https:\/\/agora.xtec.cat\/ceip-catalunya-navarcles\/wp-content\/uploads\/usu727\/2025\/09\/CALENDARI-300x205.png 300w, https:\/\/agora.xtec.cat\/ceip-catalunya-navarcles\/wp-content\/uploads\/usu727\/2025\/09\/CALENDARI-768x524.png 768w, https:\/\/agora.xtec.cat\/ceip-catalunya-navarcles\/wp-content\/uploads\/usu727\/2025\/09\/CALENDARI.png 1065w\" sizes=\"auto, (max-width: 1024px) 100vw, 1024px\" \/><\/a><\/p>\n<p><a href=\"https:\/\/agora.xtec.cat\/ceip-catalunya-navarcles\/wp-content\/uploads\/usu727\/2025\/09\/CALENDARI-2.png\"><img loading=\"lazy\" decoding=\"async\" class=\"alignnone  wp-image-9451\" src=\"https:\/\/agora.xtec.cat\/ceip-catalunya-navarcles\/wp-content\/uploads\/usu727\/2025\/09\/CALENDARI-2.png\" alt=\"\" width=\"242\" height=\"229\" srcset=\"https:\/\/agora.xtec.cat\/ceip-catalunya-navarcles\/wp-content\/uploads\/usu727\/2025\/09\/CALENDARI-2.png 394w, https:\/\/agora.xtec.cat\/ceip-catalunya-navarcles\/wp-content\/uploads\/usu727\/2025\/09\/CALENDARI-2-300x284.png 300w\" sizes=\"auto, (max-width: 242px) 100vw, 242px\" \/><\/a><\/p>\n<p><span style=\"text-decoration: underline;\"><strong>L&#8217;ESCOLA<\/strong><\/span><\/p>\n<p>L\u2019escola Catalunya \u00e9s un centre escolar d\u2019Educaci\u00f3 Infantil i Prim\u00e0ria, de titularitat p\u00fablica i depenent del Departament d\u2019Educaci\u00f3 de la Generalitat de Catalunya situada al poble de Navarcles.<\/p>\n<p>Est\u00e0 repartida entre dos espais:<\/p>\n<ul>\n<li>L\u2019Edifici Verd, ubicat a l\u2019Avinguda Piscines i Esports n\u00fam. 30, on habitualment s\u2019imparteix classe als alumnes de Cicle Mitj\u00e0 i Superior i on es troben les depend\u00e8ncies reservades a Administraci\u00f3 i Serveis (Direcci\u00f3, Secretaria, menjador i AMPA).<\/li>\n<li>L\u2019Edifici Vermell, situat al C\/ Sardana s\/n, on hi ha les aules d\u2019Educaci\u00f3 Infantil i Cicle Inicial. En aquest \u00faltim espai l\u2019escola compta amb un edifici annex on hi ha dues aules m\u00e9s.<\/li>\n<\/ul>\n<p>L\u2019escola disposa de servei de menjador amb cuina pr\u00f2pia, ubicat a l\u2019edifici verd. Els i les alumnes que fan \u00fas d\u2019aquest servei d\u2019Educaci\u00f3 Infantil i Cicle Inicial s\u2019han de despla\u00e7ar al migdia acompanyats pels monitors i\/o mestres corresponents. El Consell Comarcal gestiona aquest servei que est\u00e0 concedit a l\u2019empresa Serhs Food Educa.<\/p>\n<p><strong><u>HIST\u00d2RIA<\/u><\/strong><\/p>\n<p>L\u2019Escola P\u00fablica Catalunya \u00e9s l\u2019hereva de l\u2019ensenyament que antigament corresponia fer als ajuntaments. En els pobles hi havia consci\u00e8ncia de la import\u00e0ncia d\u2019aprendre com a m\u00ednim a escriure i a comptar. Des del segle XVIII i potser abans, Navarcles ja disposava d\u2019un mestre que era pagat pel municipi. L\u2019escola era qualsevol pis de lloguer on, al mateix temps hi vivia el mestre.<\/p>\n<p>Al llarg del segle XIX l\u2019Estat es va anar fent c\u00e0rrec del sou dels mestres i els Ajuntaments continuaven proporcionant els edificis. El 1912, quan es va construir el nou edifici consistorial, els baixos es van pensar per \u00e9sser utilitzats com a escola. Fins el 1967 l\u2019escola dels nens era en aquest lloc i la de nenes en un pis de lloguer.<\/p>\n<p>Despr\u00e9s de la Guerra Civil l\u2019ensenyament p\u00fablic es va deteriorar fortament i va entrar en una certa din\u00e0mica de marginaci\u00f3 social.<\/p>\n<p>El 1967 s\u2019inauguraven quatre aules (l\u2019antic Parvulari) a tocar el camp de futbol i quatre cases per mestres, la qual cosa suposava una millora significativa. Era &#8220;La Escuela Comarcal Graduada de Navarcles&#8221;.<\/p>\n<p>En la d\u00e8cada dels anys 70, va tancar l\u2019Acad\u00e8mia Oliveras i el seu director es va integrar a l\u2019Escola Catalunya, la qual cosa va permetre una barreja social que fins aleshores no s\u2019havia produ\u00eft. El\u00a01974\u00a0s\u2019inaugurava l\u2019edifici verd que permetia dedicar una aula a cada curs i diversos serveis, segons indicava la nova Llei General d\u2019Educaci\u00f3.<\/p>\n<p>Amb el creixement demogr\u00e0fic de Navarcles, els dos edificis de l\u2019escola van esdevenir insuficients i, despr\u00e9s d\u2019uns quants anys de saturaci\u00f3, durant els quals es van habilitar diferents aules al poble, el\u00a01984\u00a0es va inaugurar un nou i modern edifici constru\u00eft per la Generalitat de Catalunya i que \u00e9s conegut popularment com a Edifici vermell.<\/p>\n<p>Durant 13 anys m\u00e9s es van utilitzar els tres edificis fins que al juny del 97 es van poder tancar les 4 aules de l\u2019edifici m\u00e9s antic com a conseq\u00fc\u00e8ncia del pas dels alumnes de 7\u00e8 i 8\u00e8 a l\u2019 IES.<\/p>\n<p>Actualment l\u2019Escola est\u00e0 repartida en dos espais: l\u2019Edifici vermell que acull els alumnes d\u2019Educaci\u00f3 Infantil i Cicle Inicial, i l&#8217;Edifici verd, que acull els alumnes dels cicles Mitj\u00e0 i Superior.<\/p>\n<p>Al mateix temps que l\u2019Escola creixia en quantitat (acull aproximadament 2\/3 parts de la poblaci\u00f3 escolar del poble) tamb\u00e9 ho feia en qualitat i va anar perdent l\u2019etiqueta de \u201cEscuelas Nacionales\u201d per passar a ser l\u2019Escola P\u00fablica de Navarcles, una escola catalana, oberta i integradora, arrelada al seu entorn, que educa per la conviv\u00e8ncia i la solidaritat estimulant el di\u00e0leg i la reflexi\u00f3, fomentant la responsabilitat i el treball, preparant persones amb esperit cr\u00edtic i tolerant; amb un Claustre de professors estable i en continua formaci\u00f3. En resum: una mostra equilibrada de la diversitat social del poble, una escola de tots i per tots.<\/p>\n<p>&nbsp;<\/p>\n","protected":false},"excerpt":{"rendered":"<p>&nbsp;<br \/>\nCURS 2025-26<br \/>\n<a href=\"https:\/\/agora.xtec.cat\/ceip-catalunya-navarcles\/wp-content\/uploads\/usu727\/2025\/09\/IMG_6767-1.jpg\"><\/a><br \/>\n<a href=\"https:\/\/agora.xtec.cat\/ceip-catalunya-navarcles\/wp-content\/uploads\/usu727\/2025\/09\/CALENDARI.png\"><\/a><br \/>\n<a href=\"https:\/\/agora.xtec.cat\/ceip-catalunya-navarcles\/wp-content\/uploads\/usu727\/2025\/09\/CALENDARI-2.png\"><\/a><br \/>\nL&#8217;ESCOLA<br \/>\nL\u2019escola Catalunya \u00e9s un centre escolar d\u2019Educaci\u00f3 Infantil i Prim\u00e0ria, de titularitat p\u00fablica i depenent del Departament d\u2019Educaci\u00f3 de la Generalitat de Catalunya situada al poble de Navarcles.<br \/>\nEst\u00e0 repartida entre dos espais:<\/p>\n<ul>\n<li>L\u2019Edifici Verd, ubicat a l\u2019Avinguda Piscines i Esports n\u00fam. 30,&hellip;  <a href=\"https:\/\/agora.xtec.cat\/ceip-catalunya-navarcles\/\" title=\"Read ESCOLA CATALUNYA\">Llegeix m\u00e9s\u00bb<\/a><br \/>\n","protected":false},"author":1,"featured_media":0,"parent":0,"menu_order":0,"comment_status":"closed","ping_status":"closed","template":"page-templates\/side-menu.php","meta":{"_bbp_topic_count":0,"_bbp_reply_count":0,"_bbp_total_topic_count":0,"_bbp_total_reply_count":0,"_bbp_voice_count":0,"_bbp_anonymous_reply_count":0,"_bbp_topic_count_hidden":0,"_bbp_reply_count_hidden":0,"_bbp_forum_subforum_count":0,"footnotes":""},"class_list":["post-22","page","type-page","status-publish","hentry"],"post_mailing_queue_ids":[],"_links":{"self":[{"href":"https:\/\/agora.xtec.cat\/ceip-catalunya-navarcles\/wp-json\/wp\/v2\/pages\/22","targetHints":{"allow":["GET"]}}],"collection":[{"href":"https:\/\/agora.xtec.cat\/ceip-catalunya-navarcles\/wp-json\/wp\/v2\/pages"}],"about":[{"href":"https:\/\/agora.xtec.cat\/ceip-catalunya-navarcles\/wp-json\/wp\/v2\/types\/page"}],"author":[{"embeddable":true,"href":"https:\/\/agora.xtec.cat\/ceip-catalunya-navarcles\/wp-json\/wp\/v2\/users\/1"}],"replies":[{"embeddable":true,"href":"https:\/\/agora.xtec.cat\/ceip-catalunya-navarcles\/wp-json\/wp\/v2\/comments?post=22"}],"version-history":[{"count":8,"href":"https:\/\/agora.xtec.cat\/ceip-catalunya-navarcles\/wp-json\/wp\/v2\/pages\/22\/revisions"}],"predecessor-version":[{"id":9452,"href":"https:\/\/agora.xtec.cat\/ceip-catalunya-navarcles\/wp-json\/wp\/v2\/pages\/22\/revisions\/9452"}],"wp:attachment":[{"href":"https:\/\/agora.xtec.cat\/ceip-catalunya-navarcles\/wp-json\/wp\/v2\/media?parent=22"}],"curies":[{"name":"wp","href":"https:\/\/api.w.org\/{rel}","templated":true}]}}