{"id":28,"date":"2014-09-18T12:29:35","date_gmt":"2014-09-18T10:29:35","guid":{"rendered":"http:\/\/agora.xtec.cat\/ceip-castanyer\/?page_id=28"},"modified":"2024-07-09T12:09:25","modified_gmt":"2024-07-09T10:09:25","slug":"consell-escolar","status":"publish","type":"page","link":"https:\/\/agora.xtec.cat\/ceip-castanyer\/curs-25-26-2\/consell-escolar\/","title":{"rendered":"Consell escolar"},"content":{"rendered":"<h1><strong>COMPOSICI\u00d3 DEL CONSELL ESCOLAR<\/strong><\/h1>\n<p><strong>LOCALITAT: SANT JOAN LES FONTS<\/strong><\/p>\n<table style=\"height: 852px; width: 58.4732%;\" border=\"0\" cellspacing=\"0\" cellpadding=\"0\">\n<tbody>\n<tr style=\"height: 33px;\">\n<td class=\"Estilo6\" style=\"height: 33px; width: 52.5833%;\"><strong>DIRECTORA PRESIDENTA :<\/strong><\/td>\n<td class=\"Estilo7\" style=\"height: 33px; width: 47.2437%;\">IRENE ROCA<\/td>\n<\/tr>\n<tr style=\"height: 33px;\">\n<td class=\"Estilo9\" style=\"height: 33px; width: 52.5833%;\"><\/td>\n<td class=\"Estilo10\" style=\"height: 33px; width: 47.2437%;\"><\/td>\n<\/tr>\n<tr style=\"height: 33px;\">\n<td class=\"Estilo12\" style=\"height: 33px; width: 52.5833%;\"><strong>CAP D&#8217;ESTUDIS :<\/strong><\/td>\n<td class=\"Estilo13\" style=\"height: 33px; width: 47.2437%;\">LAURA MOLIN\u00c9<\/td>\n<\/tr>\n<tr style=\"height: 33px;\">\n<td class=\"Estilo15\" style=\"height: 33px; width: 52.5833%;\"><\/td>\n<td class=\"Estilo16\" style=\"height: 33px; width: 47.2437%;\"><\/td>\n<\/tr>\n<tr style=\"height: 33px;\">\n<td class=\"Estilo18\" style=\"height: 33px; width: 52.5833%;\"><strong>REPRESENTANT AJUNTAMENT SANT JOAN LES FONTS:<br \/>\n<\/strong><\/td>\n<td class=\"Estilo19\" style=\"height: 33px; width: 47.2437%;\">ANNA SERRA<\/td>\n<\/tr>\n<tr style=\"height: 33px;\">\n<td class=\"Estilo21\" style=\"height: 33px; width: 52.5833%;\"><\/td>\n<td class=\"Estilo22\" style=\"height: 33px; width: 47.2437%;\"><\/td>\n<\/tr>\n<tr>\n<td style=\"width: 52.5833%;\"><strong>REPRESENTANT AJUNTAMENT VALL DE BIANYA:<\/strong><\/td>\n<td style=\"width: 47.2437%;\">DAV\u00cdNIA GRABULOSA<\/td>\n<\/tr>\n<tr>\n<td style=\"width: 52.5833%;\"><\/td>\n<td style=\"width: 47.2437%;\"><\/td>\n<\/tr>\n<tr style=\"height: 33px;\">\n<td class=\"Estilo24\" style=\"height: 33px; width: 52.5833%;\"><strong>REPRESENTANTS DEL PROFESSORAT :<\/strong><\/td>\n<td class=\"Estilo25\" style=\"height: 33px; width: 47.2437%;\">ANNA FIGUERAS<\/td>\n<\/tr>\n<tr style=\"height: 33px;\">\n<td class=\"Estilo27\" style=\"height: 33px; width: 52.5833%;\"><\/td>\n<td class=\"Estilo28\" style=\"height: 33px; width: 47.2437%;\">GEMMA CODINA<\/td>\n<\/tr>\n<tr style=\"height: 33px;\">\n<td class=\"Estilo30\" style=\"height: 33px; width: 52.5833%;\"><\/td>\n<td class=\"Estilo31\" style=\"height: 33px; width: 47.2437%;\">CRISTINA LORENTE<\/td>\n<\/tr>\n<tr style=\"height: 33px;\">\n<td class=\"Estilo33\" style=\"height: 33px; width: 52.5833%;\"><\/td>\n<td class=\"Estilo34\" style=\"height: 33px; width: 47.2437%;\">ANNA VILA<\/td>\n<\/tr>\n<tr style=\"height: 33px;\">\n<td class=\"Estilo36\" style=\"height: 33px; width: 52.5833%;\"><\/td>\n<td class=\"Estilo37\" style=\"height: 33px; width: 47.2437%;\">ANNA RODEJA<\/td>\n<\/tr>\n<tr style=\"height: 33px;\">\n<td class=\"Estilo39\" style=\"height: 33px; width: 52.5833%;\"><\/td>\n<td class=\"Estilo40\" style=\"height: 33px; width: 47.2437%;\">NEUS VERDAGUER<\/td>\n<\/tr>\n<tr style=\"height: 27px;\">\n<td class=\"Estilo42\" style=\"height: 27px; width: 52.5833%;\"><\/td>\n<td class=\"Estilo43\" style=\"height: 27px; width: 47.2437%;\"><\/td>\n<\/tr>\n<tr style=\"height: 33px;\">\n<td class=\"Estilo42\" style=\"width: 52.5833%; height: 33px;\"><strong>REPRESENTANTS DELS PARES :<\/strong><\/td>\n<td class=\"Estilo43\" style=\"width: 47.2437%; height: 33px;\">JOSEP MIQUEL G\u00d3MEZ<\/td>\n<\/tr>\n<tr style=\"height: 33px;\">\n<td class=\"Estilo45\" style=\"width: 52.5833%; height: 33px;\"><\/td>\n<td style=\"width: 47.2437%; height: 33px;\">S\u00d2NIA BASSAGA\u00d1AS<\/td>\n<\/tr>\n<tr style=\"height: 33px;\">\n<td class=\"Estilo48\" style=\"width: 52.5833%; height: 33px;\"><\/td>\n<td style=\"width: 47.2437%; height: 33px;\">IRENE ROURA<\/td>\n<\/tr>\n<tr style=\"height: 33px;\">\n<td class=\"Estilo51\" style=\"width: 52.5833%; height: 33px;\"><\/td>\n<td style=\"width: 47.2437%; height: 33px;\">MIREIA BARTOL\u00cd<\/td>\n<\/tr>\n<tr style=\"height: 33px;\">\n<td class=\"Estilo54\" style=\"width: 52.5833%; height: 33px;\"><\/td>\n<td style=\"width: 47.2437%; height: 33px;\">ROGER GUTI\u00c9RREZ<\/td>\n<\/tr>\n<tr style=\"height: 33px;\">\n<td class=\"Estilo57\" style=\"width: 52.5833%; height: 33px;\"><\/td>\n<td style=\"width: 47.2437%; height: 33px;\">MARC PLANELLA<\/td>\n<\/tr>\n<tr style=\"height: 33px;\">\n<td class=\"Estilo60\" style=\"width: 52.5833%; height: 33px;\"><\/td>\n<td style=\"width: 47.2437%; height: 33px;\"><\/td>\n<\/tr>\n<tr>\n<td class=\"Estilo66\" style=\"width: 52.5833%;\"><strong>REPRESENTANT DE L&#8217;AMPA :<\/strong><\/td>\n<td class=\"Estilo67\" style=\"width: 47.2437%;\">N\u00daRIA PINTIADO<\/td>\n<\/tr>\n<tr style=\"height: 33px;\">\n<td class=\"Estilo66\" style=\"width: 52.5833%; height: 33px;\"><\/td>\n<td class=\"Estilo67\" style=\"width: 47.2437%; height: 33px;\"><\/td>\n<\/tr>\n<tr>\n<td class=\"Estilo81\" style=\"width: 52.5833%;\"><strong>REPRESENTANT PAS :<\/strong><\/td>\n<td class=\"Estilo82\" style=\"width: 47.2437%;\">CEC\u00cdLIA GARC\u00cdA<\/td>\n<\/tr>\n<tr style=\"height: 33px;\">\n<td class=\"Estilo81\" style=\"height: 33px; width: 52.5833%;\"><\/td>\n<td class=\"Estilo82\" style=\"height: 33px; width: 47.2437%;\"><\/td>\n<\/tr>\n<tr>\n<td class=\"Estilo87\" style=\"width: 52.5833%;\"><strong>SECRET\u00c0RIA :<br \/>\n<\/strong><\/td>\n<td class=\"Estilo88\" style=\"width: 47.2437%;\">VER\u00d3NICA MEG\u00cdAS<\/td>\n<\/tr>\n<tr style=\"height: 33px;\">\n<td class=\"Estilo87\" style=\"height: 33px; width: 52.5833%;\"><\/td>\n<td class=\"Estilo88\" style=\"height: 33px; width: 47.2437%;\"><\/td>\n<\/tr>\n<\/tbody>\n<\/table>\n","protected":false},"excerpt":{"rendered":"<p>COMPOSICI\u00d3 DEL CONSELL ESCOLAR LOCALITAT: SANT JOAN LES FONTS DIRECTORA PRESIDENTA : IRENE ROCA CAP D&#8217;ESTUDIS : LAURA MOLIN\u00c9 REPRESENTANT AJUNTAMENT SANT JOAN LES FONTS: ANNA SERRA REPRESENTANT AJUNTAMENT VALL DE BIANYA: DAV\u00cdNIA GRABULOSA REPRESENTANTS DEL PROFESSORAT : ANNA FIGUERAS GEMMA CODINA CRISTINA LORENTE ANNA VILA ANNA RODEJA NEUS VERDAGUER REPRESENTANTS DELS PARES : JOSEP [&hellip;]<\/p>\n","protected":false},"author":1,"featured_media":0,"parent":646,"menu_order":4,"comment_status":"closed","ping_status":"closed","template":"page-templates\/side-menu.php","meta":{"_bbp_topic_count":0,"_bbp_reply_count":0,"_bbp_total_topic_count":0,"_bbp_total_reply_count":0,"_bbp_voice_count":0,"_bbp_anonymous_reply_count":0,"_bbp_topic_count_hidden":0,"_bbp_reply_count_hidden":0,"_bbp_forum_subforum_count":0,"site-sidebar-layout":"default","site-content-layout":"","ast-site-content-layout":"","site-content-style":"default","site-sidebar-style":"default","ast-global-header-display":"","ast-banner-title-visibility":"","ast-main-header-display":"","ast-hfb-above-header-display":"","ast-hfb-below-header-display":"","ast-hfb-mobile-header-display":"","site-post-title":"","ast-breadcrumbs-content":"","ast-featured-img":"","footer-sml-layout":"","theme-transparent-header-meta":"","adv-header-id-meta":"","stick-header-meta":"","header-above-stick-meta":"","header-main-stick-meta":"","header-below-stick-meta":"","astra-migrate-meta-layouts":"default","ast-page-background-enabled":"default","ast-page-background-meta":{"desktop":{"background-color":"var(--ast-global-color-4)","background-image":"","background-repeat":"repeat","background-position":"center center","background-size":"auto","background-attachment":"scroll","background-type":"","background-media":"","overlay-type":"","overlay-color":"","overlay-opacity":"","overlay-gradient":""},"tablet":{"background-color":"","background-image":"","background-repeat":"repeat","background-position":"center center","background-size":"auto","background-attachment":"scroll","background-type":"","background-media":"","overlay-type":"","overlay-color":"","overlay-opacity":"","overlay-gradient":""},"mobile":{"background-color":"","background-image":"","background-repeat":"repeat","background-position":"center center","background-size":"auto","background-attachment":"scroll","background-type":"","background-media":"","overlay-type":"","overlay-color":"","overlay-opacity":"","overlay-gradient":""}},"ast-content-background-meta":{"desktop":{"background-color":"var(--ast-global-color-5)","background-image":"","background-repeat":"repeat","background-position":"center center","background-size":"auto","background-attachment":"scroll","background-type":"","background-media":"","overlay-type":"","overlay-color":"","overlay-opacity":"","overlay-gradient":""},"tablet":{"background-color":"var(--ast-global-color-5)","background-image":"","background-repeat":"repeat","background-position":"center center","background-size":"auto","background-attachment":"scroll","background-type":"","background-media":"","overlay-type":"","overlay-color":"","overlay-opacity":"","overlay-gradient":""},"mobile":{"background-color":"var(--ast-global-color-5)","background-image":"","background-repeat":"repeat","background-position":"center center","background-size":"auto","background-attachment":"scroll","background-type":"","background-media":"","overlay-type":"","overlay-color":"","overlay-opacity":"","overlay-gradient":""}},"footnotes":""},"class_list":["post-28","page","type-page","status-publish","hentry"],"post_mailing_queue_ids":[],"_links":{"self":[{"href":"https:\/\/agora.xtec.cat\/ceip-castanyer\/wp-json\/wp\/v2\/pages\/28","targetHints":{"allow":["GET"]}}],"collection":[{"href":"https:\/\/agora.xtec.cat\/ceip-castanyer\/wp-json\/wp\/v2\/pages"}],"about":[{"href":"https:\/\/agora.xtec.cat\/ceip-castanyer\/wp-json\/wp\/v2\/types\/page"}],"author":[{"embeddable":true,"href":"https:\/\/agora.xtec.cat\/ceip-castanyer\/wp-json\/wp\/v2\/users\/1"}],"replies":[{"embeddable":true,"href":"https:\/\/agora.xtec.cat\/ceip-castanyer\/wp-json\/wp\/v2\/comments?post=28"}],"version-history":[{"count":6,"href":"https:\/\/agora.xtec.cat\/ceip-castanyer\/wp-json\/wp\/v2\/pages\/28\/revisions"}],"predecessor-version":[{"id":576,"href":"https:\/\/agora.xtec.cat\/ceip-castanyer\/wp-json\/wp\/v2\/pages\/28\/revisions\/576"}],"up":[{"embeddable":true,"href":"https:\/\/agora.xtec.cat\/ceip-castanyer\/wp-json\/wp\/v2\/pages\/646"}],"wp:attachment":[{"href":"https:\/\/agora.xtec.cat\/ceip-castanyer\/wp-json\/wp\/v2\/media?parent=28"}],"curies":[{"name":"wp","href":"https:\/\/api.w.org\/{rel}","templated":true}]}}