{"id":19079,"date":"2025-08-04T14:09:58","date_gmt":"2025-08-04T12:09:58","guid":{"rendered":"https:\/\/agora.xtec.cat\/ceip-castanyer\/?page_id=19079"},"modified":"2025-08-04T14:09:58","modified_gmt":"2025-08-04T12:09:58","slug":"en-construccio","status":"publish","type":"page","link":"https:\/\/agora.xtec.cat\/ceip-castanyer\/en-construccio\/","title":{"rendered":"EN CONSTRUCCI\u00d3"},"content":{"rendered":"\n<figure class=\"wp-block-image aligncenter size-full is-resized\"><a href=\"https:\/\/agora.xtec.cat\/ceip-castanyer\/wp-content\/uploads\/usu1717\/2025\/08\/image.gif\"><img loading=\"lazy\" decoding=\"async\" width=\"600\" height=\"556\" src=\"https:\/\/agora.xtec.cat\/ceip-castanyer\/wp-content\/uploads\/usu1717\/2025\/08\/image.gif\" alt=\"\" class=\"wp-image-19080\" style=\"width:422px;height:auto\"\/><\/a><\/figure>\n\n\n\n<h1 class=\"wp-block-heading has-text-align-center has-text-color has-link-color has-x-large-font-size wp-elements-1b20f58e216271addbfc75346be46881\" style=\"color:#322c2c\">P\u00e0gina en construcci\u00f3<\/h1>\n\n\n\n<p class=\"has-text-align-center has-text-color has-link-color wp-elements-3b6c73ddb72d745f00b865b43763f677\" style=\"color:#322c2c;font-size:24px\">El contingut d&#8217;aquesta p\u00e0gina encara no est\u00e0 disponible. <\/p>\n\n\n\n<h6 class=\"wp-block-heading has-text-align-center\"><strong>Disculpeu les mol\u00e8sties.<\/strong><\/h6>\n","protected":false},"excerpt":{"rendered":"<p>P\u00e0gina en construcci\u00f3 El contingut d&#8217;aquesta p\u00e0gina encara no est\u00e0 disponible. Disculpeu les mol\u00e8sties.<\/p>\n","protected":false},"author":1,"featured_media":0,"parent":0,"menu_order":0,"comment_status":"closed","ping_status":"close","template":"","meta":{"_bbp_topic_count":0,"_bbp_reply_count":0,"_bbp_total_topic_count":0,"_bbp_total_reply_count":0,"_bbp_voice_count":0,"_bbp_anonymous_reply_count":0,"_bbp_topic_count_hidden":0,"_bbp_reply_count_hidden":0,"_bbp_forum_subforum_count":0,"site-sidebar-layout":"default","site-content-layout":"","ast-site-content-layout":"default","site-content-style":"default","site-sidebar-style":"default","ast-global-header-display":"","ast-banner-title-visibility":"","ast-main-header-display":"","ast-hfb-above-header-display":"","ast-hfb-below-header-display":"","ast-hfb-mobile-header-display":"","site-post-title":"disabled","ast-breadcrumbs-content":"","ast-featured-img":"","footer-sml-layout":"","theme-transparent-header-meta":"","adv-header-id-meta":"","stick-header-meta":"","header-above-stick-meta":"","header-main-stick-meta":"","header-below-stick-meta":"","astra-migrate-meta-layouts":"set","ast-page-background-enabled":"default","ast-page-background-meta":{"desktop":{"background-color":"var(--ast-global-color-4)","background-image":"","background-repeat":"repeat","background-position":"center center","background-size":"auto","background-attachment":"scroll","background-type":"","background-media":"","overlay-type":"","overlay-color":"","overlay-opacity":"","overlay-gradient":""},"tablet":{"background-color":"","background-image":"","background-repeat":"repeat","background-position":"center center","background-size":"auto","background-attachment":"scroll","background-type":"","background-media":"","overlay-type":"","overlay-color":"","overlay-opacity":"","overlay-gradient":""},"mobile":{"background-color":"","background-image":"","background-repeat":"repeat","background-position":"center center","background-size":"auto","background-attachment":"scroll","background-type":"","background-media":"","overlay-type":"","overlay-color":"","overlay-opacity":"","overlay-gradient":""}},"ast-content-background-meta":{"desktop":{"background-color":"var(--ast-global-color-5)","background-image":"","background-repeat":"repeat","background-position":"center center","background-size":"auto","background-attachment":"scroll","background-type":"","background-media":"","overlay-type":"","overlay-color":"","overlay-opacity":"","overlay-gradient":""},"tablet":{"background-color":"var(--ast-global-color-5)","background-image":"","background-repeat":"repeat","background-position":"center center","background-size":"auto","background-attachment":"scroll","background-type":"","background-media":"","overlay-type":"","overlay-color":"","overlay-opacity":"","overlay-gradient":""},"mobile":{"background-color":"var(--ast-global-color-5)","background-image":"","background-repeat":"repeat","background-position":"center center","background-size":"auto","background-attachment":"scroll","background-type":"","background-media":"","overlay-type":"","overlay-color":"","overlay-opacity":"","overlay-gradient":""}},"footnotes":""},"class_list":["post-19079","page","type-page","status-publish","hentry"],"post_mailing_queue_ids":[],"_links":{"self":[{"href":"https:\/\/agora.xtec.cat\/ceip-castanyer\/wp-json\/wp\/v2\/pages\/19079","targetHints":{"allow":["GET"]}}],"collection":[{"href":"https:\/\/agora.xtec.cat\/ceip-castanyer\/wp-json\/wp\/v2\/pages"}],"about":[{"href":"https:\/\/agora.xtec.cat\/ceip-castanyer\/wp-json\/wp\/v2\/types\/page"}],"author":[{"embeddable":true,"href":"https:\/\/agora.xtec.cat\/ceip-castanyer\/wp-json\/wp\/v2\/users\/1"}],"replies":[{"embeddable":true,"href":"https:\/\/agora.xtec.cat\/ceip-castanyer\/wp-json\/wp\/v2\/comments?post=19079"}],"version-history":[{"count":6,"href":"https:\/\/agora.xtec.cat\/ceip-castanyer\/wp-json\/wp\/v2\/pages\/19079\/revisions"}],"predecessor-version":[{"id":19086,"href":"https:\/\/agora.xtec.cat\/ceip-castanyer\/wp-json\/wp\/v2\/pages\/19079\/revisions\/19086"}],"wp:attachment":[{"href":"https:\/\/agora.xtec.cat\/ceip-castanyer\/wp-json\/wp\/v2\/media?parent=19079"}],"curies":[{"name":"wp","href":"https:\/\/api.w.org\/{rel}","templated":true}]}}