{"id":17593,"date":"2023-01-10T09:56:50","date_gmt":"2023-01-10T08:56:50","guid":{"rendered":"https:\/\/agora.xtec.cat\/ceip-castanyer\/?page_id=17593"},"modified":"2025-09-24T11:40:44","modified_gmt":"2025-09-24T09:40:44","slug":"autoritzacions","status":"publish","type":"page","link":"https:\/\/agora.xtec.cat\/ceip-castanyer\/autoritzacions\/","title":{"rendered":"MODELS D&#8217;AUTORITZACI\u00d3"},"content":{"rendered":"\n<div class=\"wp-block-getwid-accordion\" data-active-element=\"none\">\n<div class=\"wp-block-getwid-accordion__header-wrapper\"><span class=\"wp-block-getwid-accordion__header\"><a href=\"#\"><span class=\"wp-block-getwid-accordion__header-title\">  <img loading=\"lazy\" decoding=\"async\" width=\"50\" height=\"50\" class=\"wp-image-19007\" style=\"width: 50px;\" src=\"https:\/\/agora.xtec.cat\/ceip-castanyer\/wp-content\/uploads\/usu1717\/2025\/07\/d845ce1b-6166-4520-aa61-9752e19f4943-2.png-2.png\" alt=\"\" srcset=\"https:\/\/agora.xtec.cat\/ceip-castanyer\/wp-content\/uploads\/usu1717\/2025\/07\/d845ce1b-6166-4520-aa61-9752e19f4943-2.png-2.png 1920w, https:\/\/agora.xtec.cat\/ceip-castanyer\/wp-content\/uploads\/usu1717\/2025\/07\/d845ce1b-6166-4520-aa61-9752e19f4943-2.png-2-300x300.png 300w, https:\/\/agora.xtec.cat\/ceip-castanyer\/wp-content\/uploads\/usu1717\/2025\/07\/d845ce1b-6166-4520-aa61-9752e19f4943-2.png-2-1024x1024.png 1024w, https:\/\/agora.xtec.cat\/ceip-castanyer\/wp-content\/uploads\/usu1717\/2025\/07\/d845ce1b-6166-4520-aa61-9752e19f4943-2.png-2-150x150.png 150w, https:\/\/agora.xtec.cat\/ceip-castanyer\/wp-content\/uploads\/usu1717\/2025\/07\/d845ce1b-6166-4520-aa61-9752e19f4943-2.png-2-768x768.png 768w, https:\/\/agora.xtec.cat\/ceip-castanyer\/wp-content\/uploads\/usu1717\/2025\/07\/d845ce1b-6166-4520-aa61-9752e19f4943-2.png-2-1536x1536.png 1536w\" sizes=\"auto, (max-width: 50px) 100vw, 50px\" \/>        Persones autoritzades a recollir alumnes al centre<\/span><span class=\"wp-block-getwid-accordion__icon is-active\"><i class=\"fas fa-angle-down\"><\/i><\/span><span class=\"wp-block-getwid-accordion__icon is-passive\"><i class=\"fas fa-minus\"><\/i><\/span><\/a><\/span><\/div><div class=\"wp-block-getwid-accordion__content-wrapper\"><div class=\"wp-block-getwid-accordion__content\">\n<ul class=\"wp-block-list\">\n<li>Les fam\u00edlies d&#8217;alumnes d&#8217;educaci\u00f3 infantil i cicle inicial de prim\u00e0ria (1r i 2n) han d&#8217;indicar quines persones poden recollir el nen\/a a la sortida del centre. <\/li>\n\n\n\n<li>\u00c9s important comunicar qualsevol canvi en aquesta autoritzaci\u00f3. No es lliurar\u00e0 cap infant a persones no autoritzades. <\/li>\n\n\n\n<li>Podeu descarregar l&#8217;autoritzaci\u00f3 <strong>AQU\u00cd<\/strong>.<\/li>\n<\/ul>\n<\/div><\/div>\n\n\n\n<div class=\"wp-block-getwid-accordion__header-wrapper\"><span class=\"wp-block-getwid-accordion__header\"><a href=\"#\"><span class=\"wp-block-getwid-accordion__header-title\">  <img loading=\"lazy\" decoding=\"async\" width=\"50\" height=\"50\" class=\"wp-image-19008\" style=\"width: 50px;\" src=\"https:\/\/agora.xtec.cat\/ceip-castanyer\/wp-content\/uploads\/usu1717\/2025\/07\/de25c540-9f9a-4718-a680-4984d457c025-2.png-2.png\" alt=\"\" srcset=\"https:\/\/agora.xtec.cat\/ceip-castanyer\/wp-content\/uploads\/usu1717\/2025\/07\/de25c540-9f9a-4718-a680-4984d457c025-2.png-2.png 1920w, https:\/\/agora.xtec.cat\/ceip-castanyer\/wp-content\/uploads\/usu1717\/2025\/07\/de25c540-9f9a-4718-a680-4984d457c025-2.png-2-300x300.png 300w, https:\/\/agora.xtec.cat\/ceip-castanyer\/wp-content\/uploads\/usu1717\/2025\/07\/de25c540-9f9a-4718-a680-4984d457c025-2.png-2-1024x1024.png 1024w, https:\/\/agora.xtec.cat\/ceip-castanyer\/wp-content\/uploads\/usu1717\/2025\/07\/de25c540-9f9a-4718-a680-4984d457c025-2.png-2-150x150.png 150w, https:\/\/agora.xtec.cat\/ceip-castanyer\/wp-content\/uploads\/usu1717\/2025\/07\/de25c540-9f9a-4718-a680-4984d457c025-2.png-2-768x768.png 768w, https:\/\/agora.xtec.cat\/ceip-castanyer\/wp-content\/uploads\/usu1717\/2025\/07\/de25c540-9f9a-4718-a680-4984d457c025-2.png-2-1536x1536.png 1536w\" sizes=\"auto, (max-width: 50px) 100vw, 50px\" \/>        Administraci\u00f3 de medicaments<\/span><span class=\"wp-block-getwid-accordion__icon is-active\"><i class=\"fas fa-angle-down\"><\/i><\/span><span class=\"wp-block-getwid-accordion__icon is-passive\"><i class=\"fas fa-minus\"><\/i><\/span><\/a><\/span><\/div><div class=\"wp-block-getwid-accordion__content-wrapper\"><div class=\"wp-block-getwid-accordion__content\">\n<ul class=\"wp-block-list\">\n<li>Aquesta autoritzaci\u00f3 s&#8217;ha de presentar juntament amb un certificat m\u00e8dic que validi l&#8217;administraci\u00f3 del medicament. <strong>No s&#8217;administrar\u00e0 cap tipus de medicaci\u00f3 sense la prescripci\u00f3 m\u00e8dica.<\/strong><\/li>\n\n\n\n<li>Podeu descarregar l&#8217;autoritzaci\u00f3 <strong><a href=\"https:\/\/drive.google.com\/file\/d\/1PqXuubw1SYlOUEz06wlWhT1LinbYc2V9\/view\" target=\"_blank\" rel=\"noreferrer noopener\">AQU\u00cd<\/a><\/strong>.<\/li>\n<\/ul>\n<\/div><\/div>\n\n\n\n<div class=\"wp-block-getwid-accordion__header-wrapper\"><span class=\"wp-block-getwid-accordion__header\"><a href=\"#\"><span class=\"wp-block-getwid-accordion__header-title\"> <img loading=\"lazy\" decoding=\"async\" width=\"50\" height=\"50\" class=\"wp-image-19005\" style=\"width: 50px;\" src=\"https:\/\/agora.xtec.cat\/ceip-castanyer\/wp-content\/uploads\/usu1717\/2025\/07\/085af59c-4842-49ad-8439-4bca9dd013b9-2.png-2.png\" alt=\"\" srcset=\"https:\/\/agora.xtec.cat\/ceip-castanyer\/wp-content\/uploads\/usu1717\/2025\/07\/085af59c-4842-49ad-8439-4bca9dd013b9-2.png-2.png 1920w, https:\/\/agora.xtec.cat\/ceip-castanyer\/wp-content\/uploads\/usu1717\/2025\/07\/085af59c-4842-49ad-8439-4bca9dd013b9-2.png-2-300x300.png 300w, https:\/\/agora.xtec.cat\/ceip-castanyer\/wp-content\/uploads\/usu1717\/2025\/07\/085af59c-4842-49ad-8439-4bca9dd013b9-2.png-2-1024x1024.png 1024w, https:\/\/agora.xtec.cat\/ceip-castanyer\/wp-content\/uploads\/usu1717\/2025\/07\/085af59c-4842-49ad-8439-4bca9dd013b9-2.png-2-150x150.png 150w, https:\/\/agora.xtec.cat\/ceip-castanyer\/wp-content\/uploads\/usu1717\/2025\/07\/085af59c-4842-49ad-8439-4bca9dd013b9-2.png-2-768x768.png 768w, https:\/\/agora.xtec.cat\/ceip-castanyer\/wp-content\/uploads\/usu1717\/2025\/07\/085af59c-4842-49ad-8439-4bca9dd013b9-2.png-2-1536x1536.png 1536w\" sizes=\"auto, (max-width: 50px) 100vw, 50px\" \/>         Al\u00b7l\u00e8rgies aliment\u00e0ries i\/o al l\u00e0tex<\/span><span class=\"wp-block-getwid-accordion__icon is-active\"><i class=\"fas fa-angle-down\"><\/i><\/span><span class=\"wp-block-getwid-accordion__icon is-passive\"><i class=\"fas fa-minus\"><\/i><\/span><\/a><\/span><\/div><div class=\"wp-block-getwid-accordion__content-wrapper\"><div class=\"wp-block-getwid-accordion__content\">\n<ul class=\"wp-block-list\">\n<li>L&#8217;autoritzaci\u00f3 per a al\u00b7l\u00e8rgies aliment\u00e0ries i\/o al l\u00e0tex ha d&#8217;anar acompanyada d&#8217;un certificat m\u00e8dic que ho justifiqui.<\/li>\n\n\n\n<li>Podeu descarregar l&#8217;autoritzaci\u00f3 <strong><a href=\"https:\/\/drive.google.com\/file\/d\/1i_SMyPEELPKIJIjGL-Xqhp9proTPeOAJ\/view\" target=\"_blank\" rel=\"noreferrer noopener\">AQU\u00cd<\/a><\/strong>.<\/li>\n<\/ul>\n<\/div><\/div>\n\n\n\n<div class=\"wp-block-getwid-accordion__header-wrapper\"><span class=\"wp-block-getwid-accordion__header\"><a href=\"#\"><span class=\"wp-block-getwid-accordion__header-title\">  <img loading=\"lazy\" decoding=\"async\" width=\"50\" height=\"50\" class=\"wp-image-19011\" style=\"width: 50px;\" src=\"https:\/\/agora.xtec.cat\/ceip-castanyer\/wp-content\/uploads\/usu1717\/2025\/07\/64e356d8-10c1-49e5-9985-b53ff534acb9.png-1-1.png\" alt=\"\" srcset=\"https:\/\/agora.xtec.cat\/ceip-castanyer\/wp-content\/uploads\/usu1717\/2025\/07\/64e356d8-10c1-49e5-9985-b53ff534acb9.png-1-1.png 1311w, https:\/\/agora.xtec.cat\/ceip-castanyer\/wp-content\/uploads\/usu1717\/2025\/07\/64e356d8-10c1-49e5-9985-b53ff534acb9.png-1-1-298x300.png 298w, https:\/\/agora.xtec.cat\/ceip-castanyer\/wp-content\/uploads\/usu1717\/2025\/07\/64e356d8-10c1-49e5-9985-b53ff534acb9.png-1-1-1018x1024.png 1018w, https:\/\/agora.xtec.cat\/ceip-castanyer\/wp-content\/uploads\/usu1717\/2025\/07\/64e356d8-10c1-49e5-9985-b53ff534acb9.png-1-1-150x150.png 150w, https:\/\/agora.xtec.cat\/ceip-castanyer\/wp-content\/uploads\/usu1717\/2025\/07\/64e356d8-10c1-49e5-9985-b53ff534acb9.png-1-1-768x773.png 768w\" sizes=\"auto, (max-width: 50px) 100vw, 50px\" \/>        Autoritzaci\u00f3 per no utilitzar el transport escolar<\/span><span class=\"wp-block-getwid-accordion__icon is-active\"><i class=\"fas fa-angle-down\"><\/i><\/span><span class=\"wp-block-getwid-accordion__icon is-passive\"><i class=\"fas fa-minus\"><\/i><\/span><\/a><\/span><\/div><div class=\"wp-block-getwid-accordion__content-wrapper\"><div class=\"wp-block-getwid-accordion__content\">\n<ul class=\"wp-block-list\">\n<li>Quan un alumne\/a usuari del transport escolar no l&#8217;utilitzi un dia o per\u00edode concret, cal notificar-ho amb el model d&#8217;autoritzaci\u00f3 signat.<\/li>\n\n\n\n<li>Podeu descarregar el model d&#8217;autoritzaci\u00f3 <strong><a href=\"https:\/\/drive.google.com\/file\/d\/10d8zKwtch6OwKkCVsvl9BX_H9BeXk424\/view\" target=\"_blank\" rel=\"noreferrer noopener\">AQU\u00cd <\/a><\/strong>. <\/li>\n<\/ul>\n<\/div><\/div>\n\n\n\n<div class=\"wp-block-getwid-accordion__header-wrapper\"><span class=\"wp-block-getwid-accordion__header\"><a href=\"#\"><span class=\"wp-block-getwid-accordion__header-title\">  <img loading=\"lazy\" decoding=\"async\" width=\"50\" height=\"50\" class=\"wp-image-19009\" style=\"width: 50px;\" src=\"https:\/\/agora.xtec.cat\/ceip-castanyer\/wp-content\/uploads\/usu1717\/2025\/07\/51d9fd77-73e7-4b43-8349-4853c156b85a-3.png-3.png\" alt=\"\" srcset=\"https:\/\/agora.xtec.cat\/ceip-castanyer\/wp-content\/uploads\/usu1717\/2025\/07\/51d9fd77-73e7-4b43-8349-4853c156b85a-3.png-3.png 1920w, https:\/\/agora.xtec.cat\/ceip-castanyer\/wp-content\/uploads\/usu1717\/2025\/07\/51d9fd77-73e7-4b43-8349-4853c156b85a-3.png-3-300x300.png 300w, https:\/\/agora.xtec.cat\/ceip-castanyer\/wp-content\/uploads\/usu1717\/2025\/07\/51d9fd77-73e7-4b43-8349-4853c156b85a-3.png-3-1024x1024.png 1024w, https:\/\/agora.xtec.cat\/ceip-castanyer\/wp-content\/uploads\/usu1717\/2025\/07\/51d9fd77-73e7-4b43-8349-4853c156b85a-3.png-3-150x150.png 150w, https:\/\/agora.xtec.cat\/ceip-castanyer\/wp-content\/uploads\/usu1717\/2025\/07\/51d9fd77-73e7-4b43-8349-4853c156b85a-3.png-3-768x768.png 768w, https:\/\/agora.xtec.cat\/ceip-castanyer\/wp-content\/uploads\/usu1717\/2025\/07\/51d9fd77-73e7-4b43-8349-4853c156b85a-3.png-3-1536x1536.png 1536w\" sizes=\"auto, (max-width: 50px) 100vw, 50px\" \/>        Autoritzaci\u00f3 dels drets d&#8217;imatge<\/span><span class=\"wp-block-getwid-accordion__icon is-active\"><i class=\"fas fa-angle-down\"><\/i><\/span><span class=\"wp-block-getwid-accordion__icon is-passive\"><i class=\"fas fa-minus\"><\/i><\/span><\/a><\/span><\/div><div class=\"wp-block-getwid-accordion__content-wrapper\"><div class=\"wp-block-getwid-accordion__content\">\n<ul class=\"wp-block-list\">\n<li>Autoritza al centre a fer \u00fas de les<strong> imatges<\/strong> on aparegui l&#8217;alumne\/a, aix\u00ed com de la seva<strong> veu<\/strong> i les seves <strong>produccions<\/strong>.<\/li>\n\n\n\n<li>L&#8217;autoritzaci\u00f3 dels drets d&#8217;imatge t\u00e9 una durada d&#8217;<strong>un curs escolar<\/strong>, sempre i quan no se n&#8217;entregui una altra en sentit contrari.<\/li>\n\n\n\n<li>Podeu descarregar el model d&#8217;autoritzaci\u00f3 fent clic&nbsp;<a href=\"https:\/\/drive.google.com\/file\/d\/1vWUDU9azCBTSm56mHx9-d-fgrYOMyJyU\/view?usp=sharing\" target=\"_blank\" rel=\"noreferrer noopener\"><strong>AQU\u00cd<\/strong><\/a>&nbsp;.<\/li>\n<\/ul>\n<\/div><\/div>\n\n\n\n<div class=\"wp-block-getwid-accordion__header-wrapper\"><span class=\"wp-block-getwid-accordion__header\"><a href=\"#\"><span class=\"wp-block-getwid-accordion__header-title\">  <img loading=\"lazy\" decoding=\"async\" width=\"50\" height=\"51\" class=\"wp-image-19006\" style=\"width: 50px;\" src=\"https:\/\/agora.xtec.cat\/ceip-castanyer\/wp-content\/uploads\/usu1717\/2025\/07\/350a3b18-bade-45fd-9807-3a7eadd44c1f-3.png-3.png\" alt=\"\" srcset=\"https:\/\/agora.xtec.cat\/ceip-castanyer\/wp-content\/uploads\/usu1717\/2025\/07\/350a3b18-bade-45fd-9807-3a7eadd44c1f-3.png-3.png 1899w, https:\/\/agora.xtec.cat\/ceip-castanyer\/wp-content\/uploads\/usu1717\/2025\/07\/350a3b18-bade-45fd-9807-3a7eadd44c1f-3.png-3-297x300.png 297w, https:\/\/agora.xtec.cat\/ceip-castanyer\/wp-content\/uploads\/usu1717\/2025\/07\/350a3b18-bade-45fd-9807-3a7eadd44c1f-3.png-3-1013x1024.png 1013w, https:\/\/agora.xtec.cat\/ceip-castanyer\/wp-content\/uploads\/usu1717\/2025\/07\/350a3b18-bade-45fd-9807-3a7eadd44c1f-3.png-3-150x150.png 150w, https:\/\/agora.xtec.cat\/ceip-castanyer\/wp-content\/uploads\/usu1717\/2025\/07\/350a3b18-bade-45fd-9807-3a7eadd44c1f-3.png-3-768x776.png 768w, https:\/\/agora.xtec.cat\/ceip-castanyer\/wp-content\/uploads\/usu1717\/2025\/07\/350a3b18-bade-45fd-9807-3a7eadd44c1f-3.png-3-1520x1536.png 1520w\" sizes=\"auto, (max-width: 50px) 100vw, 50px\" \/>        Autoritzaci\u00f3 de&nbsp;l&#8217;\u00fas dels serveis i recursos d&#8217;internet<\/span><span class=\"wp-block-getwid-accordion__icon is-active\"><i class=\"fas fa-plus\"><\/i><\/span><span class=\"wp-block-getwid-accordion__icon is-passive\"><i class=\"fas fa-minus\"><\/i><\/span><\/a><\/span><\/div><div class=\"wp-block-getwid-accordion__content-wrapper\"><div class=\"wp-block-getwid-accordion__content\">\n<ul class=\"wp-block-list\">\n<li>Autoritza al centre a&nbsp;crear un <strong>usuari personal <\/strong>per a l&#8217;alumne\/a al compte de Google, de domini <strong>@escolacastanyer.cat<\/strong> i a altres plataformes online amb finalitats educatives.&nbsp;<\/li>\n\n\n\n<li>L&#8217;autoritzaci\u00f3 de&nbsp;l&#8217;\u00fas de serveis i recursos s&#8217;entrega a principi de curs a l&#8217;alumnat de <strong>2n prim\u00e0ria<\/strong>, ja que en els cursos anteriors no s&#8217;utilitza un compte personal, i a l&#8217;alumnat de <strong>nova incorporaci\u00f3 <\/strong>al centre.&nbsp;<\/li>\n\n\n\n<li>Aquesta autoritzaci\u00f3, un cop signada,&nbsp;&nbsp;t\u00e9 validesa durant tota l&#8217;<strong>etapa prim\u00e0ria<\/strong>, sempre i quan no se n&#8217;entregui una altra en sentit contrari.&nbsp;<\/li>\n\n\n\n<li>Quan l&#8217;alumne\/a deixa el centre, sigui per finalitzaci\u00f3 de l&#8217;etapa prim\u00e0ria o b\u00e9 per un canvi de centre, el compte amb domini d&#8217;escola i tots els serveis associats (Classroom, Drive, Gmail&#8230;) <strong>seran suprimits<\/strong>.&nbsp;<\/li>\n\n\n\n<li>Podeu descarregar el model d&#8217;autoritzaci\u00f3 fent clic\u00a0<strong><a href=\"https:\/\/drive.google.com\/file\/d\/1cBo8X6z2K5tUmeC-UeXWywjicWHAlwDx\/view?usp=sharing\">AQU\u00cd<\/a><\/strong>.<\/li>\n<\/ul>\n<\/div><\/div>\n<\/div>\n","protected":false},"excerpt":{"rendered":"","protected":false},"author":1,"featured_media":0,"parent":0,"menu_order":0,"comment_status":"closed","ping_status":"closed","template":"","meta":{"_bbp_topic_count":0,"_bbp_reply_count":0,"_bbp_total_topic_count":0,"_bbp_total_reply_count":0,"_bbp_voice_count":0,"_bbp_anonymous_reply_count":0,"_bbp_topic_count_hidden":0,"_bbp_reply_count_hidden":0,"_bbp_forum_subforum_count":0,"site-sidebar-layout":"default","site-content-layout":"","ast-site-content-layout":"default","site-content-style":"default","site-sidebar-style":"default","ast-global-header-display":"","ast-banner-title-visibility":"","ast-main-header-display":"","ast-hfb-above-header-display":"","ast-hfb-below-header-display":"","ast-hfb-mobile-header-display":"","site-post-title":"","ast-breadcrumbs-content":"","ast-featured-img":"","footer-sml-layout":"","theme-transparent-header-meta":"","adv-header-id-meta":"","stick-header-meta":"","header-above-stick-meta":"","header-main-stick-meta":"","header-below-stick-meta":"","astra-migrate-meta-layouts":"set","ast-page-background-enabled":"default","ast-page-background-meta":{"desktop":{"background-color":"var(--ast-global-color-4)","background-image":"","background-repeat":"repeat","background-position":"center center","background-size":"auto","background-attachment":"scroll","background-type":"","background-media":"","overlay-type":"","overlay-color":"","overlay-opacity":"","overlay-gradient":""},"tablet":{"background-color":"","background-image":"","background-repeat":"repeat","background-position":"center center","background-size":"auto","background-attachment":"scroll","background-type":"","background-media":"","overlay-type":"","overlay-color":"","overlay-opacity":"","overlay-gradient":""},"mobile":{"background-color":"","background-image":"","background-repeat":"repeat","background-position":"center center","background-size":"auto","background-attachment":"scroll","background-type":"","background-media":"","overlay-type":"","overlay-color":"","overlay-opacity":"","overlay-gradient":""}},"ast-content-background-meta":{"desktop":{"background-color":"var(--ast-global-color-5)","background-image":"","background-repeat":"repeat","background-position":"center center","background-size":"auto","background-attachment":"scroll","background-type":"","background-media":"","overlay-type":"","overlay-color":"","overlay-opacity":"","overlay-gradient":""},"tablet":{"background-color":"var(--ast-global-color-5)","background-image":"","background-repeat":"repeat","background-position":"center center","background-size":"auto","background-attachment":"scroll","background-type":"","background-media":"","overlay-type":"","overlay-color":"","overlay-opacity":"","overlay-gradient":""},"mobile":{"background-color":"var(--ast-global-color-5)","background-image":"","background-repeat":"repeat","background-position":"center center","background-size":"auto","background-attachment":"scroll","background-type":"","background-media":"","overlay-type":"","overlay-color":"","overlay-opacity":"","overlay-gradient":""}},"footnotes":""},"class_list":["post-17593","page","type-page","status-publish","hentry"],"post_mailing_queue_ids":[],"_links":{"self":[{"href":"https:\/\/agora.xtec.cat\/ceip-castanyer\/wp-json\/wp\/v2\/pages\/17593","targetHints":{"allow":["GET"]}}],"collection":[{"href":"https:\/\/agora.xtec.cat\/ceip-castanyer\/wp-json\/wp\/v2\/pages"}],"about":[{"href":"https:\/\/agora.xtec.cat\/ceip-castanyer\/wp-json\/wp\/v2\/types\/page"}],"author":[{"embeddable":true,"href":"https:\/\/agora.xtec.cat\/ceip-castanyer\/wp-json\/wp\/v2\/users\/1"}],"replies":[{"embeddable":true,"href":"https:\/\/agora.xtec.cat\/ceip-castanyer\/wp-json\/wp\/v2\/comments?post=17593"}],"version-history":[{"count":6,"href":"https:\/\/agora.xtec.cat\/ceip-castanyer\/wp-json\/wp\/v2\/pages\/17593\/revisions"}],"predecessor-version":[{"id":19117,"href":"https:\/\/agora.xtec.cat\/ceip-castanyer\/wp-json\/wp\/v2\/pages\/17593\/revisions\/19117"}],"wp:attachment":[{"href":"https:\/\/agora.xtec.cat\/ceip-castanyer\/wp-json\/wp\/v2\/media?parent=17593"}],"curies":[{"name":"wp","href":"https:\/\/api.w.org\/{rel}","templated":true}]}}