{"id":77,"date":"2014-09-18T14:05:08","date_gmt":"2014-09-18T12:05:08","guid":{"rendered":"http:\/\/agora.xtec.cat\/ceip-carlesiii\/?page_id=77"},"modified":"2024-09-10T09:59:48","modified_gmt":"2024-09-10T07:59:48","slug":"acollida","status":"publish","type":"page","link":"https:\/\/agora.xtec.cat\/ceip-carlesiii\/families\/acollida\/","title":{"rendered":"Acollida"},"content":{"rendered":"<p>Per a totes aquelles fam\u00edlies que adelanten la seua jornada laboral a l&#8217;horari escolar o b\u00e9 que tenen necessitats puntuals de portar als seus fills o filles m\u00e9s prompte a l&#8217;escola, s&#8217;oferta el servei d&#8217;acollida matinal. Aquest servei el proporciona l&#8217;AFA de l&#8217;escola i podeu trobar <a href=\"https:\/\/sites.google.com\/ecarles3.cat\/afaescolacarlesiii\/acollida?authuser=0\">m\u00e9s informaci\u00f3 al seg\u00fcent enlla\u00e7.<\/a><\/p>\n","protected":false},"excerpt":{"rendered":"<p>Per a totes aquelles fam\u00edlies que adelanten la seua jornada laboral a l&#8217;horari escolar o b\u00e9 que tenen necessitats puntuals de portar als seus fills o filles m\u00e9s prompte a l&#8217;escola, s&#8217;oferta el servei d&#8217;acollida matinal. Aquest servei el proporciona l&#8217;AFA de l&#8217;escola i podeu&hellip;  <a href=\"https:\/\/agora.xtec.cat\/ceip-carlesiii\/families\/acollida\/\" title=\"Read Acollida\">Llegeix m\u00e9s\u00bb<\/a><\/p>\n","protected":false},"author":1,"featured_media":0,"parent":510,"menu_order":10,"comment_status":"closed","ping_status":"closed","template":"page-templates\/side-menu.php","meta":{"_bbp_topic_count":0,"_bbp_reply_count":0,"_bbp_total_topic_count":0,"_bbp_total_reply_count":0,"_bbp_voice_count":0,"_bbp_anonymous_reply_count":0,"_bbp_topic_count_hidden":0,"_bbp_reply_count_hidden":0,"_bbp_forum_subforum_count":0,"footnotes":""},"class_list":["post-77","page","type-page","status-publish","hentry"],"post_mailing_queue_ids":[],"_links":{"self":[{"href":"https:\/\/agora.xtec.cat\/ceip-carlesiii\/wp-json\/wp\/v2\/pages\/77","targetHints":{"allow":["GET"]}}],"collection":[{"href":"https:\/\/agora.xtec.cat\/ceip-carlesiii\/wp-json\/wp\/v2\/pages"}],"about":[{"href":"https:\/\/agora.xtec.cat\/ceip-carlesiii\/wp-json\/wp\/v2\/types\/page"}],"author":[{"embeddable":true,"href":"https:\/\/agora.xtec.cat\/ceip-carlesiii\/wp-json\/wp\/v2\/users\/1"}],"replies":[{"embeddable":true,"href":"https:\/\/agora.xtec.cat\/ceip-carlesiii\/wp-json\/wp\/v2\/comments?post=77"}],"version-history":[{"count":4,"href":"https:\/\/agora.xtec.cat\/ceip-carlesiii\/wp-json\/wp\/v2\/pages\/77\/revisions"}],"predecessor-version":[{"id":6874,"href":"https:\/\/agora.xtec.cat\/ceip-carlesiii\/wp-json\/wp\/v2\/pages\/77\/revisions\/6874"}],"up":[{"embeddable":true,"href":"https:\/\/agora.xtec.cat\/ceip-carlesiii\/wp-json\/wp\/v2\/pages\/510"}],"wp:attachment":[{"href":"https:\/\/agora.xtec.cat\/ceip-carlesiii\/wp-json\/wp\/v2\/media?parent=77"}],"curies":[{"name":"wp","href":"https:\/\/api.w.org\/{rel}","templated":true}]}}