{"id":71,"date":"2014-09-18T12:44:56","date_gmt":"2014-09-18T10:44:56","guid":{"rendered":"http:\/\/agora.xtec.cat\/ceip-carlesiii\/?page_id=71"},"modified":"2018-01-16T12:22:09","modified_gmt":"2018-01-16T11:22:09","slug":"biblioteca","status":"publish","type":"page","link":"https:\/\/agora.xtec.cat\/ceip-carlesiii\/projecte-educatiu\/biblioteca\/","title":{"rendered":"Biblioteca"},"content":{"rendered":"<p><a href=\"https:\/\/aplicacions.gestioeducativa.gencat.cat\/epergam\/web\/biblioteca.jsp?codi=43002892\"><img loading=\"lazy\" decoding=\"async\" class=\"alignright wp-image-819 size-full\" src=\"http:\/\/agora.xtec.cat\/ceip-carlesiii\/wp-content\/uploads\/usu1600\/2014\/09\/epergam.gif\" alt=\"epergam\" width=\"160\" height=\"50\" \/><\/a><\/p>\n<p><strong>EL CAT\u00c0LEG DE LA BIBLIOTECA<\/strong><\/p>\n<p>L\u2019 <strong>eP\u00e8rgam<\/strong> \u00e9s l\u2019aplicaci\u00f3 de gesti\u00f3 de les biblioteques escolars que ofereix el Departament\u00a0 d&#8217;Ensenyament. \u00a0\u00c9s una<strong> aplicaci\u00f3 en l\u00ednia<\/strong>\u00a0que permet la consulta del cat\u00e0leg per part dels usuaris.<\/p>\n<p>&nbsp;<\/p>\n<p><strong>EL PROJECTE\u00a0<\/strong><\/p>\n<ol>\n<li><strong>Objectius:<\/strong><br \/>\n<strong><br \/>\n<\/strong><\/li>\n<\/ol>\n<p><u>Informaci\u00f3 i plaer<\/u><\/p>\n<p>\u00d8\u00a0 Recon\u00e8ixer i valorar l\u2019\u00fas de la llengua escrita com a vehicle de comunicaci\u00f3, font d\u2019informaci\u00f3 i font de plaer.<a href=\"http:\/\/agora.xtec.cat\/ceip-carlesiii\/wp-content\/uploads\/usu1600\/2014\/09\/PA140020.jpg\"><img loading=\"lazy\" decoding=\"async\" class=\" wp-image-560 alignleft\" src=\"http:\/\/agora.xtec.cat\/ceip-carlesiii\/wp-content\/uploads\/usu1600\/2014\/09\/PA140020.jpg\" alt=\"pa140020\" width=\"311\" height=\"233\" srcset=\"https:\/\/agora.xtec.cat\/ceip-carlesiii\/wp-content\/uploads\/usu1600\/2014\/09\/PA140020.jpg 288w, https:\/\/agora.xtec.cat\/ceip-carlesiii\/wp-content\/uploads\/usu1600\/2014\/09\/PA140020-200x150.jpg 200w\" sizes=\"auto, (max-width: 311px) 100vw, 311px\" \/><\/a><\/p>\n<p><u>Promoure l\u2019h\u00e0bit lector<\/u><\/p>\n<p>\u00d8\u00a0 Dotar a l\u2019alumnat de les eines b\u00e0siques per a l\u2019obtenci\u00f3 i el processament de la informaci\u00f3.<\/p>\n<p><u>Creaci\u00f3<\/u><\/p>\n<p>\u00d8\u00a0 Utilitzar diferents mitjans per a la producci\u00f3 d\u2019activitats comunicatives.<\/p>\n<p>\u00d8\u00a0 Desvetllar el sentit cr\u00edtic i el respecte davant les diferents produccions escrites.<\/p>\n<p><u>Biblioteca<\/u><\/p>\n<p>\u00d8\u00a0 Potenciar la biblioteca escolar com a espai de coneixement i de recursos en la cerca, el tractament i l\u2019\u00fas de la informaci\u00f3 .<\/p>\n<p>\u00d8\u00a0 Potenciar la biblioteca d\u2019aula com a espai de comunicaci\u00f3 i font de plaer.<\/p>\n<p>\u00d8\u00a0 Relacionar la biblioteca escolar amb les biblioteques p\u00fabliques, tot formant futurs usuaris.<\/p>\n<p><u>Comunitat Educativa<\/u><\/p>\n<p>\u00d8\u00a0 Fomentar la participaci\u00f3 de la comunitat educativa en l\u2019aplicaci\u00f3 del projecte.<\/p>\n<p>\u00d8\u00a0 Valorar les biblioteques com un\u00a0 instrument \u00fatil per a\u00a0 tota la comunitat educativa, amb finalitats recreatives, informatives y d\u2019educaci\u00f3 permanent.<\/p>\n<p>&nbsp;<\/p>\n<ol start=\"2\">\n<li><strong> Actuacions realitzades en relaci\u00f3 a:<a href=\"http:\/\/agora.xtec.cat\/ceip-carlesiii\/wp-content\/uploads\/usu1600\/2014\/09\/IMG-20151209-WA0006.jpg\"><img loading=\"lazy\" decoding=\"async\" class=\"alignright size-full wp-image-559\" src=\"http:\/\/agora.xtec.cat\/ceip-carlesiii\/wp-content\/uploads\/usu1600\/2014\/09\/IMG-20151209-WA0006.jpg\" alt=\"img-20151209-wa0006\" width=\"320\" height=\"240\" srcset=\"https:\/\/agora.xtec.cat\/ceip-carlesiii\/wp-content\/uploads\/usu1600\/2014\/09\/IMG-20151209-WA0006.jpg 320w, https:\/\/agora.xtec.cat\/ceip-carlesiii\/wp-content\/uploads\/usu1600\/2014\/09\/IMG-20151209-WA0006-300x225.jpg 300w, https:\/\/agora.xtec.cat\/ceip-carlesiii\/wp-content\/uploads\/usu1600\/2014\/09\/IMG-20151209-WA0006-200x150.jpg 200w\" sizes=\"auto, (max-width: 320px) 100vw, 320px\" \/><\/a><\/strong><\/li>\n<\/ol>\n<p><strong>RECURSOS<\/strong>:<\/p>\n<ul>\n<li><u>Recursos materials:<\/u><\/li>\n<\/ul>\n<p>\u00d8\u00a0 Ampliaci\u00f3 del fons documental.<\/p>\n<ul>\n<li><u>Recursos humans:<\/u><\/li>\n<\/ul>\n<p>\u00d8\u00a0 Comissi\u00f3 de Biblioteca: formada per un representant de cada cicle. Reunions peri\u00f2diques.<\/p>\n<p>\u00d8\u00a0 Desdoblaments amb dos mestres per a les sessions de biblioteca a la <u>biblioteca del centre<\/u>: de manera quinzenal tots els alumnes del centre realitzen una sessi\u00f3 de biblioteca. Aquestes sessions es realitzen en grups redu\u00efts i existeix una programaci\u00f3 anual elaborada per la comissi\u00f3 de biblioteca i consensuada amb les mestre tutores.<\/p>\n<p><strong>GESTI\u00d3:<\/strong><\/p>\n<ul>\n<li><u>Adquisici\u00f3 de fons<\/u>.<a href=\"http:\/\/agora.xtec.cat\/ceip-carlesiii\/wp-content\/uploads\/usu1600\/2014\/09\/txusferdz-014.jpg\"><img loading=\"lazy\" decoding=\"async\" class=\"size-large wp-image-562 alignright\" src=\"http:\/\/agora.xtec.cat\/ceip-carlesiii\/wp-content\/uploads\/usu1600\/2014\/09\/txusferdz-014.jpg\" alt=\"txusferdz-014\" width=\"288\" height=\"217\" srcset=\"https:\/\/agora.xtec.cat\/ceip-carlesiii\/wp-content\/uploads\/usu1600\/2014\/09\/txusferdz-014.jpg 288w, https:\/\/agora.xtec.cat\/ceip-carlesiii\/wp-content\/uploads\/usu1600\/2014\/09\/txusferdz-014-200x150.jpg 200w\" sizes=\"auto, (max-width: 288px) 100vw, 288px\" \/><\/a><\/li>\n<\/ul>\n<p>\u00d8\u00a0 Adquisicions progressives de llibres d\u2019imaginaci\u00f3 i coneixements.<\/p>\n<ul>\n<li><u>Organitzaci\u00f3\u00a0 i catalogaci\u00f3.<\/u><\/li>\n<\/ul>\n<p>\u00d8\u00a0 Catalogaci\u00f3 del fons de la biblioteca del centre.<\/p>\n<p>&nbsp;<\/p>\n<ul>\n<li><u>Coordinaci\u00f3 amb: Claustre, Zona, Ajuntament, Biblioteca P\u00fablica, Ampa , CRP&#8230;<\/u><\/li>\n<\/ul>\n<p>\u00d8\u00a0 Reunions dels membres de la comissi\u00f3 de biblioteca amb els respectius cicles.<\/p>\n<p>\u00d8\u00a0 <u>Biblioteca P\u00fablica<\/u>: visites dels diferents escolars a la BB Municipal. Pr\u00e9stecs realitzats per a les diferents exposicions tem\u00e0tiques.<\/p>\n<p>\u00d8\u00a0 <u>Serveis territorials<\/u>: es rep suport per part del CRP (informaci\u00f3, material,&#8230;)<\/p>\n<p>\u00d8\u00a0 Participaci\u00f3 com a ponents en les <u>Jornades de Biblioteca Escolar<\/u> organitzades pel Grup de treball Bibliomedia en Alcanar.<\/p>\n<p>\u00d8\u00a0 Participaci\u00f3 de les Llars d\u2019infants del municipi en l\u2019activitat: La cova dels llibres.<\/p>\n<p>\u00d8\u00a0 Cooperaci\u00f3 amb el Club de lectura local dins la diada de Sant Jordi: lectures en veu alta.<\/p>\n<p><strong>DINAMITZACI\u00d3:<\/strong><\/p>\n<ul>\n<li><u>Pedag\u00f2gica. Adre\u00e7ada als alumnes i mestres.<\/u><\/li>\n<\/ul>\n<p>\u00d8\u00a0 Dinamitzaci\u00f3 de les Biblioteques d\u2019Aula: 30 minuts de lectura di\u00e0ria.<\/p>\n<p>\u00d8\u00a0Pla de lectures col\u00b7lectives: dossier d\u2019activitats i acte de cloenda amb visites de grups d\u2019animaci\u00f3 i professionals del m\u00f3n literari (autors i il\u00b7lustradors) i actuacions per part de l\u2019alumnat amb activitats de creaci\u00f3 pl\u00e0stica i liter\u00e0ria.<\/p>\n<p>\u00d8\u00a0 Maletes viatgeres: pr\u00e9stec especial realitzat a Educaci\u00f3 Infantil i Cicle Inicial.<\/p>\n<p>\u00d8\u00a0 Sessions de Biblioteca de car\u00e0cter quinzenal i amb grups redu\u00efts per a tots els alumnes de l\u2019escola. Amb l\u2019objectiu\u00a0de fomentar el gust per la lectura, afavorir l\u2019\u00fas i tractament de la informaci\u00f3 i formar usuaris de biblioteca.<\/p>\n<p>\u00d8\u00a0 Exposicions tem<a href=\"http:\/\/agora.xtec.cat\/ceip-carlesiii\/wp-content\/uploads\/usu1600\/2014\/09\/PA140023.jpg\"><img loading=\"lazy\" decoding=\"async\" class=\"size-large wp-image-561 alignleft\" src=\"http:\/\/agora.xtec.cat\/ceip-carlesiii\/wp-content\/uploads\/usu1600\/2014\/09\/PA140023.jpg\" alt=\"pa140023\" width=\"288\" height=\"216\" srcset=\"https:\/\/agora.xtec.cat\/ceip-carlesiii\/wp-content\/uploads\/usu1600\/2014\/09\/PA140023.jpg 288w, https:\/\/agora.xtec.cat\/ceip-carlesiii\/wp-content\/uploads\/usu1600\/2014\/09\/PA140023-200x150.jpg 200w\" sizes=\"auto, (max-width: 288px) 100vw, 288px\" \/><\/a>\u00e0tiques amb material de la biblioteca del centre i tamb\u00e9 dels alumnes i la biblioteca p\u00fablica a les principals festivitats del calendari.<\/p>\n<p>\u00d8\u00a0 Col\u00b7laboraci\u00f3 en la realitzaci\u00f3 de les activitats corresponents al cicle festiu, especialment Sant Jordi.<\/p>\n<p>\u00d8\u00a0 La Cova dels llibres: exposici\u00f3 interactiva.<\/p>\n<p>\u00d8\u00a0 Llibre de les Maletes Viatgeres.<\/p>\n<p>\u00d8\u00a0 Concurs Literari Jocs Florals Escolars de Catalunya<\/p>\n<ol start=\"3\">\n<li><strong> Altres activitats<\/strong><\/li>\n<\/ol>\n<p>\u00d8\u00a0 Enquesta de valoraci\u00f3 al professorat envers les activitats i els objectius projecte de biblioteca per al present curs.<\/p>\n<p>\u00d8\u00a0 Valoraci\u00f3 de totes les activitats a c\u00e0rrec de la comissi\u00f3 de biblioteca i l\u2019equip directiu.<\/p>\n","protected":false},"excerpt":{"rendered":"<p><a href=\"https:\/\/aplicacions.gestioeducativa.gencat.cat\/epergam\/web\/biblioteca.jsp?codi=43002892\"><\/a><br \/>\nEL CAT\u00c0LEG DE LA BIBLIOTECA<br \/>\nL\u2019 eP\u00e8rgam \u00e9s l\u2019aplicaci\u00f3 de gesti\u00f3 de les biblioteques escolars que ofereix el Departament\u00a0 d&#8217;Ensenyament. \u00a0\u00c9s una aplicaci\u00f3 en l\u00ednia\u00a0que permet la consulta del cat\u00e0leg per part dels usuaris.<br \/>\n&nbsp;<br \/>\nEL PROJECTE\u00a0<\/p>\n<ol>\n<li>Objectius:\n<\/li>\n<\/ol>\n<p>Informaci\u00f3 i plaer<br \/>\n\u00d8\u00a0 Recon\u00e8ixer i valorar l\u2019\u00fas de la llengua escrita&hellip;  <a href=\"https:\/\/agora.xtec.cat\/ceip-carlesiii\/projecte-educatiu\/biblioteca\/\" title=\"Read Biblioteca\">Llegeix m\u00e9s\u00bb<\/a><\/p>\n","protected":false},"author":1,"featured_media":0,"parent":64,"menu_order":30,"comment_status":"closed","ping_status":"closed","template":"","meta":{"_bbp_topic_count":0,"_bbp_reply_count":0,"_bbp_total_topic_count":0,"_bbp_total_reply_count":0,"_bbp_voice_count":0,"_bbp_anonymous_reply_count":0,"_bbp_topic_count_hidden":0,"_bbp_reply_count_hidden":0,"_bbp_forum_subforum_count":0,"footnotes":""},"class_list":["post-71","page","type-page","status-publish","hentry"],"post_mailing_queue_ids":[],"_links":{"self":[{"href":"https:\/\/agora.xtec.cat\/ceip-carlesiii\/wp-json\/wp\/v2\/pages\/71","targetHints":{"allow":["GET"]}}],"collection":[{"href":"https:\/\/agora.xtec.cat\/ceip-carlesiii\/wp-json\/wp\/v2\/pages"}],"about":[{"href":"https:\/\/agora.xtec.cat\/ceip-carlesiii\/wp-json\/wp\/v2\/types\/page"}],"author":[{"embeddable":true,"href":"https:\/\/agora.xtec.cat\/ceip-carlesiii\/wp-json\/wp\/v2\/users\/1"}],"replies":[{"embeddable":true,"href":"https:\/\/agora.xtec.cat\/ceip-carlesiii\/wp-json\/wp\/v2\/comments?post=71"}],"version-history":[{"count":4,"href":"https:\/\/agora.xtec.cat\/ceip-carlesiii\/wp-json\/wp\/v2\/pages\/71\/revisions"}],"predecessor-version":[{"id":832,"href":"https:\/\/agora.xtec.cat\/ceip-carlesiii\/wp-json\/wp\/v2\/pages\/71\/revisions\/832"}],"up":[{"embeddable":true,"href":"https:\/\/agora.xtec.cat\/ceip-carlesiii\/wp-json\/wp\/v2\/pages\/64"}],"wp:attachment":[{"href":"https:\/\/agora.xtec.cat\/ceip-carlesiii\/wp-json\/wp\/v2\/media?parent=71"}],"curies":[{"name":"wp","href":"https:\/\/api.w.org\/{rel}","templated":true}]}}