{"id":6379,"date":"2023-04-13T11:34:54","date_gmt":"2023-04-13T09:34:54","guid":{"rendered":"https:\/\/agora.xtec.cat\/ceip-carlesiii\/?page_id=6379"},"modified":"2024-11-12T13:29:05","modified_gmt":"2024-11-12T12:29:05","slug":"dones-rapitenques-el-podcast","status":"publish","type":"page","link":"https:\/\/agora.xtec.cat\/ceip-carlesiii\/dones-rapitenques-el-podcast\/","title":{"rendered":"DONES RAPITENQUES: EL PODCAST"},"content":{"rendered":"<p>L&#8217;alumnat de 4t us presentem: DONES RAPITENQUES!<\/p>\n<p><iframe loading=\"lazy\" title=\"DONES RAPITENQUES - Falca publicit\u00e0ria by R\u00e0dio Escolar Carles III\" width=\"500\" height=\"400\" scrolling=\"no\" frameborder=\"no\" src=\"https:\/\/w.soundcloud.com\/player\/?visual=true&#038;url=https%3A%2F%2Fapi.soundcloud.com%2Ftracks%2F1482162847&#038;show_artwork=true&#038;maxheight=750&#038;maxwidth=500\"><\/iframe><\/p>\n<p>L&#8217;alumnat de 4t de prim\u00e0ria, amb motiu del 8 de mar\u00e7 i la setmana de la coeducaci\u00f3, hem treballat un projecte anomenat: Dones Rapitenques.<\/p>\n<p>En aquest projecte hem apr\u00e8s i gaudit molt, per\u00f2 sobretot hem tingut l&#8217;oportunitat d&#8217;entrevistar a algunes dones del nostre poble que han vingut a explicar-nos la seva traject\u00f2ria laboral dintre del m\u00f3n cient\u00edfic i de l&#8217;esport. Ho hem enregistrat tot i hem creat un Podcast que consta de 4 cap\u00edtols. Aqu\u00ed teniu l&#8217;oportunitat de con\u00e8ixer de m\u00e9s a prop a: Ainoa Mu\u00f1oz (Futbolista), Laura Cervera (Neurobi\u00f2loga), Laia Revert\u00e9 (Biotecn\u00f2loga) i Vanessa Balaguer (Bi\u00f2loga).<\/p>\n<p>&nbsp;<\/p>\n<p>Aqu\u00ed podeu escoltar tots els cap\u00edtols:<\/p>\n<blockquote class=\"wp-embedded-content\" data-secret=\"YRAVNUUhNR\"><p><a href=\"https:\/\/agora.xtec.cat\/ceip-carlesiii\/general\/dones-rapitenques-ainoa-munoz-futbolista\/\">DONES RAPITENQUES &#8211; Ainhoa Mu\u00f1oz: Futbolista.<\/a><\/p><\/blockquote>\n<p><iframe loading=\"lazy\" class=\"wp-embedded-content\" sandbox=\"allow-scripts\" security=\"restricted\" style=\"position: absolute; clip: rect(1px, 1px, 1px, 1px);\" title=\"&#8220;DONES RAPITENQUES &#8211; Ainhoa Mu\u00f1oz: Futbolista.&#8221; &#8212; Escola Carles III\" src=\"https:\/\/agora.xtec.cat\/ceip-carlesiii\/general\/dones-rapitenques-ainoa-munoz-futbolista\/embed\/#?secret=10wIjBQOLe#?secret=YRAVNUUhNR\" data-secret=\"YRAVNUUhNR\" width=\"500\" height=\"282\" frameborder=\"0\" marginwidth=\"0\" marginheight=\"0\" scrolling=\"no\"><\/iframe><\/p>\n<blockquote class=\"wp-embedded-content\" data-secret=\"LFmvJNckXy\"><p><a href=\"https:\/\/agora.xtec.cat\/ceip-carlesiii\/general\/dones-rapitenques-laura-cervera-carles-neurobiologa\/\">DONES RAPITENQUES &#8211; Laura Cervera Carles: Neurobi\u00f2loga.<\/a><\/p><\/blockquote>\n<p><iframe loading=\"lazy\" class=\"wp-embedded-content\" sandbox=\"allow-scripts\" security=\"restricted\" style=\"position: absolute; clip: rect(1px, 1px, 1px, 1px);\" title=\"&#8220;DONES RAPITENQUES &#8211; Laura Cervera Carles: Neurobi\u00f2loga.&#8221; &#8212; Escola Carles III\" src=\"https:\/\/agora.xtec.cat\/ceip-carlesiii\/general\/dones-rapitenques-laura-cervera-carles-neurobiologa\/embed\/#?secret=4qh3eTtxG8#?secret=LFmvJNckXy\" data-secret=\"LFmvJNckXy\" width=\"500\" height=\"282\" frameborder=\"0\" marginwidth=\"0\" marginheight=\"0\" scrolling=\"no\"><\/iframe><\/p>\n<p>https:\/\/agora.xtec.cat\/ceip-carlesiii\/general\/capitol-3-dones-rapitenques-laia-reverte-biotecnologa\/<\/p>\n<blockquote class=\"wp-embedded-content\" data-secret=\"Zt1fQcPxuO\"><p><a href=\"https:\/\/agora.xtec.cat\/ceip-carlesiii\/general\/dones-rapitenques-vanessa-balaguer-biologa\/\">DONES RAPITENQUES &#8211; Vanessa Balagu\u00e9: Bi\u00f2loga.<\/a><\/p><\/blockquote>\n<p><iframe loading=\"lazy\" class=\"wp-embedded-content\" sandbox=\"allow-scripts\" security=\"restricted\" style=\"position: absolute; clip: rect(1px, 1px, 1px, 1px);\" title=\"&#8220;DONES RAPITENQUES &#8211; Vanessa Balagu\u00e9: Bi\u00f2loga.&#8221; &#8212; Escola Carles III\" src=\"https:\/\/agora.xtec.cat\/ceip-carlesiii\/general\/dones-rapitenques-vanessa-balaguer-biologa\/embed\/#?secret=MJxTW0iF4r#?secret=Zt1fQcPxuO\" data-secret=\"Zt1fQcPxuO\" width=\"500\" height=\"282\" frameborder=\"0\" marginwidth=\"0\" marginheight=\"0\" scrolling=\"no\"><\/iframe><\/p>\n<p>#canaldereporters<\/p>\n","protected":false},"excerpt":{"rendered":"<p>L&#8217;alumnat de 4t us presentem: DONES RAPITENQUES!<\/p>\n<p>L&#8217;alumnat de 4t de prim\u00e0ria, amb motiu del 8 de mar\u00e7 i la setmana de la coeducaci\u00f3, hem treballat un projecte anomenat: Dones Rapitenques.<br \/>\nEn aquest projecte hem apr\u00e8s i gaudit molt, per\u00f2 sobretot hem tingut l&#8217;oportunitat d&#8217;entrevistar a algunes&hellip;  <a href=\"https:\/\/agora.xtec.cat\/ceip-carlesiii\/dones-rapitenques-el-podcast\/\" title=\"Read DONES RAPITENQUES: EL PODCAST\">Llegeix m\u00e9s\u00bb<\/a><\/p>\n","protected":false},"author":1,"featured_media":0,"parent":0,"menu_order":0,"comment_status":"closed","ping_status":"closed","template":"","meta":{"_bbp_topic_count":0,"_bbp_reply_count":0,"_bbp_total_topic_count":0,"_bbp_total_reply_count":0,"_bbp_voice_count":0,"_bbp_anonymous_reply_count":0,"_bbp_topic_count_hidden":0,"_bbp_reply_count_hidden":0,"_bbp_forum_subforum_count":0,"footnotes":""},"class_list":["post-6379","page","type-page","status-publish","hentry"],"post_mailing_queue_ids":[],"_links":{"self":[{"href":"https:\/\/agora.xtec.cat\/ceip-carlesiii\/wp-json\/wp\/v2\/pages\/6379","targetHints":{"allow":["GET"]}}],"collection":[{"href":"https:\/\/agora.xtec.cat\/ceip-carlesiii\/wp-json\/wp\/v2\/pages"}],"about":[{"href":"https:\/\/agora.xtec.cat\/ceip-carlesiii\/wp-json\/wp\/v2\/types\/page"}],"author":[{"embeddable":true,"href":"https:\/\/agora.xtec.cat\/ceip-carlesiii\/wp-json\/wp\/v2\/users\/1"}],"replies":[{"embeddable":true,"href":"https:\/\/agora.xtec.cat\/ceip-carlesiii\/wp-json\/wp\/v2\/comments?post=6379"}],"version-history":[{"count":4,"href":"https:\/\/agora.xtec.cat\/ceip-carlesiii\/wp-json\/wp\/v2\/pages\/6379\/revisions"}],"predecessor-version":[{"id":6910,"href":"https:\/\/agora.xtec.cat\/ceip-carlesiii\/wp-json\/wp\/v2\/pages\/6379\/revisions\/6910"}],"wp:attachment":[{"href":"https:\/\/agora.xtec.cat\/ceip-carlesiii\/wp-json\/wp\/v2\/media?parent=6379"}],"curies":[{"name":"wp","href":"https:\/\/api.w.org\/{rel}","templated":true}]}}