{"id":5841,"date":"2022-02-28T13:01:37","date_gmt":"2022-02-28T12:01:37","guid":{"rendered":"https:\/\/agora.xtec.cat\/ceip-carlesiii\/?page_id=5841"},"modified":"2022-06-23T12:46:47","modified_gmt":"2022-06-23T10:46:47","slug":"diagnosi","status":"publish","type":"page","link":"https:\/\/agora.xtec.cat\/ceip-carlesiii\/estrategia-digital-de-centre\/diagnosi\/","title":{"rendered":"Diagnosi"},"content":{"rendered":"<p>Per tal de poder dissenyar els objectius de l&#8217;Estrat\u00e8gia Digital de Centre des de l&#8217;escola hem dissenyat una enquesta adre\u00e7ada a la comunitat educativa, amb la intenci\u00f3 de realitzar una diagnosi acurada. Per recollir esta informaci\u00f3 hem utilitzat l&#8217;eina Selfie i Google Forms. Paral\u00b7lelament hem consultat la documentaci\u00f3 de centre, Projecte Educatiu, Projecte de Direcci\u00f3 i Pla TAC, amb la intenci\u00f3 de comptar amb la major quantitat d&#8217;informaci\u00f3 possible, per tal de dissenyar els objectius del projecte. Amb tot, hem concl\u00f2s els punts forts i les debilitats seg\u00fcents:<\/p>\n<h2><strong>PUNTS FORTS:<\/strong><\/h2>\n<p><img loading=\"lazy\" decoding=\"async\" class=\"size-full wp-image-6152 aligncenter\" src=\"https:\/\/agora.xtec.cat\/ceip-carlesiii\/wp-content\/uploads\/usu1600\/2022\/06\/Copia-de-Green-and-Cream-Illustration-Tips-Technology-For-Your-Class-Infographic-800-\u00d7-500-px.png\" alt=\"\" width=\"800\" height=\"500\" srcset=\"https:\/\/agora.xtec.cat\/ceip-carlesiii\/wp-content\/uploads\/usu1600\/2022\/06\/Copia-de-Green-and-Cream-Illustration-Tips-Technology-For-Your-Class-Infographic-800-\u00d7-500-px.png 800w, https:\/\/agora.xtec.cat\/ceip-carlesiii\/wp-content\/uploads\/usu1600\/2022\/06\/Copia-de-Green-and-Cream-Illustration-Tips-Technology-For-Your-Class-Infographic-800-\u00d7-500-px-300x188.png 300w, https:\/\/agora.xtec.cat\/ceip-carlesiii\/wp-content\/uploads\/usu1600\/2022\/06\/Copia-de-Green-and-Cream-Illustration-Tips-Technology-For-Your-Class-Infographic-800-\u00d7-500-px-768x480.png 768w\" sizes=\"auto, (max-width: 800px) 100vw, 800px\" \/><\/p>\n<h2>PUNTS A TREBALLAR:<br \/>\n<img loading=\"lazy\" decoding=\"async\" class=\"size-full wp-image-6131 aligncenter\" src=\"https:\/\/agora.xtec.cat\/ceip-carlesiii\/wp-content\/uploads\/usu1600\/2022\/06\/Green-and-Cream-Illustration-Tips-Technology-For-Your-Class-Infographic.png\" alt=\"\" width=\"800\" height=\"2000\" srcset=\"https:\/\/agora.xtec.cat\/ceip-carlesiii\/wp-content\/uploads\/usu1600\/2022\/06\/Green-and-Cream-Illustration-Tips-Technology-For-Your-Class-Infographic.png 800w, https:\/\/agora.xtec.cat\/ceip-carlesiii\/wp-content\/uploads\/usu1600\/2022\/06\/Green-and-Cream-Illustration-Tips-Technology-For-Your-Class-Infographic-120x300.png 120w, https:\/\/agora.xtec.cat\/ceip-carlesiii\/wp-content\/uploads\/usu1600\/2022\/06\/Green-and-Cream-Illustration-Tips-Technology-For-Your-Class-Infographic-410x1024.png 410w, https:\/\/agora.xtec.cat\/ceip-carlesiii\/wp-content\/uploads\/usu1600\/2022\/06\/Green-and-Cream-Illustration-Tips-Technology-For-Your-Class-Infographic-768x1920.png 768w, https:\/\/agora.xtec.cat\/ceip-carlesiii\/wp-content\/uploads\/usu1600\/2022\/06\/Green-and-Cream-Illustration-Tips-Technology-For-Your-Class-Infographic-614x1536.png 614w\" sizes=\"auto, (max-width: 800px) 100vw, 800px\" \/><\/h2>\n<h2>PARTICIPACI\u00d3 D&#8217;ALUMNAT I PROFESSORAT ALS Q\u00dcESTIONARIS SELFIE:<br \/>\n<img loading=\"lazy\" decoding=\"async\" class=\"aligncenter wp-image-6026 size-full\" src=\"https:\/\/agora.xtec.cat\/ceip-carlesiii\/wp-content\/uploads\/usu1600\/2022\/05\/Participation.png\" alt=\"\" width=\"3960\" height=\"1138\" srcset=\"https:\/\/agora.xtec.cat\/ceip-carlesiii\/wp-content\/uploads\/usu1600\/2022\/05\/Participation.png 3960w, https:\/\/agora.xtec.cat\/ceip-carlesiii\/wp-content\/uploads\/usu1600\/2022\/05\/Participation-300x86.png 300w, https:\/\/agora.xtec.cat\/ceip-carlesiii\/wp-content\/uploads\/usu1600\/2022\/05\/Participation-1024x294.png 1024w, https:\/\/agora.xtec.cat\/ceip-carlesiii\/wp-content\/uploads\/usu1600\/2022\/05\/Participation-768x221.png 768w, https:\/\/agora.xtec.cat\/ceip-carlesiii\/wp-content\/uploads\/usu1600\/2022\/05\/Participation-1536x441.png 1536w, https:\/\/agora.xtec.cat\/ceip-carlesiii\/wp-content\/uploads\/usu1600\/2022\/05\/Participation-2048x589.png 2048w\" sizes=\"auto, (max-width: 3960px) 100vw, 3960px\" \/><\/h2>\n<h2>PARTICIPACI\u00d3 FAM\u00cdLIES:<\/h2>\n<p>107 fam\u00edlies van participar de l&#8217;enquesta donant respostes sobre:<\/p>\n<ul>\n<li>Connectivitat a casa.<\/li>\n<li>Nivell de coneixements digitals de les fam\u00edlies.<\/li>\n<li>Coneixement de la web del centre i dels EVA utilitzats.<\/li>\n<li>Altres informacions i opinions.<\/li>\n<\/ul>\n<p>&nbsp;<\/p>\n","protected":false},"excerpt":{"rendered":"<p>Per tal de poder dissenyar els objectius de l&#8217;Estrat\u00e8gia Digital de Centre des de l&#8217;escola hem dissenyat una enquesta adre\u00e7ada a la comunitat educativa, amb la intenci\u00f3 de realitzar una diagnosi acurada. Per recollir esta informaci\u00f3 hem utilitzat l&#8217;eina Selfie i Google Forms. Paral\u00b7lelament hem&hellip;  <a href=\"https:\/\/agora.xtec.cat\/ceip-carlesiii\/estrategia-digital-de-centre\/diagnosi\/\" title=\"Read Diagnosi\">Llegeix m\u00e9s\u00bb<\/a><\/p>\n","protected":false},"author":1,"featured_media":0,"parent":5838,"menu_order":0,"comment_status":"closed","ping_status":"closed","template":"","meta":{"_bbp_topic_count":0,"_bbp_reply_count":0,"_bbp_total_topic_count":0,"_bbp_total_reply_count":0,"_bbp_voice_count":0,"_bbp_anonymous_reply_count":0,"_bbp_topic_count_hidden":0,"_bbp_reply_count_hidden":0,"_bbp_forum_subforum_count":0,"footnotes":""},"class_list":["post-5841","page","type-page","status-publish","hentry"],"post_mailing_queue_ids":[],"_links":{"self":[{"href":"https:\/\/agora.xtec.cat\/ceip-carlesiii\/wp-json\/wp\/v2\/pages\/5841","targetHints":{"allow":["GET"]}}],"collection":[{"href":"https:\/\/agora.xtec.cat\/ceip-carlesiii\/wp-json\/wp\/v2\/pages"}],"about":[{"href":"https:\/\/agora.xtec.cat\/ceip-carlesiii\/wp-json\/wp\/v2\/types\/page"}],"author":[{"embeddable":true,"href":"https:\/\/agora.xtec.cat\/ceip-carlesiii\/wp-json\/wp\/v2\/users\/1"}],"replies":[{"embeddable":true,"href":"https:\/\/agora.xtec.cat\/ceip-carlesiii\/wp-json\/wp\/v2\/comments?post=5841"}],"version-history":[{"count":3,"href":"https:\/\/agora.xtec.cat\/ceip-carlesiii\/wp-json\/wp\/v2\/pages\/5841\/revisions"}],"predecessor-version":[{"id":6153,"href":"https:\/\/agora.xtec.cat\/ceip-carlesiii\/wp-json\/wp\/v2\/pages\/5841\/revisions\/6153"}],"up":[{"embeddable":true,"href":"https:\/\/agora.xtec.cat\/ceip-carlesiii\/wp-json\/wp\/v2\/pages\/5838"}],"wp:attachment":[{"href":"https:\/\/agora.xtec.cat\/ceip-carlesiii\/wp-json\/wp\/v2\/media?parent=5841"}],"curies":[{"name":"wp","href":"https:\/\/api.w.org\/{rel}","templated":true}]}}