{"id":528,"date":"2016-12-25T22:45:41","date_gmt":"2016-12-25T21:45:41","guid":{"rendered":"http:\/\/agora.xtec.cat\/ceip-carlesiii\/?page_id=528"},"modified":"2025-09-08T10:14:36","modified_gmt":"2025-09-08T08:14:36","slug":"convivencia","status":"publish","type":"page","link":"https:\/\/agora.xtec.cat\/ceip-carlesiii\/projecte-educatiu\/convivencia\/","title":{"rendered":"Projecte de Conviv\u00e8ncia \u00a0(EN PROC\u00c9S D&#8217;ACTUALITZACI\u00d3)"},"content":{"rendered":"<div><a href=\"https:\/\/issuu.com\/ecarlestercer\/docs\/projecte_convivencia__2_\">PROJECTE DE CONVIV\u00c8NCIA<\/a><\/div>\n<div><\/div>\n<div><\/div>\n<div class=\"MsoNormal\" style=\"line-height: 150%; text-align: justify;\"><span style=\"font-family: 'calibri' , 'sans-serif'; font-size: 11.0pt; line-height: 150%;\"><b>OBJECTIUS:<\/b><\/span><\/div>\n<div class=\"MsoNormal\" style=\"line-height: 150%; text-align: justify;\"><span style=\"font-family: 'calibri' , 'sans-serif'; font-size: 11.0pt; line-height: 150%;\"><b>\u00a0<\/b><\/span><\/div>\n<div style=\"line-height: 115%; mso-list: l0 level1 lfo1; tab-stops: list 0cm; text-align: justify; text-indent: -18.0pt; margin: 0cm -.05pt 0cm 35.45pt;\"><!-- [if !supportLists]--><span style=\"font-family: 'wingdings'; mso-ansi-language: CA; mso-bidi-font-family: Wingdings; mso-fareast-font-family: Wingdings;\">\u00d8<span style=\"font-family: 'times new roman'; font-size: 7pt; font-stretch: normal; line-height: normal;\">\u00a0 \u00a0<\/span><\/span><!--[endif]--><span style=\"font-family: 'calibri' , 'sans-serif'; font-size: 11.0pt; line-height: 115%;\">Sensibilitzar la comunitat educativa sobre la pau com a quelcom m\u00e9s que l&#8217;abs\u00e8ncia de guerres i baralles.<\/span><\/div>\n<div style=\"line-height: 115%; mso-list: l0 level1 lfo1; tab-stops: list 0cm; text-align: justify; text-indent: -18.0pt; margin: 0cm -.05pt 0cm 35.45pt;\"><\/div>\n<div style=\"line-height: 115%; mso-list: l0 level1 lfo1; tab-stops: list 0cm; text-align: justify; text-indent: -18.0pt; margin: 0cm -.05pt 0cm 36.0pt;\"><!-- [if !supportLists]--><span style=\"font-family: 'wingdings'; mso-ansi-language: CA; mso-bidi-font-family: Wingdings; mso-fareast-font-family: Wingdings;\">\u00d8<span style=\"font-family: 'times new roman'; font-size: 7pt; font-stretch: normal; line-height: normal;\">\u00a0 <\/span><\/span><!--[endif]--><span style=\"font-family: 'calibri' , 'sans-serif'; font-size: 11.0pt; line-height: 115%;\">Con\u00e8ixer i familiaritzar-se amb els conceptes d&#8217;amor universal, de no-viol\u00e8ncia i de pau positiva, tant com amb els procediments de reivindicaci\u00f3 no-violenta dels drets humans.<\/span><\/div>\n<div style=\"line-height: 115%; mso-list: l0 level1 lfo1; tab-stops: list 0cm; text-align: justify; text-indent: -18.0pt; margin: 0cm -.05pt 0cm 36.0pt;\"><\/div>\n<div style=\"line-height: 115%; mso-list: l0 level1 lfo1; tab-stops: list 0cm; text-align: justify; text-indent: -18.0pt; margin: 0cm -.05pt 0cm 36.0pt;\"><!-- [if !supportLists]--><span style=\"font-family: 'wingdings'; mso-ansi-language: CA; mso-bidi-font-family: Wingdings; mso-fareast-font-family: Wingdings;\">\u00d8<span style=\"font-family: 'times new roman'; font-size: 7pt; font-stretch: normal; line-height: normal;\">\u00a0 \u00a0<\/span><\/span><!--[endif]--><span style=\"font-family: 'calibri' , 'sans-serif'; font-size: 11.0pt; line-height: 115%;\">Incidir en l\u2019aprenentatge d\u2019habilitats i destreses per resoldre els conflictes de manera pac\u00edfica i dialogant, expressant les opinions de forma tranquil\u00b7la, clara i ordenada i escoltant les opinions de les altres persones.<\/span><\/div>\n<div style=\"line-height: 115%; mso-list: l0 level1 lfo1; tab-stops: list 0cm; text-align: justify; text-indent: -18.0pt; margin: 0cm -.05pt 0cm 36.0pt;\"><\/div>\n<div style=\"line-height: 115%; mso-list: l0 level1 lfo1; tab-stops: list 0cm; text-align: justify; text-indent: -18.0pt; margin: 0cm -.05pt 0cm 36.0pt;\"><!-- [if !supportLists]--><span style=\"font-family: 'wingdings'; mso-ansi-language: CA; mso-bidi-font-family: Wingdings; mso-fareast-font-family: Wingdings;\">\u00d8<span style=\"font-family: 'times new roman'; font-size: 7pt; font-stretch: normal; line-height: normal;\">\u00a0 <\/span><\/span><!--[endif]--><span style=\"font-family: 'calibri' , 'sans-serif'; font-size: 11.0pt; line-height: 115%;\">Compartir i gaudir d\u2019activitats i moments l\u2019alumnat, els mestres i les fam\u00edlies amb la finalitat de celebrar i recordar que volem ser persones de pau.<\/span><\/div>\n<div style=\"line-height: 115%; mso-list: l0 level1 lfo1; tab-stops: list 0cm; text-align: justify; text-indent: -18.0pt; margin: 0cm -.05pt 0cm 36.0pt;\"><\/div>\n<div style=\"line-height: 115%; mso-list: l0 level1 lfo1; tab-stops: list 0cm; text-align: justify; text-indent: -18.0pt; margin: 0cm -.05pt 0cm 36.0pt;\"><!-- [if !supportLists]--><span style=\"font-family: 'wingdings'; mso-ansi-language: CA; mso-bidi-font-family: Wingdings; mso-fareast-font-family: Wingdings;\">\u00d8<span style=\"font-family: 'times new roman'; font-size: 7pt; font-stretch: normal; line-height: normal;\">\u00a0 <\/span><\/span><!--[endif]--><span style=\"font-family: 'calibri' , 'sans-serif'; font-size: 11.0pt; line-height: 115%;\">Implicar l\u2019alumnat i les seues fam\u00edlies en les activitats i celebracions de l\u2019escola per tal de potenciar el sentit de pertinen\u00e7a a la comunitat, promoure la cultura de la pau i fomentar el treball d\u2019equip.<\/span><\/div>\n<div style=\"line-height: 115%; mso-list: l0 level1 lfo1; tab-stops: list 0cm; text-align: justify; text-indent: -18.0pt; margin: 0cm -.05pt 0cm 36.0pt;\"><\/div>\n<div style=\"line-height: 115%; mso-list: l0 level1 lfo1; tab-stops: list 0cm; text-align: justify; text-indent: -18.0pt; margin: 0cm -.05pt 0cm 36.0pt;\"><!-- [if !supportLists]--><span style=\"font-family: 'wingdings'; mso-ansi-language: CA; mso-bidi-font-family: Wingdings; mso-fareast-font-family: Wingdings;\">\u00d8<span style=\"font-family: 'times new roman'; font-size: 7pt; font-stretch: normal; line-height: normal;\">\u00a0 <\/span><\/span><!--[endif]--><span style=\"font-family: 'calibri' , 'sans-serif'; font-size: 11.0pt; line-height: 115%;\">Adquirir valors i actituds de respecte envers les altres persones, de solidaritat, cooperaci\u00f3 i toler\u00e0ncia.<\/span><\/div>\n<div style=\"line-height: 115%; mso-list: l0 level1 lfo1; tab-stops: list 0cm; text-align: justify; text-indent: -18.0pt; margin: 0cm -.05pt 0cm 36.0pt;\"><\/div>\n<div style=\"line-height: 115%; mso-list: l0 level1 lfo1; tab-stops: list 0cm; text-align: justify; text-indent: -18.0pt; margin: 0cm -.05pt 0cm 36.0pt;\"><!-- [if !supportLists]--><span style=\"font-family: 'wingdings'; mso-ansi-language: CA; mso-bidi-font-family: Wingdings; mso-fareast-font-family: Wingdings;\">\u00d8<span style=\"font-family: 'times new roman'; font-size: 7pt; font-stretch: normal; line-height: normal;\">\u00a0 <\/span><\/span><!--[endif]--><span style=\"font-family: 'calibri' , 'sans-serif'; font-size: 11.0pt; line-height: 115%;\">Promoure l\u2019equitat i la dignitat de totes les persones, els drets humans, la interculturalitat, el di\u00e0leg i la pau.<\/span><\/div>\n<div style=\"line-height: 115%; mso-list: l0 level1 lfo1; tab-stops: list 0cm; text-align: justify; text-indent: -18.0pt; margin: 0cm -.05pt 0cm 36.0pt;\"><\/div>\n<div style=\"line-height: 115%; mso-list: l0 level1 lfo1; tab-stops: list 0cm; text-align: justify; text-indent: -18.0pt; margin: 0cm -.05pt 0cm 36.0pt;\"><!-- [if !supportLists]--><span style=\"font-family: 'wingdings'; mso-ansi-language: CA; mso-bidi-font-family: Wingdings; mso-fareast-font-family: Wingdings;\">\u00d8<span style=\"font-family: 'times new roman'; font-size: 7pt; font-stretch: normal; line-height: normal;\">\u00a0 <\/span><\/span><!--[endif]--><span style=\"font-family: 'calibri' , 'sans-serif'; font-size: 11.0pt; line-height: 115%;\">Potenciar nous models de conviv\u00e8ncia i de cohesi\u00f3 social.<\/span><\/div>\n<div style=\"line-height: 115%; mso-list: l0 level1 lfo1; tab-stops: list 0cm; text-align: justify; text-indent: -18.0pt; margin: 0cm -.05pt 0cm 36.0pt;\"><span style=\"font-family: 'calibri' , 'sans-serif'; font-size: 11.0pt; line-height: 115%;\">\u00a0<\/span><\/div>\n<div class=\"MsoNormal\"><\/div>\n<div class=\"MsoNormal\"><b><span lang=\"FR-HT\" style=\"font-family: 'calibri' , 'sans-serif'; font-size: 11.0pt;\">TASQUES DUTES A TERME PER LA COMISSI\u00d3 DE CONVIV\u00c8NCIA:<\/span><\/b><\/div>\n<div class=\"MsoNormal\"><\/div>\n<div class=\"MsoListParagraphCxSpFirst\" style=\"mso-add-space: auto; mso-list: l0 level1 lfo1; text-indent: -18.0pt; margin: 0cm 0cm 10.0pt 36.0pt;\"><!-- [if !supportLists]--><span style=\"font-family: 'calibri' , 'sans-serif'; font-size: 11.0pt;\">&#8211;<span style=\"font-family: 'times new roman'; font-size: 7pt; font-stretch: normal;\">\u00a0\u00a0\u00a0\u00a0\u00a0\u00a0\u00a0\u00a0\u00a0<\/span><\/span><span style=\"font-family: 'calibri' , 'sans-serif'; font-size: 11.0pt;\">Revisar i actualitzar les Normes i incid\u00e8ncies i les Mesures correctores del Protocol d\u2019actuaci\u00f3 davant dels conflictes del Projecte de Conviv\u00e8ncia.<\/span><\/div>\n<div class=\"MsoListParagraphCxSpMiddle\" style=\"mso-add-space: auto; mso-list: l0 level1 lfo1; text-indent: -18.0pt; margin: 0cm 0cm 10.0pt 36.0pt;\"><!-- [if !supportLists]--><span style=\"font-family: 'calibri' , 'sans-serif'; font-size: 11.0pt;\">&#8211;<span style=\"font-family: 'times new roman'; font-size: 7pt; font-stretch: normal;\">\u00a0\u00a0\u00a0\u00a0\u00a0\u00a0\u00a0\u00a0\u00a0<\/span><\/span><span style=\"font-family: 'calibri' , 'sans-serif'; font-size: 11.0pt;\">Elaborar Normes i incid\u00e8ncies i les Mesures correctores per a la seua aplicaci\u00f3 en el menjador escolar i en les activitats extra escolars del centre.<\/span><\/div>\n<div class=\"MsoListParagraphCxSpMiddle\" style=\"mso-add-space: auto; mso-list: l0 level1 lfo1; text-indent: -18.0pt; margin: 0cm 0cm 10.0pt 36.0pt;\"><!-- [if !supportLists]--><span style=\"font-family: 'calibri' , 'sans-serif'; font-size: 11.0pt;\">&#8211;<span style=\"font-family: 'times new roman'; font-size: 7pt; font-stretch: normal;\">\u00a0\u00a0\u00a0\u00a0\u00a0\u00a0\u00a0\u00a0\u00a0<\/span><\/span><span style=\"font-family: 'calibri' , 'sans-serif'; font-size: 11.0pt;\">Elaborar i confeccionar Normes de Pati.<\/span><\/div>\n<div class=\"MsoListParagraphCxSpMiddle\" style=\"mso-add-space: auto; mso-list: l0 level1 lfo1; text-indent: -18.0pt; margin: 0cm 0cm 10.0pt 36.0pt;\"><!-- [if !supportLists]--><span style=\"font-family: 'calibri' , 'sans-serif'; font-size: 11.0pt;\">&#8211;<span style=\"font-family: 'times new roman'; font-size: 7pt; font-stretch: normal;\">\u00a0\u00a0\u00a0\u00a0\u00a0\u00a0\u00a0\u00a0\u00a0<\/span><\/span><span style=\"font-family: 'calibri' , 'sans-serif'; font-size: 11.0pt;\">Elaborar i confeccionar murals sobre el concepte de Conviv\u00e8ncia per treballar als cicles.<\/span><\/div>\n<div class=\"MsoListParagraphCxSpMiddle\" style=\"mso-add-space: auto; mso-list: l0 level1 lfo1; text-indent: -18.0pt; margin: 0cm 0cm 10.0pt 36.0pt;\"><!-- [if !supportLists]--><span style=\"font-family: 'calibri' , 'sans-serif'; font-size: 11.0pt;\">&#8211;<span style=\"font-family: 'times new roman'; font-size: 7pt; font-stretch: normal;\">\u00a0\u00a0\u00a0\u00a0\u00a0\u00a0\u00a0\u00a0\u00a0<\/span><\/span><span style=\"font-family: 'calibri' , 'sans-serif'; font-size: 11.0pt;\">Confeccionar i preparar activitats per la celebraci\u00f3 del Dia de la Pau.<\/span><\/div>\n<div class=\"MsoListParagraphCxSpMiddle\" style=\"mso-add-space: auto; mso-list: l0 level1 lfo1; text-indent: -18.0pt; margin: 0cm 0cm 10.0pt 36.0pt;\"><!-- [if !supportLists]--><span style=\"font-family: 'calibri' , 'sans-serif'; font-size: 11.0pt;\">&#8211;<span style=\"font-family: 'times new roman'; font-size: 7pt; font-stretch: normal;\">\u00a0\u00a0\u00a0\u00a0\u00a0\u00a0\u00a0\u00a0\u00a0<\/span><\/span><span style=\"font-family: 'calibri' , 'sans-serif'; font-size: 11.0pt;\">Elaborar el registre d\u2019incid\u00e8ncies.<\/span><\/div>\n<div class=\"MsoListParagraphCxSpLast\" style=\"mso-add-space: auto; mso-list: l0 level1 lfo1; text-indent: -18.0pt; margin: 0cm 0cm 10.0pt 36.0pt;\"><!-- [if !supportLists]--><span style=\"font-family: 'calibri' , 'sans-serif'; font-size: 11.0pt;\">&#8211;<span style=\"font-family: 'times new roman'; font-size: 7pt; font-stretch: normal;\">\u00a0\u00a0\u00a0\u00a0\u00a0\u00a0\u00a0\u00a0\u00a0<\/span><\/span><span style=\"font-family: 'calibri' , 'sans-serif'; font-size: 11.0pt;\">Realitzar intervencions en conflictes greus i mediacions entre iguals.<\/span><\/div>\n<p>&nbsp;<\/p>\n<p><a href=\"https:\/\/drive.google.com\/file\/d\/1WTsQwhvjUasiTt-4aBGrN_ND3QO_snxc\/view?usp=share_link\">PROJECTE DE CONVIV\u00c8NCIA<\/a> <a href=\"https:\/\/drive.google.com\/file\/d\/1WTsQwhvjUasiTt-4aBGrN_ND3QO_snxc\/view?usp=share_link\"><img loading=\"lazy\" decoding=\"async\" class=\" wp-image-4704 alignleft\" src=\"https:\/\/agora.xtec.cat\/ceip-carlesiii\/wp-content\/uploads\/usu1600\/2020\/03\/pdf-icon.jpg\" alt=\"\" width=\"46\" height=\"46\" \/><\/a><\/p>\n","protected":false},"excerpt":{"rendered":"<p><a href=\"https:\/\/issuu.com\/ecarlestercer\/docs\/projecte_convivencia__2_\">PROJECTE DE CONVIV\u00c8NCIA<\/a><\/p>\n<p>OBJECTIUS:<br \/>\n\u00a0<br \/>\n\u00d8\u00a0 \u00a0Sensibilitzar la comunitat educativa sobre la pau com a quelcom m\u00e9s que l&#8217;abs\u00e8ncia de guerres i baralles.<\/p>\n<p>\u00d8\u00a0 Con\u00e8ixer i familiaritzar-se amb els conceptes d&#8217;amor universal, de no-viol\u00e8ncia i de pau positiva, tant com amb els procediments de reivindicaci\u00f3 no-violenta dels drets&hellip;  <a href=\"https:\/\/agora.xtec.cat\/ceip-carlesiii\/projecte-educatiu\/convivencia\/\" title=\"Read Projecte de Conviv\u00e8ncia \u00a0(EN PROC\u00c9S D&#8217;ACTUALITZACI\u00d3)\">Llegeix m\u00e9s\u00bb<\/a><\/p>\n","protected":false},"author":1,"featured_media":0,"parent":64,"menu_order":40,"comment_status":"closed","ping_status":"closed","template":"page-templates\/side-menu.php","meta":{"_bbp_topic_count":0,"_bbp_reply_count":0,"_bbp_total_topic_count":0,"_bbp_total_reply_count":0,"_bbp_voice_count":0,"_bbp_anonymous_reply_count":0,"_bbp_topic_count_hidden":0,"_bbp_reply_count_hidden":0,"_bbp_forum_subforum_count":0,"footnotes":""},"class_list":["post-528","page","type-page","status-publish","hentry"],"post_mailing_queue_ids":[],"_links":{"self":[{"href":"https:\/\/agora.xtec.cat\/ceip-carlesiii\/wp-json\/wp\/v2\/pages\/528","targetHints":{"allow":["GET"]}}],"collection":[{"href":"https:\/\/agora.xtec.cat\/ceip-carlesiii\/wp-json\/wp\/v2\/pages"}],"about":[{"href":"https:\/\/agora.xtec.cat\/ceip-carlesiii\/wp-json\/wp\/v2\/types\/page"}],"author":[{"embeddable":true,"href":"https:\/\/agora.xtec.cat\/ceip-carlesiii\/wp-json\/wp\/v2\/users\/1"}],"replies":[{"embeddable":true,"href":"https:\/\/agora.xtec.cat\/ceip-carlesiii\/wp-json\/wp\/v2\/comments?post=528"}],"version-history":[{"count":4,"href":"https:\/\/agora.xtec.cat\/ceip-carlesiii\/wp-json\/wp\/v2\/pages\/528\/revisions"}],"predecessor-version":[{"id":7264,"href":"https:\/\/agora.xtec.cat\/ceip-carlesiii\/wp-json\/wp\/v2\/pages\/528\/revisions\/7264"}],"up":[{"embeddable":true,"href":"https:\/\/agora.xtec.cat\/ceip-carlesiii\/wp-json\/wp\/v2\/pages\/64"}],"wp:attachment":[{"href":"https:\/\/agora.xtec.cat\/ceip-carlesiii\/wp-json\/wp\/v2\/media?parent=528"}],"curies":[{"name":"wp","href":"https:\/\/api.w.org\/{rel}","templated":true}]}}