{"id":38,"date":"2014-09-18T12:34:08","date_gmt":"2014-09-18T10:34:08","guid":{"rendered":"http:\/\/agora.xtec.cat\/ceip-carlesiii\/?page_id=38"},"modified":"2017-01-18T08:51:24","modified_gmt":"2017-01-18T07:51:24","slug":"salut","status":"publish","type":"page","link":"https:\/\/agora.xtec.cat\/ceip-carlesiii\/families\/salut\/","title":{"rendered":"Salut"},"content":{"rendered":"<p>Els alumnes hauran d\u2019assistir a classe en condicions de salut i higiene que no comportin un risc anormal per a la resta de persones de la Comunitat Escolar. En cas d&#8217;observar defici\u00e8ncies a criteri del mestre o mestra, s\u2019informar\u00e0 a les fam\u00edlies que hauran de posar el remei que calgui.<\/p>\n<p>Per disminuir raonablement el risc de contagi, l\u2019escola demana respectar les seg\u00fcents normes d\u2019actuaci\u00f3:<br \/>\no Els xiquets i xiquetes\u00a0han de venir nets a l\u2019escola.<br \/>\no Cal extremar la vigil\u00e0ncia dels polls per tal de prevenir el seu contagi. Quan es detectin polls en un classe s\u2019informar\u00e0 a totes les fam\u00edlies de l\u2019aula per tal que apliquin el tractament oport\u00fa.<br \/>\no \u00c9s important tamb\u00e9 que duguin les ungles netes i curtes.<br \/>\no En cas de malaltia infecciosa i\/o contagiosa no podran assistir a l\u2019escola: grip, conjuntivitis, diarrea, polls, febre (temperatura superior a 37\u00ba)&#8230;<br \/>\no En cas de malaltia cal respectar el per\u00edode de baixa que fixi el\/la pediatre\/a.<\/p>\n<p>En cas de detectar problemes importants a nivell f\u00edsic o psicol\u00f2gic en algun alumne, es posar\u00e0 en coneixement de la fam\u00edlia per actuar en conseq\u00fc\u00e8ncia. En el cas que un\/a alumne\/a\u00a0prengui mal o es trobe malament dins el centre en horari lectiu, l\u2019escola es posar\u00e0 en contacte amb la fam\u00edlia, per tal de poder atendre, el m\u00e9s efica\u00e7ment possible la necessitat que haja sorgit.<\/p>\n<p><strong>Al\u00b7l\u00e8rgies o intoler\u00e0ncies aliment\u00e0ries:<\/strong><br \/>\no \u00c9s important informar al centre de qualsevol al\u00b7l\u00e8rgia o intoler\u00e0ncia per part de l&#8217;alumnat.<br \/>\no\u00a0Cal tamb\u00e9\u00a0informar a l\u2019escola de la patologia crisi de l\u2019alumne\/a i el protocol a seguir en cada moment.<br \/>\no\u00a0Cada inici de curs des d\u2019administraci\u00f3 es lliurar\u00e0 al tutor o tutora un llistat amb les incid\u00e8ncies del grup.<br \/>\no L&#8217;escola vetllar\u00e0 per l\u2019actualitzaci\u00f3 de les dades.<\/p>\n<p>&nbsp;<\/p>\n<p>&nbsp;<\/p>\n<p>&nbsp;<\/p>\n<p>&nbsp;<\/p>\n<p>&nbsp;<\/p>\n","protected":false},"excerpt":{"rendered":"<p>Els alumnes hauran d\u2019assistir a classe en condicions de salut i higiene que no comportin un risc anormal per a la resta de persones de la Comunitat Escolar. En cas d&#8217;observar defici\u00e8ncies a criteri del mestre o mestra, s\u2019informar\u00e0 a les fam\u00edlies que hauran de&hellip;  <a href=\"https:\/\/agora.xtec.cat\/ceip-carlesiii\/families\/salut\/\" title=\"Read Salut\">Llegeix m\u00e9s\u00bb<\/a><\/p>\n","protected":false},"author":1,"featured_media":0,"parent":510,"menu_order":0,"comment_status":"closed","ping_status":"closed","template":"page-templates\/side-menu.php","meta":{"_bbp_topic_count":0,"_bbp_reply_count":0,"_bbp_total_topic_count":0,"_bbp_total_reply_count":0,"_bbp_voice_count":0,"_bbp_anonymous_reply_count":0,"_bbp_topic_count_hidden":0,"_bbp_reply_count_hidden":0,"_bbp_forum_subforum_count":0,"footnotes":""},"class_list":["post-38","page","type-page","status-publish","hentry"],"post_mailing_queue_ids":[],"_links":{"self":[{"href":"https:\/\/agora.xtec.cat\/ceip-carlesiii\/wp-json\/wp\/v2\/pages\/38","targetHints":{"allow":["GET"]}}],"collection":[{"href":"https:\/\/agora.xtec.cat\/ceip-carlesiii\/wp-json\/wp\/v2\/pages"}],"about":[{"href":"https:\/\/agora.xtec.cat\/ceip-carlesiii\/wp-json\/wp\/v2\/types\/page"}],"author":[{"embeddable":true,"href":"https:\/\/agora.xtec.cat\/ceip-carlesiii\/wp-json\/wp\/v2\/users\/1"}],"replies":[{"embeddable":true,"href":"https:\/\/agora.xtec.cat\/ceip-carlesiii\/wp-json\/wp\/v2\/comments?post=38"}],"version-history":[{"count":3,"href":"https:\/\/agora.xtec.cat\/ceip-carlesiii\/wp-json\/wp\/v2\/pages\/38\/revisions"}],"predecessor-version":[{"id":587,"href":"https:\/\/agora.xtec.cat\/ceip-carlesiii\/wp-json\/wp\/v2\/pages\/38\/revisions\/587"}],"up":[{"embeddable":true,"href":"https:\/\/agora.xtec.cat\/ceip-carlesiii\/wp-json\/wp\/v2\/pages\/510"}],"wp:attachment":[{"href":"https:\/\/agora.xtec.cat\/ceip-carlesiii\/wp-json\/wp\/v2\/media?parent=38"}],"curies":[{"name":"wp","href":"https:\/\/api.w.org\/{rel}","templated":true}]}}