{"id":32,"date":"2014-09-18T12:31:33","date_gmt":"2014-09-18T10:31:33","guid":{"rendered":"http:\/\/agora.xtec.cat\/ceip-carlesiii\/?page_id=32"},"modified":"2025-07-04T08:08:18","modified_gmt":"2025-07-04T06:08:18","slug":"calendari-del-curs","status":"publish","type":"page","link":"https:\/\/agora.xtec.cat\/ceip-carlesiii\/documents\/calendari-del-curs\/","title":{"rendered":"Horari i calendari"},"content":{"rendered":"<ul style=\"list-style-type: circle;\">\n<li><a href=\"https:\/\/drive.google.com\/file\/d\/1XJLT51XsgLIXk2w-YqAgyAT8Ha5iQ0jn\/view?usp=sharing\" target=\"_blank\" rel=\"noopener\"><span style=\"text-decoration: underline;\">Descarrega el Calendari Escolar 25-26<\/span><\/a><\/li>\n<\/ul>\n<h4><\/h4>\n<h4><strong>Inici de curs:<\/strong><\/h4>\n<p>Dimarts 9 de setembre de 2025<\/p>\n<h4><strong>Vacances escolars:<\/strong><\/h4>\n<p>Del 20 de desembre de 2025 al 7 de gener de 2026, ambd\u00f3s inclosos<\/p>\n<p>Del 28 de mar\u00e7 al 6 d&#8217;abril de 2026 (ambd\u00f3s inclosos)<\/p>\n<p>A partir del 20 de juny de 2026<\/p>\n<h4><strong>Dies festius i\/o de lliure disposici\u00f3:<\/strong><\/h4>\n<p>11 de setembre de 2025<\/p>\n<p>13 d&#8217;octubre de 2025<\/p>\n<p>3 de novembre de 2024<\/p>\n<p>8 de desembre de 2024<\/p>\n<p>13 de febrer 2026<\/p>\n<p>13 de mar\u00e7 de 2026<\/p>\n<p>30 d&#8217;abril i 1 de maig de 2026<\/p>\n<h4><strong>Jornada compactada:<\/strong><\/h4>\n<p>19 de desembre de 2025 i del 8 al 19 de juny de 2026 (ambd\u00f3s inclosos)<\/p>\n<p>L\u2019<b>horari lectiu<\/b> del centre \u00e9s de 9 a 12:30 h i de 15:00 h a 16:30 h per a tot l&#8217;alumnat. El dia 19 de desembre i a partir del 8 de juny de 2026 es realitza horari compactat de 9 a 13h. (L&#8217;alumnat que utilitza el servei de menjador surten a les 15:00h).<\/p>\n<p>Per l&#8217;alumnat que inicia l\u2019escolaritzaci\u00f3 a I3 s\u2019organitza un breu per\u00edode d\u2019adaptaci\u00f3 que suposa una certa modificaci\u00f3 dels horaris dels primers dies de classe, i que es fa saber a les fam\u00edlies en les reunions pr\u00e8vies corresponents.<\/p>\n","protected":false},"excerpt":{"rendered":"<ul style=\"list-style-type: circle;\">\n<li><a href=\"https:\/\/drive.google.com\/file\/d\/1XJLT51XsgLIXk2w-YqAgyAT8Ha5iQ0jn\/view?usp=sharing\" target=\"_blank\" rel=\"noopener\">Descarrega el Calendari Escolar 25-26<\/a><\/li>\n<\/ul>\n<p>Inici de curs:<br \/>\nDimarts 9 de setembre de 2025<br \/>\nVacances escolars:<br \/>\nDel 20 de desembre de 2025 al 7 de gener de 2026, ambd\u00f3s inclosos<br \/>\nDel 28 de mar\u00e7 al 6 d&#8217;abril de 2026 (ambd\u00f3s inclosos)<br \/>\nA partir del 20 de&hellip;  <a href=\"https:\/\/agora.xtec.cat\/ceip-carlesiii\/documents\/calendari-del-curs\/\" title=\"Read Horari i calendari\">Llegeix m\u00e9s\u00bb<\/a><\/p>\n","protected":false},"author":1,"featured_media":0,"parent":544,"menu_order":8,"comment_status":"closed","ping_status":"closed","template":"page-templates\/side-menu.php","meta":{"_bbp_topic_count":0,"_bbp_reply_count":0,"_bbp_total_topic_count":0,"_bbp_total_reply_count":0,"_bbp_voice_count":0,"_bbp_anonymous_reply_count":0,"_bbp_topic_count_hidden":0,"_bbp_reply_count_hidden":0,"_bbp_forum_subforum_count":0,"footnotes":""},"class_list":["post-32","page","type-page","status-publish","hentry"],"post_mailing_queue_ids":[],"_links":{"self":[{"href":"https:\/\/agora.xtec.cat\/ceip-carlesiii\/wp-json\/wp\/v2\/pages\/32","targetHints":{"allow":["GET"]}}],"collection":[{"href":"https:\/\/agora.xtec.cat\/ceip-carlesiii\/wp-json\/wp\/v2\/pages"}],"about":[{"href":"https:\/\/agora.xtec.cat\/ceip-carlesiii\/wp-json\/wp\/v2\/types\/page"}],"author":[{"embeddable":true,"href":"https:\/\/agora.xtec.cat\/ceip-carlesiii\/wp-json\/wp\/v2\/users\/1"}],"replies":[{"embeddable":true,"href":"https:\/\/agora.xtec.cat\/ceip-carlesiii\/wp-json\/wp\/v2\/comments?post=32"}],"version-history":[{"count":6,"href":"https:\/\/agora.xtec.cat\/ceip-carlesiii\/wp-json\/wp\/v2\/pages\/32\/revisions"}],"predecessor-version":[{"id":7245,"href":"https:\/\/agora.xtec.cat\/ceip-carlesiii\/wp-json\/wp\/v2\/pages\/32\/revisions\/7245"}],"up":[{"embeddable":true,"href":"https:\/\/agora.xtec.cat\/ceip-carlesiii\/wp-json\/wp\/v2\/pages\/544"}],"wp:attachment":[{"href":"https:\/\/agora.xtec.cat\/ceip-carlesiii\/wp-json\/wp\/v2\/media?parent=32"}],"curies":[{"name":"wp","href":"https:\/\/api.w.org\/{rel}","templated":true}]}}