{"id":30,"date":"2014-09-18T12:30:23","date_gmt":"2014-09-18T10:30:23","guid":{"rendered":"http:\/\/agora.xtec.cat\/ceip-carlesiii\/?page_id=30"},"modified":"2017-11-23T15:55:54","modified_gmt":"2017-11-23T14:55:54","slug":"instal%c2%b7lacions","status":"publish","type":"page","link":"https:\/\/agora.xtec.cat\/ceip-carlesiii\/lescola\/instal%c2%b7lacions\/","title":{"rendered":"Instal\u00b7lacions"},"content":{"rendered":"<header class=\"entry-header\">\n<h1 class=\"entry-title\"><\/h1>\n<\/header>\n<div class=\"entry-content\">\n<div id=\"id3\" class=\"style_SkipStroke_2 shape-with-text\">\n<div class=\"text-content style_External_487_45\">\n<div class=\"style\">\n<p class=\"paragraph_style\"><strong>Qu\u00e8 podeu trobar?<\/strong><\/p>\n<\/div>\n<\/div>\n<\/div>\n<div id=\"id4\" class=\"style_SkipStroke_3 shape-with-text\">\n<div class=\"text-content style_External_850_83\">\n<div class=\"style_1\">\n<p class=\"paragraph_style_1\">A l&#8217;escola podeu trobar un seguit d&#8217;instal\u00b7lacions destinades a afavorir la formaci\u00f3 integral i la conviv\u00e8ncia dels\/les nostres alumnes. En concret disposem de quatre edificis per funcions pedag\u00f2giques m\u00e9s el nou edifici que alberga el menjador escolar. A m\u00e9s de nombroses pistes esportives i zones enjardinades o dedicades a l&#8217;hort escolar.<\/p>\n<div id=\"id4\" class=\"style_SkipStroke_2 shape-with-text\">\n<div class=\"text-content graphic_shape_layout_style_default_External_487_45\">\n<div class=\"graphic_shape_layout_style_default\">\n<p class=\"paragraph_style\"><strong>Edifici hist\u00f2ric<a href=\"http:\/\/agora.xtec.cat\/ceip-carlesiii\/wp-content\/uploads\/usu1600\/2016\/11\/popcole-027.jpg\"><img loading=\"lazy\" decoding=\"async\" class=\"alignright wp-image-463\" src=\"http:\/\/agora.xtec.cat\/ceip-carlesiii\/wp-content\/uploads\/usu1600\/2016\/11\/popcole-027-1024x771.jpg\" alt=\"popcole-027\" width=\"254\" height=\"191\" srcset=\"https:\/\/agora.xtec.cat\/ceip-carlesiii\/wp-content\/uploads\/usu1600\/2016\/11\/popcole-027-1024x771.jpg 1024w, https:\/\/agora.xtec.cat\/ceip-carlesiii\/wp-content\/uploads\/usu1600\/2016\/11\/popcole-027-300x226.jpg 300w, https:\/\/agora.xtec.cat\/ceip-carlesiii\/wp-content\/uploads\/usu1600\/2016\/11\/popcole-027-768x578.jpg 768w, https:\/\/agora.xtec.cat\/ceip-carlesiii\/wp-content\/uploads\/usu1600\/2016\/11\/popcole-027-200x150.jpg 200w, https:\/\/agora.xtec.cat\/ceip-carlesiii\/wp-content\/uploads\/usu1600\/2016\/11\/popcole-027.jpg 1600w\" sizes=\"auto, (max-width: 254px) 100vw, 254px\" \/><\/a><\/strong><\/p>\n<\/div>\n<\/div>\n<\/div>\n<div class=\"style_SkipStroke_4 shape-with-text flowDefining\">\n<div class=\"text-content Normal_External_850_102\">\n<div class=\"Normal\">\n<p class=\"paragraph_style_1\">\u00c9s l&#8217;edifici m\u00e9s antic de l&#8217;escola, data de la primera meitat del segle passat i all\u00ed es troben les aules de P4, P5, 1r i 2n. A m\u00e9s de la Biblioteca d&#8217;Infantil i l&#8217;Aula USEE. Totes les aules disposen de Pissarra digital interactiva.<\/p>\n<figure class=\"figure wp-caption alignleft\"><a href=\"http:\/\/agora.xtec.cat\/ceip-carlesiii\/wp-content\/uploads\/usu1600\/2016\/11\/Escola-SJ15.jpg\"><img loading=\"lazy\" decoding=\"async\" class=\"wp-image-469\" src=\"http:\/\/agora.xtec.cat\/ceip-carlesiii\/wp-content\/uploads\/usu1600\/2016\/11\/Escola-SJ15-1024x768.jpg\" alt=\"escola-sj15\" width=\"332\" height=\"250\" srcset=\"https:\/\/agora.xtec.cat\/ceip-carlesiii\/wp-content\/uploads\/usu1600\/2016\/11\/Escola-SJ15-1024x768.jpg 1024w, https:\/\/agora.xtec.cat\/ceip-carlesiii\/wp-content\/uploads\/usu1600\/2016\/11\/Escola-SJ15-300x225.jpg 300w, https:\/\/agora.xtec.cat\/ceip-carlesiii\/wp-content\/uploads\/usu1600\/2016\/11\/Escola-SJ15-768x576.jpg 768w, https:\/\/agora.xtec.cat\/ceip-carlesiii\/wp-content\/uploads\/usu1600\/2016\/11\/Escola-SJ15-200x150.jpg 200w, https:\/\/agora.xtec.cat\/ceip-carlesiii\/wp-content\/uploads\/usu1600\/2016\/11\/Escola-SJ15.jpg 1600w\" sizes=\"auto, (max-width: 332px) 100vw, 332px\" \/><\/a><figcaption class=\"wp-caption-text\">Edifici hist\u00f2ric<\/figcaption><\/figure>\n<div id=\"id4\" class=\"style_SkipStroke_2 shape-with-text\">\n<div class=\"text-content graphic_shape_layout_style_default_External_487_45\">\n<div class=\"graphic_shape_layout_style_default\">\n<p class=\"paragraph_style\"><strong>Edifici P3<\/strong><\/p>\n<\/div>\n<\/div>\n<\/div>\n<div class=\"style_SkipStroke_4 shape-with-text flowDefining\">\n<div class=\"text-content Normal_External_850_43\">\n<div class=\"Normal\">\n<p class=\"paragraph_style_1\">A l\u2019edifici d\u2019infantil comptem amb tres aules de P-3 i una Sala de Psicomotricitat.<\/p>\n<p class=\"paragraph_style_1\"><strong>Edifici Groc<\/strong><\/p>\n<p class=\"paragraph_style_1\">\u00c9s l&#8217;edifici que cont\u00e9 les aules de 3r i 4t, a m\u00e9s d&#8217;una Aula d&#8217;idiomes i Aula de M\u00fasica. Tamb\u00e9 en este edifici, a la planta baixa est\u00e0 el Gimn\u00e0s i els vestidors.<\/p>\n<p class=\"paragraph_style_1\"><strong>Edifici Roig<a href=\"http:\/\/agora.xtec.cat\/ceip-carlesiii\/wp-content\/uploads\/usu1600\/2014\/09\/P1100563.jpg\"><img loading=\"lazy\" decoding=\"async\" class=\"alignright wp-image-826\" src=\"http:\/\/agora.xtec.cat\/ceip-carlesiii\/wp-content\/uploads\/usu1600\/2014\/09\/P1100563-768x1024.jpg\" alt=\"P1100563\" width=\"244\" height=\"325\" srcset=\"https:\/\/agora.xtec.cat\/ceip-carlesiii\/wp-content\/uploads\/usu1600\/2014\/09\/P1100563-768x1024.jpg 768w, https:\/\/agora.xtec.cat\/ceip-carlesiii\/wp-content\/uploads\/usu1600\/2014\/09\/P1100563-225x300.jpg 225w, https:\/\/agora.xtec.cat\/ceip-carlesiii\/wp-content\/uploads\/usu1600\/2014\/09\/P1100563.jpg 1024w\" sizes=\"auto, (max-width: 244px) 100vw, 244px\" \/><\/a><\/strong><\/p>\n<p class=\"paragraph_style_1\">\u00c9s la construcci\u00f3 dedicada a aules m\u00e9s recent, els grans de l&#8217;escola (5t i 6t) l&#8217;ocupen, trobem aqu\u00ed unes segones aules d&#8217;Inform\u00e0tica, M\u00fasica i Idiomes a m\u00e9s de la Biblioteca Escolar. Tamb\u00e9 est\u00e0 ubicada aqu\u00ed la zona de Direcci\u00f3 i Secretaria. A la planta baixa, compta amb una Aula polivalent.<\/p>\n<p class=\"paragraph_style_1\">A totes les aules\u00a0es disposa d\u2019una Pissarra digital interactiva \u00a0o projector amb connexi\u00f3 a internet.<\/p>\n<p class=\"paragraph_style_1\"><strong>Menjador escolar<a href=\"http:\/\/agora.xtec.cat\/ceip-carlesiii\/wp-content\/uploads\/usu1600\/2014\/09\/Sense-t\u00edtol-1.jpg\"><img loading=\"lazy\" decoding=\"async\" class=\"wp-image-827 alignleft\" src=\"http:\/\/agora.xtec.cat\/ceip-carlesiii\/wp-content\/uploads\/usu1600\/2014\/09\/Sense-t\u00edtol-1-1024x626.jpg\" alt=\"Sense t\u00edtol\" width=\"267\" height=\"163\" srcset=\"https:\/\/agora.xtec.cat\/ceip-carlesiii\/wp-content\/uploads\/usu1600\/2014\/09\/Sense-t\u00edtol-1.jpg 1024w, https:\/\/agora.xtec.cat\/ceip-carlesiii\/wp-content\/uploads\/usu1600\/2014\/09\/Sense-t\u00edtol-1-300x183.jpg 300w, https:\/\/agora.xtec.cat\/ceip-carlesiii\/wp-content\/uploads\/usu1600\/2014\/09\/Sense-t\u00edtol-1-768x470.jpg 768w\" sizes=\"auto, (max-width: 267px) 100vw, 267px\" \/><\/a><\/strong><\/p>\n<p class=\"paragraph_style_1\">S&#8217;ha inaugurat recentment un nou edifici que fa les funcions de menjador escolar, ubicat en les proximitats dels edificis d&#8217;infantil, en la part alta del recinte escolar.<\/p>\n<\/div>\n<\/div>\n<\/div>\n<\/div>\n<\/div>\n<\/div>\n<\/div>\n<\/div>\n<\/div>\n<div id=\"id4\" class=\"style_SkipStroke_2 shape-with-text\">\n<div class=\"text-content graphic_shape_layout_style_default_External_487_45\">\n<div class=\"graphic_shape_layout_style_default\">\n<p class=\"paragraph_style\"><strong>Patis, pistes esportives, zones enjardinades i hort escolar<\/strong><\/p>\n<\/div>\n<\/div>\n<\/div>\n<div class=\"tinyText\"><\/div>\n<div class=\"style_SkipStroke_4 shape-with-text flowDefining\">\n<div class=\"text-content Normal_External_850_126\">\n<div class=\"Normal\">\n<p class=\"paragraph_style_1\">Disposem de pistes per practicar tota mena d\u2019esports, des d&#8217;una pistes de terra de minifutbol, a pistes esportives on practicar futbol sala, b\u00e0squet, voleibol, ping-pong\u2026<\/p>\n<p class=\"paragraph_style_1\">Els m\u00e9s petits compten amb el seu propi espai d\u2019esbarjo amb \u00a0materials perqu\u00e8 desenvolupin tota la seva activitat. A m\u00e9s de dos espais destinats a\u00a0hort que ens ajuden a explicar i dona a con\u00e8ixer les plantes que acostumem a menjar i el proc\u00e9s de creixement que tenen. Tamb\u00e9 podem trobar diferents esp\u00e8cies d&#8217;arbres, disset en concret, repartits per tot el recinte escolar.<\/p>\n<\/div>\n<\/div>\n<\/div>\n<\/div>\n","protected":false},"excerpt":{"rendered":"<p>Qu\u00e8 podeu trobar?<\/p>\n<p>A l&#8217;escola podeu trobar un seguit d&#8217;instal\u00b7lacions destinades a afavorir la formaci\u00f3 integral i la conviv\u00e8ncia dels\/les nostres alumnes. En concret disposem de quatre edificis per funcions pedag\u00f2giques m\u00e9s el nou edifici que alberga el menjador escolar. A m\u00e9s de nombroses pistes esportives&hellip;  <a href=\"https:\/\/agora.xtec.cat\/ceip-carlesiii\/lescola\/instal%c2%b7lacions\/\" title=\"Read Instal\u00b7lacions\">Llegeix m\u00e9s\u00bb<\/a><\/p>\n","protected":false},"author":1,"featured_media":0,"parent":22,"menu_order":30,"comment_status":"closed","ping_status":"closed","template":"page-templates\/side-menu.php","meta":{"_bbp_topic_count":0,"_bbp_reply_count":0,"_bbp_total_topic_count":0,"_bbp_total_reply_count":0,"_bbp_voice_count":0,"_bbp_anonymous_reply_count":0,"_bbp_topic_count_hidden":0,"_bbp_reply_count_hidden":0,"_bbp_forum_subforum_count":0,"footnotes":""},"class_list":["post-30","page","type-page","status-publish","hentry"],"post_mailing_queue_ids":[],"_links":{"self":[{"href":"https:\/\/agora.xtec.cat\/ceip-carlesiii\/wp-json\/wp\/v2\/pages\/30","targetHints":{"allow":["GET"]}}],"collection":[{"href":"https:\/\/agora.xtec.cat\/ceip-carlesiii\/wp-json\/wp\/v2\/pages"}],"about":[{"href":"https:\/\/agora.xtec.cat\/ceip-carlesiii\/wp-json\/wp\/v2\/types\/page"}],"author":[{"embeddable":true,"href":"https:\/\/agora.xtec.cat\/ceip-carlesiii\/wp-json\/wp\/v2\/users\/1"}],"replies":[{"embeddable":true,"href":"https:\/\/agora.xtec.cat\/ceip-carlesiii\/wp-json\/wp\/v2\/comments?post=30"}],"version-history":[{"count":4,"href":"https:\/\/agora.xtec.cat\/ceip-carlesiii\/wp-json\/wp\/v2\/pages\/30\/revisions"}],"predecessor-version":[{"id":1499,"href":"https:\/\/agora.xtec.cat\/ceip-carlesiii\/wp-json\/wp\/v2\/pages\/30\/revisions\/1499"}],"up":[{"embeddable":true,"href":"https:\/\/agora.xtec.cat\/ceip-carlesiii\/wp-json\/wp\/v2\/pages\/22"}],"wp:attachment":[{"href":"https:\/\/agora.xtec.cat\/ceip-carlesiii\/wp-json\/wp\/v2\/media?parent=30"}],"curies":[{"name":"wp","href":"https:\/\/api.w.org\/{rel}","templated":true}]}}