{"id":28,"date":"2014-09-18T12:29:35","date_gmt":"2014-09-18T10:29:35","guid":{"rendered":"http:\/\/agora.xtec.cat\/ceip-carlesiii\/?page_id=28"},"modified":"2025-09-08T10:22:48","modified_gmt":"2025-09-08T08:22:48","slug":"consell-escolar","status":"publish","type":"page","link":"https:\/\/agora.xtec.cat\/ceip-carlesiii\/lescola\/consell-escolar\/","title":{"rendered":"Consell escolar"},"content":{"rendered":"<p>El consell escolar del centre \u00e9s l\u2019<strong>\u00f2rgan col\u00b7legiat de participaci\u00f3<\/strong> de la comunitat escolar en el govern del centre. En el consell escolar hi ha representats tots els col\u00b7lectius que intervenen en la comunitat educativa.<\/p>\n<p>En els centres p\u00fablics, la funci\u00f3 principal del consell escolar \u00e9s participar en la presa de decisions en relaci\u00f3 amb aquells temes importants per al funcionament i l\u2019organitzaci\u00f3 del centre: el projecte educatiu, la programaci\u00f3 general, la gesti\u00f3 econ\u00f2mica, etc.<\/p>\n<p>Els membres del consell escolar s\u00f3n elegits per un per\u00edode de quatre anys i es renoven per meitats cada dos anys.<\/p>\n<p>En l&#8217;actualitat el Consell escolar est\u00e0 integrat pels seg\u00fcents representants:<\/p>\n<table style=\"width: 387px;\">\n<tbody>\n<tr>\n<td style=\"width: 226.4px;\">Directora \/ Presidenta<\/td>\n<td style=\"width: 153.6px;\">Laua Lores<\/td>\n<\/tr>\n<tr>\n<td style=\"width: 226.4px;\">Cap d&#8217;estudis<\/td>\n<td style=\"width: 153.6px;\">B\u00e0rbara Perolada<\/td>\n<\/tr>\n<tr>\n<td style=\"width: 226.4px;\">Representant de l&#8217;Ajuntament<\/td>\n<td style=\"width: 153.6px;\">Carlos Solanes<\/td>\n<\/tr>\n<tr>\n<td style=\"width: 226.4px;\">Representant del professorat<\/td>\n<td style=\"width: 153.6px;\"><span style=\"font-weight: 400;\">Inma Robres<\/span><\/td>\n<\/tr>\n<tr>\n<td style=\"width: 226.4px;\">Representant del professorat<\/td>\n<td style=\"width: 153.6px;\"><span style=\"font-weight: 400;\">Jes\u00fas Folch<\/span><\/td>\n<\/tr>\n<tr>\n<td style=\"width: 226.4px;\">Representant del professorat<\/td>\n<td style=\"width: 153.6px;\"><span style=\"font-weight: 400;\">Juanmi Navarro<\/span><\/td>\n<\/tr>\n<tr>\n<td style=\"width: 226.4px;\">Representant del professorat<\/td>\n<td style=\"width: 153.6px;\"><span style=\"font-weight: 400;\">Gertrudis Ressurrecci\u00f3n<\/span><\/td>\n<\/tr>\n<tr>\n<td style=\"width: 226.4px;\">Representant del professorat<\/td>\n<td style=\"width: 153.6px;\">Joana Ortol\u00e0<\/td>\n<\/tr>\n<tr>\n<td style=\"width: 226.4px;\">Representant de pares i mares<\/td>\n<td style=\"width: 153.6px;\">Meritxell Gellida<\/td>\n<\/tr>\n<tr>\n<td style=\"width: 226.4px;\">Representant de pares i mares<\/td>\n<td style=\"width: 153.6px;\">Patricia Ventura<\/td>\n<\/tr>\n<tr>\n<td style=\"width: 226.4px;\">Representant de pares i mares<\/td>\n<td style=\"width: 153.6px;\">Laia Cabanes<\/td>\n<\/tr>\n<tr>\n<td style=\"width: 226.4px;\">Representant de pares i mares<\/td>\n<td style=\"width: 153.6px;\">Rebeca Soldado<\/td>\n<\/tr>\n<tr>\n<td style=\"width: 226.4px;\">Representant de l&#8217;AFA<\/td>\n<td style=\"width: 153.6px;\">Pere Ferr\u00e8<\/td>\n<\/tr>\n<tr>\n<td style=\"width: 226.4px;\">Representant del PAS<\/td>\n<td style=\"width: 153.6px;\">Victor Comes<\/td>\n<\/tr>\n<tr>\n<td style=\"width: 226.4px;\">Representant del PAE<\/td>\n<td style=\"width: 153.6px;\">M\u00aa Jos\u00e9 Torres<\/td>\n<\/tr>\n<tr>\n<td style=\"width: 226.4px;\">Secretari\/\u00e0ria<\/td>\n<td style=\"width: 153.6px;\">Borja Orts<\/td>\n<\/tr>\n<\/tbody>\n<\/table>\n<p>&nbsp;<\/p>\n","protected":false},"excerpt":{"rendered":"<p>El consell escolar del centre \u00e9s l\u2019\u00f2rgan col\u00b7legiat de participaci\u00f3 de la comunitat escolar en el govern del centre. En el consell escolar hi ha representats tots els col\u00b7lectius que intervenen en la comunitat educativa.<br \/>\nEn els centres p\u00fablics, la funci\u00f3 principal del consell escolar \u00e9s&hellip;  <a href=\"https:\/\/agora.xtec.cat\/ceip-carlesiii\/lescola\/consell-escolar\/\" title=\"Read Consell escolar\">Llegeix m\u00e9s\u00bb<\/a><\/p>\n","protected":false},"author":1,"featured_media":0,"parent":22,"menu_order":35,"comment_status":"closed","ping_status":"closed","template":"page-templates\/side-menu.php","meta":{"_bbp_topic_count":0,"_bbp_reply_count":0,"_bbp_total_topic_count":0,"_bbp_total_reply_count":0,"_bbp_voice_count":0,"_bbp_anonymous_reply_count":0,"_bbp_topic_count_hidden":0,"_bbp_reply_count_hidden":0,"_bbp_forum_subforum_count":0,"footnotes":""},"class_list":["post-28","page","type-page","status-publish","hentry"],"post_mailing_queue_ids":[],"_links":{"self":[{"href":"https:\/\/agora.xtec.cat\/ceip-carlesiii\/wp-json\/wp\/v2\/pages\/28","targetHints":{"allow":["GET"]}}],"collection":[{"href":"https:\/\/agora.xtec.cat\/ceip-carlesiii\/wp-json\/wp\/v2\/pages"}],"about":[{"href":"https:\/\/agora.xtec.cat\/ceip-carlesiii\/wp-json\/wp\/v2\/types\/page"}],"author":[{"embeddable":true,"href":"https:\/\/agora.xtec.cat\/ceip-carlesiii\/wp-json\/wp\/v2\/users\/1"}],"replies":[{"embeddable":true,"href":"https:\/\/agora.xtec.cat\/ceip-carlesiii\/wp-json\/wp\/v2\/comments?post=28"}],"version-history":[{"count":5,"href":"https:\/\/agora.xtec.cat\/ceip-carlesiii\/wp-json\/wp\/v2\/pages\/28\/revisions"}],"predecessor-version":[{"id":7271,"href":"https:\/\/agora.xtec.cat\/ceip-carlesiii\/wp-json\/wp\/v2\/pages\/28\/revisions\/7271"}],"up":[{"embeddable":true,"href":"https:\/\/agora.xtec.cat\/ceip-carlesiii\/wp-json\/wp\/v2\/pages\/22"}],"wp:attachment":[{"href":"https:\/\/agora.xtec.cat\/ceip-carlesiii\/wp-json\/wp\/v2\/media?parent=28"}],"curies":[{"name":"wp","href":"https:\/\/api.w.org\/{rel}","templated":true}]}}